{"id":6733,"date":"2023-07-09T14:52:59","date_gmt":"2023-07-09T14:52:59","guid":{"rendered":"https:\/\/ecowas.rogeap.org\/four-other-countries\/"},"modified":"2023-08-31T10:31:59","modified_gmt":"2023-08-31T10:31:59","slug":"four-other-countries","status":"publish","type":"page","link":"https:\/\/ecowas.rogeap.org\/en\/where-we-are\/four-other-countries\/","title":{"rendered":"Four other countries"},"content":{"rendered":"\t\t<div data-elementor-type=\"wp-post\" data-elementor-id=\"6733\" class=\"elementor elementor-6733 elementor-5235\">\n\t\t\t\t\t\t<section class=\"elementor-section elementor-top-section elementor-element elementor-element-c2589d9 elementor-section-boxed elementor-section-height-default elementor-section-height-default\" data-id=\"c2589d9\" data-element_type=\"section\" data-e-type=\"section\">\n\t\t\t\t\t\t<div class=\"elementor-container elementor-column-gap-default\">\n\t\t\t\t\t<div class=\"elementor-column elementor-col-50 elementor-top-column elementor-element elementor-element-6f57b5b column-style-top column-top\" data-id=\"6f57b5b\" data-element_type=\"column\" data-e-type=\"column\">\n\t\t\t<div class=\"elementor-widget-wrap elementor-element-populated\">\n\t\t\t\t\t\t<div class=\"elementor-element elementor-element-2a4ce9f elementor-widget elementor-widget-image\" data-id=\"2a4ce9f\" data-element_type=\"widget\" data-e-type=\"widget\" data-widget_type=\"image.default\">\n\t\t\t\t<div class=\"elementor-widget-container\">\n\t\t\t\t\t\t\t\t\t\t\t\t\t\t\t<img fetchpriority=\"high\" decoding=\"async\" width=\"512\" height=\"314\" src=\"https:\/\/ecowas.rogeap.org\/wp-content\/uploads\/2023\/08\/4pays_rogeap-e1690962039141.png\" class=\"attachment-large size-large wp-image-5886\" alt=\"\" \/>\t\t\t\t\t\t\t\t\t\t\t\t\t\t\t<\/div>\n\t\t\t\t<\/div>\n\t\t\t\t\t<\/div>\n\t\t<\/div>\n\t\t\t\t<div class=\"elementor-column elementor-col-50 elementor-top-column elementor-element elementor-element-246be5c column-style-top column-top\" data-id=\"246be5c\" data-element_type=\"column\" data-e-type=\"column\">\n\t\t\t<div class=\"elementor-widget-wrap elementor-element-populated\">\n\t\t\t\t\t\t<div class=\"elementor-element elementor-element-3b2c0c6 elementor-widget elementor-widget-text-editor\" data-id=\"3b2c0c6\" data-element_type=\"widget\" data-e-type=\"widget\" data-widget_type=\"text-editor.default\">\n\t\t\t\t<div class=\"elementor-widget-container\">\n\t\t\t\t\t\t\t\t\t<p>\n            <span style=\"color: #000000; font-family: 'Source Sans Pro', sans-serif; font-size: 21px; text-align: justify;\">Cameroon, Central African Republic,&nbsp; Chad and Mauritania are&nbsp; countries which are not members of ECOWAS, but which benefit from the ROGEAP project in the same way as members.<\/span>\n          <\/p>\n\t\t\t\t\t\t\t\t<\/div>\n\t\t\t\t<\/div>\n\t\t\t\t\t<\/div>\n\t\t<\/div>\n\t\t\t\t\t<\/div>\n\t\t<\/section>\n\t\t\t\t<\/div>\n\t\t","protected":false},"excerpt":{"rendered":"<p>Cameroon, Central African Republic,&nbsp; Chad and Mauritania are&nbsp; countries which are not members of ECOWAS, but which benefit from the ROGEAP project in the same way as members.<\/p>\n","protected":false},"author":2,"featured_media":0,"parent":6825,"menu_order":0,"comment_status":"closed","ping_status":"closed","template":"","meta":{"om_disable_all_campaigns":false,"_monsterinsights_skip_tracking":false,"_monsterinsights_sitenote_active":false,"_monsterinsights_sitenote_note":"","_monsterinsights_sitenote_category":0,"_uf_show_specific_survey":0,"_uf_disable_surveys":false,"footnotes":""},"class_list":["post-6733","page","type-page","status-publish","hentry"],"yoast_head":"<!-- This site is optimized with the Yoast SEO plugin v27.4 - https:\/\/yoast.com\/product\/yoast-seo-wordpress\/ -->\n<title>Four other countries - ROGEAP<\/title>\n<meta name=\"robots\" content=\"index, follow, max-snippet:-1, max-image-preview:large, max-video-preview:-1\" \/>\n<link rel=\"canonical\" href=\"https:\/\/ecowas.rogeap.org\/en\/where-we-are\/four-other-countries\/\" \/>\n<meta property=\"og:locale\" content=\"en_US\" \/>\n<meta property=\"og:type\" content=\"article\" \/>\n<meta property=\"og:title\" content=\"Four other countries - ROGEAP\" \/>\n<meta property=\"og:description\" content=\"Cameroon, Central African Republic,&nbsp; Chad and Mauritania are&nbsp; countries which are not members of ECOWAS, but which benefit from the ROGEAP project in the same way as members.\" \/>\n<meta property=\"og:url\" content=\"https:\/\/ecowas.rogeap.org\/en\/where-we-are\/four-other-countries\/\" \/>\n<meta property=\"og:site_name\" content=\"ROGEAP\" \/>\n<meta property=\"article:publisher\" content=\"https:\/\/www.facebook.com\/EcowasRogeap\" \/>\n<meta property=\"article:modified_time\" content=\"2023-08-31T10:31:59+00:00\" \/>\n<meta property=\"og:image\" content=\"https:\/\/ecowas.rogeap.org\/wp-content\/uploads\/2023\/08\/4pays_rogeap-e1690962039141.png\" \/>\n<meta name=\"twitter:card\" content=\"summary_large_image\" \/>\n<meta name=\"twitter:site\" content=\"@ERogeap\" \/>\n<script type=\"application\/ld+json\" class=\"yoast-schema-graph\">{\"@context\":\"https:\\\/\\\/schema.org\",\"@graph\":[{\"@type\":\"WebPage\",\"@id\":\"https:\\\/\\\/ecowas.rogeap.org\\\/en\\\/where-we-are\\\/four-other-countries\\\/\",\"url\":\"https:\\\/\\\/ecowas.rogeap.org\\\/en\\\/where-we-are\\\/four-other-countries\\\/\",\"name\":\"Four other countries - ROGEAP\",\"isPartOf\":{\"@id\":\"https:\\\/\\\/ecowas.rogeap.org\\\/en\\\/#website\"},\"primaryImageOfPage\":{\"@id\":\"https:\\\/\\\/ecowas.rogeap.org\\\/en\\\/where-we-are\\\/four-other-countries\\\/#primaryimage\"},\"image\":{\"@id\":\"https:\\\/\\\/ecowas.rogeap.org\\\/en\\\/where-we-are\\\/four-other-countries\\\/#primaryimage\"},\"thumbnailUrl\":\"https:\\\/\\\/ecowas.rogeap.org\\\/wp-content\\\/uploads\\\/2023\\\/08\\\/4pays_rogeap-e1690962039141.png\",\"datePublished\":\"2023-07-09T14:52:59+00:00\",\"dateModified\":\"2023-08-31T10:31:59+00:00\",\"breadcrumb\":{\"@id\":\"https:\\\/\\\/ecowas.rogeap.org\\\/en\\\/where-we-are\\\/four-other-countries\\\/#breadcrumb\"},\"inLanguage\":\"en-US\",\"potentialAction\":[{\"@type\":\"ReadAction\",\"target\":[\"https:\\\/\\\/ecowas.rogeap.org\\\/en\\\/where-we-are\\\/four-other-countries\\\/\"]}]},{\"@type\":\"ImageObject\",\"inLanguage\":\"en-US\",\"@id\":\"https:\\\/\\\/ecowas.rogeap.org\\\/en\\\/where-we-are\\\/four-other-countries\\\/#primaryimage\",\"url\":\"https:\\\/\\\/ecowas.rogeap.org\\\/wp-content\\\/uploads\\\/2023\\\/08\\\/4pays_rogeap-e1690962039141.png\",\"contentUrl\":\"https:\\\/\\\/ecowas.rogeap.org\\\/wp-content\\\/uploads\\\/2023\\\/08\\\/4pays_rogeap-e1690962039141.png\"},{\"@type\":\"BreadcrumbList\",\"@id\":\"https:\\\/\\\/ecowas.rogeap.org\\\/en\\\/where-we-are\\\/four-other-countries\\\/#breadcrumb\",\"itemListElement\":[{\"@type\":\"ListItem\",\"position\":1,\"name\":\"Accueil\",\"item\":\"https:\\\/\\\/ecowas.rogeap.org\\\/en\\\/accueil\\\/\"},{\"@type\":\"ListItem\",\"position\":2,\"name\":\"Four other countries\"}]},{\"@type\":\"WebSite\",\"@id\":\"https:\\\/\\\/ecowas.rogeap.org\\\/en\\\/#website\",\"url\":\"https:\\\/\\\/ecowas.rogeap.org\\\/en\\\/\",\"name\":\"ROGEAP\",\"description\":\"Projet R\u00e9gional d\u2019Acc\u00e8s \u00e0 l\u2019Electricit\u00e9 Hors R\u00e9seau\",\"publisher\":{\"@id\":\"https:\\\/\\\/ecowas.rogeap.org\\\/en\\\/#organization\"},\"potentialAction\":[{\"@type\":\"SearchAction\",\"target\":{\"@type\":\"EntryPoint\",\"urlTemplate\":\"https:\\\/\\\/ecowas.rogeap.org\\\/en\\\/?s={search_term_string}\"},\"query-input\":{\"@type\":\"PropertyValueSpecification\",\"valueRequired\":true,\"valueName\":\"search_term_string\"}}],\"inLanguage\":\"en-US\"},{\"@type\":\"Organization\",\"@id\":\"https:\\\/\\\/ecowas.rogeap.org\\\/en\\\/#organization\",\"name\":\"Projet d\u2019acc\u00e8s \u00e0 l\u2019\u00e9lectricit\u00e9 hors r\u00e9seau\",\"url\":\"https:\\\/\\\/ecowas.rogeap.org\\\/en\\\/\",\"logo\":{\"@type\":\"ImageObject\",\"inLanguage\":\"en-US\",\"@id\":\"https:\\\/\\\/ecowas.rogeap.org\\\/en\\\/#\\\/schema\\\/logo\\\/image\\\/\",\"url\":\"https:\\\/\\\/ecowas.rogeap.org\\\/wp-content\\\/uploads\\\/2023\\\/08\\\/2.png\",\"contentUrl\":\"https:\\\/\\\/ecowas.rogeap.org\\\/wp-content\\\/uploads\\\/2023\\\/08\\\/2.png\",\"width\":1359,\"height\":743,\"caption\":\"Projet d\u2019acc\u00e8s \u00e0 l\u2019\u00e9lectricit\u00e9 hors r\u00e9seau\"},\"image\":{\"@id\":\"https:\\\/\\\/ecowas.rogeap.org\\\/en\\\/#\\\/schema\\\/logo\\\/image\\\/\"},\"sameAs\":[\"https:\\\/\\\/www.facebook.com\\\/EcowasRogeap\",\"https:\\\/\\\/x.com\\\/ERogeap\",\"https:\\\/\\\/www.linkedin.com\\\/company\\\/ecowas-rogeap-regional-off-grid-electricity-access-project\"]}]}<\/script>\n<!-- \/ Yoast SEO plugin. -->","yoast_head_json":{"title":"Four other countries - ROGEAP","robots":{"index":"index","follow":"follow","max-snippet":"max-snippet:-1","max-image-preview":"max-image-preview:large","max-video-preview":"max-video-preview:-1"},"canonical":"https:\/\/ecowas.rogeap.org\/en\/where-we-are\/four-other-countries\/","og_locale":"en_US","og_type":"article","og_title":"Four other countries - ROGEAP","og_description":"Cameroon, Central African Republic,&nbsp; Chad and Mauritania are&nbsp; countries which are not members of ECOWAS, but which benefit from the ROGEAP project in the same way as members.","og_url":"https:\/\/ecowas.rogeap.org\/en\/where-we-are\/four-other-countries\/","og_site_name":"ROGEAP","article_publisher":"https:\/\/www.facebook.com\/EcowasRogeap","article_modified_time":"2023-08-31T10:31:59+00:00","og_image":[{"url":"https:\/\/ecowas.rogeap.org\/wp-content\/uploads\/2023\/08\/4pays_rogeap-e1690962039141.png","type":"","width":"","height":""}],"twitter_card":"summary_large_image","twitter_site":"@ERogeap","schema":{"@context":"https:\/\/schema.org","@graph":[{"@type":"WebPage","@id":"https:\/\/ecowas.rogeap.org\/en\/where-we-are\/four-other-countries\/","url":"https:\/\/ecowas.rogeap.org\/en\/where-we-are\/four-other-countries\/","name":"Four other countries - ROGEAP","isPartOf":{"@id":"https:\/\/ecowas.rogeap.org\/en\/#website"},"primaryImageOfPage":{"@id":"https:\/\/ecowas.rogeap.org\/en\/where-we-are\/four-other-countries\/#primaryimage"},"image":{"@id":"https:\/\/ecowas.rogeap.org\/en\/where-we-are\/four-other-countries\/#primaryimage"},"thumbnailUrl":"https:\/\/ecowas.rogeap.org\/wp-content\/uploads\/2023\/08\/4pays_rogeap-e1690962039141.png","datePublished":"2023-07-09T14:52:59+00:00","dateModified":"2023-08-31T10:31:59+00:00","breadcrumb":{"@id":"https:\/\/ecowas.rogeap.org\/en\/where-we-are\/four-other-countries\/#breadcrumb"},"inLanguage":"en-US","potentialAction":[{"@type":"ReadAction","target":["https:\/\/ecowas.rogeap.org\/en\/where-we-are\/four-other-countries\/"]}]},{"@type":"ImageObject","inLanguage":"en-US","@id":"https:\/\/ecowas.rogeap.org\/en\/where-we-are\/four-other-countries\/#primaryimage","url":"https:\/\/ecowas.rogeap.org\/wp-content\/uploads\/2023\/08\/4pays_rogeap-e1690962039141.png","contentUrl":"https:\/\/ecowas.rogeap.org\/wp-content\/uploads\/2023\/08\/4pays_rogeap-e1690962039141.png"},{"@type":"BreadcrumbList","@id":"https:\/\/ecowas.rogeap.org\/en\/where-we-are\/four-other-countries\/#breadcrumb","itemListElement":[{"@type":"ListItem","position":1,"name":"Accueil","item":"https:\/\/ecowas.rogeap.org\/en\/accueil\/"},{"@type":"ListItem","position":2,"name":"Four other countries"}]},{"@type":"WebSite","@id":"https:\/\/ecowas.rogeap.org\/en\/#website","url":"https:\/\/ecowas.rogeap.org\/en\/","name":"ROGEAP","description":"Projet R\u00e9gional d\u2019Acc\u00e8s \u00e0 l\u2019Electricit\u00e9 Hors R\u00e9seau","publisher":{"@id":"https:\/\/ecowas.rogeap.org\/en\/#organization"},"potentialAction":[{"@type":"SearchAction","target":{"@type":"EntryPoint","urlTemplate":"https:\/\/ecowas.rogeap.org\/en\/?s={search_term_string}"},"query-input":{"@type":"PropertyValueSpecification","valueRequired":true,"valueName":"search_term_string"}}],"inLanguage":"en-US"},{"@type":"Organization","@id":"https:\/\/ecowas.rogeap.org\/en\/#organization","name":"Projet d\u2019acc\u00e8s \u00e0 l\u2019\u00e9lectricit\u00e9 hors r\u00e9seau","url":"https:\/\/ecowas.rogeap.org\/en\/","logo":{"@type":"ImageObject","inLanguage":"en-US","@id":"https:\/\/ecowas.rogeap.org\/en\/#\/schema\/logo\/image\/","url":"https:\/\/ecowas.rogeap.org\/wp-content\/uploads\/2023\/08\/2.png","contentUrl":"https:\/\/ecowas.rogeap.org\/wp-content\/uploads\/2023\/08\/2.png","width":1359,"height":743,"caption":"Projet d\u2019acc\u00e8s \u00e0 l\u2019\u00e9lectricit\u00e9 hors r\u00e9seau"},"image":{"@id":"https:\/\/ecowas.rogeap.org\/en\/#\/schema\/logo\/image\/"},"sameAs":["https:\/\/www.facebook.com\/EcowasRogeap","https:\/\/x.com\/ERogeap","https:\/\/www.linkedin.com\/company\/ecowas-rogeap-regional-off-grid-electricity-access-project"]}]}},"_links":{"self":[{"href":"https:\/\/ecowas.rogeap.org\/en\/wp-json\/wp\/v2\/pages\/6733","targetHints":{"allow":["GET"]}}],"collection":[{"href":"https:\/\/ecowas.rogeap.org\/en\/wp-json\/wp\/v2\/pages"}],"about":[{"href":"https:\/\/ecowas.rogeap.org\/en\/wp-json\/wp\/v2\/types\/page"}],"author":[{"embeddable":true,"href":"https:\/\/ecowas.rogeap.org\/en\/wp-json\/wp\/v2\/users\/2"}],"replies":[{"embeddable":true,"href":"https:\/\/ecowas.rogeap.org\/en\/wp-json\/wp\/v2\/comments?post=6733"}],"version-history":[{"count":3,"href":"https:\/\/ecowas.rogeap.org\/en\/wp-json\/wp\/v2\/pages\/6733\/revisions"}],"predecessor-version":[{"id":6759,"href":"https:\/\/ecowas.rogeap.org\/en\/wp-json\/wp\/v2\/pages\/6733\/revisions\/6759"}],"up":[{"embeddable":true,"href":"https:\/\/ecowas.rogeap.org\/en\/wp-json\/wp\/v2\/pages\/6825"}],"wp:attachment":[{"href":"https:\/\/ecowas.rogeap.org\/en\/wp-json\/wp\/v2\/media?parent=6733"}],"curies":[{"name":"wp","href":"https:\/\/api.w.org\/{rel}","templated":true}]}}