{"id":6737,"date":"2023-07-09T18:36:50","date_gmt":"2023-07-09T18:36:50","guid":{"rendered":"https:\/\/ecowas.rogeap.org\/reach-renewable-energy-access-challenge-partnership\/"},"modified":"2023-08-31T10:31:57","modified_gmt":"2023-08-31T10:31:57","slug":"reach-renewable-energy-access-challenge-partnership","status":"publish","type":"page","link":"https:\/\/ecowas.rogeap.org\/en\/area-of-intervention\/reach-renewable-energy-access-challenge-partnership\/","title":{"rendered":"REACH (Renewable Energy Access Challenge) partnership"},"content":{"rendered":"\t\t<div data-elementor-type=\"wp-post\" data-elementor-id=\"6737\" class=\"elementor elementor-6737 elementor-5244\">\n\t\t\t\t\t\t<section class=\"elementor-section elementor-top-section elementor-element elementor-element-6d3a7a0 elementor-section-boxed elementor-section-height-default elementor-section-height-default\" data-id=\"6d3a7a0\" data-element_type=\"section\" data-e-type=\"section\">\n\t\t\t\t\t\t<div class=\"elementor-container elementor-column-gap-default\">\n\t\t\t\t\t<div class=\"elementor-column elementor-col-100 elementor-top-column elementor-element elementor-element-67961cb column-style-top column-top\" data-id=\"67961cb\" data-element_type=\"column\" data-e-type=\"column\">\n\t\t\t<div class=\"elementor-widget-wrap elementor-element-populated\">\n\t\t\t\t\t\t<div class=\"elementor-element elementor-element-61bd4f4 elementor-widget elementor-widget-heading\" data-id=\"61bd4f4\" data-element_type=\"widget\" data-e-type=\"widget\" data-widget_type=\"heading.default\">\n\t\t\t\t<div class=\"elementor-widget-container\">\n\t\t\t\t\t<h2 class=\"elementor-heading-title elementor-size-default\">\n          <img decoding=\"async\" src=\"https:\/\/www.lightingglobal.org\/wp-content\/uploads\/2023\/05\/Reach-logo-300x120.jpg\">\n        <\/h2>\t\t\t\t<\/div>\n\t\t\t\t<\/div>\n\t\t\t\t\t<\/div>\n\t\t<\/div>\n\t\t\t\t\t<\/div>\n\t\t<\/section>\n\t\t\t\t<section class=\"elementor-section elementor-top-section elementor-element elementor-element-1cd2635 elementor-section-boxed elementor-section-height-default elementor-section-height-default\" data-id=\"1cd2635\" data-element_type=\"section\" data-e-type=\"section\">\n\t\t\t\t\t\t<div class=\"elementor-container elementor-column-gap-default\">\n\t\t\t\t\t<div class=\"elementor-column elementor-col-100 elementor-top-column elementor-element elementor-element-6ce45f4 column-style-top column-top\" data-id=\"6ce45f4\" data-element_type=\"column\" data-e-type=\"column\">\n\t\t\t<div class=\"elementor-widget-wrap elementor-element-populated\">\n\t\t\t\t\t\t<div class=\"elementor-element elementor-element-2080e3a elementor-widget elementor-widget-text-editor\" data-id=\"2080e3a\" data-element_type=\"widget\" data-e-type=\"widget\" data-widget_type=\"text-editor.default\">\n\t\t\t\t<div class=\"elementor-widget-container\">\n\t\t\t\t\t\t\t\t\t\n          <p>\n            <span>The Renewable Energy Access Challenge (REACH) partnership is dedicated to accelerating access to clean energy in the hardest-to-serve areas of sub-Saharan Africa.<\/span>\n          <\/p>\n          \n\n          <p>\n            <span>Since 2012, 493 million people have gained access to energy through off-grid solar products.&nbsp;Yet despite this incredible achievement, the world is still not on track to achieve Sustainable Development Goal (SDG) 7 &#8211; universal access to energy &#8211; by 2030. The biggest shortfall will be in Sub-Saharan Africa (SSA), where almost 600 million people will be living in poverty.<\/span>\n            <span><a href=\"https:\/\/www.iea.org\/reports\/sdg7-data-and-projections\/access-to-electricity\">are<\/a>&nbsp;projected to continue living without electricity in 2030, forcing hundreds of millions of people to remain dependent on polluting, costly and dangerous sources of lighting and energy.Off-grid solar solutions have the potential to provide clean, affordable electricity to over 65% of sub-Saharan Africans by 2030 (464 million people), but investment flows have not yet reached the scale needed to turn this opportunity into reality.<\/span>\n          <\/p>\n          \n\n          <p><span>To close the energy access gap, efforts will have to be refocused on the poorest and most remote populations.<\/span><\/p>\n        \t\t\t\t\t\t\t\t<\/div>\n\t\t\t\t<\/div>\n\t\t\t\t\t<\/div>\n\t\t<\/div>\n\t\t\t\t\t<\/div>\n\t\t<\/section>\n\t\t\t\t<section class=\"elementor-section elementor-top-section elementor-element elementor-element-9d25ded elementor-section-boxed elementor-section-height-default elementor-section-height-default\" data-id=\"9d25ded\" data-element_type=\"section\" data-e-type=\"section\">\n\t\t\t\t\t\t<div class=\"elementor-container elementor-column-gap-default\">\n\t\t\t\t\t<div class=\"elementor-column elementor-col-100 elementor-top-column elementor-element elementor-element-d348838 column-style-top column-top\" data-id=\"d348838\" data-element_type=\"column\" data-e-type=\"column\">\n\t\t\t<div class=\"elementor-widget-wrap elementor-element-populated\">\n\t\t\t\t\t\t<div class=\"elementor-element elementor-element-82d0983 elementor-widget elementor-widget-heading\" data-id=\"82d0983\" data-element_type=\"widget\" data-e-type=\"widget\" data-widget_type=\"heading.default\">\n\t\t\t\t<div class=\"elementor-widget-container\">\n\t\t\t\t\t<h2 class=\"elementor-heading-title elementor-size-default\">Spotlight on first access<\/h2>\t\t\t\t<\/div>\n\t\t\t\t<\/div>\n\t\t\t\t\t<\/div>\n\t\t<\/div>\n\t\t\t\t\t<\/div>\n\t\t<\/section>\n\t\t\t\t<section class=\"elementor-section elementor-top-section elementor-element elementor-element-88ff7d5 elementor-section-boxed elementor-section-height-default elementor-section-height-default\" data-id=\"88ff7d5\" data-element_type=\"section\" data-e-type=\"section\">\n\t\t\t\t\t\t<div class=\"elementor-container elementor-column-gap-default\">\n\t\t\t\t\t<div class=\"elementor-column elementor-col-100 elementor-top-column elementor-element elementor-element-97fdeb7 column-style-top column-top\" data-id=\"97fdeb7\" data-element_type=\"column\" data-e-type=\"column\">\n\t\t\t<div class=\"elementor-widget-wrap elementor-element-populated\">\n\t\t\t\t\t\t<div class=\"elementor-element elementor-element-cb9f738 elementor-widget elementor-widget-text-editor\" data-id=\"cb9f738\" data-element_type=\"widget\" data-e-type=\"widget\" data-widget_type=\"text-editor.default\">\n\t\t\t\t<div class=\"elementor-widget-container\">\n\t\t\t\t\t\t\t\t\t<p style=\"color: #000000; font-family: 'Source Sans Pro', sans-serif; font-size: 20px;\">The new Renewable Energy Access Challenge (REACH) partnership aims to extend energy access for the first time to the regions and populations most at risk of being left behind.Off-grid markets are largely non-existent in the poorest, most remote and unstable regions (FCV) &#8211; where 89% of the population that could most profitably be served by off-grid lives.These markets are the hardest to build, which means that the next 464 million people will be even harder to reach than the first 400 million and more.REACH highlights the needs of these people, with the aim of enabling them to get at least their first foot on the energy ladder.<\/p>\n\t\t\t\t\t\t\t\t<\/div>\n\t\t\t\t<\/div>\n\t\t\t\t\t<\/div>\n\t\t<\/div>\n\t\t\t\t\t<\/div>\n\t\t<\/section>\n\t\t\t\t<section class=\"elementor-section elementor-top-section elementor-element elementor-element-fab8636 elementor-section-boxed elementor-section-height-default elementor-section-height-default\" data-id=\"fab8636\" data-element_type=\"section\" data-e-type=\"section\">\n\t\t\t\t\t\t<div class=\"elementor-container elementor-column-gap-default\">\n\t\t\t\t\t<div class=\"elementor-column elementor-col-100 elementor-top-column elementor-element elementor-element-90a774c column-style-top column-top\" data-id=\"90a774c\" data-element_type=\"column\" data-e-type=\"column\">\n\t\t\t<div class=\"elementor-widget-wrap elementor-element-populated\">\n\t\t\t\t\t\t<div class=\"elementor-element elementor-element-b982527 elementor-widget elementor-widget-heading\" data-id=\"b982527\" data-element_type=\"widget\" data-e-type=\"widget\" data-widget_type=\"heading.default\">\n\t\t\t\t<div class=\"elementor-widget-container\">\n\t\t\t\t\t<h2 class=\"elementor-heading-title elementor-size-default\">REACH more people, faster, through collaboration<\/h2>\t\t\t\t<\/div>\n\t\t\t\t<\/div>\n\t\t\t\t\t<\/div>\n\t\t<\/div>\n\t\t\t\t\t<\/div>\n\t\t<\/section>\n\t\t\t\t<section class=\"elementor-section elementor-top-section elementor-element elementor-element-b4d3fc8 elementor-section-boxed elementor-section-height-default elementor-section-height-default\" data-id=\"b4d3fc8\" data-element_type=\"section\" data-e-type=\"section\">\n\t\t\t\t\t\t<div class=\"elementor-container elementor-column-gap-default\">\n\t\t\t\t\t<div class=\"elementor-column elementor-col-100 elementor-top-column elementor-element elementor-element-67dafd3 column-style-top column-top\" data-id=\"67dafd3\" data-element_type=\"column\" data-e-type=\"column\">\n\t\t\t<div class=\"elementor-widget-wrap elementor-element-populated\">\n\t\t\t\t\t\t<div class=\"elementor-element elementor-element-a08b3c0 elementor-widget elementor-widget-text-editor\" data-id=\"a08b3c0\" data-element_type=\"widget\" data-e-type=\"widget\" data-widget_type=\"text-editor.default\">\n\t\t\t\t<div class=\"elementor-widget-container\">\n\t\t\t\t\t\t\t\t\t<p>A group of leading practitioners have come together to form the Renewable Energy Access Challenge (REACH) partnership. We can move faster by drawing on each other&#8217;s strengths &#8211; if we don&#8217;t, we risk adopting a fragmented, ad hoc approach with marginal impact. Together, we can leverage the collective experience and track record of market leaders, and reach regions and customers at risk of being left behind in the transition to clean energy.  <\/p>\n<p>The REACH partners each have in-depth experience of the basic elements required for market activation, underlined by the collective progress we have made over the last decade. These skills include :<\/p>\n<ul>\n<li>Market knowledge  <\/li>\n<li>Capacity-building &#8211; including technical assistance &#8211; for all stakeholders (companies, financiers and governments)<\/li>\n<li>Consumer awareness and protection  <\/li>\n<li>Political and regulatory support to create an enabling environment  <\/li>\n<li>Access to financing and investment risk mitigation  <\/li>\n<li>End-user subsidies to bridge the affordability gap  <\/li>\n<\/ul>\n\t\t\t\t\t\t\t\t<\/div>\n\t\t\t\t<\/div>\n\t\t\t\t\t<\/div>\n\t\t<\/div>\n\t\t\t\t\t<\/div>\n\t\t<\/section>\n\t\t\t\t<section class=\"elementor-section elementor-top-section elementor-element elementor-element-4d0ffbf elementor-section-boxed elementor-section-height-default elementor-section-height-default\" data-id=\"4d0ffbf\" data-element_type=\"section\" data-e-type=\"section\">\n\t\t\t\t\t\t<div class=\"elementor-container elementor-column-gap-default\">\n\t\t\t\t\t<div class=\"elementor-column elementor-col-100 elementor-top-column elementor-element elementor-element-cd876ea column-style-top column-top\" data-id=\"cd876ea\" data-element_type=\"column\" data-e-type=\"column\">\n\t\t\t<div class=\"elementor-widget-wrap elementor-element-populated\">\n\t\t\t\t\t\t<div class=\"elementor-element elementor-element-65dc36d elementor-widget elementor-widget-heading\" data-id=\"65dc36d\" data-element_type=\"widget\" data-e-type=\"widget\" data-widget_type=\"heading.default\">\n\t\t\t\t<div class=\"elementor-widget-container\">\n\t\t\t\t\t<h2 class=\"elementor-heading-title elementor-size-default\">Closing the investment gap<\/h2>\t\t\t\t<\/div>\n\t\t\t\t<\/div>\n\t\t\t\t\t<\/div>\n\t\t<\/div>\n\t\t\t\t\t<\/div>\n\t\t<\/section>\n\t\t\t\t<section class=\"elementor-section elementor-top-section elementor-element elementor-element-6517b83 elementor-section-boxed elementor-section-height-default elementor-section-height-default\" data-id=\"6517b83\" data-element_type=\"section\" data-e-type=\"section\">\n\t\t\t\t\t\t<div class=\"elementor-container elementor-column-gap-default\">\n\t\t\t\t\t<div class=\"elementor-column elementor-col-100 elementor-top-column elementor-element elementor-element-2b5e472 column-style-top column-top\" data-id=\"2b5e472\" data-element_type=\"column\" data-e-type=\"column\">\n\t\t\t<div class=\"elementor-widget-wrap elementor-element-populated\">\n\t\t\t\t\t\t<div class=\"elementor-element elementor-element-65cf497 elementor-widget elementor-widget-text-editor\" data-id=\"65cf497\" data-element_type=\"widget\" data-e-type=\"widget\" data-widget_type=\"text-editor.default\">\n\t\t\t\t<div class=\"elementor-widget-container\">\n\t\t\t\t\t\t\t\t\t<p>Closing the investment gap will be essential to reach those living in emerging markets and achieve SDG7. Currently, off-grid energy investments are largely concentrated in established, low-risk markets that are more attractive to investors. Meanwhile, nascent markets in SSA with low electricity tariffs attract only a fraction of global investment in the off-grid solar sector. Low-income communities in these underserved markets are set to continue to suffer most from the impacts of climate change and, unless something changes, to benefit least from global capital allocated to renewable energy and climate-smart investments.<\/p>\n\t\t\t\t\t\t\t\t<\/div>\n\t\t\t\t<\/div>\n\t\t\t\t\t<\/div>\n\t\t<\/div>\n\t\t\t\t\t<\/div>\n\t\t<\/section>\n\t\t\t\t<\/div>\n\t\t","protected":false},"excerpt":{"rendered":"<p>The Renewable Energy Access Challenge (REACH) partnership is dedicated to accelerating access to clean energy in the hardest-to-serve areas of sub-Saharan Africa. Since 2012, 493 million people have gained access to energy through off-grid solar products.&nbsp;Yet despite this incredible achievement, the world is still not on track to achieve Sustainable Development Goal (SDG) 7 &#8211; [&hellip;]<\/p>\n","protected":false},"author":2,"featured_media":0,"parent":6822,"menu_order":0,"comment_status":"closed","ping_status":"closed","template":"","meta":{"om_disable_all_campaigns":false,"_monsterinsights_skip_tracking":false,"_monsterinsights_sitenote_active":false,"_monsterinsights_sitenote_note":"","_monsterinsights_sitenote_category":0,"_uf_show_specific_survey":0,"_uf_disable_surveys":false,"footnotes":""},"class_list":["post-6737","page","type-page","status-publish","hentry"],"yoast_head":"<!-- This site is optimized with the Yoast SEO plugin v27.4 - https:\/\/yoast.com\/product\/yoast-seo-wordpress\/ -->\n<title>REACH (Renewable Energy Access Challenge) partnership - ROGEAP<\/title>\n<meta name=\"robots\" content=\"index, follow, max-snippet:-1, max-image-preview:large, max-video-preview:-1\" \/>\n<link rel=\"canonical\" href=\"https:\/\/ecowas.rogeap.org\/en\/area-of-intervention\/reach-renewable-energy-access-challenge-partnership\/\" \/>\n<meta property=\"og:locale\" content=\"en_US\" \/>\n<meta property=\"og:type\" content=\"article\" \/>\n<meta property=\"og:title\" content=\"REACH (Renewable Energy Access Challenge) partnership - ROGEAP\" \/>\n<meta property=\"og:description\" content=\"The Renewable Energy Access Challenge (REACH) partnership is dedicated to accelerating access to clean energy in the hardest-to-serve areas of sub-Saharan Africa. Since 2012, 493 million people have gained access to energy through off-grid solar products.&nbsp;Yet despite this incredible achievement, the world is still not on track to achieve Sustainable Development Goal (SDG) 7 &#8211; [&hellip;]\" \/>\n<meta property=\"og:url\" content=\"https:\/\/ecowas.rogeap.org\/en\/area-of-intervention\/reach-renewable-energy-access-challenge-partnership\/\" \/>\n<meta property=\"og:site_name\" content=\"ROGEAP\" \/>\n<meta property=\"article:publisher\" content=\"https:\/\/www.facebook.com\/EcowasRogeap\" \/>\n<meta property=\"article:modified_time\" content=\"2023-08-31T10:31:57+00:00\" \/>\n<meta property=\"og:image\" content=\"https:\/\/www.lightingglobal.org\/wp-content\/uploads\/2023\/05\/Reach-logo-300x120.jpg\" \/>\n<meta name=\"twitter:card\" content=\"summary_large_image\" \/>\n<meta name=\"twitter:site\" content=\"@ERogeap\" \/>\n<meta name=\"twitter:label1\" content=\"Est. reading time\" \/>\n\t<meta name=\"twitter:data1\" content=\"3 minutes\" \/>\n<script type=\"application\/ld+json\" class=\"yoast-schema-graph\">{\"@context\":\"https:\\\/\\\/schema.org\",\"@graph\":[{\"@type\":\"WebPage\",\"@id\":\"https:\\\/\\\/ecowas.rogeap.org\\\/en\\\/area-of-intervention\\\/reach-renewable-energy-access-challenge-partnership\\\/\",\"url\":\"https:\\\/\\\/ecowas.rogeap.org\\\/en\\\/area-of-intervention\\\/reach-renewable-energy-access-challenge-partnership\\\/\",\"name\":\"REACH (Renewable Energy Access Challenge) partnership - ROGEAP\",\"isPartOf\":{\"@id\":\"https:\\\/\\\/ecowas.rogeap.org\\\/en\\\/#website\"},\"primaryImageOfPage\":{\"@id\":\"https:\\\/\\\/ecowas.rogeap.org\\\/en\\\/area-of-intervention\\\/reach-renewable-energy-access-challenge-partnership\\\/#primaryimage\"},\"image\":{\"@id\":\"https:\\\/\\\/ecowas.rogeap.org\\\/en\\\/area-of-intervention\\\/reach-renewable-energy-access-challenge-partnership\\\/#primaryimage\"},\"thumbnailUrl\":\"https:\\\/\\\/www.lightingglobal.org\\\/wp-content\\\/uploads\\\/2023\\\/05\\\/Reach-logo-300x120.jpg\",\"datePublished\":\"2023-07-09T18:36:50+00:00\",\"dateModified\":\"2023-08-31T10:31:57+00:00\",\"breadcrumb\":{\"@id\":\"https:\\\/\\\/ecowas.rogeap.org\\\/en\\\/area-of-intervention\\\/reach-renewable-energy-access-challenge-partnership\\\/#breadcrumb\"},\"inLanguage\":\"en-US\",\"potentialAction\":[{\"@type\":\"ReadAction\",\"target\":[\"https:\\\/\\\/ecowas.rogeap.org\\\/en\\\/area-of-intervention\\\/reach-renewable-energy-access-challenge-partnership\\\/\"]}]},{\"@type\":\"ImageObject\",\"inLanguage\":\"en-US\",\"@id\":\"https:\\\/\\\/ecowas.rogeap.org\\\/en\\\/area-of-intervention\\\/reach-renewable-energy-access-challenge-partnership\\\/#primaryimage\",\"url\":\"https:\\\/\\\/www.lightingglobal.org\\\/wp-content\\\/uploads\\\/2023\\\/05\\\/Reach-logo-300x120.jpg\",\"contentUrl\":\"https:\\\/\\\/www.lightingglobal.org\\\/wp-content\\\/uploads\\\/2023\\\/05\\\/Reach-logo-300x120.jpg\"},{\"@type\":\"BreadcrumbList\",\"@id\":\"https:\\\/\\\/ecowas.rogeap.org\\\/en\\\/area-of-intervention\\\/reach-renewable-energy-access-challenge-partnership\\\/#breadcrumb\",\"itemListElement\":[{\"@type\":\"ListItem\",\"position\":1,\"name\":\"Accueil\",\"item\":\"https:\\\/\\\/ecowas.rogeap.org\\\/en\\\/accueil\\\/\"},{\"@type\":\"ListItem\",\"position\":2,\"name\":\"REACH (Renewable Energy Access Challenge) partnership\"}]},{\"@type\":\"WebSite\",\"@id\":\"https:\\\/\\\/ecowas.rogeap.org\\\/en\\\/#website\",\"url\":\"https:\\\/\\\/ecowas.rogeap.org\\\/en\\\/\",\"name\":\"ROGEAP\",\"description\":\"Projet R\u00e9gional d\u2019Acc\u00e8s \u00e0 l\u2019Electricit\u00e9 Hors R\u00e9seau\",\"publisher\":{\"@id\":\"https:\\\/\\\/ecowas.rogeap.org\\\/en\\\/#organization\"},\"potentialAction\":[{\"@type\":\"SearchAction\",\"target\":{\"@type\":\"EntryPoint\",\"urlTemplate\":\"https:\\\/\\\/ecowas.rogeap.org\\\/en\\\/?s={search_term_string}\"},\"query-input\":{\"@type\":\"PropertyValueSpecification\",\"valueRequired\":true,\"valueName\":\"search_term_string\"}}],\"inLanguage\":\"en-US\"},{\"@type\":\"Organization\",\"@id\":\"https:\\\/\\\/ecowas.rogeap.org\\\/en\\\/#organization\",\"name\":\"Projet d\u2019acc\u00e8s \u00e0 l\u2019\u00e9lectricit\u00e9 hors r\u00e9seau\",\"url\":\"https:\\\/\\\/ecowas.rogeap.org\\\/en\\\/\",\"logo\":{\"@type\":\"ImageObject\",\"inLanguage\":\"en-US\",\"@id\":\"https:\\\/\\\/ecowas.rogeap.org\\\/en\\\/#\\\/schema\\\/logo\\\/image\\\/\",\"url\":\"https:\\\/\\\/ecowas.rogeap.org\\\/wp-content\\\/uploads\\\/2023\\\/08\\\/2.png\",\"contentUrl\":\"https:\\\/\\\/ecowas.rogeap.org\\\/wp-content\\\/uploads\\\/2023\\\/08\\\/2.png\",\"width\":1359,\"height\":743,\"caption\":\"Projet d\u2019acc\u00e8s \u00e0 l\u2019\u00e9lectricit\u00e9 hors r\u00e9seau\"},\"image\":{\"@id\":\"https:\\\/\\\/ecowas.rogeap.org\\\/en\\\/#\\\/schema\\\/logo\\\/image\\\/\"},\"sameAs\":[\"https:\\\/\\\/www.facebook.com\\\/EcowasRogeap\",\"https:\\\/\\\/x.com\\\/ERogeap\",\"https:\\\/\\\/www.linkedin.com\\\/company\\\/ecowas-rogeap-regional-off-grid-electricity-access-project\"]}]}<\/script>\n<!-- \/ Yoast SEO plugin. -->","yoast_head_json":{"title":"REACH (Renewable Energy Access Challenge) partnership - ROGEAP","robots":{"index":"index","follow":"follow","max-snippet":"max-snippet:-1","max-image-preview":"max-image-preview:large","max-video-preview":"max-video-preview:-1"},"canonical":"https:\/\/ecowas.rogeap.org\/en\/area-of-intervention\/reach-renewable-energy-access-challenge-partnership\/","og_locale":"en_US","og_type":"article","og_title":"REACH (Renewable Energy Access Challenge) partnership - ROGEAP","og_description":"The Renewable Energy Access Challenge (REACH) partnership is dedicated to accelerating access to clean energy in the hardest-to-serve areas of sub-Saharan Africa. Since 2012, 493 million people have gained access to energy through off-grid solar products.&nbsp;Yet despite this incredible achievement, the world is still not on track to achieve Sustainable Development Goal (SDG) 7 &#8211; [&hellip;]","og_url":"https:\/\/ecowas.rogeap.org\/en\/area-of-intervention\/reach-renewable-energy-access-challenge-partnership\/","og_site_name":"ROGEAP","article_publisher":"https:\/\/www.facebook.com\/EcowasRogeap","article_modified_time":"2023-08-31T10:31:57+00:00","og_image":[{"url":"https:\/\/www.lightingglobal.org\/wp-content\/uploads\/2023\/05\/Reach-logo-300x120.jpg","type":"","width":"","height":""}],"twitter_card":"summary_large_image","twitter_site":"@ERogeap","twitter_misc":{"Est. reading time":"3 minutes"},"schema":{"@context":"https:\/\/schema.org","@graph":[{"@type":"WebPage","@id":"https:\/\/ecowas.rogeap.org\/en\/area-of-intervention\/reach-renewable-energy-access-challenge-partnership\/","url":"https:\/\/ecowas.rogeap.org\/en\/area-of-intervention\/reach-renewable-energy-access-challenge-partnership\/","name":"REACH (Renewable Energy Access Challenge) partnership - ROGEAP","isPartOf":{"@id":"https:\/\/ecowas.rogeap.org\/en\/#website"},"primaryImageOfPage":{"@id":"https:\/\/ecowas.rogeap.org\/en\/area-of-intervention\/reach-renewable-energy-access-challenge-partnership\/#primaryimage"},"image":{"@id":"https:\/\/ecowas.rogeap.org\/en\/area-of-intervention\/reach-renewable-energy-access-challenge-partnership\/#primaryimage"},"thumbnailUrl":"https:\/\/www.lightingglobal.org\/wp-content\/uploads\/2023\/05\/Reach-logo-300x120.jpg","datePublished":"2023-07-09T18:36:50+00:00","dateModified":"2023-08-31T10:31:57+00:00","breadcrumb":{"@id":"https:\/\/ecowas.rogeap.org\/en\/area-of-intervention\/reach-renewable-energy-access-challenge-partnership\/#breadcrumb"},"inLanguage":"en-US","potentialAction":[{"@type":"ReadAction","target":["https:\/\/ecowas.rogeap.org\/en\/area-of-intervention\/reach-renewable-energy-access-challenge-partnership\/"]}]},{"@type":"ImageObject","inLanguage":"en-US","@id":"https:\/\/ecowas.rogeap.org\/en\/area-of-intervention\/reach-renewable-energy-access-challenge-partnership\/#primaryimage","url":"https:\/\/www.lightingglobal.org\/wp-content\/uploads\/2023\/05\/Reach-logo-300x120.jpg","contentUrl":"https:\/\/www.lightingglobal.org\/wp-content\/uploads\/2023\/05\/Reach-logo-300x120.jpg"},{"@type":"BreadcrumbList","@id":"https:\/\/ecowas.rogeap.org\/en\/area-of-intervention\/reach-renewable-energy-access-challenge-partnership\/#breadcrumb","itemListElement":[{"@type":"ListItem","position":1,"name":"Accueil","item":"https:\/\/ecowas.rogeap.org\/en\/accueil\/"},{"@type":"ListItem","position":2,"name":"REACH (Renewable Energy Access Challenge) partnership"}]},{"@type":"WebSite","@id":"https:\/\/ecowas.rogeap.org\/en\/#website","url":"https:\/\/ecowas.rogeap.org\/en\/","name":"ROGEAP","description":"Projet R\u00e9gional d\u2019Acc\u00e8s \u00e0 l\u2019Electricit\u00e9 Hors R\u00e9seau","publisher":{"@id":"https:\/\/ecowas.rogeap.org\/en\/#organization"},"potentialAction":[{"@type":"SearchAction","target":{"@type":"EntryPoint","urlTemplate":"https:\/\/ecowas.rogeap.org\/en\/?s={search_term_string}"},"query-input":{"@type":"PropertyValueSpecification","valueRequired":true,"valueName":"search_term_string"}}],"inLanguage":"en-US"},{"@type":"Organization","@id":"https:\/\/ecowas.rogeap.org\/en\/#organization","name":"Projet d\u2019acc\u00e8s \u00e0 l\u2019\u00e9lectricit\u00e9 hors r\u00e9seau","url":"https:\/\/ecowas.rogeap.org\/en\/","logo":{"@type":"ImageObject","inLanguage":"en-US","@id":"https:\/\/ecowas.rogeap.org\/en\/#\/schema\/logo\/image\/","url":"https:\/\/ecowas.rogeap.org\/wp-content\/uploads\/2023\/08\/2.png","contentUrl":"https:\/\/ecowas.rogeap.org\/wp-content\/uploads\/2023\/08\/2.png","width":1359,"height":743,"caption":"Projet d\u2019acc\u00e8s \u00e0 l\u2019\u00e9lectricit\u00e9 hors r\u00e9seau"},"image":{"@id":"https:\/\/ecowas.rogeap.org\/en\/#\/schema\/logo\/image\/"},"sameAs":["https:\/\/www.facebook.com\/EcowasRogeap","https:\/\/x.com\/ERogeap","https:\/\/www.linkedin.com\/company\/ecowas-rogeap-regional-off-grid-electricity-access-project"]}]}},"_links":{"self":[{"href":"https:\/\/ecowas.rogeap.org\/en\/wp-json\/wp\/v2\/pages\/6737","targetHints":{"allow":["GET"]}}],"collection":[{"href":"https:\/\/ecowas.rogeap.org\/en\/wp-json\/wp\/v2\/pages"}],"about":[{"href":"https:\/\/ecowas.rogeap.org\/en\/wp-json\/wp\/v2\/types\/page"}],"author":[{"embeddable":true,"href":"https:\/\/ecowas.rogeap.org\/en\/wp-json\/wp\/v2\/users\/2"}],"replies":[{"embeddable":true,"href":"https:\/\/ecowas.rogeap.org\/en\/wp-json\/wp\/v2\/comments?post=6737"}],"version-history":[{"count":3,"href":"https:\/\/ecowas.rogeap.org\/en\/wp-json\/wp\/v2\/pages\/6737\/revisions"}],"predecessor-version":[{"id":6772,"href":"https:\/\/ecowas.rogeap.org\/en\/wp-json\/wp\/v2\/pages\/6737\/revisions\/6772"}],"up":[{"embeddable":true,"href":"https:\/\/ecowas.rogeap.org\/en\/wp-json\/wp\/v2\/pages\/6822"}],"wp:attachment":[{"href":"https:\/\/ecowas.rogeap.org\/en\/wp-json\/wp\/v2\/media?parent=6737"}],"curies":[{"name":"wp","href":"https:\/\/api.w.org\/{rel}","templated":true}]}}