{"id":6766,"date":"2023-07-09T18:21:24","date_gmt":"2023-07-09T18:21:24","guid":{"rendered":"https:\/\/ecowas.rogeap.org\/electrifying-schools-and-healthcare-facilities\/"},"modified":"2023-10-04T00:31:13","modified_gmt":"2023-10-04T00:31:13","slug":"electrifying-schools-and-healthcare-facilities","status":"publish","type":"page","link":"https:\/\/ecowas.rogeap.org\/en\/area-of-intervention\/electrifying-schools-and-healthcare-facilities\/","title":{"rendered":"Electrification of public infrastructure"},"content":{"rendered":"\t\t<div data-elementor-type=\"wp-post\" data-elementor-id=\"6766\" class=\"elementor elementor-6766 elementor-5239\">\n\t\t\t\t\t\t<section class=\"elementor-section elementor-top-section elementor-element elementor-element-74de6e9 elementor-section-boxed elementor-section-height-default elementor-section-height-default\" data-id=\"74de6e9\" data-element_type=\"section\" data-e-type=\"section\">\n\t\t\t\t\t\t<div class=\"elementor-container elementor-column-gap-default\">\n\t\t\t\t\t<div class=\"elementor-column elementor-col-100 elementor-top-column elementor-element elementor-element-b1b6fcf column-style-top column-top\" data-id=\"b1b6fcf\" data-element_type=\"column\" data-e-type=\"column\">\n\t\t\t<div class=\"elementor-widget-wrap elementor-element-populated\">\n\t\t\t\t\t\t<div class=\"elementor-element elementor-element-66c3824 elementor-widget elementor-widget-text-editor\" data-id=\"66c3824\" data-element_type=\"widget\" data-e-type=\"widget\" data-widget_type=\"text-editor.default\">\n\t\t\t\t<div class=\"elementor-widget-container\">\n\t\t\t\t\t\t\t\t\t\n          <p>\n            <span data-contrast=\"none\">Light for  reading, electricity for refrigeration  food and medication, the energy capacity to use a computer and access the Internet, and  Conducting research, using medical equipment such as microscopes and centrifuges &#8211; these are just some of the activities that require access to a reliable power source in a health or education center.<\/span>\n          <\/p>\n          \n\n          <p>\n            <span data-contrast=\"none\">However, worldwide,&nbsp;<a href=\"https:\/\/www.who.int\/publications-detail-redirect\/9789240066960\" target=\"_blank\" rel=\"noopener\">tens of thousands of healthcare facilities have little or no electricity<\/a>&nbsp;, and&nbsp;<a href=\"https:\/\/www.sciencedirect.com\/science\/article\/abs\/pii\/S1364032115016020?via%3Dihub\" target=\"_blank\" rel=\"noopener\">nearly one child in three attends a school without electricity<\/a>&nbsp;.<\/span>\n            <span data-ccp-props=\"{\"201341983\":0,\"335559740\":276}\">\n              \n            <\/span>\n          <\/p>\n        \t\t\t\t\t\t\t\t<\/div>\n\t\t\t\t<\/div>\n\t\t\t\t<div class=\"elementor-element elementor-element-1116b52 elementor-widget elementor-widget-heading\" data-id=\"1116b52\" data-element_type=\"widget\" data-e-type=\"widget\" data-widget_type=\"heading.default\">\n\t\t\t\t<div class=\"elementor-widget-container\">\n\t\t\t\t\t<h2 class=\"elementor-heading-title elementor-size-default\">\n          <font color=\"#8e1d36\" face=\"Source Sans Pro, sans-serif\">A focus on sustainable services, not kWh - Designing for sustainability with a service-based model  <\/font>\n        <\/h2>\t\t\t\t<\/div>\n\t\t\t\t<\/div>\n\t\t\t\t<div class=\"elementor-element elementor-element-44d25f0 elementor-widget elementor-widget-text-editor\" data-id=\"44d25f0\" data-element_type=\"widget\" data-e-type=\"widget\" data-widget_type=\"text-editor.default\">\n\t\t\t\t<div class=\"elementor-widget-container\">\n\t\t\t\t\t\t\t\t\t<p>\n            <strong>Key concepts:<\/strong>\n          <\/p>\n<ul>\n<li>\n              <span data-contrast=\"none\">Access to energy is fundamental to meaningful education and comprehensive healthcare.<\/span><br \/>\n              <span data-ccp-props=\"{\"201341983\":0,\"335559740\":276}\"> <\/span>\n            <\/li>\n<li data-leveltext=\"\u25cf\" data-font=\"Calibri\" data-listid=\"2\" data-list-defn-props=\"{\"201340374\":2,\"335552541\":1,\"335559684\":-2,\"335559685\":720,\"335559991\":360,\"469769242\":[8226],\"469777803\":\"left\",\"469777804\":\"\u25cf\",\"469777815\":\"hybridMultilevel\"}\" aria-setsize=\"-1\" data-aria-posinset=\"1\" data-aria-level=\"1\">\n              <span data-contrast=\"none\">Off-grid solar systems can help electrify public facilities in many rural communities.<\/span><br \/>\n              <span data-ccp-props=\"{\"201341983\":0,\"335559740\":276}\"> <\/span>\n            <\/li>\n<li data-leveltext=\"\u25cf\" data-font=\"Calibri\" data-listid=\"2\" data-list-defn-props=\"{\"201340374\":2,\"335552541\":1,\"335559684\":-2,\"335559685\":720,\"335559991\":360,\"469769242\":[8226],\"469777803\":\"left\",\"469777804\":\"\u25cf\",\"469777815\":\"hybridMultilevel\"}\" aria-setsize=\"-1\" data-aria-posinset=\"1\" data-aria-level=\"1\">\n              <span data-contrast=\"none\">Ongoing operation and maintenance are essential to the longevity of all energy systems.<\/span><br \/>\n              <span data-ccp-props=\"{\"201341983\":0,\"335559740\":276}\"> <\/span>\n            <\/li>\n<li data-leveltext=\"\u25cf\" data-font=\"Calibri\" data-listid=\"2\" data-list-defn-props=\"{\"201340374\":2,\"335552541\":1,\"335559684\":-2,\"335559685\":720,\"335559991\":360,\"469769242\":[8226],\"469777803\":\"left\",\"469777804\":\"\u25cf\",\"469777815\":\"hybridMultilevel\"}\" aria-setsize=\"-1\" data-aria-posinset=\"1\" data-aria-level=\"1\">\n              <span data-contrast=\"none\">The transition to a solar energy service model supports affordable, sustainable and reliable electrification.<\/span><br \/>\n              <span data-ccp-props=\"{\"201341983\":0,\"335559740\":276}\"> <\/span>\n            <\/li>\n<li data-leveltext=\"\u25cf\" data-font=\"Calibri\" data-listid=\"2\" data-list-defn-props=\"{\"201340374\":2,\"335552541\":1,\"335559684\":-2,\"335559685\":720,\"335559991\":360,\"469769242\":[8226],\"469777803\":\"left\",\"469777804\":\"\u25cf\",\"469777815\":\"hybridMultilevel\"}\" aria-setsize=\"-1\" data-aria-posinset=\"1\" data-aria-level=\"1\">Remote monitoring can help drive the service model forward.<\/li>\n<\/ul>\n<p>\n            <span data-contrast=\"none\">Our team works with internal and external partners in several sectors to help design off-grid energy access projects with a focus on health and education services as a goal of electrification. Every energy system that enables basic community services must have a long-term sustainable maintenance plan. Without it, systems that should last a decade or more can falter after the first few months or years, resulting in economic losses and environmental waste &#8211; and, above all, disruption of the crucial services they were built to provide.  <\/span><br \/>\n            <span data-ccp-props=\"{\"201341983\":0,\"335559740\":276}\">A service-based model that focuses on providing electrical services, rather than simply supplying solar energy systems, ensures that systems are maintained over the long term.<\/span>\n          <\/p>\n<p>\n            <span data-contrast=\"none\">For off-grid solar systems, remote monitoring can now measure power supply, battery status and energy consumption, and send real-time maintenance alerts to site personnel, solar technicians and government departments.  <\/span><br \/>\n            <span data-ccp-props=\"{\"201341983\":0,\"335559740\":276}\"> <\/span>\n          <\/p>\n<p>\n            <span data-contrast=\"none\">Remote monitoring can also form the backbone of a contract model in which companies receive payment instalments each month, after the monitoring system has verified that electricity has been reliably delivered to site in line with established and agreed key performance indicators. This approach can increase the impact of donor organizations, ministries, NGOs, financial organizations and the private sector, by ensuring that solar equipment remains viable throughout its expected lifetime &#8211; meaning that teachers and clinicians can focus on education and healthcare, with the certainty that electricity will be there to support them.<\/span><br \/>\n            <span data-ccp-props=\"{\"201341983\":0,\"335559740\":276}\"> <\/span>\n          <\/p>\n\t\t\t\t\t\t\t\t<\/div>\n\t\t\t\t<\/div>\n\t\t\t\t\t<\/div>\n\t\t<\/div>\n\t\t\t\t\t<\/div>\n\t\t<\/section>\n\t\t\t\t<\/div>\n\t\t","protected":false},"excerpt":{"rendered":"<p>Light for reading, electricity for refrigeration food and medication, the energy capacity to use a computer and access the Internet, and Conducting research, using medical equipment such as microscopes and centrifuges &#8211; these are just some of the activities that require access to a reliable power source in a health or education center. However, worldwide,&nbsp;tens [&hellip;]<\/p>\n","protected":false},"author":2,"featured_media":0,"parent":6822,"menu_order":0,"comment_status":"closed","ping_status":"closed","template":"","meta":{"om_disable_all_campaigns":false,"_monsterinsights_skip_tracking":false,"_monsterinsights_sitenote_active":false,"_monsterinsights_sitenote_note":"","_monsterinsights_sitenote_category":0,"_uf_show_specific_survey":0,"_uf_disable_surveys":false,"footnotes":""},"class_list":["post-6766","page","type-page","status-publish","hentry"],"yoast_head":"<!-- This site is optimized with the Yoast SEO plugin v27.3 - https:\/\/yoast.com\/product\/yoast-seo-wordpress\/ -->\n<title>Electrification of public infrastructure - ROGEAP<\/title>\n<meta name=\"robots\" content=\"index, follow, max-snippet:-1, max-image-preview:large, max-video-preview:-1\" \/>\n<link rel=\"canonical\" href=\"https:\/\/ecowas.rogeap.org\/en\/area-of-intervention\/electrifying-schools-and-healthcare-facilities\/\" \/>\n<meta property=\"og:locale\" content=\"en_US\" \/>\n<meta property=\"og:type\" content=\"article\" \/>\n<meta property=\"og:title\" content=\"Electrification of public infrastructure - ROGEAP\" \/>\n<meta property=\"og:description\" content=\"Light for reading, electricity for refrigeration food and medication, the energy capacity to use a computer and access the Internet, and Conducting research, using medical equipment such as microscopes and centrifuges &#8211; these are just some of the activities that require access to a reliable power source in a health or education center. However, worldwide,&nbsp;tens [&hellip;]\" \/>\n<meta property=\"og:url\" content=\"https:\/\/ecowas.rogeap.org\/en\/area-of-intervention\/electrifying-schools-and-healthcare-facilities\/\" \/>\n<meta property=\"og:site_name\" content=\"ROGEAP\" \/>\n<meta property=\"article:publisher\" content=\"https:\/\/www.facebook.com\/EcowasRogeap\" \/>\n<meta property=\"article:modified_time\" content=\"2023-10-04T00:31:13+00:00\" \/>\n<meta name=\"twitter:card\" content=\"summary_large_image\" \/>\n<meta name=\"twitter:site\" content=\"@ERogeap\" \/>\n<meta name=\"twitter:label1\" content=\"Est. reading time\" \/>\n\t<meta name=\"twitter:data1\" content=\"2 minutes\" \/>\n<script type=\"application\/ld+json\" class=\"yoast-schema-graph\">{\"@context\":\"https:\\\/\\\/schema.org\",\"@graph\":[{\"@type\":\"WebPage\",\"@id\":\"https:\\\/\\\/ecowas.rogeap.org\\\/en\\\/area-of-intervention\\\/electrifying-schools-and-healthcare-facilities\\\/\",\"url\":\"https:\\\/\\\/ecowas.rogeap.org\\\/en\\\/area-of-intervention\\\/electrifying-schools-and-healthcare-facilities\\\/\",\"name\":\"Electrification of public infrastructure - ROGEAP\",\"isPartOf\":{\"@id\":\"https:\\\/\\\/ecowas.rogeap.org\\\/en\\\/#website\"},\"datePublished\":\"2023-07-09T18:21:24+00:00\",\"dateModified\":\"2023-10-04T00:31:13+00:00\",\"breadcrumb\":{\"@id\":\"https:\\\/\\\/ecowas.rogeap.org\\\/en\\\/area-of-intervention\\\/electrifying-schools-and-healthcare-facilities\\\/#breadcrumb\"},\"inLanguage\":\"en-US\",\"potentialAction\":[{\"@type\":\"ReadAction\",\"target\":[\"https:\\\/\\\/ecowas.rogeap.org\\\/en\\\/area-of-intervention\\\/electrifying-schools-and-healthcare-facilities\\\/\"]}]},{\"@type\":\"BreadcrumbList\",\"@id\":\"https:\\\/\\\/ecowas.rogeap.org\\\/en\\\/area-of-intervention\\\/electrifying-schools-and-healthcare-facilities\\\/#breadcrumb\",\"itemListElement\":[{\"@type\":\"ListItem\",\"position\":1,\"name\":\"Accueil\",\"item\":\"https:\\\/\\\/ecowas.rogeap.org\\\/en\\\/accueil\\\/\"},{\"@type\":\"ListItem\",\"position\":2,\"name\":\"Area of intervention\",\"item\":\"https:\\\/\\\/ecowas.rogeap.org\\\/en\\\/?page_id=6822\"},{\"@type\":\"ListItem\",\"position\":3,\"name\":\"Electrification of public infrastructure\"}]},{\"@type\":\"WebSite\",\"@id\":\"https:\\\/\\\/ecowas.rogeap.org\\\/en\\\/#website\",\"url\":\"https:\\\/\\\/ecowas.rogeap.org\\\/en\\\/\",\"name\":\"ROGEAP\",\"description\":\"Projet R\u00e9gional d\u2019Acc\u00e8s \u00e0 l\u2019Electricit\u00e9 Hors R\u00e9seau\",\"publisher\":{\"@id\":\"https:\\\/\\\/ecowas.rogeap.org\\\/en\\\/#organization\"},\"potentialAction\":[{\"@type\":\"SearchAction\",\"target\":{\"@type\":\"EntryPoint\",\"urlTemplate\":\"https:\\\/\\\/ecowas.rogeap.org\\\/en\\\/?s={search_term_string}\"},\"query-input\":{\"@type\":\"PropertyValueSpecification\",\"valueRequired\":true,\"valueName\":\"search_term_string\"}}],\"inLanguage\":\"en-US\"},{\"@type\":\"Organization\",\"@id\":\"https:\\\/\\\/ecowas.rogeap.org\\\/en\\\/#organization\",\"name\":\"Projet d\u2019acc\u00e8s \u00e0 l\u2019\u00e9lectricit\u00e9 hors r\u00e9seau\",\"url\":\"https:\\\/\\\/ecowas.rogeap.org\\\/en\\\/\",\"logo\":{\"@type\":\"ImageObject\",\"inLanguage\":\"en-US\",\"@id\":\"https:\\\/\\\/ecowas.rogeap.org\\\/en\\\/#\\\/schema\\\/logo\\\/image\\\/\",\"url\":\"https:\\\/\\\/ecowas.rogeap.org\\\/wp-content\\\/uploads\\\/2023\\\/08\\\/2.png\",\"contentUrl\":\"https:\\\/\\\/ecowas.rogeap.org\\\/wp-content\\\/uploads\\\/2023\\\/08\\\/2.png\",\"width\":1359,\"height\":743,\"caption\":\"Projet d\u2019acc\u00e8s \u00e0 l\u2019\u00e9lectricit\u00e9 hors r\u00e9seau\"},\"image\":{\"@id\":\"https:\\\/\\\/ecowas.rogeap.org\\\/en\\\/#\\\/schema\\\/logo\\\/image\\\/\"},\"sameAs\":[\"https:\\\/\\\/www.facebook.com\\\/EcowasRogeap\",\"https:\\\/\\\/x.com\\\/ERogeap\",\"https:\\\/\\\/www.linkedin.com\\\/company\\\/ecowas-rogeap-regional-off-grid-electricity-access-project\"]}]}<\/script>\n<!-- \/ Yoast SEO plugin. -->","yoast_head_json":{"title":"Electrification of public infrastructure - ROGEAP","robots":{"index":"index","follow":"follow","max-snippet":"max-snippet:-1","max-image-preview":"max-image-preview:large","max-video-preview":"max-video-preview:-1"},"canonical":"https:\/\/ecowas.rogeap.org\/en\/area-of-intervention\/electrifying-schools-and-healthcare-facilities\/","og_locale":"en_US","og_type":"article","og_title":"Electrification of public infrastructure - ROGEAP","og_description":"Light for reading, electricity for refrigeration food and medication, the energy capacity to use a computer and access the Internet, and Conducting research, using medical equipment such as microscopes and centrifuges &#8211; these are just some of the activities that require access to a reliable power source in a health or education center. However, worldwide,&nbsp;tens [&hellip;]","og_url":"https:\/\/ecowas.rogeap.org\/en\/area-of-intervention\/electrifying-schools-and-healthcare-facilities\/","og_site_name":"ROGEAP","article_publisher":"https:\/\/www.facebook.com\/EcowasRogeap","article_modified_time":"2023-10-04T00:31:13+00:00","twitter_card":"summary_large_image","twitter_site":"@ERogeap","twitter_misc":{"Est. reading time":"2 minutes"},"schema":{"@context":"https:\/\/schema.org","@graph":[{"@type":"WebPage","@id":"https:\/\/ecowas.rogeap.org\/en\/area-of-intervention\/electrifying-schools-and-healthcare-facilities\/","url":"https:\/\/ecowas.rogeap.org\/en\/area-of-intervention\/electrifying-schools-and-healthcare-facilities\/","name":"Electrification of public infrastructure - ROGEAP","isPartOf":{"@id":"https:\/\/ecowas.rogeap.org\/en\/#website"},"datePublished":"2023-07-09T18:21:24+00:00","dateModified":"2023-10-04T00:31:13+00:00","breadcrumb":{"@id":"https:\/\/ecowas.rogeap.org\/en\/area-of-intervention\/electrifying-schools-and-healthcare-facilities\/#breadcrumb"},"inLanguage":"en-US","potentialAction":[{"@type":"ReadAction","target":["https:\/\/ecowas.rogeap.org\/en\/area-of-intervention\/electrifying-schools-and-healthcare-facilities\/"]}]},{"@type":"BreadcrumbList","@id":"https:\/\/ecowas.rogeap.org\/en\/area-of-intervention\/electrifying-schools-and-healthcare-facilities\/#breadcrumb","itemListElement":[{"@type":"ListItem","position":1,"name":"Accueil","item":"https:\/\/ecowas.rogeap.org\/en\/accueil\/"},{"@type":"ListItem","position":2,"name":"Area of intervention","item":"https:\/\/ecowas.rogeap.org\/en\/?page_id=6822"},{"@type":"ListItem","position":3,"name":"Electrification of public infrastructure"}]},{"@type":"WebSite","@id":"https:\/\/ecowas.rogeap.org\/en\/#website","url":"https:\/\/ecowas.rogeap.org\/en\/","name":"ROGEAP","description":"Projet R\u00e9gional d\u2019Acc\u00e8s \u00e0 l\u2019Electricit\u00e9 Hors R\u00e9seau","publisher":{"@id":"https:\/\/ecowas.rogeap.org\/en\/#organization"},"potentialAction":[{"@type":"SearchAction","target":{"@type":"EntryPoint","urlTemplate":"https:\/\/ecowas.rogeap.org\/en\/?s={search_term_string}"},"query-input":{"@type":"PropertyValueSpecification","valueRequired":true,"valueName":"search_term_string"}}],"inLanguage":"en-US"},{"@type":"Organization","@id":"https:\/\/ecowas.rogeap.org\/en\/#organization","name":"Projet d\u2019acc\u00e8s \u00e0 l\u2019\u00e9lectricit\u00e9 hors r\u00e9seau","url":"https:\/\/ecowas.rogeap.org\/en\/","logo":{"@type":"ImageObject","inLanguage":"en-US","@id":"https:\/\/ecowas.rogeap.org\/en\/#\/schema\/logo\/image\/","url":"https:\/\/ecowas.rogeap.org\/wp-content\/uploads\/2023\/08\/2.png","contentUrl":"https:\/\/ecowas.rogeap.org\/wp-content\/uploads\/2023\/08\/2.png","width":1359,"height":743,"caption":"Projet d\u2019acc\u00e8s \u00e0 l\u2019\u00e9lectricit\u00e9 hors r\u00e9seau"},"image":{"@id":"https:\/\/ecowas.rogeap.org\/en\/#\/schema\/logo\/image\/"},"sameAs":["https:\/\/www.facebook.com\/EcowasRogeap","https:\/\/x.com\/ERogeap","https:\/\/www.linkedin.com\/company\/ecowas-rogeap-regional-off-grid-electricity-access-project"]}]}},"_links":{"self":[{"href":"https:\/\/ecowas.rogeap.org\/en\/wp-json\/wp\/v2\/pages\/6766","targetHints":{"allow":["GET"]}}],"collection":[{"href":"https:\/\/ecowas.rogeap.org\/en\/wp-json\/wp\/v2\/pages"}],"about":[{"href":"https:\/\/ecowas.rogeap.org\/en\/wp-json\/wp\/v2\/types\/page"}],"author":[{"embeddable":true,"href":"https:\/\/ecowas.rogeap.org\/en\/wp-json\/wp\/v2\/users\/2"}],"replies":[{"embeddable":true,"href":"https:\/\/ecowas.rogeap.org\/en\/wp-json\/wp\/v2\/comments?post=6766"}],"version-history":[{"count":4,"href":"https:\/\/ecowas.rogeap.org\/en\/wp-json\/wp\/v2\/pages\/6766\/revisions"}],"predecessor-version":[{"id":7568,"href":"https:\/\/ecowas.rogeap.org\/en\/wp-json\/wp\/v2\/pages\/6766\/revisions\/7568"}],"up":[{"embeddable":true,"href":"https:\/\/ecowas.rogeap.org\/en\/wp-json\/wp\/v2\/pages\/6822"}],"wp:attachment":[{"href":"https:\/\/ecowas.rogeap.org\/en\/wp-json\/wp\/v2\/media?parent=6766"}],"curies":[{"name":"wp","href":"https:\/\/api.w.org\/{rel}","templated":true}]}}