{"id":6799,"date":"2023-07-09T14:00:27","date_gmt":"2023-07-09T14:00:27","guid":{"rendered":"https:\/\/ecowas.rogeap.org\/scope-of-action\/"},"modified":"2025-02-26T11:46:11","modified_gmt":"2025-02-26T11:46:11","slug":"scope-of-action","status":"publish","type":"page","link":"https:\/\/ecowas.rogeap.org\/en\/scope-of-action\/","title":{"rendered":"Scope of action"},"content":{"rendered":"\t\t<div data-elementor-type=\"wp-post\" data-elementor-id=\"6799\" class=\"elementor elementor-6799 elementor-5214\">\n\t\t\t\t\t\t<section class=\"elementor-section elementor-top-section elementor-element elementor-element-3eb3da0 elementor-section-boxed elementor-section-height-default elementor-section-height-default\" data-id=\"3eb3da0\" data-element_type=\"section\" data-e-type=\"section\">\n\t\t\t\t\t\t<div class=\"elementor-container elementor-column-gap-default\">\n\t\t\t\t\t<div class=\"elementor-column elementor-col-100 elementor-top-column elementor-element elementor-element-c23e58d column-style-top column-top\" data-id=\"c23e58d\" data-element_type=\"column\" data-e-type=\"column\">\n\t\t\t<div class=\"elementor-widget-wrap elementor-element-populated\">\n\t\t\t\t\t\t<div class=\"elementor-element elementor-element-621e124 elementor-widget elementor-widget-gva-services-box\" data-id=\"621e124\" data-element_type=\"widget\" data-e-type=\"widget\" data-widget_type=\"gva-services-box.default\">\n\t\t\t\t<div class=\"elementor-widget-container\">\n\t\t\t\t\t<div class=\"gva-element-gva-services-box gva-element\">\r\n   <div class=\"gva-services-box gva-services-box-carousel\">\r\n      <div class=\"init-carousel-owl owl-carousel\" data-items=\"3\" data-items_lg=\"3\" data-items_md=\"3\" data-items_sm=\"1\" data-items_xs=\"2\" data-loop=\"0\" data-speed=\"800\" data-auto_play=\"0\" data-auto_play_speed=\"800\" data-auto_play_timeout=\"6000\" data-auto_play_hover=\"0\" data-navigation=\"1\" data-pagination=\"0\" data-mouse_drag=\"1\" data-touch_drag=\"1\" >\r\n                            <div class=\"item\">\r\n            <div class=\"service-item elementor-repeater-item-792bd8e\">\r\n              <div class=\"content-inner\">\r\n                                  <div class=\"icon-inner\">\r\n                                             <span class=\"icon icon-image\"><img decoding=\"async\" src=\"https:\/\/ecowas.rogeap.org\/wp-content\/uploads\/2023\/08\/icons8-politique-100.png\" alt=\"Cadre politique\"\/><\/span>\r\n                        \r\n                  <\/div>\r\n                             <\/div>\r\n              <div class=\"service-title\">\r\n                <h2 class=\"title\">\r\n                  <a href=\"#\">Cadre politique<\/a>               <\/h2>\r\n              <\/div>\r\n            <\/div>\r\n          <\/div>  \r\n                            <div class=\"item\">\r\n            <div class=\"service-item elementor-repeater-item-fa27f1e\">\r\n              <div class=\"content-inner\">\r\n                                  <div class=\"icon-inner\">\r\n                                             <span class=\"icon icon-image\"><img decoding=\"async\" src=\"https:\/\/ecowas.rogeap.org\/wp-content\/uploads\/2023\/08\/icons8-hub-de-marche-64.png\" alt=\"March\u00e9 r\u00e9gional\"\/><\/span>\r\n                        \r\n                  <\/div>\r\n                             <\/div>\r\n              <div class=\"service-title\">\r\n                <h2 class=\"title title\">\r\n                  <a href=\"\/comment-nous-travaillons\/connaissances-du-marche\/\">March\u00e9 r\u00e9gional<\/a>               <\/h2>\r\n              <\/div>\r\n            <\/div>\r\n          <\/div>  \r\n                            <div class=\"item\">\r\n            <div class=\"service-item elementor-repeater-item-fa8583e\">\r\n              <div class=\"content-inner\">\r\n                                  <div class=\"icon-inner\">\r\n                                             <span class=\"icon icon-image\"><img decoding=\"async\" src=\"https:\/\/ecowas.rogeap.org\/wp-content\/uploads\/2023\/08\/icons8-qualite-100.png\" alt=\"Assurance qualite\"\/><\/span>\r\n                        \r\n                  <\/div>\r\n                             <\/div>\r\n              <div class=\"service-title\">\r\n                <h2 class=\"title title title\">\r\n                  <a href=\"\/comment-nous-travaillons\/assurance-qualite\/\">Assurance qualite<\/a>               <\/h2>\r\n              <\/div>\r\n            <\/div>\r\n          <\/div>  \r\n              <\/div>\r\n   <\/div>\r\n  <\/div>\t\t\t\t<\/div>\n\t\t\t\t<\/div>\n\t\t\t\t<div class=\"elementor-element elementor-element-7b3e3a6 elementor-widget elementor-widget-gva-services-box\" data-id=\"7b3e3a6\" data-element_type=\"widget\" data-e-type=\"widget\" data-widget_type=\"gva-services-box.default\">\n\t\t\t\t<div class=\"elementor-widget-container\">\n\t\t\t\t\t<div class=\"gva-element-gva-services-box gva-element\">\r\n   <div class=\"gva-services-box gva-services-box-carousel\">\r\n      <div class=\"init-carousel-owl owl-carousel\" data-items=\"3\" data-items_lg=\"3\" data-items_md=\"3\" data-items_sm=\"1\" data-items_xs=\"2\" data-loop=\"0\" data-speed=\"800\" data-auto_play=\"0\" data-auto_play_speed=\"800\" data-auto_play_timeout=\"6000\" data-auto_play_hover=\"0\" data-navigation=\"1\" data-pagination=\"0\" data-mouse_drag=\"1\" data-touch_drag=\"1\" >\r\n                            <div class=\"item\">\r\n            <div class=\"service-item elementor-repeater-item-792bd8e\">\r\n              <div class=\"content-inner\">\r\n                                  <div class=\"icon-inner\">\r\n                                             <span class=\"icon icon-image\"><img decoding=\"async\" src=\"https:\/\/ecowas.rogeap.org\/wp-content\/uploads\/2023\/07\/icons8-retrait-64.png\" alt=\"Acc\u00e8s au financement\"\/><\/span>\r\n                        \r\n                  <\/div>\r\n                             <\/div>\r\n              <div class=\"service-title\">\r\n                <h2 class=\"title\">\r\n                  <a href=\"\/comment-nous-travaillons\/acces-au-financement\/\">Acc\u00e8s au financement<\/a>               <\/h2>\r\n              <\/div>\r\n            <\/div>\r\n          <\/div>  \r\n                            <div class=\"item\">\r\n            <div class=\"service-item elementor-repeater-item-fa27f1e\">\r\n              <div class=\"content-inner\">\r\n                                  <div class=\"icon-inner\">\r\n                                             <span class=\"icon icon-image\"><img decoding=\"async\" src=\"https:\/\/ecowas.rogeap.org\/wp-content\/uploads\/2023\/08\/icons8-entrainement-64.png\" alt=\"Sensibilisation\"\/><\/span>\r\n                        \r\n                  <\/div>\r\n                             <\/div>\r\n              <div class=\"service-title\">\r\n                <h2 class=\"title title\">\r\n                  <a href=\"\/comment-nous-travaillons\/education-des-consommateurs\/\">Sensibilisation<\/a>               <\/h2>\r\n              <\/div>\r\n            <\/div>\r\n          <\/div>  \r\n                            <div class=\"item\">\r\n            <div class=\"service-item elementor-repeater-item-fa8583e\">\r\n              <div class=\"content-inner\">\r\n                                  <div class=\"icon-inner\">\r\n                                             <span class=\"icon icon-image\"><img decoding=\"async\" src=\"https:\/\/ecowas.rogeap.org\/wp-content\/uploads\/2023\/08\/icons8-reunion-64.png\" alt=\"Formation\"\/><\/span>\r\n                        \r\n                  <\/div>\r\n                             <\/div>\r\n              <div class=\"service-title\">\r\n                <h2 class=\"title title title\">\r\n                  <a href=\"http:\/\/comment-nous-travaillons\/renforcement-des-capacites\/\">Formation<\/a>               <\/h2>\r\n              <\/div>\r\n            <\/div>\r\n          <\/div>  \r\n              <\/div>\r\n   <\/div>\r\n  <\/div>\t\t\t\t<\/div>\n\t\t\t\t<\/div>\n\t\t\t\t\t<\/div>\n\t\t<\/div>\n\t\t\t\t\t<\/div>\n\t\t<\/section>\n\t\t\t\t<section class=\"elementor-section elementor-top-section elementor-element elementor-element-471ffa1 elementor-section-boxed elementor-section-height-default elementor-section-height-default\" data-id=\"471ffa1\" data-element_type=\"section\" data-e-type=\"section\">\n\t\t\t\t\t\t<div class=\"elementor-container elementor-column-gap-default\">\n\t\t\t\t\t<div class=\"elementor-column elementor-col-100 elementor-top-column elementor-element elementor-element-1026399 column-style-top column-top\" data-id=\"1026399\" data-element_type=\"column\" data-e-type=\"column\">\n\t\t\t<div class=\"elementor-widget-wrap elementor-element-populated\">\n\t\t\t\t\t\t<div class=\"elementor-element elementor-element-30a8bcc elementor-widget elementor-widget-text-editor\" data-id=\"30a8bcc\" data-element_type=\"widget\" data-e-type=\"widget\" data-widget_type=\"text-editor.default\">\n\t\t\t\t<div class=\"elementor-widget-container\">\n\t\t\t\t\t\t\t\t\t<p>Lorem ipsum dolor sit amet, consectetur adipiscing elit. Ut elit tellus, luctus nec ullamcorper mattis, pulvinar dapibus leo.<\/p>\t\t\t\t\t\t\t\t<\/div>\n\t\t\t\t<\/div>\n\t\t\t\t\t<\/div>\n\t\t<\/div>\n\t\t\t\t\t<\/div>\n\t\t<\/section>\n\t\t\t\t<\/div>\n\t\t","protected":false},"excerpt":{"rendered":"<p>Cadre politique March\u00e9 r\u00e9gional Assurance qualite Acc\u00e8s au financement Sensibilisation Formation Lorem ipsum dolor sit amet, consectetur adipiscing elit. Ut elit tellus, luctus nec ullamcorper mattis, pulvinar dapibus leo.<\/p>\n","protected":false},"author":2,"featured_media":0,"parent":0,"menu_order":0,"comment_status":"closed","ping_status":"closed","template":"","meta":{"om_disable_all_campaigns":false,"_monsterinsights_skip_tracking":false,"_monsterinsights_sitenote_active":false,"_monsterinsights_sitenote_note":"","_monsterinsights_sitenote_category":0,"_uf_show_specific_survey":0,"_uf_disable_surveys":false,"footnotes":""},"class_list":["post-6799","page","type-page","status-publish","hentry"],"yoast_head":"<!-- This site is optimized with the Yoast SEO plugin v27.4 - https:\/\/yoast.com\/product\/yoast-seo-wordpress\/ -->\n<title>Scope of action - ROGEAP<\/title>\n<meta name=\"robots\" content=\"index, follow, max-snippet:-1, max-image-preview:large, max-video-preview:-1\" \/>\n<link rel=\"canonical\" href=\"https:\/\/ecowas.rogeap.org\/en\/scope-of-action\/\" \/>\n<meta property=\"og:locale\" content=\"en_US\" \/>\n<meta property=\"og:type\" content=\"article\" \/>\n<meta property=\"og:title\" content=\"Scope of action - ROGEAP\" \/>\n<meta property=\"og:description\" content=\"Cadre politique March\u00e9 r\u00e9gional Assurance qualite Acc\u00e8s au financement Sensibilisation Formation Lorem ipsum dolor sit amet, consectetur adipiscing elit. Ut elit tellus, luctus nec ullamcorper mattis, pulvinar dapibus leo.\" \/>\n<meta property=\"og:url\" content=\"https:\/\/ecowas.rogeap.org\/en\/scope-of-action\/\" \/>\n<meta property=\"og:site_name\" content=\"ROGEAP\" \/>\n<meta property=\"article:publisher\" content=\"https:\/\/www.facebook.com\/EcowasRogeap\" \/>\n<meta property=\"article:modified_time\" content=\"2025-02-26T11:46:11+00:00\" \/>\n<meta property=\"og:image\" content=\"https:\/\/ecowas.rogeap.org\/wp-content\/uploads\/2023\/08\/icons8-politique-100.png\" \/>\n<meta name=\"twitter:card\" content=\"summary_large_image\" \/>\n<meta name=\"twitter:site\" content=\"@ERogeap\" \/>\n<script type=\"application\/ld+json\" class=\"yoast-schema-graph\">{\"@context\":\"https:\\\/\\\/schema.org\",\"@graph\":[{\"@type\":\"WebPage\",\"@id\":\"https:\\\/\\\/ecowas.rogeap.org\\\/en\\\/scope-of-action\\\/\",\"url\":\"https:\\\/\\\/ecowas.rogeap.org\\\/en\\\/scope-of-action\\\/\",\"name\":\"Scope of action - ROGEAP\",\"isPartOf\":{\"@id\":\"https:\\\/\\\/ecowas.rogeap.org\\\/en\\\/#website\"},\"primaryImageOfPage\":{\"@id\":\"https:\\\/\\\/ecowas.rogeap.org\\\/en\\\/scope-of-action\\\/#primaryimage\"},\"image\":{\"@id\":\"https:\\\/\\\/ecowas.rogeap.org\\\/en\\\/scope-of-action\\\/#primaryimage\"},\"thumbnailUrl\":\"https:\\\/\\\/ecowas.rogeap.org\\\/wp-content\\\/uploads\\\/2023\\\/08\\\/icons8-politique-100.png\",\"datePublished\":\"2023-07-09T14:00:27+00:00\",\"dateModified\":\"2025-02-26T11:46:11+00:00\",\"breadcrumb\":{\"@id\":\"https:\\\/\\\/ecowas.rogeap.org\\\/en\\\/scope-of-action\\\/#breadcrumb\"},\"inLanguage\":\"en-US\",\"potentialAction\":[{\"@type\":\"ReadAction\",\"target\":[\"https:\\\/\\\/ecowas.rogeap.org\\\/en\\\/scope-of-action\\\/\"]}]},{\"@type\":\"ImageObject\",\"inLanguage\":\"en-US\",\"@id\":\"https:\\\/\\\/ecowas.rogeap.org\\\/en\\\/scope-of-action\\\/#primaryimage\",\"url\":\"https:\\\/\\\/ecowas.rogeap.org\\\/wp-content\\\/uploads\\\/2023\\\/08\\\/icons8-politique-100.png\",\"contentUrl\":\"https:\\\/\\\/ecowas.rogeap.org\\\/wp-content\\\/uploads\\\/2023\\\/08\\\/icons8-politique-100.png\"},{\"@type\":\"BreadcrumbList\",\"@id\":\"https:\\\/\\\/ecowas.rogeap.org\\\/en\\\/scope-of-action\\\/#breadcrumb\",\"itemListElement\":[{\"@type\":\"ListItem\",\"position\":1,\"name\":\"Accueil\",\"item\":\"https:\\\/\\\/ecowas.rogeap.org\\\/en\\\/accueil\\\/\"},{\"@type\":\"ListItem\",\"position\":2,\"name\":\"Scope of action\"}]},{\"@type\":\"WebSite\",\"@id\":\"https:\\\/\\\/ecowas.rogeap.org\\\/en\\\/#website\",\"url\":\"https:\\\/\\\/ecowas.rogeap.org\\\/en\\\/\",\"name\":\"ROGEAP\",\"description\":\"Projet R\u00e9gional d\u2019Acc\u00e8s \u00e0 l\u2019Electricit\u00e9 Hors R\u00e9seau\",\"publisher\":{\"@id\":\"https:\\\/\\\/ecowas.rogeap.org\\\/en\\\/#organization\"},\"potentialAction\":[{\"@type\":\"SearchAction\",\"target\":{\"@type\":\"EntryPoint\",\"urlTemplate\":\"https:\\\/\\\/ecowas.rogeap.org\\\/en\\\/?s={search_term_string}\"},\"query-input\":{\"@type\":\"PropertyValueSpecification\",\"valueRequired\":true,\"valueName\":\"search_term_string\"}}],\"inLanguage\":\"en-US\"},{\"@type\":\"Organization\",\"@id\":\"https:\\\/\\\/ecowas.rogeap.org\\\/en\\\/#organization\",\"name\":\"Projet d\u2019acc\u00e8s \u00e0 l\u2019\u00e9lectricit\u00e9 hors r\u00e9seau\",\"url\":\"https:\\\/\\\/ecowas.rogeap.org\\\/en\\\/\",\"logo\":{\"@type\":\"ImageObject\",\"inLanguage\":\"en-US\",\"@id\":\"https:\\\/\\\/ecowas.rogeap.org\\\/en\\\/#\\\/schema\\\/logo\\\/image\\\/\",\"url\":\"https:\\\/\\\/ecowas.rogeap.org\\\/wp-content\\\/uploads\\\/2023\\\/08\\\/2.png\",\"contentUrl\":\"https:\\\/\\\/ecowas.rogeap.org\\\/wp-content\\\/uploads\\\/2023\\\/08\\\/2.png\",\"width\":1359,\"height\":743,\"caption\":\"Projet d\u2019acc\u00e8s \u00e0 l\u2019\u00e9lectricit\u00e9 hors r\u00e9seau\"},\"image\":{\"@id\":\"https:\\\/\\\/ecowas.rogeap.org\\\/en\\\/#\\\/schema\\\/logo\\\/image\\\/\"},\"sameAs\":[\"https:\\\/\\\/www.facebook.com\\\/EcowasRogeap\",\"https:\\\/\\\/x.com\\\/ERogeap\",\"https:\\\/\\\/www.linkedin.com\\\/company\\\/ecowas-rogeap-regional-off-grid-electricity-access-project\"]}]}<\/script>\n<!-- \/ Yoast SEO plugin. -->","yoast_head_json":{"title":"Scope of action - ROGEAP","robots":{"index":"index","follow":"follow","max-snippet":"max-snippet:-1","max-image-preview":"max-image-preview:large","max-video-preview":"max-video-preview:-1"},"canonical":"https:\/\/ecowas.rogeap.org\/en\/scope-of-action\/","og_locale":"en_US","og_type":"article","og_title":"Scope of action - ROGEAP","og_description":"Cadre politique March\u00e9 r\u00e9gional Assurance qualite Acc\u00e8s au financement Sensibilisation Formation Lorem ipsum dolor sit amet, consectetur adipiscing elit. Ut elit tellus, luctus nec ullamcorper mattis, pulvinar dapibus leo.","og_url":"https:\/\/ecowas.rogeap.org\/en\/scope-of-action\/","og_site_name":"ROGEAP","article_publisher":"https:\/\/www.facebook.com\/EcowasRogeap","article_modified_time":"2025-02-26T11:46:11+00:00","og_image":[{"url":"https:\/\/ecowas.rogeap.org\/wp-content\/uploads\/2023\/08\/icons8-politique-100.png","type":"","width":"","height":""}],"twitter_card":"summary_large_image","twitter_site":"@ERogeap","schema":{"@context":"https:\/\/schema.org","@graph":[{"@type":"WebPage","@id":"https:\/\/ecowas.rogeap.org\/en\/scope-of-action\/","url":"https:\/\/ecowas.rogeap.org\/en\/scope-of-action\/","name":"Scope of action - ROGEAP","isPartOf":{"@id":"https:\/\/ecowas.rogeap.org\/en\/#website"},"primaryImageOfPage":{"@id":"https:\/\/ecowas.rogeap.org\/en\/scope-of-action\/#primaryimage"},"image":{"@id":"https:\/\/ecowas.rogeap.org\/en\/scope-of-action\/#primaryimage"},"thumbnailUrl":"https:\/\/ecowas.rogeap.org\/wp-content\/uploads\/2023\/08\/icons8-politique-100.png","datePublished":"2023-07-09T14:00:27+00:00","dateModified":"2025-02-26T11:46:11+00:00","breadcrumb":{"@id":"https:\/\/ecowas.rogeap.org\/en\/scope-of-action\/#breadcrumb"},"inLanguage":"en-US","potentialAction":[{"@type":"ReadAction","target":["https:\/\/ecowas.rogeap.org\/en\/scope-of-action\/"]}]},{"@type":"ImageObject","inLanguage":"en-US","@id":"https:\/\/ecowas.rogeap.org\/en\/scope-of-action\/#primaryimage","url":"https:\/\/ecowas.rogeap.org\/wp-content\/uploads\/2023\/08\/icons8-politique-100.png","contentUrl":"https:\/\/ecowas.rogeap.org\/wp-content\/uploads\/2023\/08\/icons8-politique-100.png"},{"@type":"BreadcrumbList","@id":"https:\/\/ecowas.rogeap.org\/en\/scope-of-action\/#breadcrumb","itemListElement":[{"@type":"ListItem","position":1,"name":"Accueil","item":"https:\/\/ecowas.rogeap.org\/en\/accueil\/"},{"@type":"ListItem","position":2,"name":"Scope of action"}]},{"@type":"WebSite","@id":"https:\/\/ecowas.rogeap.org\/en\/#website","url":"https:\/\/ecowas.rogeap.org\/en\/","name":"ROGEAP","description":"Projet R\u00e9gional d\u2019Acc\u00e8s \u00e0 l\u2019Electricit\u00e9 Hors R\u00e9seau","publisher":{"@id":"https:\/\/ecowas.rogeap.org\/en\/#organization"},"potentialAction":[{"@type":"SearchAction","target":{"@type":"EntryPoint","urlTemplate":"https:\/\/ecowas.rogeap.org\/en\/?s={search_term_string}"},"query-input":{"@type":"PropertyValueSpecification","valueRequired":true,"valueName":"search_term_string"}}],"inLanguage":"en-US"},{"@type":"Organization","@id":"https:\/\/ecowas.rogeap.org\/en\/#organization","name":"Projet d\u2019acc\u00e8s \u00e0 l\u2019\u00e9lectricit\u00e9 hors r\u00e9seau","url":"https:\/\/ecowas.rogeap.org\/en\/","logo":{"@type":"ImageObject","inLanguage":"en-US","@id":"https:\/\/ecowas.rogeap.org\/en\/#\/schema\/logo\/image\/","url":"https:\/\/ecowas.rogeap.org\/wp-content\/uploads\/2023\/08\/2.png","contentUrl":"https:\/\/ecowas.rogeap.org\/wp-content\/uploads\/2023\/08\/2.png","width":1359,"height":743,"caption":"Projet d\u2019acc\u00e8s \u00e0 l\u2019\u00e9lectricit\u00e9 hors r\u00e9seau"},"image":{"@id":"https:\/\/ecowas.rogeap.org\/en\/#\/schema\/logo\/image\/"},"sameAs":["https:\/\/www.facebook.com\/EcowasRogeap","https:\/\/x.com\/ERogeap","https:\/\/www.linkedin.com\/company\/ecowas-rogeap-regional-off-grid-electricity-access-project"]}]}},"_links":{"self":[{"href":"https:\/\/ecowas.rogeap.org\/en\/wp-json\/wp\/v2\/pages\/6799","targetHints":{"allow":["GET"]}}],"collection":[{"href":"https:\/\/ecowas.rogeap.org\/en\/wp-json\/wp\/v2\/pages"}],"about":[{"href":"https:\/\/ecowas.rogeap.org\/en\/wp-json\/wp\/v2\/types\/page"}],"author":[{"embeddable":true,"href":"https:\/\/ecowas.rogeap.org\/en\/wp-json\/wp\/v2\/users\/2"}],"replies":[{"embeddable":true,"href":"https:\/\/ecowas.rogeap.org\/en\/wp-json\/wp\/v2\/comments?post=6799"}],"version-history":[{"count":3,"href":"https:\/\/ecowas.rogeap.org\/en\/wp-json\/wp\/v2\/pages\/6799\/revisions"}],"predecessor-version":[{"id":8529,"href":"https:\/\/ecowas.rogeap.org\/en\/wp-json\/wp\/v2\/pages\/6799\/revisions\/8529"}],"wp:attachment":[{"href":"https:\/\/ecowas.rogeap.org\/en\/wp-json\/wp\/v2\/media?parent=6799"}],"curies":[{"name":"wp","href":"https:\/\/api.w.org\/{rel}","templated":true}]}}