{"id":6822,"date":"2023-07-09T18:19:52","date_gmt":"2023-07-09T18:19:52","guid":{"rendered":"https:\/\/ecowas.rogeap.org\/area-of-intervention\/"},"modified":"2023-08-31T10:31:59","modified_gmt":"2023-08-31T10:31:59","slug":"area-of-intervention","status":"publish","type":"page","link":"https:\/\/ecowas.rogeap.org\/en\/area-of-intervention\/","title":{"rendered":"Area of intervention"},"content":{"rendered":"\t\t<div data-elementor-type=\"wp-post\" data-elementor-id=\"6822\" class=\"elementor elementor-6822 elementor-5237\">\n\t\t\t\t\t\t<section class=\"elementor-section elementor-top-section elementor-element elementor-element-54c289d elementor-section-boxed elementor-section-height-default elementor-section-height-default\" data-id=\"54c289d\" data-element_type=\"section\" data-e-type=\"section\">\n\t\t\t\t\t\t<div class=\"elementor-container elementor-column-gap-default\">\n\t\t\t\t\t<div class=\"elementor-column elementor-col-100 elementor-top-column elementor-element elementor-element-85be7d3 column-style-top column-top\" data-id=\"85be7d3\" data-element_type=\"column\" data-e-type=\"column\">\n\t\t\t<div class=\"elementor-widget-wrap elementor-element-populated\">\n\t\t\t\t\t\t<div class=\"elementor-element elementor-element-6d1bf16 elementor-widget elementor-widget-gva-services-box\" data-id=\"6d1bf16\" data-element_type=\"widget\" data-e-type=\"widget\" data-widget_type=\"gva-services-box.default\">\n\t\t\t\t<div class=\"elementor-widget-container\">\n\t\t\t\t\t<div class=\"gva-element-gva-services-box gva-element\">\r\n   <div class=\"gva-services-box gva-services-box-carousel\">\r\n      <div class=\"init-carousel-owl owl-carousel\" data-items=\"3\" data-items_lg=\"3\" data-items_md=\"3\" data-items_sm=\"1\" data-items_xs=\"2\" data-loop=\"0\" data-speed=\"800\" data-auto_play=\"0\" data-auto_play_speed=\"800\" data-auto_play_timeout=\"6000\" data-auto_play_hover=\"0\" data-navigation=\"1\" data-pagination=\"0\" data-mouse_drag=\"1\" data-touch_drag=\"1\" >\r\n                            <div class=\"item\">\r\n            <div class=\"service-item elementor-repeater-item-792bd8e\">\r\n              <div class=\"content-inner\">\r\n                                  <div class=\"icon-inner\">\r\n                                             <span class=\"icon icon-image\"><img decoding=\"async\" src=\"https:\/\/ecowas.rogeap.org\/wp-content\/uploads\/2023\/08\/icons8-puissance-96.png\" alt=\"PV de puissance &lt;= 350 W\"\/><\/span>\r\n                        \r\n                  <\/div>\r\n                             <\/div>\r\n              <div class=\"service-title\">\r\n                <h5 class=\"title\">\r\n                  <a href=\"https:\/\/ecowas.rogeap.org\/domaine-dintervention\/systemes-solaires-pv-de-puissances-inferieures-ou-egales-a-350wc\/\">PV de puissance <= 350 W<\/a>               <\/h5>\r\n              <\/div>\r\n            <\/div>\r\n          <\/div>  \r\n                            <div class=\"item\">\r\n            <div class=\"service-item elementor-repeater-item-fa27f1e\">\r\n              <div class=\"content-inner\">\r\n                                  <div class=\"icon-inner\">\r\n                                             <span class=\"icon icon-image\"><img decoding=\"async\" src=\"https:\/\/ecowas.rogeap.org\/wp-content\/uploads\/2023\/08\/icons8-ecole-64.png\" alt=\"Ecoles et Etablissements de sant\u00e9\"\/><\/span>\r\n                        \r\n                  <\/div>\r\n                             <\/div>\r\n              <div class=\"service-title\">\r\n                <h5 class=\"title title\">\r\n                  <a href=\"https:\/\/ecowas.rogeap.org\/domaine-dintervention\/electrifier-les-ecoles-et-les-etablissements-de-sante\/\">Ecoles et Etablissements de sant\u00e9<\/a>               <\/h5>\r\n              <\/div>\r\n            <\/div>\r\n          <\/div>  \r\n                            <div class=\"item\">\r\n            <div class=\"service-item elementor-repeater-item-fa8583e\">\r\n              <div class=\"content-inner\">\r\n                                  <div class=\"icon-inner\">\r\n                                             <span class=\"icon icon-image\"><img decoding=\"async\" src=\"https:\/\/ecowas.rogeap.org\/wp-content\/uploads\/2023\/08\/icons8-durabilite-96.png\" alt=\"Partenariat REACH\"\/><\/span>\r\n                        \r\n                  <\/div>\r\n                             <\/div>\r\n              <div class=\"service-title\">\r\n                <h5 class=\"title title title\">\r\n                  <a href=\"https:\/\/ecowas.rogeap.org\/domaine-dintervention\/partenariat-reach-renewable-energy-access-challenge\/\">Partenariat REACH<\/a>               <\/h5>\r\n              <\/div>\r\n            <\/div>\r\n          <\/div>  \r\n              <\/div>\r\n   <\/div>\r\n  <\/div>\t\t\t\t<\/div>\n\t\t\t\t<\/div>\n\t\t\t\t\t<\/div>\n\t\t<\/div>\n\t\t\t\t\t<\/div>\n\t\t<\/section>\n\t\t\t\t<\/div>\n\t\t","protected":false},"excerpt":{"rendered":"<p>PV de puissance<\/p>\n","protected":false},"author":2,"featured_media":0,"parent":0,"menu_order":0,"comment_status":"closed","ping_status":"closed","template":"","meta":{"_angie_page":false,"om_disable_all_campaigns":false,"_monsterinsights_skip_tracking":false,"_monsterinsights_sitenote_active":false,"_monsterinsights_sitenote_note":"","_monsterinsights_sitenote_category":0,"_uf_show_specific_survey":0,"_uf_disable_surveys":false,"footnotes":""},"class_list":["post-6822","page","type-page","status-publish","hentry"],"yoast_head":"<!-- This site is optimized with the Yoast SEO plugin v27.5 - https:\/\/yoast.com\/product\/yoast-seo-wordpress\/ -->\n<title>Area of intervention - ROGEAP<\/title>\n<meta name=\"robots\" content=\"index, follow, max-snippet:-1, max-image-preview:large, max-video-preview:-1\" \/>\n<link rel=\"canonical\" href=\"https:\/\/ecowas.rogeap.org\/en\/area-of-intervention\/\" \/>\n<meta property=\"og:locale\" content=\"en_US\" \/>\n<meta property=\"og:type\" content=\"article\" \/>\n<meta property=\"og:title\" content=\"Area of intervention - ROGEAP\" \/>\n<meta property=\"og:description\" content=\"PV de puissance\" \/>\n<meta property=\"og:url\" content=\"https:\/\/ecowas.rogeap.org\/en\/area-of-intervention\/\" \/>\n<meta property=\"og:site_name\" content=\"ROGEAP\" \/>\n<meta property=\"article:publisher\" content=\"https:\/\/www.facebook.com\/EcowasRogeap\" \/>\n<meta property=\"article:modified_time\" content=\"2023-08-31T10:31:59+00:00\" \/>\n<meta property=\"og:image\" content=\"https:\/\/ecowas.rogeap.org\/wp-content\/uploads\/2023\/08\/icons8-puissance-96.png\" \/>\n<meta name=\"twitter:card\" content=\"summary_large_image\" \/>\n<meta name=\"twitter:site\" content=\"@ERogeap\" \/>\n<script type=\"application\/ld+json\" class=\"yoast-schema-graph\">{\"@context\":\"https:\\\/\\\/schema.org\",\"@graph\":[{\"@type\":\"WebPage\",\"@id\":\"https:\\\/\\\/ecowas.rogeap.org\\\/en\\\/area-of-intervention\\\/\",\"url\":\"https:\\\/\\\/ecowas.rogeap.org\\\/en\\\/area-of-intervention\\\/\",\"name\":\"Area of intervention - ROGEAP\",\"isPartOf\":{\"@id\":\"https:\\\/\\\/ecowas.rogeap.org\\\/en\\\/#website\"},\"primaryImageOfPage\":{\"@id\":\"https:\\\/\\\/ecowas.rogeap.org\\\/en\\\/area-of-intervention\\\/#primaryimage\"},\"image\":{\"@id\":\"https:\\\/\\\/ecowas.rogeap.org\\\/en\\\/area-of-intervention\\\/#primaryimage\"},\"thumbnailUrl\":\"https:\\\/\\\/ecowas.rogeap.org\\\/wp-content\\\/uploads\\\/2023\\\/08\\\/icons8-puissance-96.png\",\"datePublished\":\"2023-07-09T18:19:52+00:00\",\"dateModified\":\"2023-08-31T10:31:59+00:00\",\"breadcrumb\":{\"@id\":\"https:\\\/\\\/ecowas.rogeap.org\\\/en\\\/area-of-intervention\\\/#breadcrumb\"},\"inLanguage\":\"en-US\",\"potentialAction\":[{\"@type\":\"ReadAction\",\"target\":[\"https:\\\/\\\/ecowas.rogeap.org\\\/en\\\/area-of-intervention\\\/\"]}]},{\"@type\":\"ImageObject\",\"inLanguage\":\"en-US\",\"@id\":\"https:\\\/\\\/ecowas.rogeap.org\\\/en\\\/area-of-intervention\\\/#primaryimage\",\"url\":\"https:\\\/\\\/ecowas.rogeap.org\\\/wp-content\\\/uploads\\\/2023\\\/08\\\/icons8-puissance-96.png\",\"contentUrl\":\"https:\\\/\\\/ecowas.rogeap.org\\\/wp-content\\\/uploads\\\/2023\\\/08\\\/icons8-puissance-96.png\"},{\"@type\":\"BreadcrumbList\",\"@id\":\"https:\\\/\\\/ecowas.rogeap.org\\\/en\\\/area-of-intervention\\\/#breadcrumb\",\"itemListElement\":[{\"@type\":\"ListItem\",\"position\":1,\"name\":\"Accueil\",\"item\":\"https:\\\/\\\/ecowas.rogeap.org\\\/en\\\/accueil\\\/\"},{\"@type\":\"ListItem\",\"position\":2,\"name\":\"Area of intervention\"}]},{\"@type\":\"WebSite\",\"@id\":\"https:\\\/\\\/ecowas.rogeap.org\\\/en\\\/#website\",\"url\":\"https:\\\/\\\/ecowas.rogeap.org\\\/en\\\/\",\"name\":\"ROGEAP\",\"description\":\"Projet R\u00e9gional d\u2019Acc\u00e8s \u00e0 l\u2019Electricit\u00e9 Hors R\u00e9seau\",\"publisher\":{\"@id\":\"https:\\\/\\\/ecowas.rogeap.org\\\/en\\\/#organization\"},\"potentialAction\":[{\"@type\":\"SearchAction\",\"target\":{\"@type\":\"EntryPoint\",\"urlTemplate\":\"https:\\\/\\\/ecowas.rogeap.org\\\/en\\\/?s={search_term_string}\"},\"query-input\":{\"@type\":\"PropertyValueSpecification\",\"valueRequired\":true,\"valueName\":\"search_term_string\"}}],\"inLanguage\":\"en-US\"},{\"@type\":\"Organization\",\"@id\":\"https:\\\/\\\/ecowas.rogeap.org\\\/en\\\/#organization\",\"name\":\"Projet d\u2019acc\u00e8s \u00e0 l\u2019\u00e9lectricit\u00e9 hors r\u00e9seau\",\"url\":\"https:\\\/\\\/ecowas.rogeap.org\\\/en\\\/\",\"logo\":{\"@type\":\"ImageObject\",\"inLanguage\":\"en-US\",\"@id\":\"https:\\\/\\\/ecowas.rogeap.org\\\/en\\\/#\\\/schema\\\/logo\\\/image\\\/\",\"url\":\"https:\\\/\\\/ecowas.rogeap.org\\\/wp-content\\\/uploads\\\/2023\\\/08\\\/2.png\",\"contentUrl\":\"https:\\\/\\\/ecowas.rogeap.org\\\/wp-content\\\/uploads\\\/2023\\\/08\\\/2.png\",\"width\":1359,\"height\":743,\"caption\":\"Projet d\u2019acc\u00e8s \u00e0 l\u2019\u00e9lectricit\u00e9 hors r\u00e9seau\"},\"image\":{\"@id\":\"https:\\\/\\\/ecowas.rogeap.org\\\/en\\\/#\\\/schema\\\/logo\\\/image\\\/\"},\"sameAs\":[\"https:\\\/\\\/www.facebook.com\\\/EcowasRogeap\",\"https:\\\/\\\/x.com\\\/ERogeap\",\"https:\\\/\\\/www.linkedin.com\\\/company\\\/ecowas-rogeap-regional-off-grid-electricity-access-project\"]}]}<\/script>\n<!-- \/ Yoast SEO plugin. -->","yoast_head_json":{"title":"Area of intervention - ROGEAP","robots":{"index":"index","follow":"follow","max-snippet":"max-snippet:-1","max-image-preview":"max-image-preview:large","max-video-preview":"max-video-preview:-1"},"canonical":"https:\/\/ecowas.rogeap.org\/en\/area-of-intervention\/","og_locale":"en_US","og_type":"article","og_title":"Area of intervention - ROGEAP","og_description":"PV de puissance","og_url":"https:\/\/ecowas.rogeap.org\/en\/area-of-intervention\/","og_site_name":"ROGEAP","article_publisher":"https:\/\/www.facebook.com\/EcowasRogeap","article_modified_time":"2023-08-31T10:31:59+00:00","og_image":[{"url":"https:\/\/ecowas.rogeap.org\/wp-content\/uploads\/2023\/08\/icons8-puissance-96.png","type":"","width":"","height":""}],"twitter_card":"summary_large_image","twitter_site":"@ERogeap","schema":{"@context":"https:\/\/schema.org","@graph":[{"@type":"WebPage","@id":"https:\/\/ecowas.rogeap.org\/en\/area-of-intervention\/","url":"https:\/\/ecowas.rogeap.org\/en\/area-of-intervention\/","name":"Area of intervention - ROGEAP","isPartOf":{"@id":"https:\/\/ecowas.rogeap.org\/en\/#website"},"primaryImageOfPage":{"@id":"https:\/\/ecowas.rogeap.org\/en\/area-of-intervention\/#primaryimage"},"image":{"@id":"https:\/\/ecowas.rogeap.org\/en\/area-of-intervention\/#primaryimage"},"thumbnailUrl":"https:\/\/ecowas.rogeap.org\/wp-content\/uploads\/2023\/08\/icons8-puissance-96.png","datePublished":"2023-07-09T18:19:52+00:00","dateModified":"2023-08-31T10:31:59+00:00","breadcrumb":{"@id":"https:\/\/ecowas.rogeap.org\/en\/area-of-intervention\/#breadcrumb"},"inLanguage":"en-US","potentialAction":[{"@type":"ReadAction","target":["https:\/\/ecowas.rogeap.org\/en\/area-of-intervention\/"]}]},{"@type":"ImageObject","inLanguage":"en-US","@id":"https:\/\/ecowas.rogeap.org\/en\/area-of-intervention\/#primaryimage","url":"https:\/\/ecowas.rogeap.org\/wp-content\/uploads\/2023\/08\/icons8-puissance-96.png","contentUrl":"https:\/\/ecowas.rogeap.org\/wp-content\/uploads\/2023\/08\/icons8-puissance-96.png"},{"@type":"BreadcrumbList","@id":"https:\/\/ecowas.rogeap.org\/en\/area-of-intervention\/#breadcrumb","itemListElement":[{"@type":"ListItem","position":1,"name":"Accueil","item":"https:\/\/ecowas.rogeap.org\/en\/accueil\/"},{"@type":"ListItem","position":2,"name":"Area of intervention"}]},{"@type":"WebSite","@id":"https:\/\/ecowas.rogeap.org\/en\/#website","url":"https:\/\/ecowas.rogeap.org\/en\/","name":"ROGEAP","description":"Projet R\u00e9gional d\u2019Acc\u00e8s \u00e0 l\u2019Electricit\u00e9 Hors R\u00e9seau","publisher":{"@id":"https:\/\/ecowas.rogeap.org\/en\/#organization"},"potentialAction":[{"@type":"SearchAction","target":{"@type":"EntryPoint","urlTemplate":"https:\/\/ecowas.rogeap.org\/en\/?s={search_term_string}"},"query-input":{"@type":"PropertyValueSpecification","valueRequired":true,"valueName":"search_term_string"}}],"inLanguage":"en-US"},{"@type":"Organization","@id":"https:\/\/ecowas.rogeap.org\/en\/#organization","name":"Projet d\u2019acc\u00e8s \u00e0 l\u2019\u00e9lectricit\u00e9 hors r\u00e9seau","url":"https:\/\/ecowas.rogeap.org\/en\/","logo":{"@type":"ImageObject","inLanguage":"en-US","@id":"https:\/\/ecowas.rogeap.org\/en\/#\/schema\/logo\/image\/","url":"https:\/\/ecowas.rogeap.org\/wp-content\/uploads\/2023\/08\/2.png","contentUrl":"https:\/\/ecowas.rogeap.org\/wp-content\/uploads\/2023\/08\/2.png","width":1359,"height":743,"caption":"Projet d\u2019acc\u00e8s \u00e0 l\u2019\u00e9lectricit\u00e9 hors r\u00e9seau"},"image":{"@id":"https:\/\/ecowas.rogeap.org\/en\/#\/schema\/logo\/image\/"},"sameAs":["https:\/\/www.facebook.com\/EcowasRogeap","https:\/\/x.com\/ERogeap","https:\/\/www.linkedin.com\/company\/ecowas-rogeap-regional-off-grid-electricity-access-project"]}]}},"_links":{"self":[{"href":"https:\/\/ecowas.rogeap.org\/en\/wp-json\/wp\/v2\/pages\/6822","targetHints":{"allow":["GET"]}}],"collection":[{"href":"https:\/\/ecowas.rogeap.org\/en\/wp-json\/wp\/v2\/pages"}],"about":[{"href":"https:\/\/ecowas.rogeap.org\/en\/wp-json\/wp\/v2\/types\/page"}],"author":[{"embeddable":true,"href":"https:\/\/ecowas.rogeap.org\/en\/wp-json\/wp\/v2\/users\/2"}],"replies":[{"embeddable":true,"href":"https:\/\/ecowas.rogeap.org\/en\/wp-json\/wp\/v2\/comments?post=6822"}],"version-history":[{"count":2,"href":"https:\/\/ecowas.rogeap.org\/en\/wp-json\/wp\/v2\/pages\/6822\/revisions"}],"predecessor-version":[{"id":6834,"href":"https:\/\/ecowas.rogeap.org\/en\/wp-json\/wp\/v2\/pages\/6822\/revisions\/6834"}],"wp:attachment":[{"href":"https:\/\/ecowas.rogeap.org\/en\/wp-json\/wp\/v2\/media?parent=6822"}],"curies":[{"name":"wp","href":"https:\/\/api.w.org\/{rel}","templated":true}]}}