{"id":6865,"date":"2023-07-09T11:31:11","date_gmt":"2023-07-09T11:31:11","guid":{"rendered":"https:\/\/ecowas.rogeap.org\/benefits-of-off-grid-solar-pv\/"},"modified":"2023-09-07T16:36:21","modified_gmt":"2023-09-07T16:36:21","slug":"benefits-of-off-grid-solar-pv","status":"publish","type":"page","link":"https:\/\/ecowas.rogeap.org\/en\/benefits-of-off-grid-solar-pv\/","title":{"rendered":"Benefits of off-grid solar PV"},"content":{"rendered":"\t\t<div data-elementor-type=\"wp-post\" data-elementor-id=\"6865\" class=\"elementor elementor-6865\">\n\t\t\t\t\t\t<section class=\"elementor-section elementor-top-section elementor-element elementor-element-e6257a5 elementor-section-boxed elementor-section-height-default elementor-section-height-default\" data-id=\"e6257a5\" data-element_type=\"section\" data-e-type=\"section\">\n\t\t\t\t\t\t<div class=\"elementor-container elementor-column-gap-default\">\n\t\t\t\t\t<div class=\"elementor-column elementor-col-100 elementor-top-column elementor-element elementor-element-78827f5 column-style-top column-top\" data-id=\"78827f5\" data-element_type=\"column\" data-e-type=\"column\">\n\t\t\t<div class=\"elementor-widget-wrap elementor-element-populated\">\n\t\t\t\t\t\t<div class=\"elementor-element elementor-element-1889230 elementor-widget elementor-widget-text-editor\" data-id=\"1889230\" data-element_type=\"widget\" data-e-type=\"widget\" data-widget_type=\"text-editor.default\">\n\t\t\t\t<div class=\"elementor-widget-container\">\n\t\t\t\t\t\t\t\t\t<p>Off-grid solar photovoltaic (PV) has many advantages, especially for remote or isolated locations where access to conventional electricity is difficult or expensive. Advantages&nbsp; include:<\/p>\n<\/p>\n<ul>\n<li><b>Energy dependence<\/b>: Off-grid solar PV systems allow users to become energy self-sufficient by producing their own electricity from the sun;<\/li>\n<li><b>Zero electricity <\/b>bills: By using solar energy to power energy needs, homeowners can totally or significantly eliminate their electricity bills. Once the system is installed, the electricity produced is free, unlike conventional energy sources that usually involve ongoing costs.<\/li>\n<li><b>Respect for<\/b> the environment: Solar energy is a renewable and clean energy source that does not emit greenhouse gases, does not deplete natural resources and does not have a negative impact on the environment. Opting for solar energy therefore contributes to the fight against climate change and the preservation of the planet,<\/li>\n<li><b>Reliability:<\/b> Solar PV systems are generally very reliable and require little maintenance. Solar panels have a long lifespan and often come with performance guarantees.<\/li>\n<li><b>Mobility: <\/b>Off-grid solar installations can be adapted to be portable or mobile, which is convenient for users who need to travel frequently or for applications such as motorhomes, boats or remote equipment.<\/li>\n<li>Resilience: In areas where power outages are frequent or in the event of a natural disaster, off-grid solar systems can provide a reliable and uninterrupted source of energy, contributing to community <b>resilience<\/b>.<\/li>\n<li><b>Reduced energy loss:<\/b> Off-grid solar systems are typically built close to places of consumption, which reduces energy losses associated with transporting electricity over long distances.<\/li>\n<li><b>Social impact:<\/b> In some developing regions, off-grid solar systems can improve quality of life by providing electricity for lighting, electronics, and tools, which can boost economic development and access to education.<\/li>\n<\/ul>\n\t\t\t\t\t\t\t\t<\/div>\n\t\t\t\t<\/div>\n\t\t\t\t<div class=\"elementor-element elementor-element-28818e7 elementor-widget elementor-widget-shortcode\" data-id=\"28818e7\" data-element_type=\"widget\" data-e-type=\"widget\" data-widget_type=\"shortcode.default\">\n\t\t\t\t<div class=\"elementor-widget-container\">\n\t\t\t\t\t\t\t<div class=\"elementor-shortcode\">\n          <div class='ays-chart-container ays-chart-container-2' id='ays-chart-container69de94a55c96a' data-id='69de94a55c96a'><div class='ays-chart-header-container'><p class='ays-chart-charts-description ays-chart-charts-description69de94a55c96a'><\/p><\/div><div class='ays-chart-charts-main-container ays-chart-charts-main-container69de94a55c96a' id=ays-chart-column_chart69de94a55c96a><\/div><\/div><style>#ays-chart-container69de94a55c96a div.ays-chart-charts-main-container69de94a55c96a {\t\t\t\t\t\t\twidth: 100%;\t\t\t\t\t\t\theight: 400px;\t\t\t\t\t\t}#ays-chart-container69de94a55c96a div.ays-chart-header-container>p.ays-chart-charts-title69de94a55c96a {\t\t\t\t\t\t\tcolor: #000000 !important;\t\t\t\t\t\t\tfont-size: 30px !important;\t\t\t\t\t\t\ttext-align: left;\t\t\t\t\t\t}#ays-chart-container69de94a55c96a div.ays-chart-header-container>p.ays-chart-charts-description69de94a55c96a {\t\t\t\t\t\t\tcolor: #4c4c4c !important;\t\t\t\t\t\t\tfont-size: 16px !important; \t\t\t\t\t\t}<\/style><script type=\"text\/javascript\">                if(typeof aysChartOptions === 'undefined'){                    var aysChartOptions = [];                }                aysChartOptions['69de94a55c96a']  = 'eyJjaGFydF9kYXRhX2J5X3R5cGVzIjpbXSwiY2hhcnRfdHlwZSI6ImNvbHVtbl9jaGFydCIsInNvdXJjZSI6W1siUGF5cyIsIktpdHMiXSxbIkJlbmluIiwiODEiXSxbIkJ1cmtpbmEgRmFzbyIsIjYyIl0sWyJDYXAgVmVydCIsIjc1Il0sWyJDXHUwMGY0dGUgZCdJdm9pcmUiLCI2MiJdLFsiR2FtYmllIiwiNTciXSxbIkdoYW5hIiwiNjMiXSxbIkd1aW5cdTAwZTllIiwiMjEiXSxbIkd1aW5cdTAwZTllLUJpc3NhdSIsIjM2Il0sWyJNYWxpIiwiNDQiXSxbIkxpYmVyaWEiLCIyNiJdLFsiTmlnZXIiLCIzMCJdLFsiTmlnZXJpYSIsIjk2Il0sWyJTXHUwMGU5blx1MDBlOWdhbCIsIjUwIl0sWyJTaWVycmEgTGVvbmUiLCI0MyJdLFsiVG9nbyIsIjQ1Il0sWyJDYW1lcm91biIsIjM2Il0sWyJSZXB1YmxpcXVlIENlbnRyYWZpY2FpbmUiLCI1NiJdLFsiVGNoYWQiLCI1MCJdLFsiTWF1cml0YW5pZSIsIjEwMCJdXSwib3B0aW9ucyI6eyJzaG93X3RpdGxlIjoib2ZmIiwic2hvd19kZXNjcmlwdGlvbiI6Im9mZiIsImVuYWJsZV9pbnRlcmFjdGl2aXR5Ijoib24iLCJ3aWR0aCI6IjEwMCIsImhlaWdodCI6IjQwMCIsImZvbnRfc2l6ZSI6IjEwIiwidGl0bGVfY29sb3IiOiIjMDAwMDAwIiwidGl0bGVfZm9udF9zaXplIjoiMzAiLCJ0aXRsZV9wb3NpdGlvbiI6ImxlZnQiLCJkZXNjcmlwdGlvbl9jb2xvciI6IiM0YzRjNGMiLCJkZXNjcmlwdGlvbl9mb250X3NpemUiOiIxNiIsInRvb2x0aXBfdHJpZ2dlciI6ImhvdmVyIiwidG9vbHRpcF90ZXh0X2NvbG9yIjoiIzAwMDAwMCIsImxlZ2VuZF9wb3NpdGlvbiI6ImluIiwibGVnZW5kX2FsaWdubWVudCI6InN0YXJ0IiwibGVnZW5kX2NvbG9yIjoiIzAwMDAwMCIsImhheGlzX3RpdGxlIjoiIiwiaGF4aXNfbGFiZWxfZm9udF9zaXplIjoiOCIsImhheGlzX3RleHRfcG9zaXRpb24iOiJpbiIsImhheGlzX3RleHRfY29sb3IiOiIjMDAwMDAwIiwiaGF4aXNfc2xhbnRlZCI6ImF1dG9tYXRpYyIsImhheGlzX3NsYW50ZWRfdGV4dF9hbmdsZSI6IjMwIiwidmF4aXNfdGl0bGUiOiIiLCJ2YXhpc19sYWJlbF9mb250X3NpemUiOiIxNSIsInZheGlzX3RleHRfcG9zaXRpb24iOiJvdXQiLCJ2YXhpc190ZXh0X2NvbG9yIjoiIzAwMDAwMCIsInZheGlzX2Zvcm1hdCI6IiIsInZheGlzX21heF92YWx1ZSI6IiIsInZheGlzX21pbl92YWx1ZSI6IiIsImFuaW1hdGlvbl9kdXJhdGlvbiI6IjEwMDAiLCJhbmltYXRpb25fc3RhcnR1cCI6Im9uIiwiYW5pbWF0aW9uX2Vhc2luZyI6ImxpbmVhciIsInJvdGF0aW9uX2RlZ3JlZSI6IjAiLCJzbGljZV9ib3JkZXJfY29sb3IiOiIjZmZmZmZmIiwic2xpY2VfdGV4dCI6InBlcmNlbnRhZ2UiLCJ0b29sdGlwX3RleHQiOiJib3RoIiwiZGF0YV9ncm91cGluZ19saW1pdCI6IjAuNSIsImRhdGFfZ3JvdXBpbmdfbGFiZWwiOiJPdGhlciIsImRhdGFfZ3JvdXBpbmdfY29sb3IiOiIjMDAwMDAwIiwiZm9jdXNfdGFyZ2V0IjoiZGF0dW0iLCJvcGFjaXR5IjoiMS4wIiwiZ3JvdXBfd2lkdGgiOiI2MS44IiwiZ3JvdXBfd2lkdGhfZm9ybWF0IjoiJSIsImxpbmVfd2lkdGgiOiIyIiwibXVsdGlwbGVfZGF0YV9mb3JtYXQiOiJhdXRvIiwicG9pbnRfc2hhcGUiOiJjaXJjbGUiLCJwb2ludF9zaXplIjoiMCIsImxpbmVfY3VydmVfdHlwZSI6IlN0cmFpZ2h0Iiwic2VyaWVzX2NvbG9yIjpbIiMzNjhiMDkiXSwic2VyaWVzX3Zpc2libGVfaW5fbGVnZW5kIjpbIm9uIl0sInNob3dfY29sb3JfY29kZSI6Im9mZiIsInJldmVyc2VfY2F0ZWdvcmllcyI6Im9mZiIsImlzX3N0YWNrZWQiOiJvZmYiLCJtdWx0aXBsZV9zZWxlY3Rpb24iOiJvZmYiLCJtYXhpbWl6ZWRfdmlldyI6Im9mZiIsImhheGlzX2RpcmVjdGlvbiI6IjEiLCJ2YXhpc19kaXJlY3Rpb24iOiIxIiwiZW5hYmxlX2FuaW1hdGlvbiI6Im9uIiwib3JpZW50YXRpb24iOiJvZmYiLCJ3aWR0aF9mb3JtYXQiOiIlIiwicmVzcG9uc2l2ZV93aWR0aCI6Im9mZiIsImhlaWdodF9mb3JtYXQiOiJweCIsImJhY2tncm91bmRfY29sb3IiOiIjZmZmZmZmIiwiYm9yZGVyX3dpZHRoIjoiMCIsImJvcmRlcl9jb2xvciI6IiM2NjY2NjYiLCJjaGFydF9iYWNrZ3JvdW5kX2NvbG9yIjoiI2ZmZmZmZiIsImNoYXJ0X2JvcmRlcl93aWR0aCI6IjAiLCJjaGFydF9ib3JkZXJfY29sb3IiOiIjNjY2NjY2IiwiY2hhcnRfbGVmdF9tYXJnaW4iOiIiLCJjaGFydF9yaWdodF9tYXJnaW4iOiIiLCJjaGFydF90b3BfbWFyZ2luIjoiIiwiY2hhcnRfYm90dG9tX21hcmdpbiI6IiIsInRpdGxlX2dhcCI6IjUiLCJ2YXhpc19ncmlkbGluZXNfY291bnQiOiItMSIsInNsaWNlX2NvbG9yc19kZWZhdWx0IjpbIiMzMzY2Y2MiLCIjZGMzOTEyIiwiI2ZmOTkwMCIsIiMxMDk2MTgiLCIjOTkwMDk5IiwiIzAwOTljNiIsIiNkZDQ0NzciLCIjNjZhYTAwIiwiI2I4MmUyZSIsIiMzMTYzOTUiLCIjOTk0NDk5IiwiIzIyYWE5OSIsIiNhYWFhMTEiLCIjNjYzM2NjIiwiI2U2NzMwMCIsIiM4YjA3MDciLCIjNjUxMDY3IiwiIzMyOTI2MiIsIiM1NTc0YTYiLCIjM2IzZWFjIiwiI2I3NzMyMiIsIiMxNmQ2MjAiLCIjYjkxMzgzIiwiI2Y0MzU5ZSIsIiM5YzU5MzUiLCIjYTljNDEzIiwiIzJhNzc4ZCIsIiM2NjhkMWMiLCIjYmVhNDEzIiwiIzBjNTkyMiIsIiM3NDM0MTEiXSwic2xpY2VfY29sb3IiOlsiIzMzNjZjYyIsIiNkYzM5MTIiLCIjZmY5OTAwIiwiIzEwOTYxOCIsIiM5OTAwOTkiLCIjMDA5OWM2IiwiI2RkNDQ3NyIsIiM2NmFhMDAiLCIjYjgyZTJlIiwiIzMxNjM5NSIsIiM5OTQ0OTkiLCIjMjJhYTk5IiwiI2FhYWExMSIsIiM2NjMzY2MiLCIjZTY3MzAwIiwiIzhiMDcwNyIsIiM2NTEwNjciLCIjMzI5MjYyIiwiIzU1NzRhNiIsIiMzYjNlYWMiLCIjYjc3MzIyIiwiIzE2ZDYyMCIsIiNiOTEzODMiLCIjZjQzNTllIiwiIzljNTkzNSIsIiNhOWM0MTMiLCIjMmE3NzhkIiwiIzY2OGQxYyIsIiNiZWE0MTMiLCIjMGM1OTIyIiwiIzc0MzQxMSJdLCJzbGljZV9vZmZzZXQiOlswLDAsMCwwLDAsMCwwLDAsMCwwLDAsMCwwLDAsMCwwLDAsMCwwXSwic2xpY2VfdGV4dF9jb2xvciI6WyIjZmZmZmZmIiwiI2ZmZmZmZiIsIiNmZmZmZmYiLCIjZmZmZmZmIiwiI2ZmZmZmZiIsIiNmZmZmZmYiLCIjZmZmZmZmIiwiI2ZmZmZmZiIsIiNmZmZmZmYiLCIjZmZmZmZmIiwiI2ZmZmZmZiIsIiNmZmZmZmYiLCIjZmZmZmZmIiwiI2ZmZmZmZiIsIiNmZmZmZmYiLCIjZmZmZmZmIiwiI2ZmZmZmZiIsIiNmZmZmZmYiLCIjZmZmZmZmIl0sInNlcmllc19jb2xvcnNfZGVmYXVsdCI6WyIjMzM2NmNjIiwiI2RjMzkxMiIsIiNmZjk5MDAiLCIjMTA5NjE4IiwiIzk5MDA5OSIsIiMwMDk5YzYiLCIjZGQ0NDc3IiwiIzY2YWEwMCIsIiNiODJlMmUiLCIjMzE2Mzk1IiwiIzk5NDQ5OSIsIiMyMmFhOTkiLCIjYWFhYTExIiwiIzY2MzNjYyIsIiNlNjczMDAiLCIjOGIwNzA3IiwiIzY1MTA2NyIsIiMzMjkyNjIiLCIjNTU3NGE2IiwiIzNiM2VhYyIsIiNiNzczMjIiLCIjMTZkNjIwIiwiI2I5MTM4MyIsIiNmNDM1OWUiLCIjOWM1OTM1IiwiI2E5YzQxMyIsIiMyYTc3OGQiLCIjNjY4ZDFjIiwiI2JlYTQxMyIsIiMwYzU5MjIiLCIjNzQzNDExIl0sImNvbWJvX3R5cGVzIjp7ImxpbmUiOiJMaW5lIiwiYmFycyI6IkJhciIsImFyZWEiOiJBcmVhIiwic3RlcHBlZEFyZWEiOiJTdGVwcGVkIEFyZWEifSwiY29tYm9fdHlwZSI6WyJsaW5lIl19fQ==';<\/script>\n        <\/div>\n\t\t\t\t\t\t<\/div>\n\t\t\t\t<\/div>\n\t\t\t\t\t<\/div>\n\t\t<\/div>\n\t\t\t\t\t<\/div>\n\t\t<\/section>\n\t\t\t\t<\/div>\n\t\t","protected":false},"excerpt":{"rendered":"<p>Off-grid solar photovoltaic (PV) has many advantages, especially for remote or isolated locations where access to conventional electricity is difficult or expensive. Advantages&nbsp; include: Energy dependence: Off-grid solar PV systems allow users to become energy self-sufficient by producing their own electricity from the sun; Zero electricity bills: By using solar energy to power energy needs, [&hellip;]<\/p>\n","protected":false},"author":2,"featured_media":0,"parent":0,"menu_order":0,"comment_status":"closed","ping_status":"closed","template":"","meta":{"om_disable_all_campaigns":false,"_monsterinsights_skip_tracking":false,"_monsterinsights_sitenote_active":false,"_monsterinsights_sitenote_note":"","_monsterinsights_sitenote_category":0,"_uf_show_specific_survey":0,"_uf_disable_surveys":false,"footnotes":""},"class_list":["post-6865","page","type-page","status-publish","hentry"],"yoast_head":"<!-- This site is optimized with the Yoast SEO plugin v27.4 - https:\/\/yoast.com\/product\/yoast-seo-wordpress\/ -->\n<title>Benefits of off-grid solar PV - ROGEAP<\/title>\n<meta name=\"robots\" content=\"index, follow, max-snippet:-1, max-image-preview:large, max-video-preview:-1\" \/>\n<link rel=\"canonical\" href=\"https:\/\/ecowas.rogeap.org\/en\/benefits-of-off-grid-solar-pv\/\" \/>\n<meta property=\"og:locale\" content=\"en_US\" \/>\n<meta property=\"og:type\" content=\"article\" \/>\n<meta property=\"og:title\" content=\"Benefits of off-grid solar PV - ROGEAP\" \/>\n<meta property=\"og:description\" content=\"Off-grid solar photovoltaic (PV) has many advantages, especially for remote or isolated locations where access to conventional electricity is difficult or expensive. Advantages&nbsp; include: Energy dependence: Off-grid solar PV systems allow users to become energy self-sufficient by producing their own electricity from the sun; Zero electricity bills: By using solar energy to power energy needs, [&hellip;]\" \/>\n<meta property=\"og:url\" content=\"https:\/\/ecowas.rogeap.org\/en\/benefits-of-off-grid-solar-pv\/\" \/>\n<meta property=\"og:site_name\" content=\"ROGEAP\" \/>\n<meta property=\"article:publisher\" content=\"https:\/\/www.facebook.com\/EcowasRogeap\" \/>\n<meta property=\"article:modified_time\" content=\"2023-09-07T16:36:21+00:00\" \/>\n<meta name=\"twitter:card\" content=\"summary_large_image\" \/>\n<meta name=\"twitter:site\" content=\"@ERogeap\" \/>\n<meta name=\"twitter:label1\" content=\"Est. reading time\" \/>\n\t<meta name=\"twitter:data1\" content=\"1 minute\" \/>\n<script type=\"application\/ld+json\" class=\"yoast-schema-graph\">{\"@context\":\"https:\\\/\\\/schema.org\",\"@graph\":[{\"@type\":\"WebPage\",\"@id\":\"https:\\\/\\\/ecowas.rogeap.org\\\/en\\\/benefits-of-off-grid-solar-pv\\\/\",\"url\":\"https:\\\/\\\/ecowas.rogeap.org\\\/en\\\/benefits-of-off-grid-solar-pv\\\/\",\"name\":\"Benefits of off-grid solar PV - ROGEAP\",\"isPartOf\":{\"@id\":\"https:\\\/\\\/ecowas.rogeap.org\\\/en\\\/#website\"},\"datePublished\":\"2023-07-09T11:31:11+00:00\",\"dateModified\":\"2023-09-07T16:36:21+00:00\",\"breadcrumb\":{\"@id\":\"https:\\\/\\\/ecowas.rogeap.org\\\/en\\\/benefits-of-off-grid-solar-pv\\\/#breadcrumb\"},\"inLanguage\":\"en-US\",\"potentialAction\":[{\"@type\":\"ReadAction\",\"target\":[\"https:\\\/\\\/ecowas.rogeap.org\\\/en\\\/benefits-of-off-grid-solar-pv\\\/\"]}]},{\"@type\":\"BreadcrumbList\",\"@id\":\"https:\\\/\\\/ecowas.rogeap.org\\\/en\\\/benefits-of-off-grid-solar-pv\\\/#breadcrumb\",\"itemListElement\":[{\"@type\":\"ListItem\",\"position\":1,\"name\":\"Accueil\",\"item\":\"https:\\\/\\\/ecowas.rogeap.org\\\/en\\\/accueil\\\/\"},{\"@type\":\"ListItem\",\"position\":2,\"name\":\"Benefits of off-grid solar PV\"}]},{\"@type\":\"WebSite\",\"@id\":\"https:\\\/\\\/ecowas.rogeap.org\\\/en\\\/#website\",\"url\":\"https:\\\/\\\/ecowas.rogeap.org\\\/en\\\/\",\"name\":\"ROGEAP\",\"description\":\"Projet R\u00e9gional d\u2019Acc\u00e8s \u00e0 l\u2019Electricit\u00e9 Hors R\u00e9seau\",\"publisher\":{\"@id\":\"https:\\\/\\\/ecowas.rogeap.org\\\/en\\\/#organization\"},\"potentialAction\":[{\"@type\":\"SearchAction\",\"target\":{\"@type\":\"EntryPoint\",\"urlTemplate\":\"https:\\\/\\\/ecowas.rogeap.org\\\/en\\\/?s={search_term_string}\"},\"query-input\":{\"@type\":\"PropertyValueSpecification\",\"valueRequired\":true,\"valueName\":\"search_term_string\"}}],\"inLanguage\":\"en-US\"},{\"@type\":\"Organization\",\"@id\":\"https:\\\/\\\/ecowas.rogeap.org\\\/en\\\/#organization\",\"name\":\"Projet d\u2019acc\u00e8s \u00e0 l\u2019\u00e9lectricit\u00e9 hors r\u00e9seau\",\"url\":\"https:\\\/\\\/ecowas.rogeap.org\\\/en\\\/\",\"logo\":{\"@type\":\"ImageObject\",\"inLanguage\":\"en-US\",\"@id\":\"https:\\\/\\\/ecowas.rogeap.org\\\/en\\\/#\\\/schema\\\/logo\\\/image\\\/\",\"url\":\"https:\\\/\\\/ecowas.rogeap.org\\\/wp-content\\\/uploads\\\/2023\\\/08\\\/2.png\",\"contentUrl\":\"https:\\\/\\\/ecowas.rogeap.org\\\/wp-content\\\/uploads\\\/2023\\\/08\\\/2.png\",\"width\":1359,\"height\":743,\"caption\":\"Projet d\u2019acc\u00e8s \u00e0 l\u2019\u00e9lectricit\u00e9 hors r\u00e9seau\"},\"image\":{\"@id\":\"https:\\\/\\\/ecowas.rogeap.org\\\/en\\\/#\\\/schema\\\/logo\\\/image\\\/\"},\"sameAs\":[\"https:\\\/\\\/www.facebook.com\\\/EcowasRogeap\",\"https:\\\/\\\/x.com\\\/ERogeap\",\"https:\\\/\\\/www.linkedin.com\\\/company\\\/ecowas-rogeap-regional-off-grid-electricity-access-project\"]}]}<\/script>\n<!-- \/ Yoast SEO plugin. -->","yoast_head_json":{"title":"Benefits of off-grid solar PV - ROGEAP","robots":{"index":"index","follow":"follow","max-snippet":"max-snippet:-1","max-image-preview":"max-image-preview:large","max-video-preview":"max-video-preview:-1"},"canonical":"https:\/\/ecowas.rogeap.org\/en\/benefits-of-off-grid-solar-pv\/","og_locale":"en_US","og_type":"article","og_title":"Benefits of off-grid solar PV - ROGEAP","og_description":"Off-grid solar photovoltaic (PV) has many advantages, especially for remote or isolated locations where access to conventional electricity is difficult or expensive. Advantages&nbsp; include: Energy dependence: Off-grid solar PV systems allow users to become energy self-sufficient by producing their own electricity from the sun; Zero electricity bills: By using solar energy to power energy needs, [&hellip;]","og_url":"https:\/\/ecowas.rogeap.org\/en\/benefits-of-off-grid-solar-pv\/","og_site_name":"ROGEAP","article_publisher":"https:\/\/www.facebook.com\/EcowasRogeap","article_modified_time":"2023-09-07T16:36:21+00:00","twitter_card":"summary_large_image","twitter_site":"@ERogeap","twitter_misc":{"Est. reading time":"1 minute"},"schema":{"@context":"https:\/\/schema.org","@graph":[{"@type":"WebPage","@id":"https:\/\/ecowas.rogeap.org\/en\/benefits-of-off-grid-solar-pv\/","url":"https:\/\/ecowas.rogeap.org\/en\/benefits-of-off-grid-solar-pv\/","name":"Benefits of off-grid solar PV - ROGEAP","isPartOf":{"@id":"https:\/\/ecowas.rogeap.org\/en\/#website"},"datePublished":"2023-07-09T11:31:11+00:00","dateModified":"2023-09-07T16:36:21+00:00","breadcrumb":{"@id":"https:\/\/ecowas.rogeap.org\/en\/benefits-of-off-grid-solar-pv\/#breadcrumb"},"inLanguage":"en-US","potentialAction":[{"@type":"ReadAction","target":["https:\/\/ecowas.rogeap.org\/en\/benefits-of-off-grid-solar-pv\/"]}]},{"@type":"BreadcrumbList","@id":"https:\/\/ecowas.rogeap.org\/en\/benefits-of-off-grid-solar-pv\/#breadcrumb","itemListElement":[{"@type":"ListItem","position":1,"name":"Accueil","item":"https:\/\/ecowas.rogeap.org\/en\/accueil\/"},{"@type":"ListItem","position":2,"name":"Benefits of off-grid solar PV"}]},{"@type":"WebSite","@id":"https:\/\/ecowas.rogeap.org\/en\/#website","url":"https:\/\/ecowas.rogeap.org\/en\/","name":"ROGEAP","description":"Projet R\u00e9gional d\u2019Acc\u00e8s \u00e0 l\u2019Electricit\u00e9 Hors R\u00e9seau","publisher":{"@id":"https:\/\/ecowas.rogeap.org\/en\/#organization"},"potentialAction":[{"@type":"SearchAction","target":{"@type":"EntryPoint","urlTemplate":"https:\/\/ecowas.rogeap.org\/en\/?s={search_term_string}"},"query-input":{"@type":"PropertyValueSpecification","valueRequired":true,"valueName":"search_term_string"}}],"inLanguage":"en-US"},{"@type":"Organization","@id":"https:\/\/ecowas.rogeap.org\/en\/#organization","name":"Projet d\u2019acc\u00e8s \u00e0 l\u2019\u00e9lectricit\u00e9 hors r\u00e9seau","url":"https:\/\/ecowas.rogeap.org\/en\/","logo":{"@type":"ImageObject","inLanguage":"en-US","@id":"https:\/\/ecowas.rogeap.org\/en\/#\/schema\/logo\/image\/","url":"https:\/\/ecowas.rogeap.org\/wp-content\/uploads\/2023\/08\/2.png","contentUrl":"https:\/\/ecowas.rogeap.org\/wp-content\/uploads\/2023\/08\/2.png","width":1359,"height":743,"caption":"Projet d\u2019acc\u00e8s \u00e0 l\u2019\u00e9lectricit\u00e9 hors r\u00e9seau"},"image":{"@id":"https:\/\/ecowas.rogeap.org\/en\/#\/schema\/logo\/image\/"},"sameAs":["https:\/\/www.facebook.com\/EcowasRogeap","https:\/\/x.com\/ERogeap","https:\/\/www.linkedin.com\/company\/ecowas-rogeap-regional-off-grid-electricity-access-project"]}]}},"_links":{"self":[{"href":"https:\/\/ecowas.rogeap.org\/en\/wp-json\/wp\/v2\/pages\/6865","targetHints":{"allow":["GET"]}}],"collection":[{"href":"https:\/\/ecowas.rogeap.org\/en\/wp-json\/wp\/v2\/pages"}],"about":[{"href":"https:\/\/ecowas.rogeap.org\/en\/wp-json\/wp\/v2\/types\/page"}],"author":[{"embeddable":true,"href":"https:\/\/ecowas.rogeap.org\/en\/wp-json\/wp\/v2\/users\/2"}],"replies":[{"embeddable":true,"href":"https:\/\/ecowas.rogeap.org\/en\/wp-json\/wp\/v2\/comments?post=6865"}],"version-history":[{"count":2,"href":"https:\/\/ecowas.rogeap.org\/en\/wp-json\/wp\/v2\/pages\/6865\/revisions"}],"predecessor-version":[{"id":6871,"href":"https:\/\/ecowas.rogeap.org\/en\/wp-json\/wp\/v2\/pages\/6865\/revisions\/6871"}],"wp:attachment":[{"href":"https:\/\/ecowas.rogeap.org\/en\/wp-json\/wp\/v2\/media?parent=6865"}],"curies":[{"name":"wp","href":"https:\/\/api.w.org\/{rel}","templated":true}]}}