{"id":7582,"date":"2023-10-04T00:50:50","date_gmt":"2023-10-04T00:50:50","guid":{"rendered":"https:\/\/ecowas.rogeap.org\/area-of-intervention\/promotion-of-off-grid-to-productive-users\/"},"modified":"2023-10-04T01:25:05","modified_gmt":"2023-10-04T01:25:05","slug":"promotion-of-off-grid-to-productive-users","status":"publish","type":"page","link":"https:\/\/ecowas.rogeap.org\/en\/area-of-intervention\/promotion-of-off-grid-to-productive-users\/","title":{"rendered":"Promotion of Off-Grid to productive users"},"content":{"rendered":"\t\t<div data-elementor-type=\"wp-post\" data-elementor-id=\"7582\" class=\"elementor elementor-7582 elementor-5474\">\n\t\t\t\t\t\t<section class=\"elementor-section elementor-top-section elementor-element elementor-element-da6d12c elementor-section-boxed elementor-section-height-default elementor-section-height-default\" data-id=\"da6d12c\" data-element_type=\"section\" data-e-type=\"section\">\n\t\t\t\t\t\t<div class=\"elementor-container elementor-column-gap-default\">\n\t\t\t\t\t<div class=\"elementor-column elementor-col-100 elementor-top-column elementor-element elementor-element-f8c9035 column-style-top column-top\" data-id=\"f8c9035\" data-element_type=\"column\" data-e-type=\"column\">\n\t\t\t<div class=\"elementor-widget-wrap elementor-element-populated\">\n\t\t\t\t\t\t<section class=\"elementor-section elementor-inner-section elementor-element elementor-element-6104de5 elementor-section-boxed elementor-section-height-default elementor-section-height-default\" data-id=\"6104de5\" data-element_type=\"section\" data-e-type=\"section\">\n\t\t\t\t\t\t<div class=\"elementor-container elementor-column-gap-default\">\n\t\t\t\t\t<div class=\"elementor-column elementor-col-50 elementor-inner-column elementor-element elementor-element-c1f06bc column-style-top column-top\" data-id=\"c1f06bc\" data-element_type=\"column\" data-e-type=\"column\">\n\t\t\t<div class=\"elementor-widget-wrap elementor-element-populated\">\n\t\t\t\t\t\t<div class=\"elementor-element elementor-element-e7d22b5 elementor-widget elementor-widget-image\" data-id=\"e7d22b5\" data-element_type=\"widget\" data-e-type=\"widget\" data-widget_type=\"image.default\">\n\t\t\t\t<div class=\"elementor-widget-container\">\n\t\t\t\t\t\t\t\t\t\t\t\t\t\t\t<img fetchpriority=\"high\" decoding=\"async\" width=\"427\" height=\"550\" src=\"https:\/\/ecowas.rogeap.org\/wp-content\/uploads\/2023\/08\/chateau-plaques-solaires-427x550.png\" class=\"attachment-post-thumbnail size-post-thumbnail wp-image-6156\" alt=\"\u00e9lectricit\u00e9 hors r\u00e9seau - rogeap - chateau\" \/>\t\t\t\t\t\t\t\t\t\t\t\t\t\t\t<\/div>\n\t\t\t\t<\/div>\n\t\t\t\t\t<\/div>\n\t\t<\/div>\n\t\t\t\t<div class=\"elementor-column elementor-col-50 elementor-inner-column elementor-element elementor-element-b38948c column-style-top column-top\" data-id=\"b38948c\" data-element_type=\"column\" data-e-type=\"column\">\n\t\t\t<div class=\"elementor-widget-wrap elementor-element-populated\">\n\t\t\t\t\t\t<div class=\"elementor-element elementor-element-4096e3f elementor-widget elementor-widget-text-editor\" data-id=\"4096e3f\" data-element_type=\"widget\" data-e-type=\"widget\" data-widget_type=\"text-editor.default\">\n\t\t\t\t<div class=\"elementor-widget-container\">\n\t\t\t\t\t\t\t\t\t<p style=\"color: #000000; font-family: 'Source Sans Pro', sans-serif; font-size: 24px;\">Thanks to continuous innovation in the off-grid sector, a multitude of solar-powered productive use devices (Solar Power Productive Use, or &#8220;PULSE&#8221;) are being developed, which can provide livelihoods and income-enhancing opportunities for households. in the agricultural, industrial, commercial and public sectors.<\/p>\n<p style=\"color: #000000; font-family: 'Source Sans Pro', sans-serif; font-size: 24px;\">PULSE has immense potential in the agricultural sector.<\/p>\n<p style=\"color: #000000; font-family: 'Source Sans Pro', sans-serif; font-size: 24px;\">\n\t\t\t\t\t\t\t\t<\/div>\n\t\t\t\t<\/div>\n\t\t\t\t\t<\/div>\n\t\t<\/div>\n\t\t\t\t\t<\/div>\n\t\t<\/section>\n\t\t\t\t<div class=\"elementor-element elementor-element-7ccdad3 elementor-widget elementor-widget-text-editor\" data-id=\"7ccdad3\" data-element_type=\"widget\" data-e-type=\"widget\" data-widget_type=\"text-editor.default\">\n\t\t\t\t<div class=\"elementor-widget-container\">\n\t\t\t\t\t\t\t\t\t<p> The use of agricultural machinery can increase efficiency five-fold or more. UNEP estimates that every 10 per cent increase in agricultural yield has led to a 7 per cent reduction in poverty in Africa. PULSE devices can also help cushion shocks resulting from climate change and market price fluctuations.<\/p>\n<p>\n            <strong>PULSE Funding<\/strong>\n          <\/p>\n<p>Affordability has been a critical bottleneck \u2013 and a driver of innovation \u2013 in the off-grid sector since its inception. The rural population tends to be among the poorest. In the absence of funding, this means that even the initial cost of a solar lantern remains unaffordable for many, let alone something as transformative \u2013 and relatively expensive \u2013 as a solar water pump.<\/p>\n<p>Enabling access to financing and increasing affordability will be key to ensuring PULSE devices reach those who need them most. Since launching its first pilot project in Kenya in 2009, creating funding pathways has been a key pillar of our work to create sustainable markets for solar lighting and off-grid energy products. Since then, various financing programs have been developed to enable access to an ever-expanding range of products, including those driven by distributors, such as pay-as-you-go financing (PAYG) for solar home systems (SHS).<\/p>\n<p>Today, nearly 59 million people around the world meet their basic electricity needs with quality-verified off-grid solar sources. Without dedicated efforts to create a market, it is extremely unlikely that so many people would have been able to access it, given the financial realities.<\/p>\n<p>\n            <strong>The future of PULSE<\/strong>\n          <\/p>\n<p>These market-building efforts can now also benefit PULSE devices, as they are well positioned to build on existing distribution and funding channels in the off-grid sector. Many off-grid farmers already use SHS for their domestic energy needs. They therefore understand and trust the benefits that this technology brings, while manufacturers can leverage existing distribution flows. Pay-as-you-go (PAYG) models are already being adapted and tested for the most expensive PULSE devices, while asset leasing, guarantored lending structures, and specialized agricultural credit facilities are beginning to expand access to financing for PULSE, even as ongoing R&amp;D efforts aim to cut costs.<\/p>\n<p>Nevertheless, in order to maximize the impact of PULSE and help governments achieve ambitious agricultural transformation initiatives and improve the livelihoods and food security of millions of people, a concerted effort will be needed to bring together the off-grid energy sector and the agricultural sector, as recommended in the document. the report.<\/p>\n<p>Off-grid energy access efforts have long strived to continually expand distribution until people living at the last inch of the last mile are reached. Ever-evolving technologies, resulting in products like PULSE, ensure that when that last mile is reached, lives can truly be transformed.<\/p>\n<p>\n            <em>Source:<a href=\"https:\/\/www.lightingglobal.org\/resource\/pulse-market-opportunity\/\"> Lighting Global, World Bank<\/a><\/em>\n          <\/p>\n\t\t\t\t\t\t\t\t<\/div>\n\t\t\t\t<\/div>\n\t\t\t\t\t<\/div>\n\t\t<\/div>\n\t\t\t\t\t<\/div>\n\t\t<\/section>\n\t\t\t\t<\/div>\n\t\t","protected":false},"excerpt":{"rendered":"<p>Thanks to continuous innovation in the off-grid sector, a multitude of solar-powered productive use devices (Solar Power Productive Use, or &#8220;PULSE&#8221;) are being developed, which can provide livelihoods and income-enhancing opportunities for households. in the agricultural, industrial, commercial and public sectors. PULSE has immense potential in the agricultural sector. The use of agricultural machinery can [&hellip;]<\/p>\n","protected":false},"author":2,"featured_media":0,"parent":6822,"menu_order":0,"comment_status":"closed","ping_status":"closed","template":"","meta":{"om_disable_all_campaigns":false,"_monsterinsights_skip_tracking":false,"_monsterinsights_sitenote_active":false,"_monsterinsights_sitenote_note":"","_monsterinsights_sitenote_category":0,"_uf_show_specific_survey":0,"_uf_disable_surveys":false,"footnotes":""},"class_list":["post-7582","page","type-page","status-publish","hentry"],"yoast_head":"<!-- This site is optimized with the Yoast SEO plugin v27.4 - https:\/\/yoast.com\/product\/yoast-seo-wordpress\/ -->\n<title>Promotion of Off-Grid to productive users - ROGEAP<\/title>\n<meta name=\"robots\" content=\"index, follow, max-snippet:-1, max-image-preview:large, max-video-preview:-1\" \/>\n<link rel=\"canonical\" href=\"https:\/\/ecowas.rogeap.org\/en\/area-of-intervention\/promotion-of-off-grid-to-productive-users\/\" \/>\n<meta property=\"og:locale\" content=\"en_US\" \/>\n<meta property=\"og:type\" content=\"article\" \/>\n<meta property=\"og:title\" content=\"Promotion of Off-Grid to productive users - ROGEAP\" \/>\n<meta property=\"og:description\" content=\"Thanks to continuous innovation in the off-grid sector, a multitude of solar-powered productive use devices (Solar Power Productive Use, or &#8220;PULSE&#8221;) are being developed, which can provide livelihoods and income-enhancing opportunities for households. in the agricultural, industrial, commercial and public sectors. PULSE has immense potential in the agricultural sector. The use of agricultural machinery can [&hellip;]\" \/>\n<meta property=\"og:url\" content=\"https:\/\/ecowas.rogeap.org\/en\/area-of-intervention\/promotion-of-off-grid-to-productive-users\/\" \/>\n<meta property=\"og:site_name\" content=\"ROGEAP\" \/>\n<meta property=\"article:publisher\" content=\"https:\/\/www.facebook.com\/EcowasRogeap\" \/>\n<meta property=\"article:modified_time\" content=\"2023-10-04T01:25:05+00:00\" \/>\n<meta property=\"og:image\" content=\"https:\/\/ecowas.rogeap.org\/wp-content\/uploads\/2023\/08\/chateau-plaques-solaires-427x550.png\" \/>\n<meta name=\"twitter:card\" content=\"summary_large_image\" \/>\n<meta name=\"twitter:site\" content=\"@ERogeap\" \/>\n<meta name=\"twitter:label1\" content=\"Est. reading time\" \/>\n\t<meta name=\"twitter:data1\" content=\"2 minutes\" \/>\n<script type=\"application\/ld+json\" class=\"yoast-schema-graph\">{\"@context\":\"https:\\\/\\\/schema.org\",\"@graph\":[{\"@type\":\"WebPage\",\"@id\":\"https:\\\/\\\/ecowas.rogeap.org\\\/en\\\/area-of-intervention\\\/promotion-of-off-grid-to-productive-users\\\/\",\"url\":\"https:\\\/\\\/ecowas.rogeap.org\\\/en\\\/area-of-intervention\\\/promotion-of-off-grid-to-productive-users\\\/\",\"name\":\"Promotion of Off-Grid to productive users - ROGEAP\",\"isPartOf\":{\"@id\":\"https:\\\/\\\/ecowas.rogeap.org\\\/en\\\/#website\"},\"primaryImageOfPage\":{\"@id\":\"https:\\\/\\\/ecowas.rogeap.org\\\/en\\\/area-of-intervention\\\/promotion-of-off-grid-to-productive-users\\\/#primaryimage\"},\"image\":{\"@id\":\"https:\\\/\\\/ecowas.rogeap.org\\\/en\\\/area-of-intervention\\\/promotion-of-off-grid-to-productive-users\\\/#primaryimage\"},\"thumbnailUrl\":\"https:\\\/\\\/ecowas.rogeap.org\\\/wp-content\\\/uploads\\\/2023\\\/08\\\/chateau-plaques-solaires-427x550.png\",\"datePublished\":\"2023-10-04T00:50:50+00:00\",\"dateModified\":\"2023-10-04T01:25:05+00:00\",\"breadcrumb\":{\"@id\":\"https:\\\/\\\/ecowas.rogeap.org\\\/en\\\/area-of-intervention\\\/promotion-of-off-grid-to-productive-users\\\/#breadcrumb\"},\"inLanguage\":\"en-US\",\"potentialAction\":[{\"@type\":\"ReadAction\",\"target\":[\"https:\\\/\\\/ecowas.rogeap.org\\\/en\\\/area-of-intervention\\\/promotion-of-off-grid-to-productive-users\\\/\"]}]},{\"@type\":\"ImageObject\",\"inLanguage\":\"en-US\",\"@id\":\"https:\\\/\\\/ecowas.rogeap.org\\\/en\\\/area-of-intervention\\\/promotion-of-off-grid-to-productive-users\\\/#primaryimage\",\"url\":\"https:\\\/\\\/ecowas.rogeap.org\\\/wp-content\\\/uploads\\\/2023\\\/08\\\/chateau-plaques-solaires-427x550.png\",\"contentUrl\":\"https:\\\/\\\/ecowas.rogeap.org\\\/wp-content\\\/uploads\\\/2023\\\/08\\\/chateau-plaques-solaires-427x550.png\"},{\"@type\":\"BreadcrumbList\",\"@id\":\"https:\\\/\\\/ecowas.rogeap.org\\\/en\\\/area-of-intervention\\\/promotion-of-off-grid-to-productive-users\\\/#breadcrumb\",\"itemListElement\":[{\"@type\":\"ListItem\",\"position\":1,\"name\":\"Accueil\",\"item\":\"https:\\\/\\\/ecowas.rogeap.org\\\/en\\\/accueil\\\/\"},{\"@type\":\"ListItem\",\"position\":2,\"name\":\"Area of intervention\",\"item\":\"https:\\\/\\\/ecowas.rogeap.org\\\/en\\\/?page_id=6822\"},{\"@type\":\"ListItem\",\"position\":3,\"name\":\"Promotion of Off-Grid to productive users\"}]},{\"@type\":\"WebSite\",\"@id\":\"https:\\\/\\\/ecowas.rogeap.org\\\/en\\\/#website\",\"url\":\"https:\\\/\\\/ecowas.rogeap.org\\\/en\\\/\",\"name\":\"ROGEAP\",\"description\":\"Projet R\u00e9gional d\u2019Acc\u00e8s \u00e0 l\u2019Electricit\u00e9 Hors R\u00e9seau\",\"publisher\":{\"@id\":\"https:\\\/\\\/ecowas.rogeap.org\\\/en\\\/#organization\"},\"potentialAction\":[{\"@type\":\"SearchAction\",\"target\":{\"@type\":\"EntryPoint\",\"urlTemplate\":\"https:\\\/\\\/ecowas.rogeap.org\\\/en\\\/?s={search_term_string}\"},\"query-input\":{\"@type\":\"PropertyValueSpecification\",\"valueRequired\":true,\"valueName\":\"search_term_string\"}}],\"inLanguage\":\"en-US\"},{\"@type\":\"Organization\",\"@id\":\"https:\\\/\\\/ecowas.rogeap.org\\\/en\\\/#organization\",\"name\":\"Projet d\u2019acc\u00e8s \u00e0 l\u2019\u00e9lectricit\u00e9 hors r\u00e9seau\",\"url\":\"https:\\\/\\\/ecowas.rogeap.org\\\/en\\\/\",\"logo\":{\"@type\":\"ImageObject\",\"inLanguage\":\"en-US\",\"@id\":\"https:\\\/\\\/ecowas.rogeap.org\\\/en\\\/#\\\/schema\\\/logo\\\/image\\\/\",\"url\":\"https:\\\/\\\/ecowas.rogeap.org\\\/wp-content\\\/uploads\\\/2023\\\/08\\\/2.png\",\"contentUrl\":\"https:\\\/\\\/ecowas.rogeap.org\\\/wp-content\\\/uploads\\\/2023\\\/08\\\/2.png\",\"width\":1359,\"height\":743,\"caption\":\"Projet d\u2019acc\u00e8s \u00e0 l\u2019\u00e9lectricit\u00e9 hors r\u00e9seau\"},\"image\":{\"@id\":\"https:\\\/\\\/ecowas.rogeap.org\\\/en\\\/#\\\/schema\\\/logo\\\/image\\\/\"},\"sameAs\":[\"https:\\\/\\\/www.facebook.com\\\/EcowasRogeap\",\"https:\\\/\\\/x.com\\\/ERogeap\",\"https:\\\/\\\/www.linkedin.com\\\/company\\\/ecowas-rogeap-regional-off-grid-electricity-access-project\"]}]}<\/script>\n<!-- \/ Yoast SEO plugin. -->","yoast_head_json":{"title":"Promotion of Off-Grid to productive users - ROGEAP","robots":{"index":"index","follow":"follow","max-snippet":"max-snippet:-1","max-image-preview":"max-image-preview:large","max-video-preview":"max-video-preview:-1"},"canonical":"https:\/\/ecowas.rogeap.org\/en\/area-of-intervention\/promotion-of-off-grid-to-productive-users\/","og_locale":"en_US","og_type":"article","og_title":"Promotion of Off-Grid to productive users - ROGEAP","og_description":"Thanks to continuous innovation in the off-grid sector, a multitude of solar-powered productive use devices (Solar Power Productive Use, or &#8220;PULSE&#8221;) are being developed, which can provide livelihoods and income-enhancing opportunities for households. in the agricultural, industrial, commercial and public sectors. PULSE has immense potential in the agricultural sector. The use of agricultural machinery can [&hellip;]","og_url":"https:\/\/ecowas.rogeap.org\/en\/area-of-intervention\/promotion-of-off-grid-to-productive-users\/","og_site_name":"ROGEAP","article_publisher":"https:\/\/www.facebook.com\/EcowasRogeap","article_modified_time":"2023-10-04T01:25:05+00:00","og_image":[{"url":"https:\/\/ecowas.rogeap.org\/wp-content\/uploads\/2023\/08\/chateau-plaques-solaires-427x550.png","type":"","width":"","height":""}],"twitter_card":"summary_large_image","twitter_site":"@ERogeap","twitter_misc":{"Est. reading time":"2 minutes"},"schema":{"@context":"https:\/\/schema.org","@graph":[{"@type":"WebPage","@id":"https:\/\/ecowas.rogeap.org\/en\/area-of-intervention\/promotion-of-off-grid-to-productive-users\/","url":"https:\/\/ecowas.rogeap.org\/en\/area-of-intervention\/promotion-of-off-grid-to-productive-users\/","name":"Promotion of Off-Grid to productive users - ROGEAP","isPartOf":{"@id":"https:\/\/ecowas.rogeap.org\/en\/#website"},"primaryImageOfPage":{"@id":"https:\/\/ecowas.rogeap.org\/en\/area-of-intervention\/promotion-of-off-grid-to-productive-users\/#primaryimage"},"image":{"@id":"https:\/\/ecowas.rogeap.org\/en\/area-of-intervention\/promotion-of-off-grid-to-productive-users\/#primaryimage"},"thumbnailUrl":"https:\/\/ecowas.rogeap.org\/wp-content\/uploads\/2023\/08\/chateau-plaques-solaires-427x550.png","datePublished":"2023-10-04T00:50:50+00:00","dateModified":"2023-10-04T01:25:05+00:00","breadcrumb":{"@id":"https:\/\/ecowas.rogeap.org\/en\/area-of-intervention\/promotion-of-off-grid-to-productive-users\/#breadcrumb"},"inLanguage":"en-US","potentialAction":[{"@type":"ReadAction","target":["https:\/\/ecowas.rogeap.org\/en\/area-of-intervention\/promotion-of-off-grid-to-productive-users\/"]}]},{"@type":"ImageObject","inLanguage":"en-US","@id":"https:\/\/ecowas.rogeap.org\/en\/area-of-intervention\/promotion-of-off-grid-to-productive-users\/#primaryimage","url":"https:\/\/ecowas.rogeap.org\/wp-content\/uploads\/2023\/08\/chateau-plaques-solaires-427x550.png","contentUrl":"https:\/\/ecowas.rogeap.org\/wp-content\/uploads\/2023\/08\/chateau-plaques-solaires-427x550.png"},{"@type":"BreadcrumbList","@id":"https:\/\/ecowas.rogeap.org\/en\/area-of-intervention\/promotion-of-off-grid-to-productive-users\/#breadcrumb","itemListElement":[{"@type":"ListItem","position":1,"name":"Accueil","item":"https:\/\/ecowas.rogeap.org\/en\/accueil\/"},{"@type":"ListItem","position":2,"name":"Area of intervention","item":"https:\/\/ecowas.rogeap.org\/en\/?page_id=6822"},{"@type":"ListItem","position":3,"name":"Promotion of Off-Grid to productive users"}]},{"@type":"WebSite","@id":"https:\/\/ecowas.rogeap.org\/en\/#website","url":"https:\/\/ecowas.rogeap.org\/en\/","name":"ROGEAP","description":"Projet R\u00e9gional d\u2019Acc\u00e8s \u00e0 l\u2019Electricit\u00e9 Hors R\u00e9seau","publisher":{"@id":"https:\/\/ecowas.rogeap.org\/en\/#organization"},"potentialAction":[{"@type":"SearchAction","target":{"@type":"EntryPoint","urlTemplate":"https:\/\/ecowas.rogeap.org\/en\/?s={search_term_string}"},"query-input":{"@type":"PropertyValueSpecification","valueRequired":true,"valueName":"search_term_string"}}],"inLanguage":"en-US"},{"@type":"Organization","@id":"https:\/\/ecowas.rogeap.org\/en\/#organization","name":"Projet d\u2019acc\u00e8s \u00e0 l\u2019\u00e9lectricit\u00e9 hors r\u00e9seau","url":"https:\/\/ecowas.rogeap.org\/en\/","logo":{"@type":"ImageObject","inLanguage":"en-US","@id":"https:\/\/ecowas.rogeap.org\/en\/#\/schema\/logo\/image\/","url":"https:\/\/ecowas.rogeap.org\/wp-content\/uploads\/2023\/08\/2.png","contentUrl":"https:\/\/ecowas.rogeap.org\/wp-content\/uploads\/2023\/08\/2.png","width":1359,"height":743,"caption":"Projet d\u2019acc\u00e8s \u00e0 l\u2019\u00e9lectricit\u00e9 hors r\u00e9seau"},"image":{"@id":"https:\/\/ecowas.rogeap.org\/en\/#\/schema\/logo\/image\/"},"sameAs":["https:\/\/www.facebook.com\/EcowasRogeap","https:\/\/x.com\/ERogeap","https:\/\/www.linkedin.com\/company\/ecowas-rogeap-regional-off-grid-electricity-access-project"]}]}},"_links":{"self":[{"href":"https:\/\/ecowas.rogeap.org\/en\/wp-json\/wp\/v2\/pages\/7582","targetHints":{"allow":["GET"]}}],"collection":[{"href":"https:\/\/ecowas.rogeap.org\/en\/wp-json\/wp\/v2\/pages"}],"about":[{"href":"https:\/\/ecowas.rogeap.org\/en\/wp-json\/wp\/v2\/types\/page"}],"author":[{"embeddable":true,"href":"https:\/\/ecowas.rogeap.org\/en\/wp-json\/wp\/v2\/users\/2"}],"replies":[{"embeddable":true,"href":"https:\/\/ecowas.rogeap.org\/en\/wp-json\/wp\/v2\/comments?post=7582"}],"version-history":[{"count":1,"href":"https:\/\/ecowas.rogeap.org\/en\/wp-json\/wp\/v2\/pages\/7582\/revisions"}],"predecessor-version":[{"id":7583,"href":"https:\/\/ecowas.rogeap.org\/en\/wp-json\/wp\/v2\/pages\/7582\/revisions\/7583"}],"up":[{"embeddable":true,"href":"https:\/\/ecowas.rogeap.org\/en\/wp-json\/wp\/v2\/pages\/6822"}],"wp:attachment":[{"href":"https:\/\/ecowas.rogeap.org\/en\/wp-json\/wp\/v2\/media?parent=7582"}],"curies":[{"name":"wp","href":"https:\/\/api.w.org\/{rel}","templated":true}]}}