{"id":7596,"date":"2023-10-04T01:39:04","date_gmt":"2023-10-04T01:39:04","guid":{"rendered":"https:\/\/ecowas.rogeap.org\/about-us\/procurement\/"},"modified":"2023-10-04T02:06:51","modified_gmt":"2023-10-04T02:06:51","slug":"procurement","status":"publish","type":"page","link":"https:\/\/ecowas.rogeap.org\/en\/about-us\/procurement\/","title":{"rendered":"Procurement"},"content":{"rendered":"\t\t<div data-elementor-type=\"wp-post\" data-elementor-id=\"7596\" class=\"elementor elementor-7596 elementor-7588\">\n\t\t\t\t\t\t<section class=\"elementor-section elementor-top-section elementor-element elementor-element-396f243 elementor-section-boxed elementor-section-height-default elementor-section-height-default\" data-id=\"396f243\" data-element_type=\"section\" data-e-type=\"section\">\n\t\t\t\t\t\t<div class=\"elementor-container elementor-column-gap-default\">\n\t\t\t\t\t<div class=\"elementor-column elementor-col-66 elementor-top-column elementor-element elementor-element-44c3fd5 column-style-top column-top\" data-id=\"44c3fd5\" data-element_type=\"column\" data-e-type=\"column\">\n\t\t\t<div class=\"elementor-widget-wrap elementor-element-populated\">\n\t\t\t\t\t\t<div class=\"elementor-element elementor-element-b58210b elementor-widget elementor-widget-heading\" data-id=\"b58210b\" data-element_type=\"widget\" data-e-type=\"widget\" data-widget_type=\"heading.default\">\n\t\t\t\t<div class=\"elementor-widget-container\">\n\t\t\t\t\t<h2 class=\"elementor-heading-title elementor-size-default\">Procurement<\/h2>\t\t\t\t<\/div>\n\t\t\t\t<\/div>\n\t\t\t\t<div class=\"elementor-element elementor-element-fdca559 elementor-widget elementor-widget-gva-posts\" data-id=\"fdca559\" data-element_type=\"widget\" data-e-type=\"widget\" data-widget_type=\"gva-posts.default\">\n\t\t\t\t<div class=\"elementor-widget-container\">\n\t\t\t\t\t<div class=\"gva-element-gva-posts gva-element\">  \r\n  <div class=\"gva-posts-grid clearfix gva-posts\">\r\n      <div class=\"gva-content-items\"> \r\n        <div class=\"lg-block-grid-2 md-block-grid-2 sm-block-grid-2 xs-block-grid-1\">\r\n          \r\n<div class=\"item-columns all notice-of-expressions-of-interest-ami procurement \">\r\n   <article id=\"post-9691\" class=\"post post-9691 type-post status-publish format-standard has-post-thumbnail hentry category-notice-of-expressions-of-interest-ami category-procurement\">\r\n      <div class=\"post-thumbnail\">\r\n         <img fetchpriority=\"high\" decoding=\"async\" width=\"678\" height=\"501\" src=\"https:\/\/ecowas.rogeap.org\/wp-content\/uploads\/2026\/04\/rogeap-recrutement.png\" class=\"attachment-full size-full wp-post-image\" alt=\"Re-launch of the tender process to appoint a communications agency for the production and distribution of two videos on the progress and achievements of the ROGEAP project\" \/>      <\/div>   \r\n\r\n      <div class=\"entry-content\">\r\n         <div class=\"content-inner\">\r\n            \r\n            <h2 class=\"entry-title\"><a href=\"https:\/\/ecowas.rogeap.org\/en\/2026\/04\/15\/re-launch-of-the-tender-process-to-appoint-a-communications-agency-for-the-production-and-distribution-of-two-videos-on-the-progress-and-achievements-of-the-rogeap-project\/\" rel=\"bookmark\">Re-launch of the tender process to appoint a communications agency for the production and distribution of two videos on the progress and achievements of the ROGEAP project<\/a><\/h2>\r\n            \r\n            <div class=\"entry-meta\">\r\n                                <span class=\"cat-links\"><a href=\"https:\/\/ecowas.rogeap.org\/en\/category\/notice-of-expressions-of-interest-ami\/\" rel=\"category tag\">Notice of Expressions of Interest (AMI)<\/a>, <a href=\"https:\/\/ecowas.rogeap.org\/en\/category\/procurement\/\" rel=\"category tag\">Procurement<\/a><\/span>\r\n                  <span class=\"line\"><\/span>\r\n                              <span class=\"entry-date\"><a href=\"https:\/\/ecowas.rogeap.org\/en\/2026\/04\/15\/re-launch-of-the-tender-process-to-appoint-a-communications-agency-for-the-production-and-distribution-of-two-videos-on-the-progress-and-achievements-of-the-rogeap-project\/\" rel=\"bookmark\"><time class=\"entry-date\" datetime=\"2026-04-15T14:57:07+00:00\">15 April 2026<\/time><\/a><\/span>            <\/div> \r\n\r\n            <div class=\"entry-description\">\r\n               Terms of Reference (French version) Termes de r\u00e9f\u00e9rences en version Anglaise            <\/div>\r\n         <\/div>\r\n\r\n         <div class=\"read-more hidden\"><a class=\"btn-theme\" href=\"https:\/\/ecowas.rogeap.org\/en\/2026\/04\/15\/re-launch-of-the-tender-process-to-appoint-a-communications-agency-for-the-production-and-distribution-of-two-videos-on-the-progress-and-achievements-of-the-rogeap-project\/\">Read more<\/a><\/div>\r\n         \r\n      <\/div>\r\n   <\/article>   \r\n<\/div>\r\n\r\n  \r\n<div class=\"item-columns all notice-of-expressions-of-interest-ami procurement \">\r\n   <article id=\"post-9532\" class=\"post post-9532 type-post status-publish format-standard has-post-thumbnail hentry category-notice-of-expressions-of-interest-ami category-procurement\">\r\n      <div class=\"post-thumbnail\">\r\n         <img decoding=\"async\" width=\"943\" height=\"576\" src=\"https:\/\/ecowas.rogeap.org\/wp-content\/uploads\/2026\/02\/AMI-ME-BOAD-Fr.png\" class=\"attachment-full size-full wp-post-image\" alt=\"CALL FOR EXPRESSIONS OF INTEREST\" \/>      <\/div>   \r\n\r\n      <div class=\"entry-content\">\r\n         <div class=\"content-inner\">\r\n            \r\n            <h2 class=\"entry-title\"><a href=\"https:\/\/ecowas.rogeap.org\/en\/2026\/02\/11\/call-for-expressions-of-interest\/\" rel=\"bookmark\">CALL FOR EXPRESSIONS OF INTEREST<\/a><\/h2>\r\n            \r\n            <div class=\"entry-meta\">\r\n                                <span class=\"cat-links\"><a href=\"https:\/\/ecowas.rogeap.org\/en\/category\/notice-of-expressions-of-interest-ami\/\" rel=\"category tag\">Notice of Expressions of Interest (AMI)<\/a>, <a href=\"https:\/\/ecowas.rogeap.org\/en\/category\/procurement\/\" rel=\"category tag\">Procurement<\/a><\/span>\r\n                  <span class=\"line\"><\/span>\r\n                              <span class=\"entry-date\"><a href=\"https:\/\/ecowas.rogeap.org\/en\/2026\/02\/11\/call-for-expressions-of-interest\/\" rel=\"bookmark\"><time class=\"entry-date\" datetime=\"2026-02-11T19:24:52+00:00\">11 February 2026<\/time><\/a><\/span>            <\/div> \r\n\r\n            <div class=\"entry-description\">\r\n               Date: February 9, 2026Location: Lom\u00e9, Togo, or Abuja, Nigeria, and\/or home-based (with field assignments)Project: Regional Off-Grid Electricity Access Project \u2013 Additional FundingProject: Regional Off-Grid Electricity Access Project \u2013 Additional Financing(ROGEAP)Job            <\/div>\r\n         <\/div>\r\n\r\n         <div class=\"read-more hidden\"><a class=\"btn-theme\" href=\"https:\/\/ecowas.rogeap.org\/en\/2026\/02\/11\/call-for-expressions-of-interest\/\">Read more<\/a><\/div>\r\n         \r\n      <\/div>\r\n   <\/article>   \r\n<\/div>\r\n\r\n  \r\n<div class=\"item-columns all non-classifiee notice-of-expressions-of-interest-ami procurement \">\r\n   <article id=\"post-9269\" class=\"post post-9269 type-post status-publish format-standard has-post-thumbnail hentry category-non-classifiee category-notice-of-expressions-of-interest-ami category-procurement tag-audit-en tag-electricity-en-2 tag-off-grid tag-off-grid-sustainable-energy tag-procurement tag-rogeap-en\">\r\n      <div class=\"post-thumbnail\">\r\n         <img decoding=\"async\" width=\"745\" height=\"500\" src=\"https:\/\/ecowas.rogeap.org\/wp-content\/uploads\/2025\/09\/ami-rogeap-sept-2025.png\" class=\"attachment-full size-full wp-post-image\" alt=\"RECRUITMENT OF AN EXTERNAL AUDIT FIRM FOR THE ROGEAP PROJECT\" \/>      <\/div>   \r\n\r\n      <div class=\"entry-content\">\r\n         <div class=\"content-inner\">\r\n            \r\n            <h2 class=\"entry-title\"><a href=\"https:\/\/ecowas.rogeap.org\/en\/2025\/09\/29\/recruitment-of-an-external-audit-firm-for-the-rogeap-project\/\" rel=\"bookmark\">RECRUITMENT OF AN EXTERNAL AUDIT FIRM FOR THE ROGEAP PROJECT<\/a><\/h2>\r\n            \r\n            <div class=\"entry-meta\">\r\n                                <span class=\"cat-links\"><a href=\"https:\/\/ecowas.rogeap.org\/en\/category\/non-classifiee\/\" rel=\"category tag\">Non classifi\u00e9(e)<\/a>, <a href=\"https:\/\/ecowas.rogeap.org\/en\/category\/notice-of-expressions-of-interest-ami\/\" rel=\"category tag\">Notice of Expressions of Interest (AMI)<\/a>, <a href=\"https:\/\/ecowas.rogeap.org\/en\/category\/procurement\/\" rel=\"category tag\">Procurement<\/a><\/span>\r\n                  <span class=\"line\"><\/span>\r\n                              <span class=\"entry-date\"><a href=\"https:\/\/ecowas.rogeap.org\/en\/2025\/09\/29\/recruitment-of-an-external-audit-firm-for-the-rogeap-project\/\" rel=\"bookmark\"><time class=\"entry-date\" datetime=\"2025-09-29T10:17:43+00:00\">29 September 2025<\/time><\/a><\/span>            <\/div> \r\n\r\n            <div class=\"entry-description\">\r\n               Notice of expression of interest for the recruitment of an external audit firm for the ROGEAP project Notice of expression of interest Terms Of References            <\/div>\r\n         <\/div>\r\n\r\n         <div class=\"read-more hidden\"><a class=\"btn-theme\" href=\"https:\/\/ecowas.rogeap.org\/en\/2025\/09\/29\/recruitment-of-an-external-audit-firm-for-the-rogeap-project\/\">Read more<\/a><\/div>\r\n         \r\n      <\/div>\r\n   <\/article>   \r\n<\/div>\r\n\r\n  \r\n<div class=\"item-columns all notice-of-expressions-of-interest-ami procurement \">\r\n   <article id=\"post-8418\" class=\"post post-8418 type-post status-publish format-standard hentry category-notice-of-expressions-of-interest-ami category-procurement tag-request-for-expression-of-interest\">\r\n      <div class=\"post-thumbnail\">\r\n               <\/div>   \r\n\r\n      <div class=\"entry-content\">\r\n         <div class=\"content-inner\">\r\n            \r\n            <h2 class=\"entry-title\"><a href=\"https:\/\/ecowas.rogeap.org\/en\/2024\/12\/11\/request-for-expression-of-interest-2\/\" rel=\"bookmark\">Request for Expression of Interest<\/a><\/h2>\r\n            \r\n            <div class=\"entry-meta\">\r\n                                <span class=\"cat-links\"><a href=\"https:\/\/ecowas.rogeap.org\/en\/category\/notice-of-expressions-of-interest-ami\/\" rel=\"category tag\">Notice of Expressions of Interest (AMI)<\/a>, <a href=\"https:\/\/ecowas.rogeap.org\/en\/category\/procurement\/\" rel=\"category tag\">Procurement<\/a><\/span>\r\n                  <span class=\"line\"><\/span>\r\n                              <span class=\"entry-date\"><a href=\"https:\/\/ecowas.rogeap.org\/en\/2024\/12\/11\/request-for-expression-of-interest-2\/\" rel=\"bookmark\"><time class=\"entry-date\" datetime=\"2024-12-11T11:28:03+00:00\">11 December 2024<\/time><\/a><\/span>            <\/div> \r\n\r\n            <div class=\"entry-description\">\r\n               Recruitment of a firm to analyze the balance of interests of key players such as customscustoms, industry and energy regarding import duties for off-grid solar PV products in thephotovoltaic products            <\/div>\r\n         <\/div>\r\n\r\n         <div class=\"read-more hidden\"><a class=\"btn-theme\" href=\"https:\/\/ecowas.rogeap.org\/en\/2024\/12\/11\/request-for-expression-of-interest-2\/\">Read more<\/a><\/div>\r\n         \r\n      <\/div>\r\n   <\/article>   \r\n<\/div>\r\n\r\n  \r\n<div class=\"item-columns all ads non-classifiee notice-of-expressions-of-interest-ami procurement \">\r\n   <article id=\"post-8118\" class=\"post post-8118 type-post status-publish format-standard has-post-thumbnail hentry category-ads category-non-classifiee category-notice-of-expressions-of-interest-ami category-procurement tag-ecowas tag-electricity-en tag-entrepreneurship tag-esef-en tag-finances-en tag-funds tag-off-grid tag-ogs-en tag-smes\">\r\n      <div class=\"post-thumbnail\">\r\n         <img loading=\"lazy\" decoding=\"async\" width=\"901\" height=\"600\" src=\"https:\/\/ecowas.rogeap.org\/wp-content\/uploads\/2023\/11\/ami-esef-2.jpeg\" class=\"attachment-full size-full wp-post-image\" alt=\"ROGEAP &#8211; Entrepreneurship support mechanism: A call for expressions of interest to pre-select OGS entrepreneurs and SMEs\" \/>      <\/div>   \r\n\r\n      <div class=\"entry-content\">\r\n         <div class=\"content-inner\">\r\n            \r\n            <h2 class=\"entry-title\"><a href=\"https:\/\/ecowas.rogeap.org\/en\/2023\/11\/18\/rogeap-entrepreneurship-support-mechanism-a-call-for-expressions-of-interest-to-pre-select-ogs-entrepreneurs-and-smes\/\" rel=\"bookmark\">ROGEAP &#8211; Entrepreneurship support mechanism: A call for expressions of interest to pre-select OGS entrepreneurs and SMEs<\/a><\/h2>\r\n            \r\n            <div class=\"entry-meta\">\r\n                                <span class=\"cat-links\"><a href=\"https:\/\/ecowas.rogeap.org\/en\/category\/ads\/\" rel=\"category tag\">Ads<\/a>, <a href=\"https:\/\/ecowas.rogeap.org\/en\/category\/non-classifiee\/\" rel=\"category tag\">Non classifi\u00e9(e)<\/a>, <a href=\"https:\/\/ecowas.rogeap.org\/en\/category\/notice-of-expressions-of-interest-ami\/\" rel=\"category tag\">Notice of Expressions of Interest (AMI)<\/a>, <a href=\"https:\/\/ecowas.rogeap.org\/en\/category\/procurement\/\" rel=\"category tag\">Procurement<\/a><\/span>\r\n                  <span class=\"line\"><\/span>\r\n                              <span class=\"entry-date\"><a href=\"https:\/\/ecowas.rogeap.org\/en\/2023\/11\/18\/rogeap-entrepreneurship-support-mechanism-a-call-for-expressions-of-interest-to-pre-select-ogs-entrepreneurs-and-smes\/\" rel=\"bookmark\"><time class=\"entry-date\" datetime=\"2023-11-18T15:43:15+00:00\">18 November 2023<\/time><\/a><\/span>            <\/div> \r\n\r\n            <div class=\"entry-description\">\r\n               A call for expressions of interest will be launched from November 14, 2023, via www.rogeappfm.org, for the pilot countries, Burkina, C\u00f4te d'Ivoire, Ghana, Mali, Mauritania and Nigeria, with the aim            <\/div>\r\n         <\/div>\r\n\r\n         <div class=\"read-more hidden\"><a class=\"btn-theme\" href=\"https:\/\/ecowas.rogeap.org\/en\/2023\/11\/18\/rogeap-entrepreneurship-support-mechanism-a-call-for-expressions-of-interest-to-pre-select-ogs-entrepreneurs-and-smes\/\">Read more<\/a><\/div>\r\n         \r\n      <\/div>\r\n   <\/article>   \r\n<\/div>\r\n\r\n  \r\n<div class=\"item-columns all procurement \">\r\n   <article id=\"post-7931\" class=\"post post-7931 type-post status-publish format-standard has-post-thumbnail hentry category-procurement tag-request-expressions-interest\">\r\n      <div class=\"post-thumbnail\">\r\n         <img loading=\"lazy\" decoding=\"async\" width=\"900\" height=\"600\" src=\"https:\/\/ecowas.rogeap.org\/wp-content\/uploads\/2023\/10\/REQUEST-OF-INTERESTS-2.png\" class=\"attachment-full size-full wp-post-image\" alt=\"REQUEST FOR EXPRESSIONS OF INTEREST\" \/>      <\/div>   \r\n\r\n      <div class=\"entry-content\">\r\n         <div class=\"content-inner\">\r\n            \r\n            <h2 class=\"entry-title\"><a href=\"https:\/\/ecowas.rogeap.org\/en\/2023\/10\/13\/request-for-expressions-of-interest\/\" rel=\"bookmark\">REQUEST FOR EXPRESSIONS OF INTEREST<\/a><\/h2>\r\n            \r\n            <div class=\"entry-meta\">\r\n                                <span class=\"cat-links\"><a href=\"https:\/\/ecowas.rogeap.org\/en\/category\/procurement\/\" rel=\"category tag\">Procurement<\/a><\/span>\r\n                  <span class=\"line\"><\/span>\r\n                              <span class=\"entry-date\"><a href=\"https:\/\/ecowas.rogeap.org\/en\/2023\/10\/13\/request-for-expressions-of-interest\/\" rel=\"bookmark\"><time class=\"entry-date\" datetime=\"2023-10-13T12:37:37+00:00\">13 October 2023<\/time><\/a><\/span>            <\/div> \r\n\r\n            <div class=\"entry-description\">\r\n               Nigeria (ECOWAS) Regional Off-Grid Electricity Access Project Grant No.: D7840 Assignment Title: Development and implementation of sustainable business and financing models for the electrification of public rural health centers and            <\/div>\r\n         <\/div>\r\n\r\n         <div class=\"read-more hidden\"><a class=\"btn-theme\" href=\"https:\/\/ecowas.rogeap.org\/en\/2023\/10\/13\/request-for-expressions-of-interest\/\">Read more<\/a><\/div>\r\n         \r\n      <\/div>\r\n   <\/article>   \r\n<\/div>\r\n\r\n          <\/div>\r\n      <\/div>\r\n        <\/div>\r\n  <\/div>\t\t\t\t<\/div>\n\t\t\t\t<\/div>\n\t\t\t\t\t<\/div>\n\t\t<\/div>\n\t\t\t\t<div class=\"elementor-column elementor-col-33 elementor-top-column elementor-element elementor-element-75274cc column-style-top column-top\" data-id=\"75274cc\" data-element_type=\"column\" data-e-type=\"column\">\n\t\t\t<div class=\"elementor-widget-wrap\">\n\t\t\t\t\t\t\t<\/div>\n\t\t<\/div>\n\t\t\t\t\t<\/div>\n\t\t<\/section>\n\t\t\t\t<\/div>\n\t\t","protected":false},"excerpt":{"rendered":"<p>Procurement DEMANDE DE MANIFESTATION D\u2019INT\u00c9R\u00caT Annonces, Avis \u00e0 Manifestations d&#8217;Int\u00e9r\u00eat (AMI), Passations des march\u00e9s 15 mars 2023 Projet R\u00e9gional d\u2019Acc\u00e8s \u00e0 l\u2019\u00c9lectricit\u00e9 Hors-R\u00e9seau (ROGEAP) Titre de la mission : Conception et D\u00e9veloppement de mod\u00e8les d\u2019affaires, commerciaux et de financement durables pour l\u2019\u00e9lectrification des centres publics de sant\u00e9 En savoir plus<\/p>\n","protected":false},"author":2,"featured_media":0,"parent":6953,"menu_order":0,"comment_status":"closed","ping_status":"closed","template":"","meta":{"om_disable_all_campaigns":false,"_monsterinsights_skip_tracking":false,"_monsterinsights_sitenote_active":false,"_monsterinsights_sitenote_note":"","_monsterinsights_sitenote_category":0,"_uf_show_specific_survey":0,"_uf_disable_surveys":false,"footnotes":""},"class_list":["post-7596","page","type-page","status-publish","hentry"],"yoast_head":"<!-- This site is optimized with the Yoast SEO plugin v27.4 - https:\/\/yoast.com\/product\/yoast-seo-wordpress\/ -->\n<title>Procurement - ROGEAP<\/title>\n<meta name=\"robots\" content=\"index, follow, max-snippet:-1, max-image-preview:large, max-video-preview:-1\" \/>\n<link rel=\"canonical\" href=\"https:\/\/ecowas.rogeap.org\/en\/about-us\/procurement\/\" \/>\n<meta property=\"og:locale\" content=\"en_US\" \/>\n<meta property=\"og:type\" content=\"article\" \/>\n<meta property=\"og:title\" content=\"Procurement - ROGEAP\" \/>\n<meta property=\"og:description\" content=\"Procurement DEMANDE DE MANIFESTATION D\u2019INT\u00c9R\u00caT Annonces, Avis \u00e0 Manifestations d&#8217;Int\u00e9r\u00eat (AMI), Passations des march\u00e9s 15 mars 2023 Projet R\u00e9gional d\u2019Acc\u00e8s \u00e0 l\u2019\u00c9lectricit\u00e9 Hors-R\u00e9seau (ROGEAP) Titre de la mission : Conception et D\u00e9veloppement de mod\u00e8les d\u2019affaires, commerciaux et de financement durables pour l\u2019\u00e9lectrification des centres publics de sant\u00e9 En savoir plus\" \/>\n<meta property=\"og:url\" content=\"https:\/\/ecowas.rogeap.org\/en\/about-us\/procurement\/\" \/>\n<meta property=\"og:site_name\" content=\"ROGEAP\" \/>\n<meta property=\"article:publisher\" content=\"https:\/\/www.facebook.com\/EcowasRogeap\" \/>\n<meta property=\"article:modified_time\" content=\"2023-10-04T02:06:51+00:00\" \/>\n<meta name=\"twitter:card\" content=\"summary_large_image\" \/>\n<meta name=\"twitter:site\" content=\"@ERogeap\" \/>\n<script type=\"application\/ld+json\" class=\"yoast-schema-graph\">{\"@context\":\"https:\\\/\\\/schema.org\",\"@graph\":[{\"@type\":\"WebPage\",\"@id\":\"https:\\\/\\\/ecowas.rogeap.org\\\/en\\\/about-us\\\/procurement\\\/\",\"url\":\"https:\\\/\\\/ecowas.rogeap.org\\\/en\\\/about-us\\\/procurement\\\/\",\"name\":\"Procurement - ROGEAP\",\"isPartOf\":{\"@id\":\"https:\\\/\\\/ecowas.rogeap.org\\\/en\\\/#website\"},\"datePublished\":\"2023-10-04T01:39:04+00:00\",\"dateModified\":\"2023-10-04T02:06:51+00:00\",\"breadcrumb\":{\"@id\":\"https:\\\/\\\/ecowas.rogeap.org\\\/en\\\/about-us\\\/procurement\\\/#breadcrumb\"},\"inLanguage\":\"en-US\",\"potentialAction\":[{\"@type\":\"ReadAction\",\"target\":[\"https:\\\/\\\/ecowas.rogeap.org\\\/en\\\/about-us\\\/procurement\\\/\"]}]},{\"@type\":\"BreadcrumbList\",\"@id\":\"https:\\\/\\\/ecowas.rogeap.org\\\/en\\\/about-us\\\/procurement\\\/#breadcrumb\",\"itemListElement\":[{\"@type\":\"ListItem\",\"position\":1,\"name\":\"Accueil\",\"item\":\"https:\\\/\\\/ecowas.rogeap.org\\\/en\\\/accueil\\\/\"},{\"@type\":\"ListItem\",\"position\":2,\"name\":\"About ROGEAP\",\"item\":\"https:\\\/\\\/ecowas.rogeap.org\\\/en\\\/about-us\\\/\"},{\"@type\":\"ListItem\",\"position\":3,\"name\":\"Procurement\"}]},{\"@type\":\"WebSite\",\"@id\":\"https:\\\/\\\/ecowas.rogeap.org\\\/en\\\/#website\",\"url\":\"https:\\\/\\\/ecowas.rogeap.org\\\/en\\\/\",\"name\":\"ROGEAP\",\"description\":\"Projet R\u00e9gional d\u2019Acc\u00e8s \u00e0 l\u2019Electricit\u00e9 Hors R\u00e9seau\",\"publisher\":{\"@id\":\"https:\\\/\\\/ecowas.rogeap.org\\\/en\\\/#organization\"},\"potentialAction\":[{\"@type\":\"SearchAction\",\"target\":{\"@type\":\"EntryPoint\",\"urlTemplate\":\"https:\\\/\\\/ecowas.rogeap.org\\\/en\\\/?s={search_term_string}\"},\"query-input\":{\"@type\":\"PropertyValueSpecification\",\"valueRequired\":true,\"valueName\":\"search_term_string\"}}],\"inLanguage\":\"en-US\"},{\"@type\":\"Organization\",\"@id\":\"https:\\\/\\\/ecowas.rogeap.org\\\/en\\\/#organization\",\"name\":\"Projet d\u2019acc\u00e8s \u00e0 l\u2019\u00e9lectricit\u00e9 hors r\u00e9seau\",\"url\":\"https:\\\/\\\/ecowas.rogeap.org\\\/en\\\/\",\"logo\":{\"@type\":\"ImageObject\",\"inLanguage\":\"en-US\",\"@id\":\"https:\\\/\\\/ecowas.rogeap.org\\\/en\\\/#\\\/schema\\\/logo\\\/image\\\/\",\"url\":\"https:\\\/\\\/ecowas.rogeap.org\\\/wp-content\\\/uploads\\\/2023\\\/08\\\/2.png\",\"contentUrl\":\"https:\\\/\\\/ecowas.rogeap.org\\\/wp-content\\\/uploads\\\/2023\\\/08\\\/2.png\",\"width\":1359,\"height\":743,\"caption\":\"Projet d\u2019acc\u00e8s \u00e0 l\u2019\u00e9lectricit\u00e9 hors r\u00e9seau\"},\"image\":{\"@id\":\"https:\\\/\\\/ecowas.rogeap.org\\\/en\\\/#\\\/schema\\\/logo\\\/image\\\/\"},\"sameAs\":[\"https:\\\/\\\/www.facebook.com\\\/EcowasRogeap\",\"https:\\\/\\\/x.com\\\/ERogeap\",\"https:\\\/\\\/www.linkedin.com\\\/company\\\/ecowas-rogeap-regional-off-grid-electricity-access-project\"]}]}<\/script>\n<!-- \/ Yoast SEO plugin. -->","yoast_head_json":{"title":"Procurement - ROGEAP","robots":{"index":"index","follow":"follow","max-snippet":"max-snippet:-1","max-image-preview":"max-image-preview:large","max-video-preview":"max-video-preview:-1"},"canonical":"https:\/\/ecowas.rogeap.org\/en\/about-us\/procurement\/","og_locale":"en_US","og_type":"article","og_title":"Procurement - ROGEAP","og_description":"Procurement DEMANDE DE MANIFESTATION D\u2019INT\u00c9R\u00caT Annonces, Avis \u00e0 Manifestations d&#8217;Int\u00e9r\u00eat (AMI), Passations des march\u00e9s 15 mars 2023 Projet R\u00e9gional d\u2019Acc\u00e8s \u00e0 l\u2019\u00c9lectricit\u00e9 Hors-R\u00e9seau (ROGEAP) Titre de la mission : Conception et D\u00e9veloppement de mod\u00e8les d\u2019affaires, commerciaux et de financement durables pour l\u2019\u00e9lectrification des centres publics de sant\u00e9 En savoir plus","og_url":"https:\/\/ecowas.rogeap.org\/en\/about-us\/procurement\/","og_site_name":"ROGEAP","article_publisher":"https:\/\/www.facebook.com\/EcowasRogeap","article_modified_time":"2023-10-04T02:06:51+00:00","twitter_card":"summary_large_image","twitter_site":"@ERogeap","schema":{"@context":"https:\/\/schema.org","@graph":[{"@type":"WebPage","@id":"https:\/\/ecowas.rogeap.org\/en\/about-us\/procurement\/","url":"https:\/\/ecowas.rogeap.org\/en\/about-us\/procurement\/","name":"Procurement - ROGEAP","isPartOf":{"@id":"https:\/\/ecowas.rogeap.org\/en\/#website"},"datePublished":"2023-10-04T01:39:04+00:00","dateModified":"2023-10-04T02:06:51+00:00","breadcrumb":{"@id":"https:\/\/ecowas.rogeap.org\/en\/about-us\/procurement\/#breadcrumb"},"inLanguage":"en-US","potentialAction":[{"@type":"ReadAction","target":["https:\/\/ecowas.rogeap.org\/en\/about-us\/procurement\/"]}]},{"@type":"BreadcrumbList","@id":"https:\/\/ecowas.rogeap.org\/en\/about-us\/procurement\/#breadcrumb","itemListElement":[{"@type":"ListItem","position":1,"name":"Accueil","item":"https:\/\/ecowas.rogeap.org\/en\/accueil\/"},{"@type":"ListItem","position":2,"name":"About ROGEAP","item":"https:\/\/ecowas.rogeap.org\/en\/about-us\/"},{"@type":"ListItem","position":3,"name":"Procurement"}]},{"@type":"WebSite","@id":"https:\/\/ecowas.rogeap.org\/en\/#website","url":"https:\/\/ecowas.rogeap.org\/en\/","name":"ROGEAP","description":"Projet R\u00e9gional d\u2019Acc\u00e8s \u00e0 l\u2019Electricit\u00e9 Hors R\u00e9seau","publisher":{"@id":"https:\/\/ecowas.rogeap.org\/en\/#organization"},"potentialAction":[{"@type":"SearchAction","target":{"@type":"EntryPoint","urlTemplate":"https:\/\/ecowas.rogeap.org\/en\/?s={search_term_string}"},"query-input":{"@type":"PropertyValueSpecification","valueRequired":true,"valueName":"search_term_string"}}],"inLanguage":"en-US"},{"@type":"Organization","@id":"https:\/\/ecowas.rogeap.org\/en\/#organization","name":"Projet d\u2019acc\u00e8s \u00e0 l\u2019\u00e9lectricit\u00e9 hors r\u00e9seau","url":"https:\/\/ecowas.rogeap.org\/en\/","logo":{"@type":"ImageObject","inLanguage":"en-US","@id":"https:\/\/ecowas.rogeap.org\/en\/#\/schema\/logo\/image\/","url":"https:\/\/ecowas.rogeap.org\/wp-content\/uploads\/2023\/08\/2.png","contentUrl":"https:\/\/ecowas.rogeap.org\/wp-content\/uploads\/2023\/08\/2.png","width":1359,"height":743,"caption":"Projet d\u2019acc\u00e8s \u00e0 l\u2019\u00e9lectricit\u00e9 hors r\u00e9seau"},"image":{"@id":"https:\/\/ecowas.rogeap.org\/en\/#\/schema\/logo\/image\/"},"sameAs":["https:\/\/www.facebook.com\/EcowasRogeap","https:\/\/x.com\/ERogeap","https:\/\/www.linkedin.com\/company\/ecowas-rogeap-regional-off-grid-electricity-access-project"]}]}},"_links":{"self":[{"href":"https:\/\/ecowas.rogeap.org\/en\/wp-json\/wp\/v2\/pages\/7596","targetHints":{"allow":["GET"]}}],"collection":[{"href":"https:\/\/ecowas.rogeap.org\/en\/wp-json\/wp\/v2\/pages"}],"about":[{"href":"https:\/\/ecowas.rogeap.org\/en\/wp-json\/wp\/v2\/types\/page"}],"author":[{"embeddable":true,"href":"https:\/\/ecowas.rogeap.org\/en\/wp-json\/wp\/v2\/users\/2"}],"replies":[{"embeddable":true,"href":"https:\/\/ecowas.rogeap.org\/en\/wp-json\/wp\/v2\/comments?post=7596"}],"version-history":[{"count":1,"href":"https:\/\/ecowas.rogeap.org\/en\/wp-json\/wp\/v2\/pages\/7596\/revisions"}],"predecessor-version":[{"id":7597,"href":"https:\/\/ecowas.rogeap.org\/en\/wp-json\/wp\/v2\/pages\/7596\/revisions\/7597"}],"up":[{"embeddable":true,"href":"https:\/\/ecowas.rogeap.org\/en\/wp-json\/wp\/v2\/pages\/6953"}],"wp:attachment":[{"href":"https:\/\/ecowas.rogeap.org\/en\/wp-json\/wp\/v2\/media?parent=7596"}],"curies":[{"name":"wp","href":"https:\/\/api.w.org\/{rel}","templated":true}]}}