{"id":6745,"date":"2023-07-09T14:03:54","date_gmt":"2023-07-09T14:03:54","guid":{"rendered":"https:\/\/ecowas.rogeap.org\/mercado-regional-de-eletricidade-fora-da-rede\/"},"modified":"2023-10-09T19:03:35","modified_gmt":"2023-10-09T19:03:35","slug":"mercado-regional-de-eletricidade-fora-da-rede","status":"publish","type":"page","link":"https:\/\/ecowas.rogeap.org\/pt-pt\/dominio-de-acao\/mercado-regional-de-eletricidade-fora-da-rede\/","title":{"rendered":"Mercado regional de eletricidade fora da rede"},"content":{"rendered":"\t\t<div data-elementor-type=\"wp-post\" data-elementor-id=\"6745\" class=\"elementor elementor-6745 elementor-5218\">\n\t\t\t\t\t\t<section class=\"elementor-section elementor-top-section elementor-element elementor-element-64fee0f elementor-section-boxed elementor-section-height-default elementor-section-height-default\" data-id=\"64fee0f\" data-element_type=\"section\" data-e-type=\"section\">\n\t\t\t\t\t\t<div class=\"elementor-container elementor-column-gap-default\">\n\t\t\t\t\t<div class=\"elementor-column elementor-col-100 elementor-top-column elementor-element elementor-element-a75d729 column-style-top column-top\" data-id=\"a75d729\" data-element_type=\"column\" data-e-type=\"column\">\n\t\t\t<div class=\"elementor-widget-wrap elementor-element-populated\">\n\t\t\t\t\t\t<div class=\"elementor-element elementor-element-76f6512 elementor-widget elementor-widget-text-editor\" data-id=\"76f6512\" data-element_type=\"widget\" data-e-type=\"widget\" data-widget_type=\"text-editor.default\">\n\t\t\t\t<div class=\"elementor-widget-container\">\n\t\t\t\t\t\t\t\t\t<header>\n<h1 class=\"entry-title\">Relat\u00f3rio de Tend\u00eancias de Mercado de Energia Solar Off-Grid 2022: Perspetivas (Parte 2)<\/h1>\n<div class=\"entry-meta\"> <\/div>\n<\/header>\n<div class=\"entry-content\">\n<p>A segunda parte do Relat\u00f3rio de Tend\u00eancias de Mercado de 2022, &#8220;Outlook&#8221;, tem como objetivo estudar as perspetivas para o mercado de energia solar off-grid e as interven\u00e7\u00f5es necess\u00e1rias para que o setor atinja seu impacto potencial total. O cap\u00edtulo 2 examina o que ser\u00e1 necess\u00e1rio para que o setor atinja os seus principais objetivos de desenvolvimento, incluindo o acesso \u00e0 eletricidade e uma s\u00e9rie de outros objetivos de desenvolvimento possibilitados pelo acesso \u00e0 eletricidade. O cap\u00edtulo 3 avalia a diferen\u00e7a entre este valor de refer\u00eancia e a trajet\u00f3ria atual do setor. O cap\u00edtulo 4 analisar\u00e1 as mudan\u00e7as de jogo necess\u00e1rias para impulsionar o setor e, em \u00faltima an\u00e1lise, alcan\u00e7ar o seu potencial de desenvolvimento. Finalmente, o Cap\u00edtulo 5 resumir\u00e1 os pap\u00e9is dos principais intervenientes no setor para tornar estes agentes de mudan\u00e7a uma realidade para alcan\u00e7ar o acesso universal.<\/p>\n<ul style=\"font-family: azo-sans-web, sans-serif; margin-top: 2rem; margin-bottom: 5rem; list-style: url('\/wp-content\/themes\/global\/dist\/images\/yellow-square.gif') square; padding-top: 0px; padding-left: 3.8rem; color: #333333; font-size: 14px;\">\n<li style=\"font-size: 1.8rem; line-height: 2.9rem; margin-bottom: 2rem; padding-left: 1rem;\">\n                <a style=\"color: #363636; cursor: pointer; transition: all 0.5s ease-in-out 0s; border-bottom: 1px solid #ffc72c;\" href=\"https:\/\/documents1.worldbank.org\/curated\/en\/099355010142235058\/pdf\/P17515008f841e069092c102c6bb749a54f.pdf\"><br \/>\n                  <span style=\"vertical-align: inherit;\"><span style=\"vertical-align: inherit;\">Ler o sum\u00e1rio | <\/span><span style=\"vertical-align: inherit;\">Relat\u00f3rio de Tend\u00eancias de Mercado de Energia Solar Off-Grid 2022: Perspetivas (Parte 2)<\/span><\/span><br \/>\n                <\/a>\n              <\/li>\n<li style=\"font-size: 1.8rem; line-height: 2.9rem; margin-bottom: 2rem; padding-left: 1rem;\"><span style=\"vertical-align: inherit;\">Ler o <\/span><a style=\"color: #363636; cursor: pointer; transition: all 0.5s ease-in-out 0s; border-bottom: 1px solid #ffc72c;\" href=\"https:\/\/documents1.worldbank.org\/curated\/en\/099355110142233755\/pdf\/P17515005a7f550f1090130cf1b9f2b671e.pdf\"><span style=\"vertical-align: inherit;\"><span style=\"vertical-align: inherit;\">relat\u00f3rio completo | <\/span> <span style=\"vertical-align: inherit;\">Relat\u00f3rio de Tend\u00eancias de Mercado de Energia Solar Off-Grid 2022: Perspetivas (Parte 2)<\/span><\/span><\/a><\/li>\n<\/ul>\n<p>fonte: <a href=\"https:\/\/www.lightingglobal.org\/resource\/off-grid-solar-market-trends-report-2022-outlook-part-2\/\">LightingGlobal<\/a><\/p>\n<\/p><\/div>\n\t\t\t\t\t\t\t\t<\/div>\n\t\t\t\t<\/div>\n\t\t\t\t\t<\/div>\n\t\t<\/div>\n\t\t\t\t\t<\/div>\n\t\t<\/section>\n\t\t\t\t<\/div>\n\t\t","protected":false},"excerpt":{"rendered":"<p>Relat\u00f3rio de Tend\u00eancias de Mercado de Energia Solar Off-Grid 2022: Perspetivas (Parte 2) A segunda parte do Relat\u00f3rio de Tend\u00eancias de Mercado de 2022, &#8220;Outlook&#8221;, tem como objetivo estudar as perspetivas para o mercado de energia solar off-grid e as interven\u00e7\u00f5es necess\u00e1rias para que o setor atinja seu impacto potencial total. O cap\u00edtulo 2 examina [&hellip;]<\/p>\n","protected":false},"author":2,"featured_media":0,"parent":6823,"menu_order":0,"comment_status":"closed","ping_status":"closed","template":"","meta":{"om_disable_all_campaigns":false,"_monsterinsights_skip_tracking":false,"_monsterinsights_sitenote_active":false,"_monsterinsights_sitenote_note":"","_monsterinsights_sitenote_category":0,"_uf_show_specific_survey":0,"_uf_disable_surveys":false,"footnotes":""},"class_list":["post-6745","page","type-page","status-publish","hentry"],"yoast_head":"<!-- This site is optimized with the Yoast SEO plugin v27.4 - https:\/\/yoast.com\/product\/yoast-seo-wordpress\/ -->\n<title>Mercado regional de eletricidade fora da rede - ROGEAP<\/title>\n<meta name=\"robots\" content=\"index, follow, max-snippet:-1, max-image-preview:large, max-video-preview:-1\" \/>\n<link rel=\"canonical\" href=\"https:\/\/ecowas.rogeap.org\/pt-pt\/dominio-de-acao\/mercado-regional-de-eletricidade-fora-da-rede\/\" \/>\n<meta property=\"og:locale\" content=\"pt_PT\" \/>\n<meta property=\"og:type\" content=\"article\" \/>\n<meta property=\"og:title\" content=\"Mercado regional de eletricidade fora da rede - ROGEAP\" \/>\n<meta property=\"og:description\" content=\"Relat\u00f3rio de Tend\u00eancias de Mercado de Energia Solar Off-Grid 2022: Perspetivas (Parte 2) A segunda parte do Relat\u00f3rio de Tend\u00eancias de Mercado de 2022, &#8220;Outlook&#8221;, tem como objetivo estudar as perspetivas para o mercado de energia solar off-grid e as interven\u00e7\u00f5es necess\u00e1rias para que o setor atinja seu impacto potencial total. O cap\u00edtulo 2 examina [&hellip;]\" \/>\n<meta property=\"og:url\" content=\"https:\/\/ecowas.rogeap.org\/pt-pt\/dominio-de-acao\/mercado-regional-de-eletricidade-fora-da-rede\/\" \/>\n<meta property=\"og:site_name\" content=\"ROGEAP\" \/>\n<meta property=\"article:publisher\" content=\"https:\/\/www.facebook.com\/EcowasRogeap\" \/>\n<meta property=\"article:modified_time\" content=\"2023-10-09T19:03:35+00:00\" \/>\n<meta name=\"twitter:card\" content=\"summary_large_image\" \/>\n<meta name=\"twitter:site\" content=\"@ERogeap\" \/>\n<meta name=\"twitter:label1\" content=\"Tempo estimado de leitura\" \/>\n\t<meta name=\"twitter:data1\" content=\"1 minuto\" \/>\n<script type=\"application\/ld+json\" class=\"yoast-schema-graph\">{\"@context\":\"https:\\\/\\\/schema.org\",\"@graph\":[{\"@type\":\"WebPage\",\"@id\":\"https:\\\/\\\/ecowas.rogeap.org\\\/pt-pt\\\/dominio-de-acao\\\/mercado-regional-de-eletricidade-fora-da-rede\\\/\",\"url\":\"https:\\\/\\\/ecowas.rogeap.org\\\/pt-pt\\\/dominio-de-acao\\\/mercado-regional-de-eletricidade-fora-da-rede\\\/\",\"name\":\"Mercado regional de eletricidade fora da rede - ROGEAP\",\"isPartOf\":{\"@id\":\"https:\\\/\\\/ecowas.rogeap.org\\\/pt-pt\\\/#website\"},\"datePublished\":\"2023-07-09T14:03:54+00:00\",\"dateModified\":\"2023-10-09T19:03:35+00:00\",\"breadcrumb\":{\"@id\":\"https:\\\/\\\/ecowas.rogeap.org\\\/pt-pt\\\/dominio-de-acao\\\/mercado-regional-de-eletricidade-fora-da-rede\\\/#breadcrumb\"},\"inLanguage\":\"pt-PT\",\"potentialAction\":[{\"@type\":\"ReadAction\",\"target\":[\"https:\\\/\\\/ecowas.rogeap.org\\\/pt-pt\\\/dominio-de-acao\\\/mercado-regional-de-eletricidade-fora-da-rede\\\/\"]}]},{\"@type\":\"BreadcrumbList\",\"@id\":\"https:\\\/\\\/ecowas.rogeap.org\\\/pt-pt\\\/dominio-de-acao\\\/mercado-regional-de-eletricidade-fora-da-rede\\\/#breadcrumb\",\"itemListElement\":[{\"@type\":\"ListItem\",\"position\":1,\"name\":\"Accueil\",\"item\":\"https:\\\/\\\/ecowas.rogeap.org\\\/pt-pt\\\/accueil\\\/\"},{\"@type\":\"ListItem\",\"position\":2,\"name\":\"Dom\u00ednio de a\u00e7\u00e3o\",\"item\":\"https:\\\/\\\/ecowas.rogeap.org\\\/pt-pt\\\/?page_id=6823\"},{\"@type\":\"ListItem\",\"position\":3,\"name\":\"Mercado regional de eletricidade fora da rede\"}]},{\"@type\":\"WebSite\",\"@id\":\"https:\\\/\\\/ecowas.rogeap.org\\\/pt-pt\\\/#website\",\"url\":\"https:\\\/\\\/ecowas.rogeap.org\\\/pt-pt\\\/\",\"name\":\"ROGEAP\",\"description\":\"Projet R\u00e9gional d\u2019Acc\u00e8s \u00e0 l\u2019Electricit\u00e9 Hors R\u00e9seau\",\"publisher\":{\"@id\":\"https:\\\/\\\/ecowas.rogeap.org\\\/pt-pt\\\/#organization\"},\"potentialAction\":[{\"@type\":\"SearchAction\",\"target\":{\"@type\":\"EntryPoint\",\"urlTemplate\":\"https:\\\/\\\/ecowas.rogeap.org\\\/pt-pt\\\/?s={search_term_string}\"},\"query-input\":{\"@type\":\"PropertyValueSpecification\",\"valueRequired\":true,\"valueName\":\"search_term_string\"}}],\"inLanguage\":\"pt-PT\"},{\"@type\":\"Organization\",\"@id\":\"https:\\\/\\\/ecowas.rogeap.org\\\/pt-pt\\\/#organization\",\"name\":\"Projet d\u2019acc\u00e8s \u00e0 l\u2019\u00e9lectricit\u00e9 hors r\u00e9seau\",\"url\":\"https:\\\/\\\/ecowas.rogeap.org\\\/pt-pt\\\/\",\"logo\":{\"@type\":\"ImageObject\",\"inLanguage\":\"pt-PT\",\"@id\":\"https:\\\/\\\/ecowas.rogeap.org\\\/pt-pt\\\/#\\\/schema\\\/logo\\\/image\\\/\",\"url\":\"https:\\\/\\\/ecowas.rogeap.org\\\/wp-content\\\/uploads\\\/2023\\\/08\\\/2.png\",\"contentUrl\":\"https:\\\/\\\/ecowas.rogeap.org\\\/wp-content\\\/uploads\\\/2023\\\/08\\\/2.png\",\"width\":1359,\"height\":743,\"caption\":\"Projet d\u2019acc\u00e8s \u00e0 l\u2019\u00e9lectricit\u00e9 hors r\u00e9seau\"},\"image\":{\"@id\":\"https:\\\/\\\/ecowas.rogeap.org\\\/pt-pt\\\/#\\\/schema\\\/logo\\\/image\\\/\"},\"sameAs\":[\"https:\\\/\\\/www.facebook.com\\\/EcowasRogeap\",\"https:\\\/\\\/x.com\\\/ERogeap\",\"https:\\\/\\\/www.linkedin.com\\\/company\\\/ecowas-rogeap-regional-off-grid-electricity-access-project\"]}]}<\/script>\n<!-- \/ Yoast SEO plugin. -->","yoast_head_json":{"title":"Mercado regional de eletricidade fora da rede - ROGEAP","robots":{"index":"index","follow":"follow","max-snippet":"max-snippet:-1","max-image-preview":"max-image-preview:large","max-video-preview":"max-video-preview:-1"},"canonical":"https:\/\/ecowas.rogeap.org\/pt-pt\/dominio-de-acao\/mercado-regional-de-eletricidade-fora-da-rede\/","og_locale":"pt_PT","og_type":"article","og_title":"Mercado regional de eletricidade fora da rede - ROGEAP","og_description":"Relat\u00f3rio de Tend\u00eancias de Mercado de Energia Solar Off-Grid 2022: Perspetivas (Parte 2) A segunda parte do Relat\u00f3rio de Tend\u00eancias de Mercado de 2022, &#8220;Outlook&#8221;, tem como objetivo estudar as perspetivas para o mercado de energia solar off-grid e as interven\u00e7\u00f5es necess\u00e1rias para que o setor atinja seu impacto potencial total. O cap\u00edtulo 2 examina [&hellip;]","og_url":"https:\/\/ecowas.rogeap.org\/pt-pt\/dominio-de-acao\/mercado-regional-de-eletricidade-fora-da-rede\/","og_site_name":"ROGEAP","article_publisher":"https:\/\/www.facebook.com\/EcowasRogeap","article_modified_time":"2023-10-09T19:03:35+00:00","twitter_card":"summary_large_image","twitter_site":"@ERogeap","twitter_misc":{"Tempo estimado de leitura":"1 minuto"},"schema":{"@context":"https:\/\/schema.org","@graph":[{"@type":"WebPage","@id":"https:\/\/ecowas.rogeap.org\/pt-pt\/dominio-de-acao\/mercado-regional-de-eletricidade-fora-da-rede\/","url":"https:\/\/ecowas.rogeap.org\/pt-pt\/dominio-de-acao\/mercado-regional-de-eletricidade-fora-da-rede\/","name":"Mercado regional de eletricidade fora da rede - ROGEAP","isPartOf":{"@id":"https:\/\/ecowas.rogeap.org\/pt-pt\/#website"},"datePublished":"2023-07-09T14:03:54+00:00","dateModified":"2023-10-09T19:03:35+00:00","breadcrumb":{"@id":"https:\/\/ecowas.rogeap.org\/pt-pt\/dominio-de-acao\/mercado-regional-de-eletricidade-fora-da-rede\/#breadcrumb"},"inLanguage":"pt-PT","potentialAction":[{"@type":"ReadAction","target":["https:\/\/ecowas.rogeap.org\/pt-pt\/dominio-de-acao\/mercado-regional-de-eletricidade-fora-da-rede\/"]}]},{"@type":"BreadcrumbList","@id":"https:\/\/ecowas.rogeap.org\/pt-pt\/dominio-de-acao\/mercado-regional-de-eletricidade-fora-da-rede\/#breadcrumb","itemListElement":[{"@type":"ListItem","position":1,"name":"Accueil","item":"https:\/\/ecowas.rogeap.org\/pt-pt\/accueil\/"},{"@type":"ListItem","position":2,"name":"Dom\u00ednio de a\u00e7\u00e3o","item":"https:\/\/ecowas.rogeap.org\/pt-pt\/?page_id=6823"},{"@type":"ListItem","position":3,"name":"Mercado regional de eletricidade fora da rede"}]},{"@type":"WebSite","@id":"https:\/\/ecowas.rogeap.org\/pt-pt\/#website","url":"https:\/\/ecowas.rogeap.org\/pt-pt\/","name":"ROGEAP","description":"Projet R\u00e9gional d\u2019Acc\u00e8s \u00e0 l\u2019Electricit\u00e9 Hors R\u00e9seau","publisher":{"@id":"https:\/\/ecowas.rogeap.org\/pt-pt\/#organization"},"potentialAction":[{"@type":"SearchAction","target":{"@type":"EntryPoint","urlTemplate":"https:\/\/ecowas.rogeap.org\/pt-pt\/?s={search_term_string}"},"query-input":{"@type":"PropertyValueSpecification","valueRequired":true,"valueName":"search_term_string"}}],"inLanguage":"pt-PT"},{"@type":"Organization","@id":"https:\/\/ecowas.rogeap.org\/pt-pt\/#organization","name":"Projet d\u2019acc\u00e8s \u00e0 l\u2019\u00e9lectricit\u00e9 hors r\u00e9seau","url":"https:\/\/ecowas.rogeap.org\/pt-pt\/","logo":{"@type":"ImageObject","inLanguage":"pt-PT","@id":"https:\/\/ecowas.rogeap.org\/pt-pt\/#\/schema\/logo\/image\/","url":"https:\/\/ecowas.rogeap.org\/wp-content\/uploads\/2023\/08\/2.png","contentUrl":"https:\/\/ecowas.rogeap.org\/wp-content\/uploads\/2023\/08\/2.png","width":1359,"height":743,"caption":"Projet d\u2019acc\u00e8s \u00e0 l\u2019\u00e9lectricit\u00e9 hors r\u00e9seau"},"image":{"@id":"https:\/\/ecowas.rogeap.org\/pt-pt\/#\/schema\/logo\/image\/"},"sameAs":["https:\/\/www.facebook.com\/EcowasRogeap","https:\/\/x.com\/ERogeap","https:\/\/www.linkedin.com\/company\/ecowas-rogeap-regional-off-grid-electricity-access-project"]}]}},"_links":{"self":[{"href":"https:\/\/ecowas.rogeap.org\/pt-pt\/wp-json\/wp\/v2\/pages\/6745","targetHints":{"allow":["GET"]}}],"collection":[{"href":"https:\/\/ecowas.rogeap.org\/pt-pt\/wp-json\/wp\/v2\/pages"}],"about":[{"href":"https:\/\/ecowas.rogeap.org\/pt-pt\/wp-json\/wp\/v2\/types\/page"}],"author":[{"embeddable":true,"href":"https:\/\/ecowas.rogeap.org\/pt-pt\/wp-json\/wp\/v2\/users\/2"}],"replies":[{"embeddable":true,"href":"https:\/\/ecowas.rogeap.org\/pt-pt\/wp-json\/wp\/v2\/comments?post=6745"}],"version-history":[{"count":2,"href":"https:\/\/ecowas.rogeap.org\/pt-pt\/wp-json\/wp\/v2\/pages\/6745\/revisions"}],"predecessor-version":[{"id":7781,"href":"https:\/\/ecowas.rogeap.org\/pt-pt\/wp-json\/wp\/v2\/pages\/6745\/revisions\/7781"}],"up":[{"embeddable":true,"href":"https:\/\/ecowas.rogeap.org\/pt-pt\/wp-json\/wp\/v2\/pages\/6823"}],"wp:attachment":[{"href":"https:\/\/ecowas.rogeap.org\/pt-pt\/wp-json\/wp\/v2\/media?parent=6745"}],"curies":[{"name":"wp","href":"https:\/\/api.w.org\/{rel}","templated":true}]}}