{"id":6749,"date":"2023-08-10T21:02:12","date_gmt":"2023-08-10T21:02:12","guid":{"rendered":"https:\/\/ecowas.rogeap.org\/formulario-de-pedido-de-subvencao\/"},"modified":"2023-11-22T01:32:32","modified_gmt":"2023-11-22T01:32:32","slug":"formulario-de-pedido-de-subvencao","status":"publish","type":"page","link":"https:\/\/ecowas.rogeap.org\/pt-pt\/formulario-de-pedido-de-subvencao\/","title":{"rendered":"Formul\u00e1rio de pedido de subven\u00e7\u00e3o"},"content":{"rendered":"\t\t<div data-elementor-type=\"wp-post\" data-elementor-id=\"6749\" class=\"elementor elementor-6749 elementor-6082\">\n\t\t\t\t\t\t<section class=\"elementor-section elementor-top-section elementor-element elementor-element-bfd0bfc elementor-section-boxed elementor-section-height-default elementor-section-height-default\" data-id=\"bfd0bfc\" data-element_type=\"section\" data-e-type=\"section\">\n\t\t\t\t\t\t<div class=\"elementor-container elementor-column-gap-default\">\n\t\t\t\t\t<div class=\"elementor-column elementor-col-100 elementor-top-column elementor-element elementor-element-561212b column-style-top column-top\" data-id=\"561212b\" data-element_type=\"column\" data-e-type=\"column\">\n\t\t\t<div class=\"elementor-widget-wrap elementor-element-populated\">\n\t\t\t\t\t\t<div class=\"elementor-element elementor-element-93dcd61 elementor-widget elementor-widget-gva-icon-box-styles\" data-id=\"93dcd61\" data-element_type=\"widget\" data-e-type=\"widget\" data-widget_type=\"gva-icon-box-styles.default\">\n\t\t\t\t<div class=\"elementor-widget-container\">\n\t\t\t\t\t<div class=\"gva-element-gva-icon-box-styles gva-element\">\r\n         <div class=\"widget gsc-icon-box-styles style-1\">\r\n         \r\n                     <div class=\"icon-inner\">\r\n                                                <span class=\"icon icon-image\"><img decoding=\"async\" src=\"https:\/\/ecowas.rogeap.org\/wp-content\/uploads\/2023\/08\/icons8-argent-100.png\" alt=\"Demande de Subventions\"\/><\/span>\r\n                  \r\n            <\/div>\r\n         \r\n         <div class=\"content-inner\">\r\n                           <h3 class=\"title\">\r\n                  Demande de Subventions               <\/h3>\r\n            \r\n            \r\n         <\/div>\r\n      <\/div> \r\n   \r\n   \r\n      \r\n\r\n\r\n<\/div>\t\t\t\t<\/div>\n\t\t\t\t<\/div>\n\t\t\t\t\t<\/div>\n\t\t<\/div>\n\t\t\t\t\t<\/div>\n\t\t<\/section>\n\t\t\t\t<section class=\"elementor-section elementor-top-section elementor-element elementor-element-d78e962 elementor-section-boxed elementor-section-height-default elementor-section-height-default\" data-id=\"d78e962\" data-element_type=\"section\" data-e-type=\"section\">\n\t\t\t\t\t\t<div class=\"elementor-container elementor-column-gap-default\">\n\t\t\t\t\t<div class=\"elementor-column elementor-col-100 elementor-top-column elementor-element elementor-element-9e3e724 column-style-top column-top\" data-id=\"9e3e724\" data-element_type=\"column\" data-e-type=\"column\">\n\t\t\t<div class=\"elementor-widget-wrap elementor-element-populated\">\n\t\t\t\t\t\t<div class=\"elementor-element elementor-element-59e92f3 elementor-widget elementor-widget-heading\" data-id=\"59e92f3\" data-element_type=\"widget\" data-e-type=\"widget\" data-widget_type=\"heading.default\">\n\t\t\t\t<div class=\"elementor-widget-container\">\n\t\t\t\t\t<h2 class=\"elementor-heading-title elementor-size-default\"><a href=\"http:\/\/www.rogeappfm.org\">Para se candidatar a uma subven\u00e7\u00e3o, siga o link: <a href=\"www.rogeappfm.org\" target=\"blank\" style=\"color:blue\">www.rogeappfm.org.<\/a><\/a><\/h2>\t\t\t\t<\/div>\n\t\t\t\t<\/div>\n\t\t\t\t\t<\/div>\n\t\t<\/div>\n\t\t\t\t\t<\/div>\n\t\t<\/section>\n\t\t\t\t<section class=\"elementor-section elementor-top-section elementor-element elementor-element-f9a878d elementor-section-boxed elementor-section-height-default elementor-section-height-default\" data-id=\"f9a878d\" data-element_type=\"section\" data-e-type=\"section\">\n\t\t\t\t\t\t<div class=\"elementor-container elementor-column-gap-default\">\n\t\t\t\t\t<div class=\"elementor-column elementor-col-100 elementor-top-column elementor-element elementor-element-17e7202 column-style-top column-top\" data-id=\"17e7202\" data-element_type=\"column\" data-e-type=\"column\">\n\t\t\t<div class=\"elementor-widget-wrap\">\n\t\t\t\t\t\t\t<\/div>\n\t\t<\/div>\n\t\t\t\t\t<\/div>\n\t\t<\/section>\n\t\t\t\t<\/div>\n\t\t","protected":false},"excerpt":{"rendered":"<p>Demande de Subventions Para se candidatar a uma subven\u00e7\u00e3o, siga o link: www.rogeappfm.org.<\/p>\n","protected":false},"author":2,"featured_media":0,"parent":0,"menu_order":0,"comment_status":"closed","ping_status":"closed","template":"","meta":{"om_disable_all_campaigns":false,"_monsterinsights_skip_tracking":false,"_monsterinsights_sitenote_active":false,"_monsterinsights_sitenote_note":"","_monsterinsights_sitenote_category":0,"_uf_show_specific_survey":0,"_uf_disable_surveys":false,"footnotes":""},"class_list":["post-6749","page","type-page","status-publish","hentry"],"yoast_head":"<!-- This site is optimized with the Yoast SEO plugin v27.4 - https:\/\/yoast.com\/product\/yoast-seo-wordpress\/ -->\n<title>Formul\u00e1rio de pedido de subven\u00e7\u00e3o - ROGEAP<\/title>\n<meta name=\"description\" content=\"Formul\u00e1rio de candidatura a subs\u00eddios para projectos de acesso \u00e0 eletricidade fora da rede. Financiamento do seu projeto de eletrifica\u00e7\u00e3o rural.\" \/>\n<meta name=\"robots\" content=\"index, follow, max-snippet:-1, max-image-preview:large, max-video-preview:-1\" \/>\n<link rel=\"canonical\" href=\"https:\/\/ecowas.rogeap.org\/pt-pt\/formulario-de-pedido-de-subvencao\/\" \/>\n<meta property=\"og:locale\" content=\"pt_PT\" \/>\n<meta property=\"og:type\" content=\"article\" \/>\n<meta property=\"og:title\" content=\"Formul\u00e1rio de pedido de subven\u00e7\u00e3o - ROGEAP\" \/>\n<meta property=\"og:description\" content=\"Formul\u00e1rio de candidatura a subs\u00eddios para projectos de acesso \u00e0 eletricidade fora da rede. Financiamento do seu projeto de eletrifica\u00e7\u00e3o rural.\" \/>\n<meta property=\"og:url\" content=\"https:\/\/ecowas.rogeap.org\/pt-pt\/formulario-de-pedido-de-subvencao\/\" \/>\n<meta property=\"og:site_name\" content=\"ROGEAP\" \/>\n<meta property=\"article:publisher\" content=\"https:\/\/www.facebook.com\/EcowasRogeap\" \/>\n<meta property=\"article:modified_time\" content=\"2023-11-22T01:32:32+00:00\" \/>\n<meta property=\"og:image\" content=\"https:\/\/ecowas.rogeap.org\/wp-content\/uploads\/2023\/08\/icons8-argent-100.png\" \/>\n<meta name=\"twitter:card\" content=\"summary_large_image\" \/>\n<meta name=\"twitter:site\" content=\"@ERogeap\" \/>\n<script type=\"application\/ld+json\" class=\"yoast-schema-graph\">{\"@context\":\"https:\\\/\\\/schema.org\",\"@graph\":[{\"@type\":\"WebPage\",\"@id\":\"https:\\\/\\\/ecowas.rogeap.org\\\/pt-pt\\\/formulario-de-pedido-de-subvencao\\\/\",\"url\":\"https:\\\/\\\/ecowas.rogeap.org\\\/pt-pt\\\/formulario-de-pedido-de-subvencao\\\/\",\"name\":\"Formul\u00e1rio de pedido de subven\u00e7\u00e3o - ROGEAP\",\"isPartOf\":{\"@id\":\"https:\\\/\\\/ecowas.rogeap.org\\\/pt-pt\\\/#website\"},\"primaryImageOfPage\":{\"@id\":\"https:\\\/\\\/ecowas.rogeap.org\\\/pt-pt\\\/formulario-de-pedido-de-subvencao\\\/#primaryimage\"},\"image\":{\"@id\":\"https:\\\/\\\/ecowas.rogeap.org\\\/pt-pt\\\/formulario-de-pedido-de-subvencao\\\/#primaryimage\"},\"thumbnailUrl\":\"https:\\\/\\\/ecowas.rogeap.org\\\/wp-content\\\/uploads\\\/2023\\\/08\\\/icons8-argent-100.png\",\"datePublished\":\"2023-08-10T21:02:12+00:00\",\"dateModified\":\"2023-11-22T01:32:32+00:00\",\"description\":\"Formul\u00e1rio de candidatura a subs\u00eddios para projectos de acesso \u00e0 eletricidade fora da rede. Financiamento do seu projeto de eletrifica\u00e7\u00e3o rural.\",\"breadcrumb\":{\"@id\":\"https:\\\/\\\/ecowas.rogeap.org\\\/pt-pt\\\/formulario-de-pedido-de-subvencao\\\/#breadcrumb\"},\"inLanguage\":\"pt-PT\",\"potentialAction\":[{\"@type\":\"ReadAction\",\"target\":[\"https:\\\/\\\/ecowas.rogeap.org\\\/pt-pt\\\/formulario-de-pedido-de-subvencao\\\/\"]}]},{\"@type\":\"ImageObject\",\"inLanguage\":\"pt-PT\",\"@id\":\"https:\\\/\\\/ecowas.rogeap.org\\\/pt-pt\\\/formulario-de-pedido-de-subvencao\\\/#primaryimage\",\"url\":\"https:\\\/\\\/ecowas.rogeap.org\\\/wp-content\\\/uploads\\\/2023\\\/08\\\/icons8-argent-100.png\",\"contentUrl\":\"https:\\\/\\\/ecowas.rogeap.org\\\/wp-content\\\/uploads\\\/2023\\\/08\\\/icons8-argent-100.png\"},{\"@type\":\"BreadcrumbList\",\"@id\":\"https:\\\/\\\/ecowas.rogeap.org\\\/pt-pt\\\/formulario-de-pedido-de-subvencao\\\/#breadcrumb\",\"itemListElement\":[{\"@type\":\"ListItem\",\"position\":1,\"name\":\"Accueil\",\"item\":\"https:\\\/\\\/ecowas.rogeap.org\\\/pt-pt\\\/accueil\\\/\"},{\"@type\":\"ListItem\",\"position\":2,\"name\":\"Formul\u00e1rio de pedido de subven\u00e7\u00e3o\"}]},{\"@type\":\"WebSite\",\"@id\":\"https:\\\/\\\/ecowas.rogeap.org\\\/pt-pt\\\/#website\",\"url\":\"https:\\\/\\\/ecowas.rogeap.org\\\/pt-pt\\\/\",\"name\":\"ROGEAP\",\"description\":\"Projet R\u00e9gional d\u2019Acc\u00e8s \u00e0 l\u2019Electricit\u00e9 Hors R\u00e9seau\",\"publisher\":{\"@id\":\"https:\\\/\\\/ecowas.rogeap.org\\\/pt-pt\\\/#organization\"},\"potentialAction\":[{\"@type\":\"SearchAction\",\"target\":{\"@type\":\"EntryPoint\",\"urlTemplate\":\"https:\\\/\\\/ecowas.rogeap.org\\\/pt-pt\\\/?s={search_term_string}\"},\"query-input\":{\"@type\":\"PropertyValueSpecification\",\"valueRequired\":true,\"valueName\":\"search_term_string\"}}],\"inLanguage\":\"pt-PT\"},{\"@type\":\"Organization\",\"@id\":\"https:\\\/\\\/ecowas.rogeap.org\\\/pt-pt\\\/#organization\",\"name\":\"Projet d\u2019acc\u00e8s \u00e0 l\u2019\u00e9lectricit\u00e9 hors r\u00e9seau\",\"url\":\"https:\\\/\\\/ecowas.rogeap.org\\\/pt-pt\\\/\",\"logo\":{\"@type\":\"ImageObject\",\"inLanguage\":\"pt-PT\",\"@id\":\"https:\\\/\\\/ecowas.rogeap.org\\\/pt-pt\\\/#\\\/schema\\\/logo\\\/image\\\/\",\"url\":\"https:\\\/\\\/ecowas.rogeap.org\\\/wp-content\\\/uploads\\\/2023\\\/08\\\/2.png\",\"contentUrl\":\"https:\\\/\\\/ecowas.rogeap.org\\\/wp-content\\\/uploads\\\/2023\\\/08\\\/2.png\",\"width\":1359,\"height\":743,\"caption\":\"Projet d\u2019acc\u00e8s \u00e0 l\u2019\u00e9lectricit\u00e9 hors r\u00e9seau\"},\"image\":{\"@id\":\"https:\\\/\\\/ecowas.rogeap.org\\\/pt-pt\\\/#\\\/schema\\\/logo\\\/image\\\/\"},\"sameAs\":[\"https:\\\/\\\/www.facebook.com\\\/EcowasRogeap\",\"https:\\\/\\\/x.com\\\/ERogeap\",\"https:\\\/\\\/www.linkedin.com\\\/company\\\/ecowas-rogeap-regional-off-grid-electricity-access-project\"]}]}<\/script>\n<!-- \/ Yoast SEO plugin. -->","yoast_head_json":{"title":"Formul\u00e1rio de pedido de subven\u00e7\u00e3o - ROGEAP","description":"Formul\u00e1rio de candidatura a subs\u00eddios para projectos de acesso \u00e0 eletricidade fora da rede. Financiamento do seu projeto de eletrifica\u00e7\u00e3o rural.","robots":{"index":"index","follow":"follow","max-snippet":"max-snippet:-1","max-image-preview":"max-image-preview:large","max-video-preview":"max-video-preview:-1"},"canonical":"https:\/\/ecowas.rogeap.org\/pt-pt\/formulario-de-pedido-de-subvencao\/","og_locale":"pt_PT","og_type":"article","og_title":"Formul\u00e1rio de pedido de subven\u00e7\u00e3o - ROGEAP","og_description":"Formul\u00e1rio de candidatura a subs\u00eddios para projectos de acesso \u00e0 eletricidade fora da rede. Financiamento do seu projeto de eletrifica\u00e7\u00e3o rural.","og_url":"https:\/\/ecowas.rogeap.org\/pt-pt\/formulario-de-pedido-de-subvencao\/","og_site_name":"ROGEAP","article_publisher":"https:\/\/www.facebook.com\/EcowasRogeap","article_modified_time":"2023-11-22T01:32:32+00:00","og_image":[{"url":"https:\/\/ecowas.rogeap.org\/wp-content\/uploads\/2023\/08\/icons8-argent-100.png","type":"","width":"","height":""}],"twitter_card":"summary_large_image","twitter_site":"@ERogeap","schema":{"@context":"https:\/\/schema.org","@graph":[{"@type":"WebPage","@id":"https:\/\/ecowas.rogeap.org\/pt-pt\/formulario-de-pedido-de-subvencao\/","url":"https:\/\/ecowas.rogeap.org\/pt-pt\/formulario-de-pedido-de-subvencao\/","name":"Formul\u00e1rio de pedido de subven\u00e7\u00e3o - ROGEAP","isPartOf":{"@id":"https:\/\/ecowas.rogeap.org\/pt-pt\/#website"},"primaryImageOfPage":{"@id":"https:\/\/ecowas.rogeap.org\/pt-pt\/formulario-de-pedido-de-subvencao\/#primaryimage"},"image":{"@id":"https:\/\/ecowas.rogeap.org\/pt-pt\/formulario-de-pedido-de-subvencao\/#primaryimage"},"thumbnailUrl":"https:\/\/ecowas.rogeap.org\/wp-content\/uploads\/2023\/08\/icons8-argent-100.png","datePublished":"2023-08-10T21:02:12+00:00","dateModified":"2023-11-22T01:32:32+00:00","description":"Formul\u00e1rio de candidatura a subs\u00eddios para projectos de acesso \u00e0 eletricidade fora da rede. Financiamento do seu projeto de eletrifica\u00e7\u00e3o rural.","breadcrumb":{"@id":"https:\/\/ecowas.rogeap.org\/pt-pt\/formulario-de-pedido-de-subvencao\/#breadcrumb"},"inLanguage":"pt-PT","potentialAction":[{"@type":"ReadAction","target":["https:\/\/ecowas.rogeap.org\/pt-pt\/formulario-de-pedido-de-subvencao\/"]}]},{"@type":"ImageObject","inLanguage":"pt-PT","@id":"https:\/\/ecowas.rogeap.org\/pt-pt\/formulario-de-pedido-de-subvencao\/#primaryimage","url":"https:\/\/ecowas.rogeap.org\/wp-content\/uploads\/2023\/08\/icons8-argent-100.png","contentUrl":"https:\/\/ecowas.rogeap.org\/wp-content\/uploads\/2023\/08\/icons8-argent-100.png"},{"@type":"BreadcrumbList","@id":"https:\/\/ecowas.rogeap.org\/pt-pt\/formulario-de-pedido-de-subvencao\/#breadcrumb","itemListElement":[{"@type":"ListItem","position":1,"name":"Accueil","item":"https:\/\/ecowas.rogeap.org\/pt-pt\/accueil\/"},{"@type":"ListItem","position":2,"name":"Formul\u00e1rio de pedido de subven\u00e7\u00e3o"}]},{"@type":"WebSite","@id":"https:\/\/ecowas.rogeap.org\/pt-pt\/#website","url":"https:\/\/ecowas.rogeap.org\/pt-pt\/","name":"ROGEAP","description":"Projet R\u00e9gional d\u2019Acc\u00e8s \u00e0 l\u2019Electricit\u00e9 Hors R\u00e9seau","publisher":{"@id":"https:\/\/ecowas.rogeap.org\/pt-pt\/#organization"},"potentialAction":[{"@type":"SearchAction","target":{"@type":"EntryPoint","urlTemplate":"https:\/\/ecowas.rogeap.org\/pt-pt\/?s={search_term_string}"},"query-input":{"@type":"PropertyValueSpecification","valueRequired":true,"valueName":"search_term_string"}}],"inLanguage":"pt-PT"},{"@type":"Organization","@id":"https:\/\/ecowas.rogeap.org\/pt-pt\/#organization","name":"Projet d\u2019acc\u00e8s \u00e0 l\u2019\u00e9lectricit\u00e9 hors r\u00e9seau","url":"https:\/\/ecowas.rogeap.org\/pt-pt\/","logo":{"@type":"ImageObject","inLanguage":"pt-PT","@id":"https:\/\/ecowas.rogeap.org\/pt-pt\/#\/schema\/logo\/image\/","url":"https:\/\/ecowas.rogeap.org\/wp-content\/uploads\/2023\/08\/2.png","contentUrl":"https:\/\/ecowas.rogeap.org\/wp-content\/uploads\/2023\/08\/2.png","width":1359,"height":743,"caption":"Projet d\u2019acc\u00e8s \u00e0 l\u2019\u00e9lectricit\u00e9 hors r\u00e9seau"},"image":{"@id":"https:\/\/ecowas.rogeap.org\/pt-pt\/#\/schema\/logo\/image\/"},"sameAs":["https:\/\/www.facebook.com\/EcowasRogeap","https:\/\/x.com\/ERogeap","https:\/\/www.linkedin.com\/company\/ecowas-rogeap-regional-off-grid-electricity-access-project"]}]}},"_links":{"self":[{"href":"https:\/\/ecowas.rogeap.org\/pt-pt\/wp-json\/wp\/v2\/pages\/6749","targetHints":{"allow":["GET"]}}],"collection":[{"href":"https:\/\/ecowas.rogeap.org\/pt-pt\/wp-json\/wp\/v2\/pages"}],"about":[{"href":"https:\/\/ecowas.rogeap.org\/pt-pt\/wp-json\/wp\/v2\/types\/page"}],"author":[{"embeddable":true,"href":"https:\/\/ecowas.rogeap.org\/pt-pt\/wp-json\/wp\/v2\/users\/2"}],"replies":[{"embeddable":true,"href":"https:\/\/ecowas.rogeap.org\/pt-pt\/wp-json\/wp\/v2\/comments?post=6749"}],"version-history":[{"count":6,"href":"https:\/\/ecowas.rogeap.org\/pt-pt\/wp-json\/wp\/v2\/pages\/6749\/revisions"}],"predecessor-version":[{"id":8127,"href":"https:\/\/ecowas.rogeap.org\/pt-pt\/wp-json\/wp\/v2\/pages\/6749\/revisions\/8127"}],"wp:attachment":[{"href":"https:\/\/ecowas.rogeap.org\/pt-pt\/wp-json\/wp\/v2\/media?parent=6749"}],"curies":[{"name":"wp","href":"https:\/\/api.w.org\/{rel}","templated":true}]}}