{"id":6763,"date":"2023-07-09T18:36:50","date_gmt":"2023-07-09T18:36:50","guid":{"rendered":"https:\/\/ecowas.rogeap.org\/parceria-reach-desafio-de-acesso-as-energias-renovaveis\/"},"modified":"2023-08-31T10:31:57","modified_gmt":"2023-08-31T10:31:57","slug":"parceria-reach-desafio-de-acesso-as-energias-renovaveis","status":"publish","type":"page","link":"https:\/\/ecowas.rogeap.org\/pt-pt\/dominio-de-intervencao\/parceria-reach-desafio-de-acesso-as-energias-renovaveis\/","title":{"rendered":"Parceria REACH (Desafio de Acesso \u00e0s Energias Renov\u00e1veis)"},"content":{"rendered":"\t\t<div data-elementor-type=\"wp-post\" data-elementor-id=\"6763\" class=\"elementor elementor-6763 elementor-5244\">\n\t\t\t\t\t\t<section class=\"elementor-section elementor-top-section elementor-element elementor-element-6d3a7a0 elementor-section-boxed elementor-section-height-default elementor-section-height-default\" data-id=\"6d3a7a0\" data-element_type=\"section\" data-e-type=\"section\">\n\t\t\t\t\t\t<div class=\"elementor-container elementor-column-gap-default\">\n\t\t\t\t\t<div class=\"elementor-column elementor-col-100 elementor-top-column elementor-element elementor-element-67961cb column-style-top column-top\" data-id=\"67961cb\" data-element_type=\"column\" data-e-type=\"column\">\n\t\t\t<div class=\"elementor-widget-wrap elementor-element-populated\">\n\t\t\t\t\t\t<div class=\"elementor-element elementor-element-61bd4f4 elementor-widget elementor-widget-heading\" data-id=\"61bd4f4\" data-element_type=\"widget\" data-e-type=\"widget\" data-widget_type=\"heading.default\">\n\t\t\t\t<div class=\"elementor-widget-container\">\n\t\t\t\t\t<h2 class=\"elementor-heading-title elementor-size-default\">\n          <img decoding=\"async\" src=\"https:\/\/www.lightingglobal.org\/wp-content\/uploads\/2023\/05\/Reach-logo-300x120.jpg\">\n        <\/h2>\t\t\t\t<\/div>\n\t\t\t\t<\/div>\n\t\t\t\t\t<\/div>\n\t\t<\/div>\n\t\t\t\t\t<\/div>\n\t\t<\/section>\n\t\t\t\t<section class=\"elementor-section elementor-top-section elementor-element elementor-element-1cd2635 elementor-section-boxed elementor-section-height-default elementor-section-height-default\" data-id=\"1cd2635\" data-element_type=\"section\" data-e-type=\"section\">\n\t\t\t\t\t\t<div class=\"elementor-container elementor-column-gap-default\">\n\t\t\t\t\t<div class=\"elementor-column elementor-col-100 elementor-top-column elementor-element elementor-element-6ce45f4 column-style-top column-top\" data-id=\"6ce45f4\" data-element_type=\"column\" data-e-type=\"column\">\n\t\t\t<div class=\"elementor-widget-wrap elementor-element-populated\">\n\t\t\t\t\t\t<div class=\"elementor-element elementor-element-2080e3a elementor-widget elementor-widget-text-editor\" data-id=\"2080e3a\" data-element_type=\"widget\" data-e-type=\"widget\" data-widget_type=\"text-editor.default\">\n\t\t\t\t<div class=\"elementor-widget-container\">\n\t\t\t\t\t\t\t\t\t\n          <p>\n            <span>A parceria do Desafio de Acesso \u00e0s Energias Renov\u00e1veis (REACH) dedica-se a acelerar o acesso \u00e0 energia limpa nas zonas mais dif\u00edceis de servir da \u00c1frica Subsariana.<\/span>\n          <\/p>\n          \n\n          <p>\n            <span>Desde 2012, 493 milh\u00f5es de pessoas obtiveram acesso \u00e0 energia atrav\u00e9s de produtos solares fora da rede.&nbsp;No entanto, apesar deste incr\u00edvel feito, o mundo ainda n\u00e3o est\u00e1 no bom caminho para cumprir o Objetivo de Desenvolvimento Sustent\u00e1vel (ODS) 7 &#8211; acesso universal \u00e0 energia &#8211; at\u00e9 2030. O maior d\u00e9fice verificar-se-\u00e1 na \u00c1frica Subsariana (ASS), onde quase 600 milh\u00f5es de pessoas vivem na pobreza.<\/span>\n            <span><a href=\"https:\/\/www.iea.org\/reports\/sdg7-data-and-projections\/access-to-electricity\">s\u00e3o<\/a>&nbsp;projectados para continuar a viver sem eletricidade em 2030, obrigando centenas de milh\u00f5es de pessoas a permanecer dependentes de fontes de ilumina\u00e7\u00e3o e energia poluentes, caras e perigosas.As solu\u00e7\u00f5es solares fora da rede t\u00eam o potencial de fornecer eletricidade limpa e acess\u00edvel a mais de 65% dos africanos subsarianos at\u00e9 2030 (464 milh\u00f5es de pessoas), mas os fluxos de investimento ainda n\u00e3o atingiram a escala necess\u00e1ria para transformar esta oportunidade em realidade.<\/span>\n          <\/p>\n          \n\n          <p><span>Para colmatar o d\u00e9fice de acesso \u00e0 energia, os esfor\u00e7os ter\u00e3o de ser reorientados para as popula\u00e7\u00f5es mais pobres e mais remotas.<\/span><\/p>\n        \t\t\t\t\t\t\t\t<\/div>\n\t\t\t\t<\/div>\n\t\t\t\t\t<\/div>\n\t\t<\/div>\n\t\t\t\t\t<\/div>\n\t\t<\/section>\n\t\t\t\t<section class=\"elementor-section elementor-top-section elementor-element elementor-element-9d25ded elementor-section-boxed elementor-section-height-default elementor-section-height-default\" data-id=\"9d25ded\" data-element_type=\"section\" data-e-type=\"section\">\n\t\t\t\t\t\t<div class=\"elementor-container elementor-column-gap-default\">\n\t\t\t\t\t<div class=\"elementor-column elementor-col-100 elementor-top-column elementor-element elementor-element-d348838 column-style-top column-top\" data-id=\"d348838\" data-element_type=\"column\" data-e-type=\"column\">\n\t\t\t<div class=\"elementor-widget-wrap elementor-element-populated\">\n\t\t\t\t\t\t<div class=\"elementor-element elementor-element-82d0983 elementor-widget elementor-widget-heading\" data-id=\"82d0983\" data-element_type=\"widget\" data-e-type=\"widget\" data-widget_type=\"heading.default\">\n\t\t\t\t<div class=\"elementor-widget-container\">\n\t\t\t\t\t<h2 class=\"elementor-heading-title elementor-size-default\">Destaque para o primeiro acesso<\/h2>\t\t\t\t<\/div>\n\t\t\t\t<\/div>\n\t\t\t\t\t<\/div>\n\t\t<\/div>\n\t\t\t\t\t<\/div>\n\t\t<\/section>\n\t\t\t\t<section class=\"elementor-section elementor-top-section elementor-element elementor-element-88ff7d5 elementor-section-boxed elementor-section-height-default elementor-section-height-default\" data-id=\"88ff7d5\" data-element_type=\"section\" data-e-type=\"section\">\n\t\t\t\t\t\t<div class=\"elementor-container elementor-column-gap-default\">\n\t\t\t\t\t<div class=\"elementor-column elementor-col-100 elementor-top-column elementor-element elementor-element-97fdeb7 column-style-top column-top\" data-id=\"97fdeb7\" data-element_type=\"column\" data-e-type=\"column\">\n\t\t\t<div class=\"elementor-widget-wrap elementor-element-populated\">\n\t\t\t\t\t\t<div class=\"elementor-element elementor-element-cb9f738 elementor-widget elementor-widget-text-editor\" data-id=\"cb9f738\" data-element_type=\"widget\" data-e-type=\"widget\" data-widget_type=\"text-editor.default\">\n\t\t\t\t<div class=\"elementor-widget-container\">\n\t\t\t\t\t\t\t\t\t<p style=\"color: #000000; font-family: 'Source Sans Pro', sans-serif; font-size: 20px;\">A nova parceria do Desafio de Acesso \u00e0s Energias Renov\u00e1veis (REACH) tem por objetivo alargar pela primeira vez o acesso \u00e0 energia \u00e0s regi\u00f5es e popula\u00e7\u00f5es em maior risco de serem deixadas para tr\u00e1s.Os mercados fora da rede s\u00e3o largamente inexistentes nas regi\u00f5es mais pobres, remotas e inst\u00e1veis (FCV) &#8211; onde vivem 89% da popula\u00e7\u00e3o que poderia ser servida de forma mais rent\u00e1vel fora da rede.Estes mercados s\u00e3o os mais dif\u00edceis de construir, o que significa que os pr\u00f3ximos 464 milh\u00f5es de pessoas ser\u00e3o ainda mais dif\u00edceis de alcan\u00e7ar do que os primeiros 400 milh\u00f5es ou mais.O REACH destaca as necessidades destas pessoas, com o objetivo de lhes permitir, pelo menos, p\u00f4r o primeiro p\u00e9 na escada da energia.<\/p>\n\t\t\t\t\t\t\t\t<\/div>\n\t\t\t\t<\/div>\n\t\t\t\t\t<\/div>\n\t\t<\/div>\n\t\t\t\t\t<\/div>\n\t\t<\/section>\n\t\t\t\t<section class=\"elementor-section elementor-top-section elementor-element elementor-element-fab8636 elementor-section-boxed elementor-section-height-default elementor-section-height-default\" data-id=\"fab8636\" data-element_type=\"section\" data-e-type=\"section\">\n\t\t\t\t\t\t<div class=\"elementor-container elementor-column-gap-default\">\n\t\t\t\t\t<div class=\"elementor-column elementor-col-100 elementor-top-column elementor-element elementor-element-90a774c column-style-top column-top\" data-id=\"90a774c\" data-element_type=\"column\" data-e-type=\"column\">\n\t\t\t<div class=\"elementor-widget-wrap elementor-element-populated\">\n\t\t\t\t\t\t<div class=\"elementor-element elementor-element-b982527 elementor-widget elementor-widget-heading\" data-id=\"b982527\" data-element_type=\"widget\" data-e-type=\"widget\" data-widget_type=\"heading.default\">\n\t\t\t\t<div class=\"elementor-widget-container\">\n\t\t\t\t\t<h2 class=\"elementor-heading-title elementor-size-default\">Chegar a mais pessoas, mais rapidamente, atrav\u00e9s da colabora\u00e7\u00e3o<\/h2>\t\t\t\t<\/div>\n\t\t\t\t<\/div>\n\t\t\t\t\t<\/div>\n\t\t<\/div>\n\t\t\t\t\t<\/div>\n\t\t<\/section>\n\t\t\t\t<section class=\"elementor-section elementor-top-section elementor-element elementor-element-b4d3fc8 elementor-section-boxed elementor-section-height-default elementor-section-height-default\" data-id=\"b4d3fc8\" data-element_type=\"section\" data-e-type=\"section\">\n\t\t\t\t\t\t<div class=\"elementor-container elementor-column-gap-default\">\n\t\t\t\t\t<div class=\"elementor-column elementor-col-100 elementor-top-column elementor-element elementor-element-67dafd3 column-style-top column-top\" data-id=\"67dafd3\" data-element_type=\"column\" data-e-type=\"column\">\n\t\t\t<div class=\"elementor-widget-wrap elementor-element-populated\">\n\t\t\t\t\t\t<div class=\"elementor-element elementor-element-a08b3c0 elementor-widget elementor-widget-text-editor\" data-id=\"a08b3c0\" data-element_type=\"widget\" data-e-type=\"widget\" data-widget_type=\"text-editor.default\">\n\t\t\t\t<div class=\"elementor-widget-container\">\n\t\t\t\t\t\t\t\t\t<p>Um grupo de profissionais de topo juntou-se para formar a parceria Renewable Energy Access Challenge (REACH). Podemos avan\u00e7ar mais rapidamente aproveitando os pontos fortes de cada um &#8211; se n\u00e3o o fizermos, arriscamo-nos a adotar uma abordagem fragmentada e ad hoc com um impacto marginal. Juntos, podemos tirar partido da experi\u00eancia colectiva e do historial dos l\u00edderes de mercado e chegar \u00e0s regi\u00f5es e aos clientes em risco de ficarem para tr\u00e1s na transi\u00e7\u00e3o para as energias limpas.  <\/p>\n<p>Cada um dos parceiros REACH tem uma experi\u00eancia profunda dos elementos b\u00e1sicos necess\u00e1rios para ativar o mercado, sublinhada pelos progressos colectivos que fizemos na \u00faltima d\u00e9cada. Estas compet\u00eancias incluem :<\/p>\n<ul>\n<li>Conhecimento do mercado  <\/li>\n<li>Refor\u00e7o de capacidades &#8211; incluindo assist\u00eancia t\u00e9cnica &#8211; para todas as partes interessadas (empresas, financiadores e governos)<\/li>\n<li>Sensibiliza\u00e7\u00e3o e prote\u00e7\u00e3o dos consumidores  <\/li>\n<li>Apoio pol\u00edtico e regulamentar para criar um ambiente favor\u00e1vel  <\/li>\n<li>Acesso ao financiamento e redu\u00e7\u00e3o do risco de investimento  <\/li>\n<li>Subs\u00eddios ao utilizador final para colmatar o d\u00e9fice de acessibilidade  <\/li>\n<\/ul>\n\t\t\t\t\t\t\t\t<\/div>\n\t\t\t\t<\/div>\n\t\t\t\t\t<\/div>\n\t\t<\/div>\n\t\t\t\t\t<\/div>\n\t\t<\/section>\n\t\t\t\t<section class=\"elementor-section elementor-top-section elementor-element elementor-element-4d0ffbf elementor-section-boxed elementor-section-height-default elementor-section-height-default\" data-id=\"4d0ffbf\" data-element_type=\"section\" data-e-type=\"section\">\n\t\t\t\t\t\t<div class=\"elementor-container elementor-column-gap-default\">\n\t\t\t\t\t<div class=\"elementor-column elementor-col-100 elementor-top-column elementor-element elementor-element-cd876ea column-style-top column-top\" data-id=\"cd876ea\" data-element_type=\"column\" data-e-type=\"column\">\n\t\t\t<div class=\"elementor-widget-wrap elementor-element-populated\">\n\t\t\t\t\t\t<div class=\"elementor-element elementor-element-65dc36d elementor-widget elementor-widget-heading\" data-id=\"65dc36d\" data-element_type=\"widget\" data-e-type=\"widget\" data-widget_type=\"heading.default\">\n\t\t\t\t<div class=\"elementor-widget-container\">\n\t\t\t\t\t<h2 class=\"elementor-heading-title elementor-size-default\">Colmatar o d\u00e9fice de investimento<\/h2>\t\t\t\t<\/div>\n\t\t\t\t<\/div>\n\t\t\t\t\t<\/div>\n\t\t<\/div>\n\t\t\t\t\t<\/div>\n\t\t<\/section>\n\t\t\t\t<section class=\"elementor-section elementor-top-section elementor-element elementor-element-6517b83 elementor-section-boxed elementor-section-height-default elementor-section-height-default\" data-id=\"6517b83\" data-element_type=\"section\" data-e-type=\"section\">\n\t\t\t\t\t\t<div class=\"elementor-container elementor-column-gap-default\">\n\t\t\t\t\t<div class=\"elementor-column elementor-col-100 elementor-top-column elementor-element elementor-element-2b5e472 column-style-top column-top\" data-id=\"2b5e472\" data-element_type=\"column\" data-e-type=\"column\">\n\t\t\t<div class=\"elementor-widget-wrap elementor-element-populated\">\n\t\t\t\t\t\t<div class=\"elementor-element elementor-element-65cf497 elementor-widget elementor-widget-text-editor\" data-id=\"65cf497\" data-element_type=\"widget\" data-e-type=\"widget\" data-widget_type=\"text-editor.default\">\n\t\t\t\t<div class=\"elementor-widget-container\">\n\t\t\t\t\t\t\t\t\t<p>Colmatar o d\u00e9fice de investimento ser\u00e1 fundamental para chegar aos mercados emergentes e alcan\u00e7ar o ODS7. Atualmente, o investimento em energia fora da rede est\u00e1 largamente concentrado em mercados estabelecidos de baixo risco, que s\u00e3o mais atraentes para os investidores. Entretanto, os mercados emergentes da \u00c1frica Subsariana, com tarifas de eletricidade baixas, est\u00e3o a atrair apenas uma fra\u00e7\u00e3o do investimento global no sector solar fora da rede. As comunidades de baixos rendimentos nestes mercados mal servidos dever\u00e3o continuar a sofrer mais com os impactos das altera\u00e7\u00f5es clim\u00e1ticas e, a menos que algo mude, ser\u00e3o as que menos beneficiar\u00e3o do capital global afetado \u00e0s energias renov\u00e1veis e ao investimento inteligente em mat\u00e9ria de clima.<\/p>\n\t\t\t\t\t\t\t\t<\/div>\n\t\t\t\t<\/div>\n\t\t\t\t\t<\/div>\n\t\t<\/div>\n\t\t\t\t\t<\/div>\n\t\t<\/section>\n\t\t\t\t<\/div>\n\t\t","protected":false},"excerpt":{"rendered":"<p>A parceria do Desafio de Acesso \u00e0s Energias Renov\u00e1veis (REACH) dedica-se a acelerar o acesso \u00e0 energia limpa nas zonas mais dif\u00edceis de servir da \u00c1frica Subsariana. Desde 2012, 493 milh\u00f5es de pessoas obtiveram acesso \u00e0 energia atrav\u00e9s de produtos solares fora da rede.&nbsp;No entanto, apesar deste incr\u00edvel feito, o mundo ainda n\u00e3o est\u00e1 no [&hellip;]<\/p>\n","protected":false},"author":2,"featured_media":0,"parent":6838,"menu_order":0,"comment_status":"closed","ping_status":"closed","template":"","meta":{"om_disable_all_campaigns":false,"_monsterinsights_skip_tracking":false,"_monsterinsights_sitenote_active":false,"_monsterinsights_sitenote_note":"","_monsterinsights_sitenote_category":0,"_uf_show_specific_survey":0,"_uf_disable_surveys":false,"footnotes":""},"class_list":["post-6763","page","type-page","status-publish","hentry"],"yoast_head":"<!-- This site is optimized with the Yoast SEO plugin v27.4 - https:\/\/yoast.com\/product\/yoast-seo-wordpress\/ -->\n<title>Parceria REACH (Desafio de Acesso \u00e0s Energias Renov\u00e1veis) - ROGEAP<\/title>\n<meta name=\"robots\" content=\"index, follow, max-snippet:-1, max-image-preview:large, max-video-preview:-1\" \/>\n<link rel=\"canonical\" href=\"https:\/\/ecowas.rogeap.org\/pt-pt\/dominio-de-intervencao\/parceria-reach-desafio-de-acesso-as-energias-renovaveis\/\" \/>\n<meta property=\"og:locale\" content=\"pt_PT\" \/>\n<meta property=\"og:type\" content=\"article\" \/>\n<meta property=\"og:title\" content=\"Parceria REACH (Desafio de Acesso \u00e0s Energias Renov\u00e1veis) - ROGEAP\" \/>\n<meta property=\"og:description\" content=\"A parceria do Desafio de Acesso \u00e0s Energias Renov\u00e1veis (REACH) dedica-se a acelerar o acesso \u00e0 energia limpa nas zonas mais dif\u00edceis de servir da \u00c1frica Subsariana. Desde 2012, 493 milh\u00f5es de pessoas obtiveram acesso \u00e0 energia atrav\u00e9s de produtos solares fora da rede.&nbsp;No entanto, apesar deste incr\u00edvel feito, o mundo ainda n\u00e3o est\u00e1 no [&hellip;]\" \/>\n<meta property=\"og:url\" content=\"https:\/\/ecowas.rogeap.org\/pt-pt\/dominio-de-intervencao\/parceria-reach-desafio-de-acesso-as-energias-renovaveis\/\" \/>\n<meta property=\"og:site_name\" content=\"ROGEAP\" \/>\n<meta property=\"article:publisher\" content=\"https:\/\/www.facebook.com\/EcowasRogeap\" \/>\n<meta property=\"article:modified_time\" content=\"2023-08-31T10:31:57+00:00\" \/>\n<meta property=\"og:image\" content=\"https:\/\/www.lightingglobal.org\/wp-content\/uploads\/2023\/05\/Reach-logo-300x120.jpg\" \/>\n<meta name=\"twitter:card\" content=\"summary_large_image\" \/>\n<meta name=\"twitter:site\" content=\"@ERogeap\" \/>\n<meta name=\"twitter:label1\" content=\"Tempo estimado de leitura\" \/>\n\t<meta name=\"twitter:data1\" content=\"3 minutos\" \/>\n<script type=\"application\/ld+json\" class=\"yoast-schema-graph\">{\"@context\":\"https:\\\/\\\/schema.org\",\"@graph\":[{\"@type\":\"WebPage\",\"@id\":\"https:\\\/\\\/ecowas.rogeap.org\\\/pt-pt\\\/dominio-de-intervencao\\\/parceria-reach-desafio-de-acesso-as-energias-renovaveis\\\/\",\"url\":\"https:\\\/\\\/ecowas.rogeap.org\\\/pt-pt\\\/dominio-de-intervencao\\\/parceria-reach-desafio-de-acesso-as-energias-renovaveis\\\/\",\"name\":\"Parceria REACH (Desafio de Acesso \u00e0s Energias Renov\u00e1veis) - ROGEAP\",\"isPartOf\":{\"@id\":\"https:\\\/\\\/ecowas.rogeap.org\\\/pt-pt\\\/#website\"},\"primaryImageOfPage\":{\"@id\":\"https:\\\/\\\/ecowas.rogeap.org\\\/pt-pt\\\/dominio-de-intervencao\\\/parceria-reach-desafio-de-acesso-as-energias-renovaveis\\\/#primaryimage\"},\"image\":{\"@id\":\"https:\\\/\\\/ecowas.rogeap.org\\\/pt-pt\\\/dominio-de-intervencao\\\/parceria-reach-desafio-de-acesso-as-energias-renovaveis\\\/#primaryimage\"},\"thumbnailUrl\":\"https:\\\/\\\/www.lightingglobal.org\\\/wp-content\\\/uploads\\\/2023\\\/05\\\/Reach-logo-300x120.jpg\",\"datePublished\":\"2023-07-09T18:36:50+00:00\",\"dateModified\":\"2023-08-31T10:31:57+00:00\",\"breadcrumb\":{\"@id\":\"https:\\\/\\\/ecowas.rogeap.org\\\/pt-pt\\\/dominio-de-intervencao\\\/parceria-reach-desafio-de-acesso-as-energias-renovaveis\\\/#breadcrumb\"},\"inLanguage\":\"pt-PT\",\"potentialAction\":[{\"@type\":\"ReadAction\",\"target\":[\"https:\\\/\\\/ecowas.rogeap.org\\\/pt-pt\\\/dominio-de-intervencao\\\/parceria-reach-desafio-de-acesso-as-energias-renovaveis\\\/\"]}]},{\"@type\":\"ImageObject\",\"inLanguage\":\"pt-PT\",\"@id\":\"https:\\\/\\\/ecowas.rogeap.org\\\/pt-pt\\\/dominio-de-intervencao\\\/parceria-reach-desafio-de-acesso-as-energias-renovaveis\\\/#primaryimage\",\"url\":\"https:\\\/\\\/www.lightingglobal.org\\\/wp-content\\\/uploads\\\/2023\\\/05\\\/Reach-logo-300x120.jpg\",\"contentUrl\":\"https:\\\/\\\/www.lightingglobal.org\\\/wp-content\\\/uploads\\\/2023\\\/05\\\/Reach-logo-300x120.jpg\"},{\"@type\":\"BreadcrumbList\",\"@id\":\"https:\\\/\\\/ecowas.rogeap.org\\\/pt-pt\\\/dominio-de-intervencao\\\/parceria-reach-desafio-de-acesso-as-energias-renovaveis\\\/#breadcrumb\",\"itemListElement\":[{\"@type\":\"ListItem\",\"position\":1,\"name\":\"Accueil\",\"item\":\"https:\\\/\\\/ecowas.rogeap.org\\\/pt-pt\\\/accueil\\\/\"},{\"@type\":\"ListItem\",\"position\":2,\"name\":\"Parceria REACH (Desafio de Acesso \u00e0s Energias Renov\u00e1veis)\"}]},{\"@type\":\"WebSite\",\"@id\":\"https:\\\/\\\/ecowas.rogeap.org\\\/pt-pt\\\/#website\",\"url\":\"https:\\\/\\\/ecowas.rogeap.org\\\/pt-pt\\\/\",\"name\":\"ROGEAP\",\"description\":\"Projet R\u00e9gional d\u2019Acc\u00e8s \u00e0 l\u2019Electricit\u00e9 Hors R\u00e9seau\",\"publisher\":{\"@id\":\"https:\\\/\\\/ecowas.rogeap.org\\\/pt-pt\\\/#organization\"},\"potentialAction\":[{\"@type\":\"SearchAction\",\"target\":{\"@type\":\"EntryPoint\",\"urlTemplate\":\"https:\\\/\\\/ecowas.rogeap.org\\\/pt-pt\\\/?s={search_term_string}\"},\"query-input\":{\"@type\":\"PropertyValueSpecification\",\"valueRequired\":true,\"valueName\":\"search_term_string\"}}],\"inLanguage\":\"pt-PT\"},{\"@type\":\"Organization\",\"@id\":\"https:\\\/\\\/ecowas.rogeap.org\\\/pt-pt\\\/#organization\",\"name\":\"Projet d\u2019acc\u00e8s \u00e0 l\u2019\u00e9lectricit\u00e9 hors r\u00e9seau\",\"url\":\"https:\\\/\\\/ecowas.rogeap.org\\\/pt-pt\\\/\",\"logo\":{\"@type\":\"ImageObject\",\"inLanguage\":\"pt-PT\",\"@id\":\"https:\\\/\\\/ecowas.rogeap.org\\\/pt-pt\\\/#\\\/schema\\\/logo\\\/image\\\/\",\"url\":\"https:\\\/\\\/ecowas.rogeap.org\\\/wp-content\\\/uploads\\\/2023\\\/08\\\/2.png\",\"contentUrl\":\"https:\\\/\\\/ecowas.rogeap.org\\\/wp-content\\\/uploads\\\/2023\\\/08\\\/2.png\",\"width\":1359,\"height\":743,\"caption\":\"Projet d\u2019acc\u00e8s \u00e0 l\u2019\u00e9lectricit\u00e9 hors r\u00e9seau\"},\"image\":{\"@id\":\"https:\\\/\\\/ecowas.rogeap.org\\\/pt-pt\\\/#\\\/schema\\\/logo\\\/image\\\/\"},\"sameAs\":[\"https:\\\/\\\/www.facebook.com\\\/EcowasRogeap\",\"https:\\\/\\\/x.com\\\/ERogeap\",\"https:\\\/\\\/www.linkedin.com\\\/company\\\/ecowas-rogeap-regional-off-grid-electricity-access-project\"]}]}<\/script>\n<!-- \/ Yoast SEO plugin. -->","yoast_head_json":{"title":"Parceria REACH (Desafio de Acesso \u00e0s Energias Renov\u00e1veis) - ROGEAP","robots":{"index":"index","follow":"follow","max-snippet":"max-snippet:-1","max-image-preview":"max-image-preview:large","max-video-preview":"max-video-preview:-1"},"canonical":"https:\/\/ecowas.rogeap.org\/pt-pt\/dominio-de-intervencao\/parceria-reach-desafio-de-acesso-as-energias-renovaveis\/","og_locale":"pt_PT","og_type":"article","og_title":"Parceria REACH (Desafio de Acesso \u00e0s Energias Renov\u00e1veis) - ROGEAP","og_description":"A parceria do Desafio de Acesso \u00e0s Energias Renov\u00e1veis (REACH) dedica-se a acelerar o acesso \u00e0 energia limpa nas zonas mais dif\u00edceis de servir da \u00c1frica Subsariana. Desde 2012, 493 milh\u00f5es de pessoas obtiveram acesso \u00e0 energia atrav\u00e9s de produtos solares fora da rede.&nbsp;No entanto, apesar deste incr\u00edvel feito, o mundo ainda n\u00e3o est\u00e1 no [&hellip;]","og_url":"https:\/\/ecowas.rogeap.org\/pt-pt\/dominio-de-intervencao\/parceria-reach-desafio-de-acesso-as-energias-renovaveis\/","og_site_name":"ROGEAP","article_publisher":"https:\/\/www.facebook.com\/EcowasRogeap","article_modified_time":"2023-08-31T10:31:57+00:00","og_image":[{"url":"https:\/\/www.lightingglobal.org\/wp-content\/uploads\/2023\/05\/Reach-logo-300x120.jpg","type":"","width":"","height":""}],"twitter_card":"summary_large_image","twitter_site":"@ERogeap","twitter_misc":{"Tempo estimado de leitura":"3 minutos"},"schema":{"@context":"https:\/\/schema.org","@graph":[{"@type":"WebPage","@id":"https:\/\/ecowas.rogeap.org\/pt-pt\/dominio-de-intervencao\/parceria-reach-desafio-de-acesso-as-energias-renovaveis\/","url":"https:\/\/ecowas.rogeap.org\/pt-pt\/dominio-de-intervencao\/parceria-reach-desafio-de-acesso-as-energias-renovaveis\/","name":"Parceria REACH (Desafio de Acesso \u00e0s Energias Renov\u00e1veis) - ROGEAP","isPartOf":{"@id":"https:\/\/ecowas.rogeap.org\/pt-pt\/#website"},"primaryImageOfPage":{"@id":"https:\/\/ecowas.rogeap.org\/pt-pt\/dominio-de-intervencao\/parceria-reach-desafio-de-acesso-as-energias-renovaveis\/#primaryimage"},"image":{"@id":"https:\/\/ecowas.rogeap.org\/pt-pt\/dominio-de-intervencao\/parceria-reach-desafio-de-acesso-as-energias-renovaveis\/#primaryimage"},"thumbnailUrl":"https:\/\/www.lightingglobal.org\/wp-content\/uploads\/2023\/05\/Reach-logo-300x120.jpg","datePublished":"2023-07-09T18:36:50+00:00","dateModified":"2023-08-31T10:31:57+00:00","breadcrumb":{"@id":"https:\/\/ecowas.rogeap.org\/pt-pt\/dominio-de-intervencao\/parceria-reach-desafio-de-acesso-as-energias-renovaveis\/#breadcrumb"},"inLanguage":"pt-PT","potentialAction":[{"@type":"ReadAction","target":["https:\/\/ecowas.rogeap.org\/pt-pt\/dominio-de-intervencao\/parceria-reach-desafio-de-acesso-as-energias-renovaveis\/"]}]},{"@type":"ImageObject","inLanguage":"pt-PT","@id":"https:\/\/ecowas.rogeap.org\/pt-pt\/dominio-de-intervencao\/parceria-reach-desafio-de-acesso-as-energias-renovaveis\/#primaryimage","url":"https:\/\/www.lightingglobal.org\/wp-content\/uploads\/2023\/05\/Reach-logo-300x120.jpg","contentUrl":"https:\/\/www.lightingglobal.org\/wp-content\/uploads\/2023\/05\/Reach-logo-300x120.jpg"},{"@type":"BreadcrumbList","@id":"https:\/\/ecowas.rogeap.org\/pt-pt\/dominio-de-intervencao\/parceria-reach-desafio-de-acesso-as-energias-renovaveis\/#breadcrumb","itemListElement":[{"@type":"ListItem","position":1,"name":"Accueil","item":"https:\/\/ecowas.rogeap.org\/pt-pt\/accueil\/"},{"@type":"ListItem","position":2,"name":"Parceria REACH (Desafio de Acesso \u00e0s Energias Renov\u00e1veis)"}]},{"@type":"WebSite","@id":"https:\/\/ecowas.rogeap.org\/pt-pt\/#website","url":"https:\/\/ecowas.rogeap.org\/pt-pt\/","name":"ROGEAP","description":"Projet R\u00e9gional d\u2019Acc\u00e8s \u00e0 l\u2019Electricit\u00e9 Hors R\u00e9seau","publisher":{"@id":"https:\/\/ecowas.rogeap.org\/pt-pt\/#organization"},"potentialAction":[{"@type":"SearchAction","target":{"@type":"EntryPoint","urlTemplate":"https:\/\/ecowas.rogeap.org\/pt-pt\/?s={search_term_string}"},"query-input":{"@type":"PropertyValueSpecification","valueRequired":true,"valueName":"search_term_string"}}],"inLanguage":"pt-PT"},{"@type":"Organization","@id":"https:\/\/ecowas.rogeap.org\/pt-pt\/#organization","name":"Projet d\u2019acc\u00e8s \u00e0 l\u2019\u00e9lectricit\u00e9 hors r\u00e9seau","url":"https:\/\/ecowas.rogeap.org\/pt-pt\/","logo":{"@type":"ImageObject","inLanguage":"pt-PT","@id":"https:\/\/ecowas.rogeap.org\/pt-pt\/#\/schema\/logo\/image\/","url":"https:\/\/ecowas.rogeap.org\/wp-content\/uploads\/2023\/08\/2.png","contentUrl":"https:\/\/ecowas.rogeap.org\/wp-content\/uploads\/2023\/08\/2.png","width":1359,"height":743,"caption":"Projet d\u2019acc\u00e8s \u00e0 l\u2019\u00e9lectricit\u00e9 hors r\u00e9seau"},"image":{"@id":"https:\/\/ecowas.rogeap.org\/pt-pt\/#\/schema\/logo\/image\/"},"sameAs":["https:\/\/www.facebook.com\/EcowasRogeap","https:\/\/x.com\/ERogeap","https:\/\/www.linkedin.com\/company\/ecowas-rogeap-regional-off-grid-electricity-access-project"]}]}},"_links":{"self":[{"href":"https:\/\/ecowas.rogeap.org\/pt-pt\/wp-json\/wp\/v2\/pages\/6763","targetHints":{"allow":["GET"]}}],"collection":[{"href":"https:\/\/ecowas.rogeap.org\/pt-pt\/wp-json\/wp\/v2\/pages"}],"about":[{"href":"https:\/\/ecowas.rogeap.org\/pt-pt\/wp-json\/wp\/v2\/types\/page"}],"author":[{"embeddable":true,"href":"https:\/\/ecowas.rogeap.org\/pt-pt\/wp-json\/wp\/v2\/users\/2"}],"replies":[{"embeddable":true,"href":"https:\/\/ecowas.rogeap.org\/pt-pt\/wp-json\/wp\/v2\/comments?post=6763"}],"version-history":[{"count":2,"href":"https:\/\/ecowas.rogeap.org\/pt-pt\/wp-json\/wp\/v2\/pages\/6763\/revisions"}],"predecessor-version":[{"id":6777,"href":"https:\/\/ecowas.rogeap.org\/pt-pt\/wp-json\/wp\/v2\/pages\/6763\/revisions\/6777"}],"up":[{"embeddable":true,"href":"https:\/\/ecowas.rogeap.org\/pt-pt\/wp-json\/wp\/v2\/pages\/6838"}],"wp:attachment":[{"href":"https:\/\/ecowas.rogeap.org\/pt-pt\/wp-json\/wp\/v2\/media?parent=6763"}],"curies":[{"name":"wp","href":"https:\/\/api.w.org\/{rel}","templated":true}]}}