{"id":6795,"date":"2023-07-09T18:21:24","date_gmt":"2023-07-09T18:21:24","guid":{"rendered":"https:\/\/ecowas.rogeap.org\/eletrificacao-das-escolas-e-dos-estabelecimentos-de-saude\/"},"modified":"2023-10-04T00:32:33","modified_gmt":"2023-10-04T00:32:33","slug":"eletrificacao-das-escolas-e-dos-estabelecimentos-de-saude","status":"publish","type":"page","link":"https:\/\/ecowas.rogeap.org\/pt-pt\/dominio-de-intervencao\/eletrificacao-das-escolas-e-dos-estabelecimentos-de-saude\/","title":{"rendered":"Eletrifica\u00e7\u00e3o das infraestruturas p\u00fablicas"},"content":{"rendered":"\t\t<div data-elementor-type=\"wp-post\" data-elementor-id=\"6795\" class=\"elementor elementor-6795 elementor-5239\">\n\t\t\t\t\t\t<section class=\"elementor-section elementor-top-section elementor-element elementor-element-74de6e9 elementor-section-boxed elementor-section-height-default elementor-section-height-default\" data-id=\"74de6e9\" data-element_type=\"section\" data-e-type=\"section\">\n\t\t\t\t\t\t<div class=\"elementor-container elementor-column-gap-default\">\n\t\t\t\t\t<div class=\"elementor-column elementor-col-100 elementor-top-column elementor-element elementor-element-b1b6fcf column-style-top column-top\" data-id=\"b1b6fcf\" data-element_type=\"column\" data-e-type=\"column\">\n\t\t\t<div class=\"elementor-widget-wrap elementor-element-populated\">\n\t\t\t\t\t\t<div class=\"elementor-element elementor-element-66c3824 elementor-widget elementor-widget-text-editor\" data-id=\"66c3824\" data-element_type=\"widget\" data-e-type=\"widget\" data-widget_type=\"text-editor.default\">\n\t\t\t\t<div class=\"elementor-widget-container\">\n\t\t\t\t\t\t\t\t\t\n          <p>\n            <span data-contrast=\"none\">Luz para  leitura, eletricidade para refrigera\u00e7\u00e3o  alimentos e medicamentos, a capacidade energ\u00e9tica para utilizar um computador e aceder \u00e0 Internet e  Realizar investiga\u00e7\u00e3o, utilizar equipamento m\u00e9dico como microsc\u00f3pios e centrifugadoras &#8211; estas s\u00e3o apenas algumas das actividades que requerem acesso a uma fonte de energia fi\u00e1vel num centro de sa\u00fade ou de educa\u00e7\u00e3o.<\/span>\n          <\/p>\n          \n\n          <p>\n            <span data-contrast=\"none\">No entanto, em todo o mundo,&nbsp;<a href=\"https:\/\/www.who.int\/publications-detail-redirect\/9789240066960\" target=\"_blank\" rel=\"noopener\">dezenas de milhares de instala\u00e7\u00f5es de cuidados de sa\u00fade t\u00eam pouca ou nenhuma eletricidade<\/a>&nbsp;, e&nbsp;<a href=\"https:\/\/www.sciencedirect.com\/science\/article\/abs\/pii\/S1364032115016020?via%3Dihub\" target=\"_blank\" rel=\"noopener\">quase uma em cada tr\u00eas crian\u00e7as frequenta uma escola sem eletricidade<\/a>&nbsp;.<\/span>\n            <span data-ccp-props=\"{\"201341983\":0,\"335559740\":276}\">\n              \n            <\/span>\n          <\/p>\n        \t\t\t\t\t\t\t\t<\/div>\n\t\t\t\t<\/div>\n\t\t\t\t<div class=\"elementor-element elementor-element-1116b52 elementor-widget elementor-widget-heading\" data-id=\"1116b52\" data-element_type=\"widget\" data-e-type=\"widget\" data-widget_type=\"heading.default\">\n\t\t\t\t<div class=\"elementor-widget-container\">\n\t\t\t\t\t<h2 class=\"elementor-heading-title elementor-size-default\">\n          <font color=\"#8e1d36\" face=\"Source Sans Pro, sans-serif\">A t\u00f3nica nos servi\u00e7os sustent\u00e1veis e n\u00e3o no kWh - Conceber a sustentabilidade com um modelo baseado nos servi\u00e7os  <\/font>\n        <\/h2>\t\t\t\t<\/div>\n\t\t\t\t<\/div>\n\t\t\t\t<div class=\"elementor-element elementor-element-44d25f0 elementor-widget elementor-widget-text-editor\" data-id=\"44d25f0\" data-element_type=\"widget\" data-e-type=\"widget\" data-widget_type=\"text-editor.default\">\n\t\t\t\t<div class=\"elementor-widget-container\">\n\t\t\t\t\t\t\t\t\t<p>\n            <strong>Conceitos-chave:<\/strong>\n          <\/p>\n<ul>\n<li>\n              <span data-contrast=\"none\">O acesso \u00e0 energia \u00e9 fundamental para uma educa\u00e7\u00e3o significativa e cuidados de sa\u00fade abrangentes.<\/span><br \/>\n              <span data-ccp-props=\"{\"201341983\":0,\"335559740\":276}\"> <\/span>\n            <\/li>\n<li data-leveltext=\"\u25cf\" data-font=\"Calibri\" data-listid=\"2\" data-list-defn-props=\"{\"201340374\":2,\"335552541\":1,\"335559684\":-2,\"335559685\":720,\"335559991\":360,\"469769242\":[8226],\"469777803\":\"left\",\"469777804\":\"\u25cf\",\"469777815\":\"hybridMultilevel\"}\" aria-setsize=\"-1\" data-aria-posinset=\"1\" data-aria-level=\"1\">\n              <span data-contrast=\"none\">Os sistemas solares fora da rede podem ser utilizados para eletrificar as instala\u00e7\u00f5es p\u00fablicas em muitas comunidades rurais.<\/span><br \/>\n              <span data-ccp-props=\"{\"201341983\":0,\"335559740\":276}\"> <\/span>\n            <\/li>\n<li data-leveltext=\"\u25cf\" data-font=\"Calibri\" data-listid=\"2\" data-list-defn-props=\"{\"201340374\":2,\"335552541\":1,\"335559684\":-2,\"335559685\":720,\"335559991\":360,\"469769242\":[8226],\"469777803\":\"left\",\"469777804\":\"\u25cf\",\"469777815\":\"hybridMultilevel\"}\" aria-setsize=\"-1\" data-aria-posinset=\"1\" data-aria-level=\"1\">\n              <span data-contrast=\"none\">A opera\u00e7\u00e3o e manuten\u00e7\u00e3o cont\u00ednuas s\u00e3o essenciais para a longevidade de todos os sistemas energ\u00e9ticos.<\/span><br \/>\n              <span data-ccp-props=\"{\"201341983\":0,\"335559740\":276}\"> <\/span>\n            <\/li>\n<li data-leveltext=\"\u25cf\" data-font=\"Calibri\" data-listid=\"2\" data-list-defn-props=\"{\"201340374\":2,\"335552541\":1,\"335559684\":-2,\"335559685\":720,\"335559991\":360,\"469769242\":[8226],\"469777803\":\"left\",\"469777804\":\"\u25cf\",\"469777815\":\"hybridMultilevel\"}\" aria-setsize=\"-1\" data-aria-posinset=\"1\" data-aria-level=\"1\">\n              <span data-contrast=\"none\">A transi\u00e7\u00e3o para um modelo de servi\u00e7o de energia solar apoia uma eletrifica\u00e7\u00e3o acess\u00edvel, sustent\u00e1vel e fi\u00e1vel.<\/span><br \/>\n              <span data-ccp-props=\"{\"201341983\":0,\"335559740\":276}\"> <\/span>\n            <\/li>\n<li data-leveltext=\"\u25cf\" data-font=\"Calibri\" data-listid=\"2\" data-list-defn-props=\"{\"201340374\":2,\"335552541\":1,\"335559684\":-2,\"335559685\":720,\"335559991\":360,\"469769242\":[8226],\"469777803\":\"left\",\"469777804\":\"\u25cf\",\"469777815\":\"hybridMultilevel\"}\" aria-setsize=\"-1\" data-aria-posinset=\"1\" data-aria-level=\"1\">A monitoriza\u00e7\u00e3o remota pode ajudar a avan\u00e7ar o modelo de servi\u00e7o.<\/li>\n<\/ul>\n<p>\n            <span data-contrast=\"none\">A nossa equipa trabalha com parceiros internos e externos em v\u00e1rios sectores para ajudar a conceber projectos de acesso \u00e0 energia fora da rede, com destaque para os servi\u00e7os de sa\u00fade e educa\u00e7\u00e3o como objetivo da eletrifica\u00e7\u00e3o. Todos os sistemas de energia que fornecem servi\u00e7os b\u00e1sicos \u00e0 comunidade devem ter um plano de manuten\u00e7\u00e3o sustent\u00e1vel a longo prazo. Sem ela, os sistemas que deveriam durar uma d\u00e9cada ou mais podem falhar ap\u00f3s os primeiros meses ou anos, provocando perdas econ\u00f3micas e res\u00edduos ambientais &#8211; e, acima de tudo, perturba\u00e7\u00f5es nos servi\u00e7os cruciais para os quais foram concebidos.  <\/span><br \/>\n            <span data-ccp-props=\"{\"201341983\":0,\"335559740\":276}\">Um modelo baseado em servi\u00e7os que se concentra na presta\u00e7\u00e3o de servi\u00e7os de eletricidade, em vez de se limitar a fornecer sistemas de energia solar, garante a manuten\u00e7\u00e3o dos sistemas a longo prazo.<\/span>\n          <\/p>\n<p>\n            <span data-contrast=\"none\">Para sistemas solares fora da rede, a monitoriza\u00e7\u00e3o remota pode agora medir o fornecimento de energia, o estado da bateria e o consumo de energia, e enviar alertas de manuten\u00e7\u00e3o em tempo real ao pessoal do local, aos t\u00e9cnicos de energia solar e aos departamentos governamentais.  <\/span><br \/>\n            <span data-ccp-props=\"{\"201341983\":0,\"335559740\":276}\"> <\/span>\n          <\/p>\n<p>\n            <span data-contrast=\"none\">A monitoriza\u00e7\u00e3o remota pode tamb\u00e9m constituir a espinha dorsal de um modelo de contrato em que as empresas recebem mensalmente presta\u00e7\u00f5es de pagamento, depois de o sistema de monitoriza\u00e7\u00e3o ter verificado que a eletricidade foi fornecida de forma fi\u00e1vel ao local, de acordo com os indicadores-chave de desempenho estabelecidos e acordados. Esta abordagem pode aumentar o impacto das organiza\u00e7\u00f5es doadoras, dos departamentos governamentais, das ONG, das organiza\u00e7\u00f5es financeiras e do sector privado, assegurando que o equipamento solar se mant\u00e9m vi\u00e1vel ao longo de toda a sua vida \u00fatil prevista &#8211; o que significa que os professores e os m\u00e9dicos podem concentrar-se na educa\u00e7\u00e3o e nos cuidados de sa\u00fade, seguros de que a eletricidade estar\u00e1 l\u00e1 para os apoiar.<\/span><br \/>\n            <span data-ccp-props=\"{\"201341983\":0,\"335559740\":276}\"> <\/span>\n          <\/p>\n\t\t\t\t\t\t\t\t<\/div>\n\t\t\t\t<\/div>\n\t\t\t\t\t<\/div>\n\t\t<\/div>\n\t\t\t\t\t<\/div>\n\t\t<\/section>\n\t\t\t\t<\/div>\n\t\t","protected":false},"excerpt":{"rendered":"<p>Luz para leitura, eletricidade para refrigera\u00e7\u00e3o alimentos e medicamentos, a capacidade energ\u00e9tica para utilizar um computador e aceder \u00e0 Internet e Realizar investiga\u00e7\u00e3o, utilizar equipamento m\u00e9dico como microsc\u00f3pios e centrifugadoras &#8211; estas s\u00e3o apenas algumas das actividades que requerem acesso a uma fonte de energia fi\u00e1vel num centro de sa\u00fade ou de educa\u00e7\u00e3o. No entanto, [&hellip;]<\/p>\n","protected":false},"author":2,"featured_media":0,"parent":6838,"menu_order":0,"comment_status":"closed","ping_status":"closed","template":"","meta":{"om_disable_all_campaigns":false,"_monsterinsights_skip_tracking":false,"_monsterinsights_sitenote_active":false,"_monsterinsights_sitenote_note":"","_monsterinsights_sitenote_category":0,"_uf_show_specific_survey":0,"_uf_disable_surveys":false,"footnotes":""},"class_list":["post-6795","page","type-page","status-publish","hentry"],"yoast_head":"<!-- This site is optimized with the Yoast SEO plugin v27.3 - https:\/\/yoast.com\/product\/yoast-seo-wordpress\/ -->\n<title>Eletrifica\u00e7\u00e3o das infraestruturas p\u00fablicas - ROGEAP<\/title>\n<meta name=\"robots\" content=\"index, follow, max-snippet:-1, max-image-preview:large, max-video-preview:-1\" \/>\n<link rel=\"canonical\" href=\"https:\/\/ecowas.rogeap.org\/pt-pt\/dominio-de-intervencao\/eletrificacao-das-escolas-e-dos-estabelecimentos-de-saude\/\" \/>\n<meta property=\"og:locale\" content=\"pt_PT\" \/>\n<meta property=\"og:type\" content=\"article\" \/>\n<meta property=\"og:title\" content=\"Eletrifica\u00e7\u00e3o das infraestruturas p\u00fablicas - ROGEAP\" \/>\n<meta property=\"og:description\" content=\"Luz para leitura, eletricidade para refrigera\u00e7\u00e3o alimentos e medicamentos, a capacidade energ\u00e9tica para utilizar um computador e aceder \u00e0 Internet e Realizar investiga\u00e7\u00e3o, utilizar equipamento m\u00e9dico como microsc\u00f3pios e centrifugadoras &#8211; estas s\u00e3o apenas algumas das actividades que requerem acesso a uma fonte de energia fi\u00e1vel num centro de sa\u00fade ou de educa\u00e7\u00e3o. No entanto, [&hellip;]\" \/>\n<meta property=\"og:url\" content=\"https:\/\/ecowas.rogeap.org\/pt-pt\/dominio-de-intervencao\/eletrificacao-das-escolas-e-dos-estabelecimentos-de-saude\/\" \/>\n<meta property=\"og:site_name\" content=\"ROGEAP\" \/>\n<meta property=\"article:publisher\" content=\"https:\/\/www.facebook.com\/EcowasRogeap\" \/>\n<meta property=\"article:modified_time\" content=\"2023-10-04T00:32:33+00:00\" \/>\n<meta name=\"twitter:card\" content=\"summary_large_image\" \/>\n<meta name=\"twitter:site\" content=\"@ERogeap\" \/>\n<meta name=\"twitter:label1\" content=\"Tempo estimado de leitura\" \/>\n\t<meta name=\"twitter:data1\" content=\"3 minutos\" \/>\n<script type=\"application\/ld+json\" class=\"yoast-schema-graph\">{\"@context\":\"https:\\\/\\\/schema.org\",\"@graph\":[{\"@type\":\"WebPage\",\"@id\":\"https:\\\/\\\/ecowas.rogeap.org\\\/pt-pt\\\/dominio-de-intervencao\\\/eletrificacao-das-escolas-e-dos-estabelecimentos-de-saude\\\/\",\"url\":\"https:\\\/\\\/ecowas.rogeap.org\\\/pt-pt\\\/dominio-de-intervencao\\\/eletrificacao-das-escolas-e-dos-estabelecimentos-de-saude\\\/\",\"name\":\"Eletrifica\u00e7\u00e3o das infraestruturas p\u00fablicas - ROGEAP\",\"isPartOf\":{\"@id\":\"https:\\\/\\\/ecowas.rogeap.org\\\/pt-pt\\\/#website\"},\"datePublished\":\"2023-07-09T18:21:24+00:00\",\"dateModified\":\"2023-10-04T00:32:33+00:00\",\"breadcrumb\":{\"@id\":\"https:\\\/\\\/ecowas.rogeap.org\\\/pt-pt\\\/dominio-de-intervencao\\\/eletrificacao-das-escolas-e-dos-estabelecimentos-de-saude\\\/#breadcrumb\"},\"inLanguage\":\"pt-PT\",\"potentialAction\":[{\"@type\":\"ReadAction\",\"target\":[\"https:\\\/\\\/ecowas.rogeap.org\\\/pt-pt\\\/dominio-de-intervencao\\\/eletrificacao-das-escolas-e-dos-estabelecimentos-de-saude\\\/\"]}]},{\"@type\":\"BreadcrumbList\",\"@id\":\"https:\\\/\\\/ecowas.rogeap.org\\\/pt-pt\\\/dominio-de-intervencao\\\/eletrificacao-das-escolas-e-dos-estabelecimentos-de-saude\\\/#breadcrumb\",\"itemListElement\":[{\"@type\":\"ListItem\",\"position\":1,\"name\":\"Accueil\",\"item\":\"https:\\\/\\\/ecowas.rogeap.org\\\/pt-pt\\\/accueil\\\/\"},{\"@type\":\"ListItem\",\"position\":2,\"name\":\"Dom\u00ednio de interven\u00e7\u00e3o\",\"item\":\"https:\\\/\\\/ecowas.rogeap.org\\\/pt-pt\\\/?page_id=6838\"},{\"@type\":\"ListItem\",\"position\":3,\"name\":\"Eletrifica\u00e7\u00e3o das infraestruturas p\u00fablicas\"}]},{\"@type\":\"WebSite\",\"@id\":\"https:\\\/\\\/ecowas.rogeap.org\\\/pt-pt\\\/#website\",\"url\":\"https:\\\/\\\/ecowas.rogeap.org\\\/pt-pt\\\/\",\"name\":\"ROGEAP\",\"description\":\"Projet R\u00e9gional d\u2019Acc\u00e8s \u00e0 l\u2019Electricit\u00e9 Hors R\u00e9seau\",\"publisher\":{\"@id\":\"https:\\\/\\\/ecowas.rogeap.org\\\/pt-pt\\\/#organization\"},\"potentialAction\":[{\"@type\":\"SearchAction\",\"target\":{\"@type\":\"EntryPoint\",\"urlTemplate\":\"https:\\\/\\\/ecowas.rogeap.org\\\/pt-pt\\\/?s={search_term_string}\"},\"query-input\":{\"@type\":\"PropertyValueSpecification\",\"valueRequired\":true,\"valueName\":\"search_term_string\"}}],\"inLanguage\":\"pt-PT\"},{\"@type\":\"Organization\",\"@id\":\"https:\\\/\\\/ecowas.rogeap.org\\\/pt-pt\\\/#organization\",\"name\":\"Projet d\u2019acc\u00e8s \u00e0 l\u2019\u00e9lectricit\u00e9 hors r\u00e9seau\",\"url\":\"https:\\\/\\\/ecowas.rogeap.org\\\/pt-pt\\\/\",\"logo\":{\"@type\":\"ImageObject\",\"inLanguage\":\"pt-PT\",\"@id\":\"https:\\\/\\\/ecowas.rogeap.org\\\/pt-pt\\\/#\\\/schema\\\/logo\\\/image\\\/\",\"url\":\"https:\\\/\\\/ecowas.rogeap.org\\\/wp-content\\\/uploads\\\/2023\\\/08\\\/2.png\",\"contentUrl\":\"https:\\\/\\\/ecowas.rogeap.org\\\/wp-content\\\/uploads\\\/2023\\\/08\\\/2.png\",\"width\":1359,\"height\":743,\"caption\":\"Projet d\u2019acc\u00e8s \u00e0 l\u2019\u00e9lectricit\u00e9 hors r\u00e9seau\"},\"image\":{\"@id\":\"https:\\\/\\\/ecowas.rogeap.org\\\/pt-pt\\\/#\\\/schema\\\/logo\\\/image\\\/\"},\"sameAs\":[\"https:\\\/\\\/www.facebook.com\\\/EcowasRogeap\",\"https:\\\/\\\/x.com\\\/ERogeap\",\"https:\\\/\\\/www.linkedin.com\\\/company\\\/ecowas-rogeap-regional-off-grid-electricity-access-project\"]}]}<\/script>\n<!-- \/ Yoast SEO plugin. -->","yoast_head_json":{"title":"Eletrifica\u00e7\u00e3o das infraestruturas p\u00fablicas - ROGEAP","robots":{"index":"index","follow":"follow","max-snippet":"max-snippet:-1","max-image-preview":"max-image-preview:large","max-video-preview":"max-video-preview:-1"},"canonical":"https:\/\/ecowas.rogeap.org\/pt-pt\/dominio-de-intervencao\/eletrificacao-das-escolas-e-dos-estabelecimentos-de-saude\/","og_locale":"pt_PT","og_type":"article","og_title":"Eletrifica\u00e7\u00e3o das infraestruturas p\u00fablicas - ROGEAP","og_description":"Luz para leitura, eletricidade para refrigera\u00e7\u00e3o alimentos e medicamentos, a capacidade energ\u00e9tica para utilizar um computador e aceder \u00e0 Internet e Realizar investiga\u00e7\u00e3o, utilizar equipamento m\u00e9dico como microsc\u00f3pios e centrifugadoras &#8211; estas s\u00e3o apenas algumas das actividades que requerem acesso a uma fonte de energia fi\u00e1vel num centro de sa\u00fade ou de educa\u00e7\u00e3o. No entanto, [&hellip;]","og_url":"https:\/\/ecowas.rogeap.org\/pt-pt\/dominio-de-intervencao\/eletrificacao-das-escolas-e-dos-estabelecimentos-de-saude\/","og_site_name":"ROGEAP","article_publisher":"https:\/\/www.facebook.com\/EcowasRogeap","article_modified_time":"2023-10-04T00:32:33+00:00","twitter_card":"summary_large_image","twitter_site":"@ERogeap","twitter_misc":{"Tempo estimado de leitura":"3 minutos"},"schema":{"@context":"https:\/\/schema.org","@graph":[{"@type":"WebPage","@id":"https:\/\/ecowas.rogeap.org\/pt-pt\/dominio-de-intervencao\/eletrificacao-das-escolas-e-dos-estabelecimentos-de-saude\/","url":"https:\/\/ecowas.rogeap.org\/pt-pt\/dominio-de-intervencao\/eletrificacao-das-escolas-e-dos-estabelecimentos-de-saude\/","name":"Eletrifica\u00e7\u00e3o das infraestruturas p\u00fablicas - ROGEAP","isPartOf":{"@id":"https:\/\/ecowas.rogeap.org\/pt-pt\/#website"},"datePublished":"2023-07-09T18:21:24+00:00","dateModified":"2023-10-04T00:32:33+00:00","breadcrumb":{"@id":"https:\/\/ecowas.rogeap.org\/pt-pt\/dominio-de-intervencao\/eletrificacao-das-escolas-e-dos-estabelecimentos-de-saude\/#breadcrumb"},"inLanguage":"pt-PT","potentialAction":[{"@type":"ReadAction","target":["https:\/\/ecowas.rogeap.org\/pt-pt\/dominio-de-intervencao\/eletrificacao-das-escolas-e-dos-estabelecimentos-de-saude\/"]}]},{"@type":"BreadcrumbList","@id":"https:\/\/ecowas.rogeap.org\/pt-pt\/dominio-de-intervencao\/eletrificacao-das-escolas-e-dos-estabelecimentos-de-saude\/#breadcrumb","itemListElement":[{"@type":"ListItem","position":1,"name":"Accueil","item":"https:\/\/ecowas.rogeap.org\/pt-pt\/accueil\/"},{"@type":"ListItem","position":2,"name":"Dom\u00ednio de interven\u00e7\u00e3o","item":"https:\/\/ecowas.rogeap.org\/pt-pt\/?page_id=6838"},{"@type":"ListItem","position":3,"name":"Eletrifica\u00e7\u00e3o das infraestruturas p\u00fablicas"}]},{"@type":"WebSite","@id":"https:\/\/ecowas.rogeap.org\/pt-pt\/#website","url":"https:\/\/ecowas.rogeap.org\/pt-pt\/","name":"ROGEAP","description":"Projet R\u00e9gional d\u2019Acc\u00e8s \u00e0 l\u2019Electricit\u00e9 Hors R\u00e9seau","publisher":{"@id":"https:\/\/ecowas.rogeap.org\/pt-pt\/#organization"},"potentialAction":[{"@type":"SearchAction","target":{"@type":"EntryPoint","urlTemplate":"https:\/\/ecowas.rogeap.org\/pt-pt\/?s={search_term_string}"},"query-input":{"@type":"PropertyValueSpecification","valueRequired":true,"valueName":"search_term_string"}}],"inLanguage":"pt-PT"},{"@type":"Organization","@id":"https:\/\/ecowas.rogeap.org\/pt-pt\/#organization","name":"Projet d\u2019acc\u00e8s \u00e0 l\u2019\u00e9lectricit\u00e9 hors r\u00e9seau","url":"https:\/\/ecowas.rogeap.org\/pt-pt\/","logo":{"@type":"ImageObject","inLanguage":"pt-PT","@id":"https:\/\/ecowas.rogeap.org\/pt-pt\/#\/schema\/logo\/image\/","url":"https:\/\/ecowas.rogeap.org\/wp-content\/uploads\/2023\/08\/2.png","contentUrl":"https:\/\/ecowas.rogeap.org\/wp-content\/uploads\/2023\/08\/2.png","width":1359,"height":743,"caption":"Projet d\u2019acc\u00e8s \u00e0 l\u2019\u00e9lectricit\u00e9 hors r\u00e9seau"},"image":{"@id":"https:\/\/ecowas.rogeap.org\/pt-pt\/#\/schema\/logo\/image\/"},"sameAs":["https:\/\/www.facebook.com\/EcowasRogeap","https:\/\/x.com\/ERogeap","https:\/\/www.linkedin.com\/company\/ecowas-rogeap-regional-off-grid-electricity-access-project"]}]}},"_links":{"self":[{"href":"https:\/\/ecowas.rogeap.org\/pt-pt\/wp-json\/wp\/v2\/pages\/6795","targetHints":{"allow":["GET"]}}],"collection":[{"href":"https:\/\/ecowas.rogeap.org\/pt-pt\/wp-json\/wp\/v2\/pages"}],"about":[{"href":"https:\/\/ecowas.rogeap.org\/pt-pt\/wp-json\/wp\/v2\/types\/page"}],"author":[{"embeddable":true,"href":"https:\/\/ecowas.rogeap.org\/pt-pt\/wp-json\/wp\/v2\/users\/2"}],"replies":[{"embeddable":true,"href":"https:\/\/ecowas.rogeap.org\/pt-pt\/wp-json\/wp\/v2\/comments?post=6795"}],"version-history":[{"count":3,"href":"https:\/\/ecowas.rogeap.org\/pt-pt\/wp-json\/wp\/v2\/pages\/6795\/revisions"}],"predecessor-version":[{"id":7569,"href":"https:\/\/ecowas.rogeap.org\/pt-pt\/wp-json\/wp\/v2\/pages\/6795\/revisions\/7569"}],"up":[{"embeddable":true,"href":"https:\/\/ecowas.rogeap.org\/pt-pt\/wp-json\/wp\/v2\/pages\/6838"}],"wp:attachment":[{"href":"https:\/\/ecowas.rogeap.org\/pt-pt\/wp-json\/wp\/v2\/media?parent=6795"}],"curies":[{"name":"wp","href":"https:\/\/api.w.org\/{rel}","templated":true}]}}