{"id":6830,"date":"2023-07-09T14:05:02","date_gmt":"2023-07-09T14:05:02","guid":{"rendered":"https:\/\/ecowas.rogeap.org\/dominio-de-acao\/garantia-de-qualidade\/"},"modified":"2023-10-04T17:09:32","modified_gmt":"2023-10-04T17:09:32","slug":"garantia-de-qualidade","status":"publish","type":"page","link":"https:\/\/ecowas.rogeap.org\/pt-pt\/dominio-de-acao\/garantia-de-qualidade\/","title":{"rendered":"Garantia de qualidade"},"content":{"rendered":"\t\t<div data-elementor-type=\"wp-post\" data-elementor-id=\"6830\" class=\"elementor elementor-6830 elementor-5220\">\n\t\t\t\t\t\t<section class=\"elementor-section elementor-top-section elementor-element elementor-element-0db9b2b elementor-section-boxed elementor-section-height-default elementor-section-height-default\" data-id=\"0db9b2b\" data-element_type=\"section\" data-e-type=\"section\">\n\t\t\t\t\t\t<div class=\"elementor-container elementor-column-gap-default\">\n\t\t\t\t\t<div class=\"elementor-column elementor-col-100 elementor-top-column elementor-element elementor-element-d4c0b8f column-style-top column-top\" data-id=\"d4c0b8f\" data-element_type=\"column\" data-e-type=\"column\">\n\t\t\t<div class=\"elementor-widget-wrap elementor-element-populated\">\n\t\t\t\t\t\t<div class=\"elementor-element elementor-element-e2aa998 elementor-widget elementor-widget-heading\" data-id=\"e2aa998\" data-element_type=\"widget\" data-e-type=\"widget\" data-widget_type=\"heading.default\">\n\t\t\t\t<div class=\"elementor-widget-container\">\n\t\t\t\t\t<h2 class=\"elementor-heading-title elementor-size-default\">Prote\u00e7\u00e3o dos consumidores<\/h2>\t\t\t\t<\/div>\n\t\t\t\t<\/div>\n\t\t\t\t<div class=\"elementor-element elementor-element-10b0d11 elementor-widget elementor-widget-text-editor\" data-id=\"10b0d11\" data-element_type=\"widget\" data-e-type=\"widget\" data-widget_type=\"text-editor.default\">\n\t\t\t\t<div class=\"elementor-widget-container\">\n\t\t\t\t\t\t\t\t\t<p>Os produtos de ilumina\u00e7\u00e3o e energia fora da rede oferecem aos consumidores muitas vantagens em rela\u00e7\u00e3o \u00e0s alternativas convencionais, e a um custo de ciclo de vida mais baixo. No entanto, o mercado da energia solar fora da rede caracteriza-se por produtos com diferentes n\u00edveis de qualidade e durabilidade. Alguns s\u00e3o bem concebidos e fabricados, enquanto outros n\u00e3o satisfazem as expectativas em termos de seguran\u00e7a, durabilidade e desempenho.<\/p>\n<p>Para proteger os consumidores de produtos de m\u00e1 qualidade e promover a confian\u00e7a dos consumidores, desenvolvemos uma s\u00e9rie de normas de qualidade e m\u00e9todos de ensaio para sistemas solares <a href=\"https:\/\/www.lightingglobal.org\/resource\/lighting-global-quality-standards\/\">pico-PV<\/a> e sistemas solares dom\u00e9sticos (SHS) <a href=\"https:\/\/www.lightingglobal.org\/resource\/lighting-global-quality-standards\/\">fora da rede<\/a> at\u00e9 350Wp. Estas normas foram adoptadas pela <a href=\"https:\/\/www.geneve-int.ch\/fr\/commission-electrotechnique-internationale-cei-0\">Comiss\u00e3o Eletrot\u00e9cnica Internacional (CEI<\/a> ) como refer\u00eancia para a garantia de qualidade dos produtos solares fora da rede <a href=\"https:\/\/webstore.iec.ch\/publication\/59747\">(Especifica\u00e7\u00e3o T\u00e9cnica CEI 62257-9-5<\/a> ) em 2021.<\/p>\n\t\t\t\t\t\t\t\t<\/div>\n\t\t\t\t<\/div>\n\t\t\t\t\t<\/div>\n\t\t<\/div>\n\t\t\t\t\t<\/div>\n\t\t<\/section>\n\t\t\t\t<\/div>\n\t\t","protected":false},"excerpt":{"rendered":"<p>Prote\u00e7\u00e3o dos consumidores Os produtos de ilumina\u00e7\u00e3o e energia fora da rede oferecem aos consumidores muitas vantagens em rela\u00e7\u00e3o \u00e0s alternativas convencionais, e a um custo de ciclo de vida mais baixo. No entanto, o mercado da energia solar fora da rede caracteriza-se por produtos com diferentes n\u00edveis de qualidade e durabilidade. Alguns s\u00e3o bem [&hellip;]<\/p>\n","protected":false},"author":2,"featured_media":0,"parent":6823,"menu_order":0,"comment_status":"closed","ping_status":"closed","template":"","meta":{"om_disable_all_campaigns":false,"_monsterinsights_skip_tracking":false,"_monsterinsights_sitenote_active":false,"_monsterinsights_sitenote_note":"","_monsterinsights_sitenote_category":0,"_uf_show_specific_survey":0,"_uf_disable_surveys":false,"footnotes":""},"class_list":["post-6830","page","type-page","status-publish","hentry"],"yoast_head":"<!-- This site is optimized with the Yoast SEO plugin v27.4 - https:\/\/yoast.com\/product\/yoast-seo-wordpress\/ -->\n<title>Garantia de qualidade - ROGEAP<\/title>\n<meta name=\"robots\" content=\"index, follow, max-snippet:-1, max-image-preview:large, max-video-preview:-1\" \/>\n<link rel=\"canonical\" href=\"https:\/\/ecowas.rogeap.org\/pt-pt\/dominio-de-acao\/garantia-de-qualidade\/\" \/>\n<meta property=\"og:locale\" content=\"pt_PT\" \/>\n<meta property=\"og:type\" content=\"article\" \/>\n<meta property=\"og:title\" content=\"Garantia de qualidade - ROGEAP\" \/>\n<meta property=\"og:description\" content=\"Prote\u00e7\u00e3o dos consumidores Os produtos de ilumina\u00e7\u00e3o e energia fora da rede oferecem aos consumidores muitas vantagens em rela\u00e7\u00e3o \u00e0s alternativas convencionais, e a um custo de ciclo de vida mais baixo. No entanto, o mercado da energia solar fora da rede caracteriza-se por produtos com diferentes n\u00edveis de qualidade e durabilidade. Alguns s\u00e3o bem [&hellip;]\" \/>\n<meta property=\"og:url\" content=\"https:\/\/ecowas.rogeap.org\/pt-pt\/dominio-de-acao\/garantia-de-qualidade\/\" \/>\n<meta property=\"og:site_name\" content=\"ROGEAP\" \/>\n<meta property=\"article:publisher\" content=\"https:\/\/www.facebook.com\/EcowasRogeap\" \/>\n<meta property=\"article:modified_time\" content=\"2023-10-04T17:09:32+00:00\" \/>\n<meta name=\"twitter:card\" content=\"summary_large_image\" \/>\n<meta name=\"twitter:site\" content=\"@ERogeap\" \/>\n<meta name=\"twitter:label1\" content=\"Tempo estimado de leitura\" \/>\n\t<meta name=\"twitter:data1\" content=\"1 minuto\" \/>\n<script type=\"application\/ld+json\" class=\"yoast-schema-graph\">{\"@context\":\"https:\\\/\\\/schema.org\",\"@graph\":[{\"@type\":\"WebPage\",\"@id\":\"https:\\\/\\\/ecowas.rogeap.org\\\/pt-pt\\\/dominio-de-acao\\\/garantia-de-qualidade\\\/\",\"url\":\"https:\\\/\\\/ecowas.rogeap.org\\\/pt-pt\\\/dominio-de-acao\\\/garantia-de-qualidade\\\/\",\"name\":\"Garantia de qualidade - ROGEAP\",\"isPartOf\":{\"@id\":\"https:\\\/\\\/ecowas.rogeap.org\\\/pt-pt\\\/#website\"},\"datePublished\":\"2023-07-09T14:05:02+00:00\",\"dateModified\":\"2023-10-04T17:09:32+00:00\",\"breadcrumb\":{\"@id\":\"https:\\\/\\\/ecowas.rogeap.org\\\/pt-pt\\\/dominio-de-acao\\\/garantia-de-qualidade\\\/#breadcrumb\"},\"inLanguage\":\"pt-PT\",\"potentialAction\":[{\"@type\":\"ReadAction\",\"target\":[\"https:\\\/\\\/ecowas.rogeap.org\\\/pt-pt\\\/dominio-de-acao\\\/garantia-de-qualidade\\\/\"]}]},{\"@type\":\"BreadcrumbList\",\"@id\":\"https:\\\/\\\/ecowas.rogeap.org\\\/pt-pt\\\/dominio-de-acao\\\/garantia-de-qualidade\\\/#breadcrumb\",\"itemListElement\":[{\"@type\":\"ListItem\",\"position\":1,\"name\":\"Accueil\",\"item\":\"https:\\\/\\\/ecowas.rogeap.org\\\/pt-pt\\\/accueil\\\/\"},{\"@type\":\"ListItem\",\"position\":2,\"name\":\"Dom\u00ednio de a\u00e7\u00e3o\",\"item\":\"https:\\\/\\\/ecowas.rogeap.org\\\/pt-pt\\\/?page_id=6823\"},{\"@type\":\"ListItem\",\"position\":3,\"name\":\"Garantia de qualidade\"}]},{\"@type\":\"WebSite\",\"@id\":\"https:\\\/\\\/ecowas.rogeap.org\\\/pt-pt\\\/#website\",\"url\":\"https:\\\/\\\/ecowas.rogeap.org\\\/pt-pt\\\/\",\"name\":\"ROGEAP\",\"description\":\"Projet R\u00e9gional d\u2019Acc\u00e8s \u00e0 l\u2019Electricit\u00e9 Hors R\u00e9seau\",\"publisher\":{\"@id\":\"https:\\\/\\\/ecowas.rogeap.org\\\/pt-pt\\\/#organization\"},\"potentialAction\":[{\"@type\":\"SearchAction\",\"target\":{\"@type\":\"EntryPoint\",\"urlTemplate\":\"https:\\\/\\\/ecowas.rogeap.org\\\/pt-pt\\\/?s={search_term_string}\"},\"query-input\":{\"@type\":\"PropertyValueSpecification\",\"valueRequired\":true,\"valueName\":\"search_term_string\"}}],\"inLanguage\":\"pt-PT\"},{\"@type\":\"Organization\",\"@id\":\"https:\\\/\\\/ecowas.rogeap.org\\\/pt-pt\\\/#organization\",\"name\":\"Projet d\u2019acc\u00e8s \u00e0 l\u2019\u00e9lectricit\u00e9 hors r\u00e9seau\",\"url\":\"https:\\\/\\\/ecowas.rogeap.org\\\/pt-pt\\\/\",\"logo\":{\"@type\":\"ImageObject\",\"inLanguage\":\"pt-PT\",\"@id\":\"https:\\\/\\\/ecowas.rogeap.org\\\/pt-pt\\\/#\\\/schema\\\/logo\\\/image\\\/\",\"url\":\"https:\\\/\\\/ecowas.rogeap.org\\\/wp-content\\\/uploads\\\/2023\\\/08\\\/2.png\",\"contentUrl\":\"https:\\\/\\\/ecowas.rogeap.org\\\/wp-content\\\/uploads\\\/2023\\\/08\\\/2.png\",\"width\":1359,\"height\":743,\"caption\":\"Projet d\u2019acc\u00e8s \u00e0 l\u2019\u00e9lectricit\u00e9 hors r\u00e9seau\"},\"image\":{\"@id\":\"https:\\\/\\\/ecowas.rogeap.org\\\/pt-pt\\\/#\\\/schema\\\/logo\\\/image\\\/\"},\"sameAs\":[\"https:\\\/\\\/www.facebook.com\\\/EcowasRogeap\",\"https:\\\/\\\/x.com\\\/ERogeap\",\"https:\\\/\\\/www.linkedin.com\\\/company\\\/ecowas-rogeap-regional-off-grid-electricity-access-project\"]}]}<\/script>\n<!-- \/ Yoast SEO plugin. -->","yoast_head_json":{"title":"Garantia de qualidade - ROGEAP","robots":{"index":"index","follow":"follow","max-snippet":"max-snippet:-1","max-image-preview":"max-image-preview:large","max-video-preview":"max-video-preview:-1"},"canonical":"https:\/\/ecowas.rogeap.org\/pt-pt\/dominio-de-acao\/garantia-de-qualidade\/","og_locale":"pt_PT","og_type":"article","og_title":"Garantia de qualidade - ROGEAP","og_description":"Prote\u00e7\u00e3o dos consumidores Os produtos de ilumina\u00e7\u00e3o e energia fora da rede oferecem aos consumidores muitas vantagens em rela\u00e7\u00e3o \u00e0s alternativas convencionais, e a um custo de ciclo de vida mais baixo. No entanto, o mercado da energia solar fora da rede caracteriza-se por produtos com diferentes n\u00edveis de qualidade e durabilidade. Alguns s\u00e3o bem [&hellip;]","og_url":"https:\/\/ecowas.rogeap.org\/pt-pt\/dominio-de-acao\/garantia-de-qualidade\/","og_site_name":"ROGEAP","article_publisher":"https:\/\/www.facebook.com\/EcowasRogeap","article_modified_time":"2023-10-04T17:09:32+00:00","twitter_card":"summary_large_image","twitter_site":"@ERogeap","twitter_misc":{"Tempo estimado de leitura":"1 minuto"},"schema":{"@context":"https:\/\/schema.org","@graph":[{"@type":"WebPage","@id":"https:\/\/ecowas.rogeap.org\/pt-pt\/dominio-de-acao\/garantia-de-qualidade\/","url":"https:\/\/ecowas.rogeap.org\/pt-pt\/dominio-de-acao\/garantia-de-qualidade\/","name":"Garantia de qualidade - ROGEAP","isPartOf":{"@id":"https:\/\/ecowas.rogeap.org\/pt-pt\/#website"},"datePublished":"2023-07-09T14:05:02+00:00","dateModified":"2023-10-04T17:09:32+00:00","breadcrumb":{"@id":"https:\/\/ecowas.rogeap.org\/pt-pt\/dominio-de-acao\/garantia-de-qualidade\/#breadcrumb"},"inLanguage":"pt-PT","potentialAction":[{"@type":"ReadAction","target":["https:\/\/ecowas.rogeap.org\/pt-pt\/dominio-de-acao\/garantia-de-qualidade\/"]}]},{"@type":"BreadcrumbList","@id":"https:\/\/ecowas.rogeap.org\/pt-pt\/dominio-de-acao\/garantia-de-qualidade\/#breadcrumb","itemListElement":[{"@type":"ListItem","position":1,"name":"Accueil","item":"https:\/\/ecowas.rogeap.org\/pt-pt\/accueil\/"},{"@type":"ListItem","position":2,"name":"Dom\u00ednio de a\u00e7\u00e3o","item":"https:\/\/ecowas.rogeap.org\/pt-pt\/?page_id=6823"},{"@type":"ListItem","position":3,"name":"Garantia de qualidade"}]},{"@type":"WebSite","@id":"https:\/\/ecowas.rogeap.org\/pt-pt\/#website","url":"https:\/\/ecowas.rogeap.org\/pt-pt\/","name":"ROGEAP","description":"Projet R\u00e9gional d\u2019Acc\u00e8s \u00e0 l\u2019Electricit\u00e9 Hors R\u00e9seau","publisher":{"@id":"https:\/\/ecowas.rogeap.org\/pt-pt\/#organization"},"potentialAction":[{"@type":"SearchAction","target":{"@type":"EntryPoint","urlTemplate":"https:\/\/ecowas.rogeap.org\/pt-pt\/?s={search_term_string}"},"query-input":{"@type":"PropertyValueSpecification","valueRequired":true,"valueName":"search_term_string"}}],"inLanguage":"pt-PT"},{"@type":"Organization","@id":"https:\/\/ecowas.rogeap.org\/pt-pt\/#organization","name":"Projet d\u2019acc\u00e8s \u00e0 l\u2019\u00e9lectricit\u00e9 hors r\u00e9seau","url":"https:\/\/ecowas.rogeap.org\/pt-pt\/","logo":{"@type":"ImageObject","inLanguage":"pt-PT","@id":"https:\/\/ecowas.rogeap.org\/pt-pt\/#\/schema\/logo\/image\/","url":"https:\/\/ecowas.rogeap.org\/wp-content\/uploads\/2023\/08\/2.png","contentUrl":"https:\/\/ecowas.rogeap.org\/wp-content\/uploads\/2023\/08\/2.png","width":1359,"height":743,"caption":"Projet d\u2019acc\u00e8s \u00e0 l\u2019\u00e9lectricit\u00e9 hors r\u00e9seau"},"image":{"@id":"https:\/\/ecowas.rogeap.org\/pt-pt\/#\/schema\/logo\/image\/"},"sameAs":["https:\/\/www.facebook.com\/EcowasRogeap","https:\/\/x.com\/ERogeap","https:\/\/www.linkedin.com\/company\/ecowas-rogeap-regional-off-grid-electricity-access-project"]}]}},"_links":{"self":[{"href":"https:\/\/ecowas.rogeap.org\/pt-pt\/wp-json\/wp\/v2\/pages\/6830","targetHints":{"allow":["GET"]}}],"collection":[{"href":"https:\/\/ecowas.rogeap.org\/pt-pt\/wp-json\/wp\/v2\/pages"}],"about":[{"href":"https:\/\/ecowas.rogeap.org\/pt-pt\/wp-json\/wp\/v2\/types\/page"}],"author":[{"embeddable":true,"href":"https:\/\/ecowas.rogeap.org\/pt-pt\/wp-json\/wp\/v2\/users\/2"}],"replies":[{"embeddable":true,"href":"https:\/\/ecowas.rogeap.org\/pt-pt\/wp-json\/wp\/v2\/comments?post=6830"}],"version-history":[{"count":3,"href":"https:\/\/ecowas.rogeap.org\/pt-pt\/wp-json\/wp\/v2\/pages\/6830\/revisions"}],"predecessor-version":[{"id":7630,"href":"https:\/\/ecowas.rogeap.org\/pt-pt\/wp-json\/wp\/v2\/pages\/6830\/revisions\/7630"}],"up":[{"embeddable":true,"href":"https:\/\/ecowas.rogeap.org\/pt-pt\/wp-json\/wp\/v2\/pages\/6823"}],"wp:attachment":[{"href":"https:\/\/ecowas.rogeap.org\/pt-pt\/wp-json\/wp\/v2\/media?parent=6830"}],"curies":[{"name":"wp","href":"https:\/\/api.w.org\/{rel}","templated":true}]}}