{"id":7116,"date":"2016-03-07T03:10:46","date_gmt":"2016-03-07T03:10:46","guid":{"rendered":"https:\/\/ecowas.rogeap.org\/contato\/"},"modified":"2023-09-28T08:52:02","modified_gmt":"2023-09-28T08:52:02","slug":"contato","status":"publish","type":"page","link":"https:\/\/ecowas.rogeap.org\/pt-pt\/contato\/","title":{"rendered":"Contato"},"content":{"rendered":"\t\t<div data-elementor-type=\"wp-post\" data-elementor-id=\"7116\" class=\"elementor elementor-7116 elementor-610\">\n\t\t\t\t\t\t<section class=\"elementor-section elementor-top-section elementor-element elementor-element-d7ffb7c elementor-section-boxed elementor-section-height-default elementor-section-height-default\" data-id=\"d7ffb7c\" data-element_type=\"section\" data-e-type=\"section\">\n\t\t\t\t\t\t<div class=\"elementor-container elementor-column-gap-default\">\n\t\t\t\t\t<div class=\"elementor-column elementor-col-50 elementor-top-column elementor-element elementor-element-4fef044 column-style-top column-top\" data-id=\"4fef044\" data-element_type=\"column\" data-e-type=\"column\">\n\t\t\t<div class=\"elementor-widget-wrap elementor-element-populated\">\n\t\t\t\t\t\t<div class=\"elementor-element elementor-element-3821df2 elementor-widget elementor-widget-gva-heading-block\" data-id=\"3821df2\" data-element_type=\"widget\" data-e-type=\"widget\" data-widget_type=\"gva-heading-block.default\">\n\t\t\t\t<div class=\"elementor-widget-container\">\n\t\t\t\t\t<div class=\"gva-element-gva-heading-block gva-element\">   <div class=\"align-left style-1 widget gsc-heading\">\r\n      <div class=\"content-inner\">\r\n                     <div class=\"heading-icon\"><img decoding=\"async\" src=\"https:\/\/ecowas.rogeap.org\/wp-content\/uploads\/2023\/07\/icons8-ampoule-48.png\" alt=\"Prenez contact avec nous\"\/><\/div>\r\n           \r\n                     <h2 class=\"title\">\r\n               <span>Prenez contact avec nous<\/span>\r\n            <\/h2>\r\n                              <div class=\"sub-title\"><span>Nous \u00e9crire<\/span><\/div>\r\n                              <div class=\"title-desc\">ADRESSE:\n\n101, YAKUBU GOWON CRESCENT, ASOKORO DISTRICT, P.M.B 401, ABUJA, NIGERIA\n\nEmail:rogeap@ecowas.int<\/div>\r\n         \r\n               <\/div>\r\n   <\/div>\r\n   <div class=\"clearfix\"><\/div>\r\n<\/div>\t\t\t\t<\/div>\n\t\t\t\t<\/div>\n\t\t\t\t<div class=\"elementor-element elementor-element-2d7a35f elementor-widget elementor-widget-gva-socials\" data-id=\"2d7a35f\" data-element_type=\"widget\" data-e-type=\"widget\" data-widget_type=\"gva-socials.default\">\n\t\t\t\t<div class=\"elementor-widget-container\">\n\t\t\t\t\t<div class=\"gva-element-gva-socials gva-element\"><div class=\"gva-socials style-1\">\r\n   <ul class=\"social-links\">\r\n               <li class=\"social-item elementor-repeater-item-4cc19ab\">\r\n            <a target=\"_blank\" href=\"#\" title=\"Facebook\"><i class=\"fa fa-facebook\"><\/i><\/a>\r\n         <\/li>\r\n               <li class=\"social-item elementor-repeater-item-42fecc5\">\r\n            <a target=\"_blank\" href=\"#\" title=\"Twitter\"><i class=\"fa fa-twitter\"><\/i><\/a>\r\n         <\/li>\r\n               <li class=\"social-item elementor-repeater-item-9476c13\">\r\n            <a target=\"_blank\" href=\"#\" title=\"Linkedin\"><i class=\"fa fa-linkedin\"><\/i><\/a>\r\n         <\/li>\r\n         <\/ul>\r\n<\/div>\r\n<\/div>\t\t\t\t<\/div>\n\t\t\t\t<\/div>\n\t\t\t\t\t<\/div>\n\t\t<\/div>\n\t\t\t\t<div class=\"elementor-column elementor-col-50 elementor-top-column elementor-element elementor-element-7a39a2b column-style-top column-top\" data-id=\"7a39a2b\" data-element_type=\"column\" data-e-type=\"column\">\n\t\t\t<div class=\"elementor-widget-wrap elementor-element-populated\">\n\t\t\t\t\t\t<div class=\"elementor-element elementor-element-e999300 elementor-widget elementor-widget-shortcode\" data-id=\"e999300\" data-element_type=\"widget\" data-e-type=\"widget\" data-widget_type=\"shortcode.default\">\n\t\t\t\t<div class=\"elementor-widget-container\">\n\t\t\t\t\t\t\t<div class=\"elementor-shortcode\">\n          \n<div class=\"wpcf7 no-js\" id=\"wpcf7-f6887-o1\" lang=\"pt-PT\" dir=\"ltr\" data-wpcf7-id=\"6887\">\n<div class=\"screen-reader-response\"><p role=\"status\" aria-live=\"polite\" aria-atomic=\"true\"><\/p> <ul><\/ul><\/div>\n<form action=\"\/pt-pt\/wp-json\/wp\/v2\/pages\/7116#wpcf7-f6887-o1\" method=\"post\" class=\"wpcf7-form init\" aria-label=\"Formul\u00e1rio de contacto\" novalidate=\"novalidate\" data-status=\"init\">\n<fieldset class=\"hidden-fields-container\"><input type=\"hidden\" name=\"_wpcf7\" value=\"6887\" \/><input type=\"hidden\" name=\"_wpcf7_version\" value=\"6.1.5\" \/><input type=\"hidden\" name=\"_wpcf7_locale\" value=\"pt_PT\" \/><input type=\"hidden\" name=\"_wpcf7_unit_tag\" value=\"wpcf7-f6887-o1\" \/><input type=\"hidden\" name=\"_wpcf7_container_post\" value=\"0\" \/><input type=\"hidden\" name=\"_wpcf7_posted_data_hash\" value=\"\" \/><input type=\"hidden\" name=\"_wpcf7_recaptcha_response\" value=\"\" \/>\n<\/fieldset>\n<div class=\"row\">\n   <div class=\"col-sm-6 col-xs-12\"><span class=\"wpcf7-form-control-wrap\" data-name=\"your-name\"><input size=\"40\" maxlength=\"400\" class=\"wpcf7-form-control wpcf7-text wpcf7-validates-as-required\" aria-required=\"true\" aria-invalid=\"false\" placeholder=\"O teu nome*\" value=\"\" type=\"text\" name=\"your-name\" \/><\/span> <\/div>\n   <div class=\"col-sm-6 col-xs-12\"><span class=\"wpcf7-form-control-wrap\" data-name=\"your-email\"><input size=\"40\" maxlength=\"400\" class=\"wpcf7-form-control wpcf7-email wpcf7-validates-as-required wpcf7-text wpcf7-validates-as-email\" aria-required=\"true\" aria-invalid=\"false\" placeholder=\"O seu Email *\" value=\"\" type=\"email\" name=\"your-email\" \/><\/span> <\/div>\n<\/div>\n<div class=\"row\">\n   <div class=\"col-sm-12 col-xs-12\"><span class=\"wpcf7-form-control-wrap\" data-name=\"your-subject\"><input size=\"40\" maxlength=\"400\" class=\"wpcf7-form-control wpcf7-text\" aria-invalid=\"false\" placeholder=\"O seu assunto\" value=\"\" type=\"text\" name=\"your-subject\" \/><\/span> <\/div>\n<\/div>\n<div class=\"row\">\n   <div class=\"col-sm-12 col-xs-12\"><span class=\"wpcf7-form-control-wrap\" data-name=\"rows:4\"><textarea cols=\"40\" rows=\"10\" maxlength=\"2000\" class=\"wpcf7-form-control wpcf7-textarea\" aria-invalid=\"false\" placeholder=\"A sua mensagem\" name=\"rows:4\"><\/textarea><\/span> <\/div>\n   <div class=\"col-sm-12 col-xs-12 action text-left\"><input class=\"wpcf7-form-control wpcf7-submit has-spinner\" type=\"submit\" value=\"Enviar\" \/><\/div>\n<\/div><p style=\"display: none !important;\" class=\"akismet-fields-container\" data-prefix=\"_wpcf7_ak_\"><label>&#916;<textarea name=\"_wpcf7_ak_hp_textarea\" cols=\"45\" rows=\"8\" maxlength=\"100\"><\/textarea><\/label><input type=\"hidden\" id=\"ak_js_1\" name=\"_wpcf7_ak_js\" value=\"71\"\/><script>document.getElementById( \"ak_js_1\" ).setAttribute( \"value\", ( new Date() ).getTime() );<\/script><\/p><div class=\"wpcf7-response-output\" aria-hidden=\"true\"><\/div>\n<\/form>\n<\/div>\n\n        <\/div>\n\t\t\t\t\t\t<\/div>\n\t\t\t\t<\/div>\n\t\t\t\t\t<\/div>\n\t\t<\/div>\n\t\t\t\t\t<\/div>\n\t\t<\/section>\n\t\t\t\t<section class=\"elementor-section elementor-top-section elementor-element elementor-element-8892d6e elementor-section-boxed elementor-section-height-default elementor-section-height-default\" data-id=\"8892d6e\" data-element_type=\"section\" data-e-type=\"section\">\n\t\t\t\t\t\t<div class=\"elementor-container elementor-column-gap-default\">\n\t\t\t\t\t<div class=\"elementor-column elementor-col-33 elementor-top-column elementor-element elementor-element-7199cc1 column-style-top column-top\" data-id=\"7199cc1\" data-element_type=\"column\" data-e-type=\"column\">\n\t\t\t<div class=\"elementor-widget-wrap elementor-element-populated\">\n\t\t\t\t\t\t<div class=\"elementor-element elementor-element-a3445a0 elementor-widget elementor-widget-gva-icon-box-styles\" data-id=\"a3445a0\" data-element_type=\"widget\" data-e-type=\"widget\" data-widget_type=\"gva-icon-box-styles.default\">\n\t\t\t\t<div class=\"elementor-widget-container\">\n\t\t\t\t\t<div class=\"gva-element-gva-icon-box-styles gva-element\">\r\n   \r\n   \r\n         <div class=\"widget gsc-icon-box-styles style-3\">\r\n         <div class=\"block-content\">\r\n            <div class=\"content-inner\">\r\n               \r\n                                 <h3 class=\"title\">\r\n                     <a href=\"#\">A propos <\/a>                  <\/h3>\r\n               \r\n                                 <div class=\"desc\">ROGEAP- Projet r\u00e9gional d'acc\u00e8s \u00e0 l'\u00e9lectricit\u00e9 hors r\u00e9seau <\/div>\r\n               \r\n            <\/div>\r\n         <\/div>   \r\n      <\/div> \r\n      \r\n\r\n\r\n<\/div>\t\t\t\t<\/div>\n\t\t\t\t<\/div>\n\t\t\t\t\t<\/div>\n\t\t<\/div>\n\t\t\t\t<div class=\"elementor-column elementor-col-33 elementor-top-column elementor-element elementor-element-d567be4 column-style-top column-top\" data-id=\"d567be4\" data-element_type=\"column\" data-e-type=\"column\">\n\t\t\t<div class=\"elementor-widget-wrap elementor-element-populated\">\n\t\t\t\t\t\t<div class=\"elementor-element elementor-element-4d28716 elementor-widget elementor-widget-gva-icon-box-styles\" data-id=\"4d28716\" data-element_type=\"widget\" data-e-type=\"widget\" data-widget_type=\"gva-icon-box-styles.default\">\n\t\t\t\t<div class=\"elementor-widget-container\">\n\t\t\t\t\t<div class=\"gva-element-gva-icon-box-styles gva-element\">\r\n   \r\n   \r\n         <div class=\"widget gsc-icon-box-styles style-3\">\r\n         <div class=\"block-content\">\r\n            <div class=\"content-inner\">\r\n               \r\n                                 <h3 class=\"title\">\r\n                     <a href=\"#\">Adresse<\/a>                  <\/h3>\r\n               \r\n                                 <div class=\"desc\">\n114 Yakubu Gowon Cres, Asokoro 900103, Aso, Federal Capital Territory<\/div>\r\n               \r\n            <\/div>\r\n         <\/div>   \r\n      <\/div> \r\n      \r\n\r\n\r\n<\/div>\t\t\t\t<\/div>\n\t\t\t\t<\/div>\n\t\t\t\t\t<\/div>\n\t\t<\/div>\n\t\t\t\t<div class=\"elementor-column elementor-col-33 elementor-top-column elementor-element elementor-element-28589d1 column-style-top column-top\" data-id=\"28589d1\" data-element_type=\"column\" data-e-type=\"column\">\n\t\t\t<div class=\"elementor-widget-wrap elementor-element-populated\">\n\t\t\t\t\t\t<div class=\"elementor-element elementor-element-0313f3b elementor-widget elementor-widget-gva-icon-box-styles\" data-id=\"0313f3b\" data-element_type=\"widget\" data-e-type=\"widget\" data-widget_type=\"gva-icon-box-styles.default\">\n\t\t\t\t<div class=\"elementor-widget-container\">\n\t\t\t\t\t<div class=\"gva-element-gva-icon-box-styles gva-element\">\r\n   \r\n   \r\n         <div class=\"widget gsc-icon-box-styles style-3\">\r\n         <div class=\"block-content\">\r\n            <div class=\"content-inner\">\r\n               \r\n                                 <h3 class=\"title\">\r\n                     <a href=\"#\">Contact<\/a>                  <\/h3>\r\n               \r\n                                 <div class=\"desc\">rogeap@ecowas.int<br>\n+234 915 894 3581<br>\n  <\/div>\r\n               \r\n            <\/div>\r\n         <\/div>   \r\n      <\/div> \r\n      \r\n\r\n\r\n<\/div>\t\t\t\t<\/div>\n\t\t\t\t<\/div>\n\t\t\t\t\t<\/div>\n\t\t<\/div>\n\t\t\t\t\t<\/div>\n\t\t<\/section>\n\t\t\t\t<section class=\"elementor-section elementor-top-section elementor-element elementor-element-49b4622 elementor-section-boxed elementor-section-height-default elementor-section-height-default\" data-id=\"49b4622\" data-element_type=\"section\" data-e-type=\"section\">\n\t\t\t\t\t\t<div class=\"elementor-container elementor-column-gap-default\">\n\t\t\t\t\t<div class=\"elementor-column elementor-col-100 elementor-top-column elementor-element elementor-element-bd86c64 column-style-top column-top\" data-id=\"bd86c64\" data-element_type=\"column\" data-e-type=\"column\">\n\t\t\t<div class=\"elementor-widget-wrap elementor-element-populated\">\n\t\t\t\t\t\t<div class=\"elementor-element elementor-element-2c0c6bf elementor-widget elementor-widget-google_maps\" data-id=\"2c0c6bf\" data-element_type=\"widget\" data-e-type=\"widget\" data-widget_type=\"google_maps.default\">\n\t\t\t\t<div class=\"elementor-widget-container\">\n\t\t\t\t\t\t\t<div class=\"elementor-custom-embed\">\n\t\t\t<iframe loading=\"lazy\"\n\t\t\t\t\tsrc=\"https:\/\/maps.google.com\/maps?q=ECOWAS%20Secretariat%202GQG%2BM2R%2C%20114%20Yakubu%20Gowon%20Cres%2C%20Asokoro%20900103%2C%20Aso%2C%20Federal%20Capital%20Territory&#038;t=m&#038;z=14&#038;output=embed&#038;iwloc=near\"\n\t\t\t\t\ttitle=\"ECOWAS Secretariat 2GQG+M2R, 114 Yakubu Gowon Cres, Asokoro 900103, Aso, Federal Capital Territory\"\n\t\t\t\t\taria-label=\"ECOWAS Secretariat 2GQG+M2R, 114 Yakubu Gowon Cres, Asokoro 900103, Aso, Federal Capital Territory\"\n\t\t\t><\/iframe>\n\t\t<\/div>\n\t\t\t\t\t\t<\/div>\n\t\t\t\t<\/div>\n\t\t\t\t\t<\/div>\n\t\t<\/div>\n\t\t\t\t\t<\/div>\n\t\t<\/section>\n\t\t\t\t<\/div>\n\t\t","protected":false},"excerpt":{"rendered":"<p>Prenez contact avec nous Nous \u00e9crire ADRESSE: 101, YAKUBU GOWON CRESCENT, ASOKORO DISTRICT, P.M.B 401, ABUJA, NIGERIA Email:rogeap@ecowas.int A propos ROGEAP- Projet r\u00e9gional d&#8217;acc\u00e8s \u00e0 l&#8217;\u00e9lectricit\u00e9 hors r\u00e9seau Adresse 114 Yakubu Gowon Cres, Asokoro 900103, Aso, Federal Capital Territory Contact rogeap@ecowas.int +234 915 894 3581<\/p>\n","protected":false},"author":2,"featured_media":0,"parent":0,"menu_order":0,"comment_status":"closed","ping_status":"closed","template":"","meta":{"om_disable_all_campaigns":false,"_monsterinsights_skip_tracking":false,"_monsterinsights_sitenote_active":false,"_monsterinsights_sitenote_note":"","_monsterinsights_sitenote_category":0,"_uf_show_specific_survey":0,"_uf_disable_surveys":false,"footnotes":""},"class_list":["post-7116","page","type-page","status-publish","hentry"],"yoast_head":"<!-- This site is optimized with the Yoast SEO plugin v27.3 - https:\/\/yoast.com\/product\/yoast-seo-wordpress\/ -->\n<title>Contato - ROGEAP<\/title>\n<meta name=\"robots\" content=\"index, follow, max-snippet:-1, max-image-preview:large, max-video-preview:-1\" \/>\n<link rel=\"canonical\" href=\"https:\/\/ecowas.rogeap.org\/pt-pt\/contato\/\" \/>\n<meta property=\"og:locale\" content=\"pt_PT\" \/>\n<meta property=\"og:type\" content=\"article\" \/>\n<meta property=\"og:title\" content=\"Contato - ROGEAP\" \/>\n<meta property=\"og:description\" content=\"Prenez contact avec nous Nous \u00e9crire ADRESSE: 101, YAKUBU GOWON CRESCENT, ASOKORO DISTRICT, P.M.B 401, ABUJA, NIGERIA Email:rogeap@ecowas.int A propos ROGEAP- Projet r\u00e9gional d&#8217;acc\u00e8s \u00e0 l&#8217;\u00e9lectricit\u00e9 hors r\u00e9seau Adresse 114 Yakubu Gowon Cres, Asokoro 900103, Aso, Federal Capital Territory Contact rogeap@ecowas.int +234 915 894 3581\" \/>\n<meta property=\"og:url\" content=\"https:\/\/ecowas.rogeap.org\/pt-pt\/contato\/\" \/>\n<meta property=\"og:site_name\" content=\"ROGEAP\" \/>\n<meta property=\"article:publisher\" content=\"https:\/\/www.facebook.com\/EcowasRogeap\" \/>\n<meta property=\"article:modified_time\" content=\"2023-09-28T08:52:02+00:00\" \/>\n<meta property=\"og:image\" content=\"https:\/\/ecowas.rogeap.org\/wp-content\/uploads\/2023\/07\/icons8-ampoule-48.png\" \/>\n<meta name=\"twitter:card\" content=\"summary_large_image\" \/>\n<meta name=\"twitter:site\" content=\"@ERogeap\" \/>\n<script type=\"application\/ld+json\" class=\"yoast-schema-graph\">{\"@context\":\"https:\\\/\\\/schema.org\",\"@graph\":[{\"@type\":\"WebPage\",\"@id\":\"https:\\\/\\\/ecowas.rogeap.org\\\/pt-pt\\\/contato\\\/\",\"url\":\"https:\\\/\\\/ecowas.rogeap.org\\\/pt-pt\\\/contato\\\/\",\"name\":\"Contato - ROGEAP\",\"isPartOf\":{\"@id\":\"https:\\\/\\\/ecowas.rogeap.org\\\/pt-pt\\\/#website\"},\"primaryImageOfPage\":{\"@id\":\"https:\\\/\\\/ecowas.rogeap.org\\\/pt-pt\\\/contato\\\/#primaryimage\"},\"image\":{\"@id\":\"https:\\\/\\\/ecowas.rogeap.org\\\/pt-pt\\\/contato\\\/#primaryimage\"},\"thumbnailUrl\":\"https:\\\/\\\/ecowas.rogeap.org\\\/wp-content\\\/uploads\\\/2023\\\/07\\\/icons8-ampoule-48.png\",\"datePublished\":\"2016-03-07T03:10:46+00:00\",\"dateModified\":\"2023-09-28T08:52:02+00:00\",\"breadcrumb\":{\"@id\":\"https:\\\/\\\/ecowas.rogeap.org\\\/pt-pt\\\/contato\\\/#breadcrumb\"},\"inLanguage\":\"pt-PT\",\"potentialAction\":[{\"@type\":\"ReadAction\",\"target\":[\"https:\\\/\\\/ecowas.rogeap.org\\\/pt-pt\\\/contato\\\/\"]}]},{\"@type\":\"ImageObject\",\"inLanguage\":\"pt-PT\",\"@id\":\"https:\\\/\\\/ecowas.rogeap.org\\\/pt-pt\\\/contato\\\/#primaryimage\",\"url\":\"https:\\\/\\\/ecowas.rogeap.org\\\/wp-content\\\/uploads\\\/2023\\\/07\\\/icons8-ampoule-48.png\",\"contentUrl\":\"https:\\\/\\\/ecowas.rogeap.org\\\/wp-content\\\/uploads\\\/2023\\\/07\\\/icons8-ampoule-48.png\"},{\"@type\":\"BreadcrumbList\",\"@id\":\"https:\\\/\\\/ecowas.rogeap.org\\\/pt-pt\\\/contato\\\/#breadcrumb\",\"itemListElement\":[{\"@type\":\"ListItem\",\"position\":1,\"name\":\"Accueil\",\"item\":\"https:\\\/\\\/ecowas.rogeap.org\\\/pt-pt\\\/accueil\\\/\"},{\"@type\":\"ListItem\",\"position\":2,\"name\":\"Contato\"}]},{\"@type\":\"WebSite\",\"@id\":\"https:\\\/\\\/ecowas.rogeap.org\\\/pt-pt\\\/#website\",\"url\":\"https:\\\/\\\/ecowas.rogeap.org\\\/pt-pt\\\/\",\"name\":\"ROGEAP\",\"description\":\"Projet R\u00e9gional d\u2019Acc\u00e8s \u00e0 l\u2019Electricit\u00e9 Hors R\u00e9seau\",\"publisher\":{\"@id\":\"https:\\\/\\\/ecowas.rogeap.org\\\/pt-pt\\\/#organization\"},\"potentialAction\":[{\"@type\":\"SearchAction\",\"target\":{\"@type\":\"EntryPoint\",\"urlTemplate\":\"https:\\\/\\\/ecowas.rogeap.org\\\/pt-pt\\\/?s={search_term_string}\"},\"query-input\":{\"@type\":\"PropertyValueSpecification\",\"valueRequired\":true,\"valueName\":\"search_term_string\"}}],\"inLanguage\":\"pt-PT\"},{\"@type\":\"Organization\",\"@id\":\"https:\\\/\\\/ecowas.rogeap.org\\\/pt-pt\\\/#organization\",\"name\":\"Projet d\u2019acc\u00e8s \u00e0 l\u2019\u00e9lectricit\u00e9 hors r\u00e9seau\",\"url\":\"https:\\\/\\\/ecowas.rogeap.org\\\/pt-pt\\\/\",\"logo\":{\"@type\":\"ImageObject\",\"inLanguage\":\"pt-PT\",\"@id\":\"https:\\\/\\\/ecowas.rogeap.org\\\/pt-pt\\\/#\\\/schema\\\/logo\\\/image\\\/\",\"url\":\"https:\\\/\\\/ecowas.rogeap.org\\\/wp-content\\\/uploads\\\/2023\\\/08\\\/2.png\",\"contentUrl\":\"https:\\\/\\\/ecowas.rogeap.org\\\/wp-content\\\/uploads\\\/2023\\\/08\\\/2.png\",\"width\":1359,\"height\":743,\"caption\":\"Projet d\u2019acc\u00e8s \u00e0 l\u2019\u00e9lectricit\u00e9 hors r\u00e9seau\"},\"image\":{\"@id\":\"https:\\\/\\\/ecowas.rogeap.org\\\/pt-pt\\\/#\\\/schema\\\/logo\\\/image\\\/\"},\"sameAs\":[\"https:\\\/\\\/www.facebook.com\\\/EcowasRogeap\",\"https:\\\/\\\/x.com\\\/ERogeap\",\"https:\\\/\\\/www.linkedin.com\\\/company\\\/ecowas-rogeap-regional-off-grid-electricity-access-project\"]}]}<\/script>\n<!-- \/ Yoast SEO plugin. -->","yoast_head_json":{"title":"Contato - ROGEAP","robots":{"index":"index","follow":"follow","max-snippet":"max-snippet:-1","max-image-preview":"max-image-preview:large","max-video-preview":"max-video-preview:-1"},"canonical":"https:\/\/ecowas.rogeap.org\/pt-pt\/contato\/","og_locale":"pt_PT","og_type":"article","og_title":"Contato - ROGEAP","og_description":"Prenez contact avec nous Nous \u00e9crire ADRESSE: 101, YAKUBU GOWON CRESCENT, ASOKORO DISTRICT, P.M.B 401, ABUJA, NIGERIA Email:rogeap@ecowas.int A propos ROGEAP- Projet r\u00e9gional d&#8217;acc\u00e8s \u00e0 l&#8217;\u00e9lectricit\u00e9 hors r\u00e9seau Adresse 114 Yakubu Gowon Cres, Asokoro 900103, Aso, Federal Capital Territory Contact rogeap@ecowas.int +234 915 894 3581","og_url":"https:\/\/ecowas.rogeap.org\/pt-pt\/contato\/","og_site_name":"ROGEAP","article_publisher":"https:\/\/www.facebook.com\/EcowasRogeap","article_modified_time":"2023-09-28T08:52:02+00:00","og_image":[{"url":"https:\/\/ecowas.rogeap.org\/wp-content\/uploads\/2023\/07\/icons8-ampoule-48.png","type":"","width":"","height":""}],"twitter_card":"summary_large_image","twitter_site":"@ERogeap","schema":{"@context":"https:\/\/schema.org","@graph":[{"@type":"WebPage","@id":"https:\/\/ecowas.rogeap.org\/pt-pt\/contato\/","url":"https:\/\/ecowas.rogeap.org\/pt-pt\/contato\/","name":"Contato - ROGEAP","isPartOf":{"@id":"https:\/\/ecowas.rogeap.org\/pt-pt\/#website"},"primaryImageOfPage":{"@id":"https:\/\/ecowas.rogeap.org\/pt-pt\/contato\/#primaryimage"},"image":{"@id":"https:\/\/ecowas.rogeap.org\/pt-pt\/contato\/#primaryimage"},"thumbnailUrl":"https:\/\/ecowas.rogeap.org\/wp-content\/uploads\/2023\/07\/icons8-ampoule-48.png","datePublished":"2016-03-07T03:10:46+00:00","dateModified":"2023-09-28T08:52:02+00:00","breadcrumb":{"@id":"https:\/\/ecowas.rogeap.org\/pt-pt\/contato\/#breadcrumb"},"inLanguage":"pt-PT","potentialAction":[{"@type":"ReadAction","target":["https:\/\/ecowas.rogeap.org\/pt-pt\/contato\/"]}]},{"@type":"ImageObject","inLanguage":"pt-PT","@id":"https:\/\/ecowas.rogeap.org\/pt-pt\/contato\/#primaryimage","url":"https:\/\/ecowas.rogeap.org\/wp-content\/uploads\/2023\/07\/icons8-ampoule-48.png","contentUrl":"https:\/\/ecowas.rogeap.org\/wp-content\/uploads\/2023\/07\/icons8-ampoule-48.png"},{"@type":"BreadcrumbList","@id":"https:\/\/ecowas.rogeap.org\/pt-pt\/contato\/#breadcrumb","itemListElement":[{"@type":"ListItem","position":1,"name":"Accueil","item":"https:\/\/ecowas.rogeap.org\/pt-pt\/accueil\/"},{"@type":"ListItem","position":2,"name":"Contato"}]},{"@type":"WebSite","@id":"https:\/\/ecowas.rogeap.org\/pt-pt\/#website","url":"https:\/\/ecowas.rogeap.org\/pt-pt\/","name":"ROGEAP","description":"Projet R\u00e9gional d\u2019Acc\u00e8s \u00e0 l\u2019Electricit\u00e9 Hors R\u00e9seau","publisher":{"@id":"https:\/\/ecowas.rogeap.org\/pt-pt\/#organization"},"potentialAction":[{"@type":"SearchAction","target":{"@type":"EntryPoint","urlTemplate":"https:\/\/ecowas.rogeap.org\/pt-pt\/?s={search_term_string}"},"query-input":{"@type":"PropertyValueSpecification","valueRequired":true,"valueName":"search_term_string"}}],"inLanguage":"pt-PT"},{"@type":"Organization","@id":"https:\/\/ecowas.rogeap.org\/pt-pt\/#organization","name":"Projet d\u2019acc\u00e8s \u00e0 l\u2019\u00e9lectricit\u00e9 hors r\u00e9seau","url":"https:\/\/ecowas.rogeap.org\/pt-pt\/","logo":{"@type":"ImageObject","inLanguage":"pt-PT","@id":"https:\/\/ecowas.rogeap.org\/pt-pt\/#\/schema\/logo\/image\/","url":"https:\/\/ecowas.rogeap.org\/wp-content\/uploads\/2023\/08\/2.png","contentUrl":"https:\/\/ecowas.rogeap.org\/wp-content\/uploads\/2023\/08\/2.png","width":1359,"height":743,"caption":"Projet d\u2019acc\u00e8s \u00e0 l\u2019\u00e9lectricit\u00e9 hors r\u00e9seau"},"image":{"@id":"https:\/\/ecowas.rogeap.org\/pt-pt\/#\/schema\/logo\/image\/"},"sameAs":["https:\/\/www.facebook.com\/EcowasRogeap","https:\/\/x.com\/ERogeap","https:\/\/www.linkedin.com\/company\/ecowas-rogeap-regional-off-grid-electricity-access-project"]}]}},"_links":{"self":[{"href":"https:\/\/ecowas.rogeap.org\/pt-pt\/wp-json\/wp\/v2\/pages\/7116","targetHints":{"allow":["GET"]}}],"collection":[{"href":"https:\/\/ecowas.rogeap.org\/pt-pt\/wp-json\/wp\/v2\/pages"}],"about":[{"href":"https:\/\/ecowas.rogeap.org\/pt-pt\/wp-json\/wp\/v2\/types\/page"}],"author":[{"embeddable":true,"href":"https:\/\/ecowas.rogeap.org\/pt-pt\/wp-json\/wp\/v2\/users\/2"}],"replies":[{"embeddable":true,"href":"https:\/\/ecowas.rogeap.org\/pt-pt\/wp-json\/wp\/v2\/comments?post=7116"}],"version-history":[{"count":1,"href":"https:\/\/ecowas.rogeap.org\/pt-pt\/wp-json\/wp\/v2\/pages\/7116\/revisions"}],"predecessor-version":[{"id":7117,"href":"https:\/\/ecowas.rogeap.org\/pt-pt\/wp-json\/wp\/v2\/pages\/7116\/revisions\/7117"}],"wp:attachment":[{"href":"https:\/\/ecowas.rogeap.org\/pt-pt\/wp-json\/wp\/v2\/media?parent=7116"}],"curies":[{"name":"wp","href":"https:\/\/api.w.org\/{rel}","templated":true}]}}