{"id":7295,"date":"2023-09-27T20:55:34","date_gmt":"2023-09-27T20:55:34","guid":{"rendered":"https:\/\/ecowas.rogeap.org\/noticias-2\/"},"modified":"2023-09-28T14:57:55","modified_gmt":"2023-09-28T14:57:55","slug":"noticias-2","status":"publish","type":"page","link":"https:\/\/ecowas.rogeap.org\/pt-pt\/noticias-2\/","title":{"rendered":"Not\u00edcias"},"content":{"rendered":"\n<div class=\"wp-block-query is-layout-flow wp-block-query-is-layout-flow\">\n<div class=\"wp-block-group\"><div class=\"wp-block-group__inner-container is-layout-constrained wp-block-group-is-layout-constrained\"><ul class=\"wp-block-post-template has-medium-font-size is-layout-flow wp-block-post-template-is-layout-flow\"><li class=\"wp-block-post post-9724 post type-post status-publish format-standard has-post-thumbnail hentry category-anuncios category-oficina tag-cedeao-pt-pt tag-eletricidade-pt-pt tag-energia tag-minas tag-rogeap-pt-pt\">\n\n<div class=\"wp-block-columns are-vertically-aligned-center is-layout-flex wp-container-core-columns-is-layout-9d6595d7 wp-block-columns-is-layout-flex\">\n<div class=\"wp-block-column is-vertically-aligned-center is-layout-flow wp-block-column-is-layout-flow\" style=\"flex-basis:25%\"><figure class=\"wp-block-post-featured-image\"><a href=\"https:\/\/ecowas.rogeap.org\/pt-pt\/2026\/04\/23\/retiro-anual-a-direcao-de-energia-e-minas-reforca-os-lacos-da-sua-equipa\/\" target=\"_self\"  ><img fetchpriority=\"high\" decoding=\"async\" width=\"750\" height=\"526\" src=\"https:\/\/ecowas.rogeap.org\/wp-content\/uploads\/2026\/04\/IMG_9139-750x526.jpeg\" class=\"attachment-post-thumbnail size-post-thumbnail wp-post-image\" alt=\"Retiro anual: A Dire\u00e7\u00e3o de Energia e Minas refor\u00e7a os la\u00e7os da sua equipa.\" style=\"object-fit:cover;\" \/><\/a><\/figure><\/div>\n\n\n\n<div class=\"wp-block-column is-vertically-aligned-center is-layout-flow wp-block-column-is-layout-flow\" style=\"flex-basis:75%\"><h2 class=\"wp-block-post-title\"><a href=\"https:\/\/ecowas.rogeap.org\/pt-pt\/2026\/04\/23\/retiro-anual-a-direcao-de-energia-e-minas-reforca-os-lacos-da-sua-equipa\/\" target=\"_self\" >Retiro anual: A Dire\u00e7\u00e3o de Energia e Minas refor\u00e7a os la\u00e7os da sua equipa.<\/a><\/h2><\/div>\n<\/div>\n\n<\/li><\/ul><\/div><\/div>\n<\/div>\n","protected":false},"excerpt":{"rendered":"","protected":false},"author":2,"featured_media":0,"parent":0,"menu_order":0,"comment_status":"closed","ping_status":"closed","template":"","meta":{"om_disable_all_campaigns":false,"_monsterinsights_skip_tracking":false,"_monsterinsights_sitenote_active":false,"_monsterinsights_sitenote_note":"","_monsterinsights_sitenote_category":0,"_uf_show_specific_survey":0,"_uf_disable_surveys":false,"footnotes":""},"class_list":["post-7295","page","type-page","status-publish","hentry"],"yoast_head":"<!-- This site is optimized with the Yoast SEO plugin v27.5 - https:\/\/yoast.com\/product\/yoast-seo-wordpress\/ -->\n<title>Not\u00edcias - ROGEAP<\/title>\n<meta name=\"robots\" content=\"index, follow, max-snippet:-1, max-image-preview:large, max-video-preview:-1\" \/>\n<link rel=\"canonical\" href=\"https:\/\/ecowas.rogeap.org\/pt-pt\/noticias-2\/\" \/>\n<meta property=\"og:locale\" content=\"pt_PT\" \/>\n<meta property=\"og:type\" content=\"article\" \/>\n<meta property=\"og:title\" content=\"Not\u00edcias - ROGEAP\" \/>\n<meta property=\"og:url\" content=\"https:\/\/ecowas.rogeap.org\/pt-pt\/noticias-2\/\" \/>\n<meta property=\"og:site_name\" content=\"ROGEAP\" \/>\n<meta property=\"article:publisher\" content=\"https:\/\/www.facebook.com\/EcowasRogeap\" \/>\n<meta property=\"article:modified_time\" content=\"2023-09-28T14:57:55+00:00\" \/>\n<meta name=\"twitter:card\" content=\"summary_large_image\" \/>\n<meta name=\"twitter:site\" content=\"@ERogeap\" \/>\n<script type=\"application\/ld+json\" class=\"yoast-schema-graph\">{\"@context\":\"https:\\\/\\\/schema.org\",\"@graph\":[{\"@type\":\"WebPage\",\"@id\":\"https:\\\/\\\/ecowas.rogeap.org\\\/pt-pt\\\/noticias-2\\\/\",\"url\":\"https:\\\/\\\/ecowas.rogeap.org\\\/pt-pt\\\/noticias-2\\\/\",\"name\":\"Not\u00edcias - ROGEAP\",\"isPartOf\":{\"@id\":\"https:\\\/\\\/ecowas.rogeap.org\\\/pt-pt\\\/#website\"},\"datePublished\":\"2023-09-27T20:55:34+00:00\",\"dateModified\":\"2023-09-28T14:57:55+00:00\",\"breadcrumb\":{\"@id\":\"https:\\\/\\\/ecowas.rogeap.org\\\/pt-pt\\\/noticias-2\\\/#breadcrumb\"},\"inLanguage\":\"pt-PT\",\"potentialAction\":[{\"@type\":\"ReadAction\",\"target\":[\"https:\\\/\\\/ecowas.rogeap.org\\\/pt-pt\\\/noticias-2\\\/\"]}]},{\"@type\":\"BreadcrumbList\",\"@id\":\"https:\\\/\\\/ecowas.rogeap.org\\\/pt-pt\\\/noticias-2\\\/#breadcrumb\",\"itemListElement\":[{\"@type\":\"ListItem\",\"position\":1,\"name\":\"Accueil\",\"item\":\"https:\\\/\\\/ecowas.rogeap.org\\\/pt-pt\\\/accueil\\\/\"},{\"@type\":\"ListItem\",\"position\":2,\"name\":\"Not\u00edcias\"}]},{\"@type\":\"WebSite\",\"@id\":\"https:\\\/\\\/ecowas.rogeap.org\\\/pt-pt\\\/#website\",\"url\":\"https:\\\/\\\/ecowas.rogeap.org\\\/pt-pt\\\/\",\"name\":\"ROGEAP\",\"description\":\"Projet R\u00e9gional d\u2019Acc\u00e8s \u00e0 l\u2019Electricit\u00e9 Hors R\u00e9seau\",\"publisher\":{\"@id\":\"https:\\\/\\\/ecowas.rogeap.org\\\/pt-pt\\\/#organization\"},\"potentialAction\":[{\"@type\":\"SearchAction\",\"target\":{\"@type\":\"EntryPoint\",\"urlTemplate\":\"https:\\\/\\\/ecowas.rogeap.org\\\/pt-pt\\\/?s={search_term_string}\"},\"query-input\":{\"@type\":\"PropertyValueSpecification\",\"valueRequired\":true,\"valueName\":\"search_term_string\"}}],\"inLanguage\":\"pt-PT\"},{\"@type\":\"Organization\",\"@id\":\"https:\\\/\\\/ecowas.rogeap.org\\\/pt-pt\\\/#organization\",\"name\":\"Projet d\u2019acc\u00e8s \u00e0 l\u2019\u00e9lectricit\u00e9 hors r\u00e9seau\",\"url\":\"https:\\\/\\\/ecowas.rogeap.org\\\/pt-pt\\\/\",\"logo\":{\"@type\":\"ImageObject\",\"inLanguage\":\"pt-PT\",\"@id\":\"https:\\\/\\\/ecowas.rogeap.org\\\/pt-pt\\\/#\\\/schema\\\/logo\\\/image\\\/\",\"url\":\"https:\\\/\\\/ecowas.rogeap.org\\\/wp-content\\\/uploads\\\/2023\\\/08\\\/2.png\",\"contentUrl\":\"https:\\\/\\\/ecowas.rogeap.org\\\/wp-content\\\/uploads\\\/2023\\\/08\\\/2.png\",\"width\":1359,\"height\":743,\"caption\":\"Projet d\u2019acc\u00e8s \u00e0 l\u2019\u00e9lectricit\u00e9 hors r\u00e9seau\"},\"image\":{\"@id\":\"https:\\\/\\\/ecowas.rogeap.org\\\/pt-pt\\\/#\\\/schema\\\/logo\\\/image\\\/\"},\"sameAs\":[\"https:\\\/\\\/www.facebook.com\\\/EcowasRogeap\",\"https:\\\/\\\/x.com\\\/ERogeap\",\"https:\\\/\\\/www.linkedin.com\\\/company\\\/ecowas-rogeap-regional-off-grid-electricity-access-project\"]}]}<\/script>\n<!-- \/ Yoast SEO plugin. -->","yoast_head_json":{"title":"Not\u00edcias - ROGEAP","robots":{"index":"index","follow":"follow","max-snippet":"max-snippet:-1","max-image-preview":"max-image-preview:large","max-video-preview":"max-video-preview:-1"},"canonical":"https:\/\/ecowas.rogeap.org\/pt-pt\/noticias-2\/","og_locale":"pt_PT","og_type":"article","og_title":"Not\u00edcias - ROGEAP","og_url":"https:\/\/ecowas.rogeap.org\/pt-pt\/noticias-2\/","og_site_name":"ROGEAP","article_publisher":"https:\/\/www.facebook.com\/EcowasRogeap","article_modified_time":"2023-09-28T14:57:55+00:00","twitter_card":"summary_large_image","twitter_site":"@ERogeap","schema":{"@context":"https:\/\/schema.org","@graph":[{"@type":"WebPage","@id":"https:\/\/ecowas.rogeap.org\/pt-pt\/noticias-2\/","url":"https:\/\/ecowas.rogeap.org\/pt-pt\/noticias-2\/","name":"Not\u00edcias - ROGEAP","isPartOf":{"@id":"https:\/\/ecowas.rogeap.org\/pt-pt\/#website"},"datePublished":"2023-09-27T20:55:34+00:00","dateModified":"2023-09-28T14:57:55+00:00","breadcrumb":{"@id":"https:\/\/ecowas.rogeap.org\/pt-pt\/noticias-2\/#breadcrumb"},"inLanguage":"pt-PT","potentialAction":[{"@type":"ReadAction","target":["https:\/\/ecowas.rogeap.org\/pt-pt\/noticias-2\/"]}]},{"@type":"BreadcrumbList","@id":"https:\/\/ecowas.rogeap.org\/pt-pt\/noticias-2\/#breadcrumb","itemListElement":[{"@type":"ListItem","position":1,"name":"Accueil","item":"https:\/\/ecowas.rogeap.org\/pt-pt\/accueil\/"},{"@type":"ListItem","position":2,"name":"Not\u00edcias"}]},{"@type":"WebSite","@id":"https:\/\/ecowas.rogeap.org\/pt-pt\/#website","url":"https:\/\/ecowas.rogeap.org\/pt-pt\/","name":"ROGEAP","description":"Projet R\u00e9gional d\u2019Acc\u00e8s \u00e0 l\u2019Electricit\u00e9 Hors R\u00e9seau","publisher":{"@id":"https:\/\/ecowas.rogeap.org\/pt-pt\/#organization"},"potentialAction":[{"@type":"SearchAction","target":{"@type":"EntryPoint","urlTemplate":"https:\/\/ecowas.rogeap.org\/pt-pt\/?s={search_term_string}"},"query-input":{"@type":"PropertyValueSpecification","valueRequired":true,"valueName":"search_term_string"}}],"inLanguage":"pt-PT"},{"@type":"Organization","@id":"https:\/\/ecowas.rogeap.org\/pt-pt\/#organization","name":"Projet d\u2019acc\u00e8s \u00e0 l\u2019\u00e9lectricit\u00e9 hors r\u00e9seau","url":"https:\/\/ecowas.rogeap.org\/pt-pt\/","logo":{"@type":"ImageObject","inLanguage":"pt-PT","@id":"https:\/\/ecowas.rogeap.org\/pt-pt\/#\/schema\/logo\/image\/","url":"https:\/\/ecowas.rogeap.org\/wp-content\/uploads\/2023\/08\/2.png","contentUrl":"https:\/\/ecowas.rogeap.org\/wp-content\/uploads\/2023\/08\/2.png","width":1359,"height":743,"caption":"Projet d\u2019acc\u00e8s \u00e0 l\u2019\u00e9lectricit\u00e9 hors r\u00e9seau"},"image":{"@id":"https:\/\/ecowas.rogeap.org\/pt-pt\/#\/schema\/logo\/image\/"},"sameAs":["https:\/\/www.facebook.com\/EcowasRogeap","https:\/\/x.com\/ERogeap","https:\/\/www.linkedin.com\/company\/ecowas-rogeap-regional-off-grid-electricity-access-project"]}]}},"_links":{"self":[{"href":"https:\/\/ecowas.rogeap.org\/pt-pt\/wp-json\/wp\/v2\/pages\/7295","targetHints":{"allow":["GET"]}}],"collection":[{"href":"https:\/\/ecowas.rogeap.org\/pt-pt\/wp-json\/wp\/v2\/pages"}],"about":[{"href":"https:\/\/ecowas.rogeap.org\/pt-pt\/wp-json\/wp\/v2\/types\/page"}],"author":[{"embeddable":true,"href":"https:\/\/ecowas.rogeap.org\/pt-pt\/wp-json\/wp\/v2\/users\/2"}],"replies":[{"embeddable":true,"href":"https:\/\/ecowas.rogeap.org\/pt-pt\/wp-json\/wp\/v2\/comments?post=7295"}],"version-history":[{"count":2,"href":"https:\/\/ecowas.rogeap.org\/pt-pt\/wp-json\/wp\/v2\/pages\/7295\/revisions"}],"predecessor-version":[{"id":7297,"href":"https:\/\/ecowas.rogeap.org\/pt-pt\/wp-json\/wp\/v2\/pages\/7295\/revisions\/7297"}],"wp:attachment":[{"href":"https:\/\/ecowas.rogeap.org\/pt-pt\/wp-json\/wp\/v2\/media?parent=7295"}],"curies":[{"name":"wp","href":"https:\/\/api.w.org\/{rel}","templated":true}]}}