{"id":7584,"date":"2023-10-04T00:50:50","date_gmt":"2023-10-04T00:50:50","guid":{"rendered":"https:\/\/ecowas.rogeap.org\/dominio-de-intervencao\/promocao-de-off-grid-para-utilizadores-produtivos\/"},"modified":"2023-10-04T01:26:33","modified_gmt":"2023-10-04T01:26:33","slug":"promocao-de-off-grid-para-utilizadores-produtivos","status":"publish","type":"page","link":"https:\/\/ecowas.rogeap.org\/pt-pt\/dominio-de-intervencao\/promocao-de-off-grid-para-utilizadores-produtivos\/","title":{"rendered":"Promo\u00e7\u00e3o de Off-Grid para utilizadores produtivos"},"content":{"rendered":"\t\t<div data-elementor-type=\"wp-post\" data-elementor-id=\"7584\" class=\"elementor elementor-7584 elementor-5474\">\n\t\t\t\t\t\t<section class=\"elementor-section elementor-top-section elementor-element elementor-element-da6d12c elementor-section-boxed elementor-section-height-default elementor-section-height-default\" data-id=\"da6d12c\" data-element_type=\"section\" data-e-type=\"section\">\n\t\t\t\t\t\t<div class=\"elementor-container elementor-column-gap-default\">\n\t\t\t\t\t<div class=\"elementor-column elementor-col-100 elementor-top-column elementor-element elementor-element-f8c9035 column-style-top column-top\" data-id=\"f8c9035\" data-element_type=\"column\" data-e-type=\"column\">\n\t\t\t<div class=\"elementor-widget-wrap elementor-element-populated\">\n\t\t\t\t\t\t<section class=\"elementor-section elementor-inner-section elementor-element elementor-element-6104de5 elementor-section-boxed elementor-section-height-default elementor-section-height-default\" data-id=\"6104de5\" data-element_type=\"section\" data-e-type=\"section\">\n\t\t\t\t\t\t<div class=\"elementor-container elementor-column-gap-default\">\n\t\t\t\t\t<div class=\"elementor-column elementor-col-50 elementor-inner-column elementor-element elementor-element-c1f06bc column-style-top column-top\" data-id=\"c1f06bc\" data-element_type=\"column\" data-e-type=\"column\">\n\t\t\t<div class=\"elementor-widget-wrap elementor-element-populated\">\n\t\t\t\t\t\t<div class=\"elementor-element elementor-element-e7d22b5 elementor-widget elementor-widget-image\" data-id=\"e7d22b5\" data-element_type=\"widget\" data-e-type=\"widget\" data-widget_type=\"image.default\">\n\t\t\t\t<div class=\"elementor-widget-container\">\n\t\t\t\t\t\t\t\t\t\t\t\t\t\t\t<img fetchpriority=\"high\" decoding=\"async\" width=\"427\" height=\"550\" src=\"https:\/\/ecowas.rogeap.org\/wp-content\/uploads\/2023\/08\/chateau-plaques-solaires-427x550.png\" class=\"attachment-post-thumbnail size-post-thumbnail wp-image-6156\" alt=\"\u00e9lectricit\u00e9 hors r\u00e9seau - rogeap - chateau\" \/>\t\t\t\t\t\t\t\t\t\t\t\t\t\t\t<\/div>\n\t\t\t\t<\/div>\n\t\t\t\t\t<\/div>\n\t\t<\/div>\n\t\t\t\t<div class=\"elementor-column elementor-col-50 elementor-inner-column elementor-element elementor-element-b38948c column-style-top column-top\" data-id=\"b38948c\" data-element_type=\"column\" data-e-type=\"column\">\n\t\t\t<div class=\"elementor-widget-wrap elementor-element-populated\">\n\t\t\t\t\t\t<div class=\"elementor-element elementor-element-4096e3f elementor-widget elementor-widget-text-editor\" data-id=\"4096e3f\" data-element_type=\"widget\" data-e-type=\"widget\" data-widget_type=\"text-editor.default\">\n\t\t\t\t<div class=\"elementor-widget-container\">\n\t\t\t\t\t\t\t\t\t<p style=\"color: #000000; font-family: 'Source Sans Pro', sans-serif; font-size: 24px;\">Gra\u00e7as \u00e0 inova\u00e7\u00e3o cont\u00ednua no setor fora da rede, uma infinidade de dispositivos de uso produtivo movidos a energia solar (Solar Power Productive Use, ou &#8220;PULSE&#8221;) est\u00e3o sendo desenvolvidos, que podem fornecer meios de subsist\u00eancia e oportunidades de aumento de renda para as fam\u00edlias. nos sectores agr\u00edcola, industrial, comercial e p\u00fablico.<\/p>\n<p style=\"color: #000000; font-family: 'Source Sans Pro', sans-serif; font-size: 24px;\">O PULSE tem um imenso potencial no setor agr\u00edcola.<\/p>\n<p style=\"color: #000000; font-family: 'Source Sans Pro', sans-serif; font-size: 24px;\">\n\t\t\t\t\t\t\t\t<\/div>\n\t\t\t\t<\/div>\n\t\t\t\t\t<\/div>\n\t\t<\/div>\n\t\t\t\t\t<\/div>\n\t\t<\/section>\n\t\t\t\t<div class=\"elementor-element elementor-element-7ccdad3 elementor-widget elementor-widget-text-editor\" data-id=\"7ccdad3\" data-element_type=\"widget\" data-e-type=\"widget\" data-widget_type=\"text-editor.default\">\n\t\t\t\t<div class=\"elementor-widget-container\">\n\t\t\t\t\t\t\t\t\t<p> O uso de m\u00e1quinas agr\u00edcolas pode aumentar a efici\u00eancia cinco vezes ou mais. O PNUA estima que cada aumento de 10% no rendimento agr\u00edcola levou a uma redu\u00e7\u00e3o de 7% da pobreza em \u00c1frica. Os dispositivos PULSE tamb\u00e9m podem ajudar a amortecer choques resultantes das altera\u00e7\u00f5es clim\u00e1ticas e das flutua\u00e7\u00f5es dos pre\u00e7os de mercado.<\/p>\n<p>\n            <strong>Financiamento PULSE<\/strong>\n          <\/p>\n<p>A acessibilidade dos pre\u00e7os tem sido um estrangulamento cr\u00edtico \u2013 e um motor de inova\u00e7\u00e3o \u2013 no setor fora da rede desde a sua cria\u00e7\u00e3o. A popula\u00e7\u00e3o rural tende a estar entre as mais pobres. Na aus\u00eancia de financiamento, isso significa que mesmo o custo inicial de uma lanterna solar permanece inacess\u00edvel para muitos, muito menos algo t\u00e3o transformador \u2013 e relativamente caro \u2013 como uma bomba de \u00e1gua solar.<\/p>\n<p>Permitir o acesso ao financiamento e aumentar a acessibilidade dos pre\u00e7os ser\u00e1 fundamental para garantir que os dispositivos PULSE cheguem \u00e0queles que mais precisam. Desde o lan\u00e7amento do seu primeiro projeto-piloto no Qu\u00e9nia em 2009, a cria\u00e7\u00e3o de vias de financiamento tem sido um pilar fundamental do nosso trabalho para criar mercados sustent\u00e1veis para ilumina\u00e7\u00e3o solar e produtos de energia fora da rede. Desde ent\u00e3o, v\u00e1rios programas de financiamento foram desenvolvidos para permitir o acesso a uma gama cada vez maior de produtos, incluindo aqueles impulsionados por distribuidores, como o financiamento pr\u00e9-pago (PAYG) para sistemas solares dom\u00e9sticos (SHS).<\/p>\n<p>Hoje, quase 59 milh\u00f5es de pessoas em todo o mundo satisfazem as suas necessidades b\u00e1sicas de eletricidade com fontes solares fora da rede verificadas pela qualidade. Sem esfor\u00e7os dedicados para criar um mercado, \u00e9 extremamente improv\u00e1vel que tantas pessoas tivessem conseguido acess\u00e1-lo, dadas as realidades financeiras.<\/p>\n<p>\n            <strong>O futuro do PULSE<\/strong>\n          <\/p>\n<p>Estes esfor\u00e7os de cria\u00e7\u00e3o de mercado podem agora tamb\u00e9m beneficiar os dispositivos PULSE, uma vez que est\u00e3o bem posicionados para desenvolver os canais de distribui\u00e7\u00e3o e financiamento existentes no setor fora da rede. Muitos agricultores fora da rede j\u00e1 utilizam o SHS para as suas necessidades energ\u00e9ticas dom\u00e9sticas. Portanto, eles entendem e confiam nos benef\u00edcios que essa tecnologia traz, enquanto os fabricantes podem aproveitar os fluxos de distribui\u00e7\u00e3o existentes. Os modelos pay-as-you-go (PAYG) j\u00e1 est\u00e3o a ser adaptados e testados para os dispositivos PULSE mais caros, enquanto o leasing de ativos, as estruturas de empr\u00e9stimo garantido e as linhas de cr\u00e9dito agr\u00edcola especializadas est\u00e3o a come\u00e7ar a expandir o acesso ao financiamento para o PULSE, apesar de os esfor\u00e7os de I&amp;D em curso visarem reduzir custos.<\/p>\n<p>No entanto, a fim de maximizar o impacto do PULSE e ajudar os governos a alcan\u00e7ar ambiciosas iniciativas de transforma\u00e7\u00e3o agr\u00edcola e melhorar os meios de subsist\u00eancia e a seguran\u00e7a alimentar de milh\u00f5es de pessoas, ser\u00e1 necess\u00e1rio um esfor\u00e7o concertado para reunir o setor de energia fora da rede e o setor agr\u00edcola, conforme recomendado no documento. o relat\u00f3rio.<\/p>\n<p>Os esfor\u00e7os de acesso \u00e0 energia fora da rede h\u00e1 muito se esfor\u00e7am para expandir continuamente a distribui\u00e7\u00e3o at\u00e9 que as pessoas que vivem na \u00faltima polegada da \u00faltima milha sejam alcan\u00e7adas. Tecnologias em constante evolu\u00e7\u00e3o, resultando em produtos como o PULSE, garantem que, quando essa \u00faltima milha for alcan\u00e7ada, vidas possam realmente ser transformadas.<\/p>\n<p>\n            <em>Fonte:<a href=\"https:\/\/www.lightingglobal.org\/resource\/pulse-market-opportunity\/\"> Lighting Global, Banco Mundial<\/a><\/em>\n          <\/p>\n\t\t\t\t\t\t\t\t<\/div>\n\t\t\t\t<\/div>\n\t\t\t\t\t<\/div>\n\t\t<\/div>\n\t\t\t\t\t<\/div>\n\t\t<\/section>\n\t\t\t\t<\/div>\n\t\t","protected":false},"excerpt":{"rendered":"<p>Gra\u00e7as \u00e0 inova\u00e7\u00e3o cont\u00ednua no setor fora da rede, uma infinidade de dispositivos de uso produtivo movidos a energia solar (Solar Power Productive Use, ou &#8220;PULSE&#8221;) est\u00e3o sendo desenvolvidos, que podem fornecer meios de subsist\u00eancia e oportunidades de aumento de renda para as fam\u00edlias. nos sectores agr\u00edcola, industrial, comercial e p\u00fablico. O PULSE tem um [&hellip;]<\/p>\n","protected":false},"author":2,"featured_media":0,"parent":6838,"menu_order":0,"comment_status":"closed","ping_status":"closed","template":"","meta":{"om_disable_all_campaigns":false,"_monsterinsights_skip_tracking":false,"_monsterinsights_sitenote_active":false,"_monsterinsights_sitenote_note":"","_monsterinsights_sitenote_category":0,"_uf_show_specific_survey":0,"_uf_disable_surveys":false,"footnotes":""},"class_list":["post-7584","page","type-page","status-publish","hentry"],"yoast_head":"<!-- This site is optimized with the Yoast SEO plugin v27.4 - https:\/\/yoast.com\/product\/yoast-seo-wordpress\/ -->\n<title>Promo\u00e7\u00e3o de Off-Grid para utilizadores produtivos - ROGEAP<\/title>\n<meta name=\"robots\" content=\"index, follow, max-snippet:-1, max-image-preview:large, max-video-preview:-1\" \/>\n<link rel=\"canonical\" href=\"https:\/\/ecowas.rogeap.org\/pt-pt\/dominio-de-intervencao\/promocao-de-off-grid-para-utilizadores-produtivos\/\" \/>\n<meta property=\"og:locale\" content=\"pt_PT\" \/>\n<meta property=\"og:type\" content=\"article\" \/>\n<meta property=\"og:title\" content=\"Promo\u00e7\u00e3o de Off-Grid para utilizadores produtivos - ROGEAP\" \/>\n<meta property=\"og:description\" content=\"Gra\u00e7as \u00e0 inova\u00e7\u00e3o cont\u00ednua no setor fora da rede, uma infinidade de dispositivos de uso produtivo movidos a energia solar (Solar Power Productive Use, ou &#8220;PULSE&#8221;) est\u00e3o sendo desenvolvidos, que podem fornecer meios de subsist\u00eancia e oportunidades de aumento de renda para as fam\u00edlias. nos sectores agr\u00edcola, industrial, comercial e p\u00fablico. O PULSE tem um [&hellip;]\" \/>\n<meta property=\"og:url\" content=\"https:\/\/ecowas.rogeap.org\/pt-pt\/dominio-de-intervencao\/promocao-de-off-grid-para-utilizadores-produtivos\/\" \/>\n<meta property=\"og:site_name\" content=\"ROGEAP\" \/>\n<meta property=\"article:publisher\" content=\"https:\/\/www.facebook.com\/EcowasRogeap\" \/>\n<meta property=\"article:modified_time\" content=\"2023-10-04T01:26:33+00:00\" \/>\n<meta property=\"og:image\" content=\"https:\/\/ecowas.rogeap.org\/wp-content\/uploads\/2023\/08\/chateau-plaques-solaires-427x550.png\" \/>\n<meta name=\"twitter:card\" content=\"summary_large_image\" \/>\n<meta name=\"twitter:site\" content=\"@ERogeap\" \/>\n<meta name=\"twitter:label1\" content=\"Tempo estimado de leitura\" \/>\n\t<meta name=\"twitter:data1\" content=\"3 minutos\" \/>\n<script type=\"application\/ld+json\" class=\"yoast-schema-graph\">{\"@context\":\"https:\\\/\\\/schema.org\",\"@graph\":[{\"@type\":\"WebPage\",\"@id\":\"https:\\\/\\\/ecowas.rogeap.org\\\/pt-pt\\\/dominio-de-intervencao\\\/promocao-de-off-grid-para-utilizadores-produtivos\\\/\",\"url\":\"https:\\\/\\\/ecowas.rogeap.org\\\/pt-pt\\\/dominio-de-intervencao\\\/promocao-de-off-grid-para-utilizadores-produtivos\\\/\",\"name\":\"Promo\u00e7\u00e3o de Off-Grid para utilizadores produtivos - ROGEAP\",\"isPartOf\":{\"@id\":\"https:\\\/\\\/ecowas.rogeap.org\\\/pt-pt\\\/#website\"},\"primaryImageOfPage\":{\"@id\":\"https:\\\/\\\/ecowas.rogeap.org\\\/pt-pt\\\/dominio-de-intervencao\\\/promocao-de-off-grid-para-utilizadores-produtivos\\\/#primaryimage\"},\"image\":{\"@id\":\"https:\\\/\\\/ecowas.rogeap.org\\\/pt-pt\\\/dominio-de-intervencao\\\/promocao-de-off-grid-para-utilizadores-produtivos\\\/#primaryimage\"},\"thumbnailUrl\":\"https:\\\/\\\/ecowas.rogeap.org\\\/wp-content\\\/uploads\\\/2023\\\/08\\\/chateau-plaques-solaires-427x550.png\",\"datePublished\":\"2023-10-04T00:50:50+00:00\",\"dateModified\":\"2023-10-04T01:26:33+00:00\",\"breadcrumb\":{\"@id\":\"https:\\\/\\\/ecowas.rogeap.org\\\/pt-pt\\\/dominio-de-intervencao\\\/promocao-de-off-grid-para-utilizadores-produtivos\\\/#breadcrumb\"},\"inLanguage\":\"pt-PT\",\"potentialAction\":[{\"@type\":\"ReadAction\",\"target\":[\"https:\\\/\\\/ecowas.rogeap.org\\\/pt-pt\\\/dominio-de-intervencao\\\/promocao-de-off-grid-para-utilizadores-produtivos\\\/\"]}]},{\"@type\":\"ImageObject\",\"inLanguage\":\"pt-PT\",\"@id\":\"https:\\\/\\\/ecowas.rogeap.org\\\/pt-pt\\\/dominio-de-intervencao\\\/promocao-de-off-grid-para-utilizadores-produtivos\\\/#primaryimage\",\"url\":\"https:\\\/\\\/ecowas.rogeap.org\\\/wp-content\\\/uploads\\\/2023\\\/08\\\/chateau-plaques-solaires-427x550.png\",\"contentUrl\":\"https:\\\/\\\/ecowas.rogeap.org\\\/wp-content\\\/uploads\\\/2023\\\/08\\\/chateau-plaques-solaires-427x550.png\"},{\"@type\":\"BreadcrumbList\",\"@id\":\"https:\\\/\\\/ecowas.rogeap.org\\\/pt-pt\\\/dominio-de-intervencao\\\/promocao-de-off-grid-para-utilizadores-produtivos\\\/#breadcrumb\",\"itemListElement\":[{\"@type\":\"ListItem\",\"position\":1,\"name\":\"Accueil\",\"item\":\"https:\\\/\\\/ecowas.rogeap.org\\\/pt-pt\\\/accueil\\\/\"},{\"@type\":\"ListItem\",\"position\":2,\"name\":\"Dom\u00ednio de interven\u00e7\u00e3o\",\"item\":\"https:\\\/\\\/ecowas.rogeap.org\\\/pt-pt\\\/?page_id=6838\"},{\"@type\":\"ListItem\",\"position\":3,\"name\":\"Promo\u00e7\u00e3o de Off-Grid para utilizadores produtivos\"}]},{\"@type\":\"WebSite\",\"@id\":\"https:\\\/\\\/ecowas.rogeap.org\\\/pt-pt\\\/#website\",\"url\":\"https:\\\/\\\/ecowas.rogeap.org\\\/pt-pt\\\/\",\"name\":\"ROGEAP\",\"description\":\"Projet R\u00e9gional d\u2019Acc\u00e8s \u00e0 l\u2019Electricit\u00e9 Hors R\u00e9seau\",\"publisher\":{\"@id\":\"https:\\\/\\\/ecowas.rogeap.org\\\/pt-pt\\\/#organization\"},\"potentialAction\":[{\"@type\":\"SearchAction\",\"target\":{\"@type\":\"EntryPoint\",\"urlTemplate\":\"https:\\\/\\\/ecowas.rogeap.org\\\/pt-pt\\\/?s={search_term_string}\"},\"query-input\":{\"@type\":\"PropertyValueSpecification\",\"valueRequired\":true,\"valueName\":\"search_term_string\"}}],\"inLanguage\":\"pt-PT\"},{\"@type\":\"Organization\",\"@id\":\"https:\\\/\\\/ecowas.rogeap.org\\\/pt-pt\\\/#organization\",\"name\":\"Projet d\u2019acc\u00e8s \u00e0 l\u2019\u00e9lectricit\u00e9 hors r\u00e9seau\",\"url\":\"https:\\\/\\\/ecowas.rogeap.org\\\/pt-pt\\\/\",\"logo\":{\"@type\":\"ImageObject\",\"inLanguage\":\"pt-PT\",\"@id\":\"https:\\\/\\\/ecowas.rogeap.org\\\/pt-pt\\\/#\\\/schema\\\/logo\\\/image\\\/\",\"url\":\"https:\\\/\\\/ecowas.rogeap.org\\\/wp-content\\\/uploads\\\/2023\\\/08\\\/2.png\",\"contentUrl\":\"https:\\\/\\\/ecowas.rogeap.org\\\/wp-content\\\/uploads\\\/2023\\\/08\\\/2.png\",\"width\":1359,\"height\":743,\"caption\":\"Projet d\u2019acc\u00e8s \u00e0 l\u2019\u00e9lectricit\u00e9 hors r\u00e9seau\"},\"image\":{\"@id\":\"https:\\\/\\\/ecowas.rogeap.org\\\/pt-pt\\\/#\\\/schema\\\/logo\\\/image\\\/\"},\"sameAs\":[\"https:\\\/\\\/www.facebook.com\\\/EcowasRogeap\",\"https:\\\/\\\/x.com\\\/ERogeap\",\"https:\\\/\\\/www.linkedin.com\\\/company\\\/ecowas-rogeap-regional-off-grid-electricity-access-project\"]}]}<\/script>\n<!-- \/ Yoast SEO plugin. -->","yoast_head_json":{"title":"Promo\u00e7\u00e3o de Off-Grid para utilizadores produtivos - ROGEAP","robots":{"index":"index","follow":"follow","max-snippet":"max-snippet:-1","max-image-preview":"max-image-preview:large","max-video-preview":"max-video-preview:-1"},"canonical":"https:\/\/ecowas.rogeap.org\/pt-pt\/dominio-de-intervencao\/promocao-de-off-grid-para-utilizadores-produtivos\/","og_locale":"pt_PT","og_type":"article","og_title":"Promo\u00e7\u00e3o de Off-Grid para utilizadores produtivos - ROGEAP","og_description":"Gra\u00e7as \u00e0 inova\u00e7\u00e3o cont\u00ednua no setor fora da rede, uma infinidade de dispositivos de uso produtivo movidos a energia solar (Solar Power Productive Use, ou &#8220;PULSE&#8221;) est\u00e3o sendo desenvolvidos, que podem fornecer meios de subsist\u00eancia e oportunidades de aumento de renda para as fam\u00edlias. nos sectores agr\u00edcola, industrial, comercial e p\u00fablico. O PULSE tem um [&hellip;]","og_url":"https:\/\/ecowas.rogeap.org\/pt-pt\/dominio-de-intervencao\/promocao-de-off-grid-para-utilizadores-produtivos\/","og_site_name":"ROGEAP","article_publisher":"https:\/\/www.facebook.com\/EcowasRogeap","article_modified_time":"2023-10-04T01:26:33+00:00","og_image":[{"url":"https:\/\/ecowas.rogeap.org\/wp-content\/uploads\/2023\/08\/chateau-plaques-solaires-427x550.png","type":"","width":"","height":""}],"twitter_card":"summary_large_image","twitter_site":"@ERogeap","twitter_misc":{"Tempo estimado de leitura":"3 minutos"},"schema":{"@context":"https:\/\/schema.org","@graph":[{"@type":"WebPage","@id":"https:\/\/ecowas.rogeap.org\/pt-pt\/dominio-de-intervencao\/promocao-de-off-grid-para-utilizadores-produtivos\/","url":"https:\/\/ecowas.rogeap.org\/pt-pt\/dominio-de-intervencao\/promocao-de-off-grid-para-utilizadores-produtivos\/","name":"Promo\u00e7\u00e3o de Off-Grid para utilizadores produtivos - ROGEAP","isPartOf":{"@id":"https:\/\/ecowas.rogeap.org\/pt-pt\/#website"},"primaryImageOfPage":{"@id":"https:\/\/ecowas.rogeap.org\/pt-pt\/dominio-de-intervencao\/promocao-de-off-grid-para-utilizadores-produtivos\/#primaryimage"},"image":{"@id":"https:\/\/ecowas.rogeap.org\/pt-pt\/dominio-de-intervencao\/promocao-de-off-grid-para-utilizadores-produtivos\/#primaryimage"},"thumbnailUrl":"https:\/\/ecowas.rogeap.org\/wp-content\/uploads\/2023\/08\/chateau-plaques-solaires-427x550.png","datePublished":"2023-10-04T00:50:50+00:00","dateModified":"2023-10-04T01:26:33+00:00","breadcrumb":{"@id":"https:\/\/ecowas.rogeap.org\/pt-pt\/dominio-de-intervencao\/promocao-de-off-grid-para-utilizadores-produtivos\/#breadcrumb"},"inLanguage":"pt-PT","potentialAction":[{"@type":"ReadAction","target":["https:\/\/ecowas.rogeap.org\/pt-pt\/dominio-de-intervencao\/promocao-de-off-grid-para-utilizadores-produtivos\/"]}]},{"@type":"ImageObject","inLanguage":"pt-PT","@id":"https:\/\/ecowas.rogeap.org\/pt-pt\/dominio-de-intervencao\/promocao-de-off-grid-para-utilizadores-produtivos\/#primaryimage","url":"https:\/\/ecowas.rogeap.org\/wp-content\/uploads\/2023\/08\/chateau-plaques-solaires-427x550.png","contentUrl":"https:\/\/ecowas.rogeap.org\/wp-content\/uploads\/2023\/08\/chateau-plaques-solaires-427x550.png"},{"@type":"BreadcrumbList","@id":"https:\/\/ecowas.rogeap.org\/pt-pt\/dominio-de-intervencao\/promocao-de-off-grid-para-utilizadores-produtivos\/#breadcrumb","itemListElement":[{"@type":"ListItem","position":1,"name":"Accueil","item":"https:\/\/ecowas.rogeap.org\/pt-pt\/accueil\/"},{"@type":"ListItem","position":2,"name":"Dom\u00ednio de interven\u00e7\u00e3o","item":"https:\/\/ecowas.rogeap.org\/pt-pt\/?page_id=6838"},{"@type":"ListItem","position":3,"name":"Promo\u00e7\u00e3o de Off-Grid para utilizadores produtivos"}]},{"@type":"WebSite","@id":"https:\/\/ecowas.rogeap.org\/pt-pt\/#website","url":"https:\/\/ecowas.rogeap.org\/pt-pt\/","name":"ROGEAP","description":"Projet R\u00e9gional d\u2019Acc\u00e8s \u00e0 l\u2019Electricit\u00e9 Hors R\u00e9seau","publisher":{"@id":"https:\/\/ecowas.rogeap.org\/pt-pt\/#organization"},"potentialAction":[{"@type":"SearchAction","target":{"@type":"EntryPoint","urlTemplate":"https:\/\/ecowas.rogeap.org\/pt-pt\/?s={search_term_string}"},"query-input":{"@type":"PropertyValueSpecification","valueRequired":true,"valueName":"search_term_string"}}],"inLanguage":"pt-PT"},{"@type":"Organization","@id":"https:\/\/ecowas.rogeap.org\/pt-pt\/#organization","name":"Projet d\u2019acc\u00e8s \u00e0 l\u2019\u00e9lectricit\u00e9 hors r\u00e9seau","url":"https:\/\/ecowas.rogeap.org\/pt-pt\/","logo":{"@type":"ImageObject","inLanguage":"pt-PT","@id":"https:\/\/ecowas.rogeap.org\/pt-pt\/#\/schema\/logo\/image\/","url":"https:\/\/ecowas.rogeap.org\/wp-content\/uploads\/2023\/08\/2.png","contentUrl":"https:\/\/ecowas.rogeap.org\/wp-content\/uploads\/2023\/08\/2.png","width":1359,"height":743,"caption":"Projet d\u2019acc\u00e8s \u00e0 l\u2019\u00e9lectricit\u00e9 hors r\u00e9seau"},"image":{"@id":"https:\/\/ecowas.rogeap.org\/pt-pt\/#\/schema\/logo\/image\/"},"sameAs":["https:\/\/www.facebook.com\/EcowasRogeap","https:\/\/x.com\/ERogeap","https:\/\/www.linkedin.com\/company\/ecowas-rogeap-regional-off-grid-electricity-access-project"]}]}},"_links":{"self":[{"href":"https:\/\/ecowas.rogeap.org\/pt-pt\/wp-json\/wp\/v2\/pages\/7584","targetHints":{"allow":["GET"]}}],"collection":[{"href":"https:\/\/ecowas.rogeap.org\/pt-pt\/wp-json\/wp\/v2\/pages"}],"about":[{"href":"https:\/\/ecowas.rogeap.org\/pt-pt\/wp-json\/wp\/v2\/types\/page"}],"author":[{"embeddable":true,"href":"https:\/\/ecowas.rogeap.org\/pt-pt\/wp-json\/wp\/v2\/users\/2"}],"replies":[{"embeddable":true,"href":"https:\/\/ecowas.rogeap.org\/pt-pt\/wp-json\/wp\/v2\/comments?post=7584"}],"version-history":[{"count":1,"href":"https:\/\/ecowas.rogeap.org\/pt-pt\/wp-json\/wp\/v2\/pages\/7584\/revisions"}],"predecessor-version":[{"id":7585,"href":"https:\/\/ecowas.rogeap.org\/pt-pt\/wp-json\/wp\/v2\/pages\/7584\/revisions\/7585"}],"up":[{"embeddable":true,"href":"https:\/\/ecowas.rogeap.org\/pt-pt\/wp-json\/wp\/v2\/pages\/6838"}],"wp:attachment":[{"href":"https:\/\/ecowas.rogeap.org\/pt-pt\/wp-json\/wp\/v2\/media?parent=7584"}],"curies":[{"name":"wp","href":"https:\/\/api.w.org\/{rel}","templated":true}]}}