{"id":7598,"date":"2023-10-04T01:39:04","date_gmt":"2023-10-04T01:39:04","guid":{"rendered":"https:\/\/ecowas.rogeap.org\/quem-somos\/adjudicacao-de-contratos\/"},"modified":"2023-10-04T02:07:22","modified_gmt":"2023-10-04T02:07:22","slug":"adjudicacao-de-contratos","status":"publish","type":"page","link":"https:\/\/ecowas.rogeap.org\/pt-pt\/quem-somos\/adjudicacao-de-contratos\/","title":{"rendered":"Adjudica\u00e7\u00e3o de contratos"},"content":{"rendered":"\t\t<div data-elementor-type=\"wp-post\" data-elementor-id=\"7598\" class=\"elementor elementor-7598 elementor-7588\">\n\t\t\t\t\t\t<section class=\"elementor-section elementor-top-section elementor-element elementor-element-396f243 elementor-section-boxed elementor-section-height-default elementor-section-height-default\" data-id=\"396f243\" data-element_type=\"section\" data-e-type=\"section\">\n\t\t\t\t\t\t<div class=\"elementor-container elementor-column-gap-default\">\n\t\t\t\t\t<div class=\"elementor-column elementor-col-66 elementor-top-column elementor-element elementor-element-44c3fd5 column-style-top column-top\" data-id=\"44c3fd5\" data-element_type=\"column\" data-e-type=\"column\">\n\t\t\t<div class=\"elementor-widget-wrap elementor-element-populated\">\n\t\t\t\t\t\t<div class=\"elementor-element elementor-element-b58210b elementor-widget elementor-widget-heading\" data-id=\"b58210b\" data-element_type=\"widget\" data-e-type=\"widget\" data-widget_type=\"heading.default\">\n\t\t\t\t<div class=\"elementor-widget-container\">\n\t\t\t\t\t<h2 class=\"elementor-heading-title elementor-size-default\">Adjudica\u00e7\u00e3o de contratos<\/h2>\t\t\t\t<\/div>\n\t\t\t\t<\/div>\n\t\t\t\t<div class=\"elementor-element elementor-element-fdca559 elementor-widget elementor-widget-gva-posts\" data-id=\"fdca559\" data-element_type=\"widget\" data-e-type=\"widget\" data-widget_type=\"gva-posts.default\">\n\t\t\t\t<div class=\"elementor-widget-container\">\n\t\t\t\t\t<div class=\"gva-element-gva-posts gva-element\">  \r\n  <div class=\"gva-posts-grid clearfix gva-posts\">\r\n      <div class=\"gva-content-items\"> \r\n        <div class=\"lg-block-grid-2 md-block-grid-2 sm-block-grid-2 xs-block-grid-1\">\r\n          \r\n<div class=\"item-columns all aviso-de-manifestacao-de-interesse-ami contratos-publicos \">\r\n   <article id=\"post-9693\" class=\"post post-9693 type-post status-publish format-standard has-post-thumbnail hentry category-aviso-de-manifestacao-de-interesse-ami category-contratos-publicos\">\r\n      <div class=\"post-thumbnail\">\r\n         <img fetchpriority=\"high\" decoding=\"async\" width=\"678\" height=\"501\" src=\"https:\/\/ecowas.rogeap.org\/wp-content\/uploads\/2026\/04\/rogeap-recrutement.png\" class=\"attachment-full size-full wp-post-image\" alt=\"Relan\u00e7amento do concurso para a contrata\u00e7\u00e3o de uma ag\u00eancia de comunica\u00e7\u00e3o para a produ\u00e7\u00e3o e divulga\u00e7\u00e3o de dois v\u00eddeos sobre os progressos e as realiza\u00e7\u00f5es do projeto ROGEAP\" \/>      <\/div>   \r\n\r\n      <div class=\"entry-content\">\r\n         <div class=\"content-inner\">\r\n            \r\n            <h2 class=\"entry-title\"><a href=\"https:\/\/ecowas.rogeap.org\/pt-pt\/2026\/04\/15\/relancamento-do-concurso-para-a-contratacao-de-uma-agencia-de-comunicacao-para-a-producao-e-divulgacao-de-dois-videos-sobre-os-progressos-e-as-realizacoes-do-projeto-rogeap\/\" rel=\"bookmark\">Relan\u00e7amento do concurso para a contrata\u00e7\u00e3o de uma ag\u00eancia de comunica\u00e7\u00e3o para a produ\u00e7\u00e3o e divulga\u00e7\u00e3o de dois v\u00eddeos sobre os progressos e as realiza\u00e7\u00f5es do projeto ROGEAP<\/a><\/h2>\r\n            \r\n            <div class=\"entry-meta\">\r\n                                <span class=\"cat-links\"><a href=\"https:\/\/ecowas.rogeap.org\/pt-pt\/categoria\/aviso-de-manifestacao-de-interesse-ami\/\" rel=\"category tag\">Aviso de manifesta\u00e7\u00e3o de interesse (AMI)<\/a>, <a href=\"https:\/\/ecowas.rogeap.org\/pt-pt\/categoria\/contratos-publicos\/\" rel=\"category tag\">Contratos p\u00fablicos<\/a><\/span>\r\n                  <span class=\"line\"><\/span>\r\n                              <span class=\"entry-date\"><a href=\"https:\/\/ecowas.rogeap.org\/pt-pt\/2026\/04\/15\/relancamento-do-concurso-para-a-contratacao-de-uma-agencia-de-comunicacao-para-a-producao-e-divulgacao-de-dois-videos-sobre-os-progressos-e-as-realizacoes-do-projeto-rogeap\/\" rel=\"bookmark\"><time class=\"entry-date\" datetime=\"2026-04-15T14:57:07+00:00\">15 Abril 2026<\/time><\/a><\/span>            <\/div> \r\n\r\n            <div class=\"entry-description\">\r\n               Termos de refer\u00eancia na vers\u00e3o em franc\u00eas Termos de refer\u00eancia na vers\u00e3o em ingl\u00eas            <\/div>\r\n         <\/div>\r\n\r\n         <div class=\"read-more hidden\"><a class=\"btn-theme\" href=\"https:\/\/ecowas.rogeap.org\/pt-pt\/2026\/04\/15\/relancamento-do-concurso-para-a-contratacao-de-uma-agencia-de-comunicacao-para-a-producao-e-divulgacao-de-dois-videos-sobre-os-progressos-e-as-realizacoes-do-projeto-rogeap\/\">En savoir plus<\/a><\/div>\r\n         \r\n      <\/div>\r\n   <\/article>   \r\n<\/div>\r\n\r\n  \r\n<div class=\"item-columns all anuncios aviso-de-manifestacao-de-interesse-ami contratos-publicos sem-categoria \">\r\n   <article id=\"post-8120\" class=\"post post-8120 type-post status-publish format-standard has-post-thumbnail hentry category-anuncios category-aviso-de-manifestacao-de-interesse-ami category-contratos-publicos category-sem-categoria tag-cedeao-pt-pt tag-eletricidade tag-empreendedorismo tag-esef-pt-pt tag-financas tag-fora-da-rede tag-fundos tag-ogs-pt-pt tag-pme-pt-pt\">\r\n      <div class=\"post-thumbnail\">\r\n         <img decoding=\"async\" width=\"901\" height=\"600\" src=\"https:\/\/ecowas.rogeap.org\/wp-content\/uploads\/2023\/11\/ami-esef-2.jpeg\" class=\"attachment-full size-full wp-post-image\" alt=\"ROGEAP &#8211; Mecanismo de apoio ao empreendedorismo: Convite \u00e0 manifesta\u00e7\u00e3o de interesse para a pr\u00e9-sele\u00e7\u00e3o de empres\u00e1rios e PME do sector dos servi\u00e7os p\u00fablicos\" \/>      <\/div>   \r\n\r\n      <div class=\"entry-content\">\r\n         <div class=\"content-inner\">\r\n            \r\n            <h2 class=\"entry-title\"><a href=\"https:\/\/ecowas.rogeap.org\/pt-pt\/2023\/11\/18\/rogeap-mecanismo-de-apoio-ao-empreendedorismo-convite-a-manifestacao-de-interesse-para-a-pre-selecao-de-empresarios-e-pme-do-sector-dos-servicos-publicos\/\" rel=\"bookmark\">ROGEAP &#8211; Mecanismo de apoio ao empreendedorismo: Convite \u00e0 manifesta\u00e7\u00e3o de interesse para a pr\u00e9-sele\u00e7\u00e3o de empres\u00e1rios e PME do sector dos servi\u00e7os p\u00fablicos<\/a><\/h2>\r\n            \r\n            <div class=\"entry-meta\">\r\n                                <span class=\"cat-links\"><a href=\"https:\/\/ecowas.rogeap.org\/pt-pt\/categoria\/anuncios\/\" rel=\"category tag\">An\u00fancios<\/a>, <a href=\"https:\/\/ecowas.rogeap.org\/pt-pt\/categoria\/aviso-de-manifestacao-de-interesse-ami\/\" rel=\"category tag\">Aviso de manifesta\u00e7\u00e3o de interesse (AMI)<\/a>, <a href=\"https:\/\/ecowas.rogeap.org\/pt-pt\/categoria\/contratos-publicos\/\" rel=\"category tag\">Contratos p\u00fablicos<\/a>, <a href=\"https:\/\/ecowas.rogeap.org\/pt-pt\/categoria\/sem-categoria\/\" rel=\"category tag\">Sem categoria<\/a><\/span>\r\n                  <span class=\"line\"><\/span>\r\n                              <span class=\"entry-date\"><a href=\"https:\/\/ecowas.rogeap.org\/pt-pt\/2023\/11\/18\/rogeap-mecanismo-de-apoio-ao-empreendedorismo-convite-a-manifestacao-de-interesse-para-a-pre-selecao-de-empresarios-e-pme-do-sector-dos-servicos-publicos\/\" rel=\"bookmark\"><time class=\"entry-date\" datetime=\"2023-11-18T15:43:15+00:00\">18 Novembro 2023<\/time><\/a><\/span>            <\/div> \r\n\r\n            <div class=\"entry-description\">\r\n               Ser\u00e1 lan\u00e7ado um convite \u00e0 manifesta\u00e7\u00e3o de interesse a partir de 14 de novembro de 2023, atrav\u00e9s do s\u00edtio www.rogeappfm.org, para os pa\u00edses-piloto, Burquina, Costa do Marfim, Gana, Mali, Maurit\u00e2nia            <\/div>\r\n         <\/div>\r\n\r\n         <div class=\"read-more hidden\"><a class=\"btn-theme\" href=\"https:\/\/ecowas.rogeap.org\/pt-pt\/2023\/11\/18\/rogeap-mecanismo-de-apoio-ao-empreendedorismo-convite-a-manifestacao-de-interesse-para-a-pre-selecao-de-empresarios-e-pme-do-sector-dos-servicos-publicos\/\">En savoir plus<\/a><\/div>\r\n         \r\n      <\/div>\r\n   <\/article>   \r\n<\/div>\r\n\r\n  \r\n<div class=\"item-columns all contratos-publicos \">\r\n   <article id=\"post-7962\" class=\"post post-7962 type-post status-publish format-standard has-post-thumbnail hentry category-contratos-publicos tag-solicitacao-manifestacoes-de-interesse\">\r\n      <div class=\"post-thumbnail\">\r\n         <img decoding=\"async\" width=\"900\" height=\"600\" src=\"https:\/\/ecowas.rogeap.org\/wp-content\/uploads\/2023\/10\/REQUEST-OF-INTERESTS-2.png\" class=\"attachment-full size-full wp-post-image\" alt=\"PEDIDO DE MANIFESTA\u00c7\u00c3O DE INTERESSE\" \/>      <\/div>   \r\n\r\n      <div class=\"entry-content\">\r\n         <div class=\"content-inner\">\r\n            \r\n            <h2 class=\"entry-title\"><a href=\"https:\/\/ecowas.rogeap.org\/pt-pt\/2023\/10\/13\/pedido-de-manifestacao-de-interesse-2\/\" rel=\"bookmark\">PEDIDO DE MANIFESTA\u00c7\u00c3O DE INTERESSE<\/a><\/h2>\r\n            \r\n            <div class=\"entry-meta\">\r\n                                <span class=\"cat-links\"><a href=\"https:\/\/ecowas.rogeap.org\/pt-pt\/categoria\/contratos-publicos\/\" rel=\"category tag\">Contratos p\u00fablicos<\/a><\/span>\r\n                  <span class=\"line\"><\/span>\r\n                              <span class=\"entry-date\"><a href=\"https:\/\/ecowas.rogeap.org\/pt-pt\/2023\/10\/13\/pedido-de-manifestacao-de-interesse-2\/\" rel=\"bookmark\"><time class=\"entry-date\" datetime=\"2023-10-13T12:37:37+00:00\">13 Outubro 2023<\/time><\/a><\/span>            <\/div> \r\n\r\n            <div class=\"entry-description\">\r\n               Nig\u00e9ria (CEDEAO)Projeto regional de acesso \u00e0 eletricidade fora da redeN.\u00ba da subven\u00e7\u00e3o: D7840T\u00edtulo da tarefa: Desenvolvimento e implementa\u00e7\u00e3o de neg\u00f3cios sustent\u00e1veis emodelos de financiamento para a eletrifica\u00e7\u00e3o de centros de            <\/div>\r\n         <\/div>\r\n\r\n         <div class=\"read-more hidden\"><a class=\"btn-theme\" href=\"https:\/\/ecowas.rogeap.org\/pt-pt\/2023\/10\/13\/pedido-de-manifestacao-de-interesse-2\/\">En savoir plus<\/a><\/div>\r\n         \r\n      <\/div>\r\n   <\/article>   \r\n<\/div>\r\n\r\n          <\/div>\r\n      <\/div>\r\n        <\/div>\r\n  <\/div>\t\t\t\t<\/div>\n\t\t\t\t<\/div>\n\t\t\t\t\t<\/div>\n\t\t<\/div>\n\t\t\t\t<div class=\"elementor-column elementor-col-33 elementor-top-column elementor-element elementor-element-75274cc column-style-top column-top\" data-id=\"75274cc\" data-element_type=\"column\" data-e-type=\"column\">\n\t\t\t<div class=\"elementor-widget-wrap\">\n\t\t\t\t\t\t\t<\/div>\n\t\t<\/div>\n\t\t\t\t\t<\/div>\n\t\t<\/section>\n\t\t\t\t<\/div>\n\t\t","protected":false},"excerpt":{"rendered":"<p>Adjudica\u00e7\u00e3o de contratos DEMANDE DE MANIFESTATION D\u2019INT\u00c9R\u00caT Annonces, Avis \u00e0 Manifestations d&#8217;Int\u00e9r\u00eat (AMI), Passations des march\u00e9s 15 mars 2023 Projet R\u00e9gional d\u2019Acc\u00e8s \u00e0 l\u2019\u00c9lectricit\u00e9 Hors-R\u00e9seau (ROGEAP) Titre de la mission : Conception et D\u00e9veloppement de mod\u00e8les d\u2019affaires, commerciaux et de financement durables pour l\u2019\u00e9lectrification des centres publics de sant\u00e9 En savoir plus<\/p>\n","protected":false},"author":2,"featured_media":0,"parent":7108,"menu_order":0,"comment_status":"closed","ping_status":"closed","template":"","meta":{"om_disable_all_campaigns":false,"_monsterinsights_skip_tracking":false,"_monsterinsights_sitenote_active":false,"_monsterinsights_sitenote_note":"","_monsterinsights_sitenote_category":0,"_uf_show_specific_survey":0,"_uf_disable_surveys":false,"footnotes":""},"class_list":["post-7598","page","type-page","status-publish","hentry"],"yoast_head":"<!-- This site is optimized with the Yoast SEO plugin v27.4 - https:\/\/yoast.com\/product\/yoast-seo-wordpress\/ -->\n<title>Adjudica\u00e7\u00e3o de contratos - ROGEAP<\/title>\n<meta name=\"robots\" content=\"index, follow, max-snippet:-1, max-image-preview:large, max-video-preview:-1\" \/>\n<link rel=\"canonical\" href=\"https:\/\/ecowas.rogeap.org\/pt-pt\/quem-somos\/adjudicacao-de-contratos\/\" \/>\n<meta property=\"og:locale\" content=\"pt_PT\" \/>\n<meta property=\"og:type\" content=\"article\" \/>\n<meta property=\"og:title\" content=\"Adjudica\u00e7\u00e3o de contratos - ROGEAP\" \/>\n<meta property=\"og:description\" content=\"Adjudica\u00e7\u00e3o de contratos DEMANDE DE MANIFESTATION D\u2019INT\u00c9R\u00caT Annonces, Avis \u00e0 Manifestations d&#8217;Int\u00e9r\u00eat (AMI), Passations des march\u00e9s 15 mars 2023 Projet R\u00e9gional d\u2019Acc\u00e8s \u00e0 l\u2019\u00c9lectricit\u00e9 Hors-R\u00e9seau (ROGEAP) Titre de la mission : Conception et D\u00e9veloppement de mod\u00e8les d\u2019affaires, commerciaux et de financement durables pour l\u2019\u00e9lectrification des centres publics de sant\u00e9 En savoir plus\" \/>\n<meta property=\"og:url\" content=\"https:\/\/ecowas.rogeap.org\/pt-pt\/quem-somos\/adjudicacao-de-contratos\/\" \/>\n<meta property=\"og:site_name\" content=\"ROGEAP\" \/>\n<meta property=\"article:publisher\" content=\"https:\/\/www.facebook.com\/EcowasRogeap\" \/>\n<meta property=\"article:modified_time\" content=\"2023-10-04T02:07:22+00:00\" \/>\n<meta name=\"twitter:card\" content=\"summary_large_image\" \/>\n<meta name=\"twitter:site\" content=\"@ERogeap\" \/>\n<script type=\"application\/ld+json\" class=\"yoast-schema-graph\">{\"@context\":\"https:\\\/\\\/schema.org\",\"@graph\":[{\"@type\":\"WebPage\",\"@id\":\"https:\\\/\\\/ecowas.rogeap.org\\\/pt-pt\\\/quem-somos\\\/adjudicacao-de-contratos\\\/\",\"url\":\"https:\\\/\\\/ecowas.rogeap.org\\\/pt-pt\\\/quem-somos\\\/adjudicacao-de-contratos\\\/\",\"name\":\"Adjudica\u00e7\u00e3o de contratos - ROGEAP\",\"isPartOf\":{\"@id\":\"https:\\\/\\\/ecowas.rogeap.org\\\/pt-pt\\\/#website\"},\"datePublished\":\"2023-10-04T01:39:04+00:00\",\"dateModified\":\"2023-10-04T02:07:22+00:00\",\"breadcrumb\":{\"@id\":\"https:\\\/\\\/ecowas.rogeap.org\\\/pt-pt\\\/quem-somos\\\/adjudicacao-de-contratos\\\/#breadcrumb\"},\"inLanguage\":\"pt-PT\",\"potentialAction\":[{\"@type\":\"ReadAction\",\"target\":[\"https:\\\/\\\/ecowas.rogeap.org\\\/pt-pt\\\/quem-somos\\\/adjudicacao-de-contratos\\\/\"]}]},{\"@type\":\"BreadcrumbList\",\"@id\":\"https:\\\/\\\/ecowas.rogeap.org\\\/pt-pt\\\/quem-somos\\\/adjudicacao-de-contratos\\\/#breadcrumb\",\"itemListElement\":[{\"@type\":\"ListItem\",\"position\":1,\"name\":\"Accueil\",\"item\":\"https:\\\/\\\/ecowas.rogeap.org\\\/pt-pt\\\/accueil\\\/\"},{\"@type\":\"ListItem\",\"position\":2,\"name\":\"Sobre o ROGEAP\",\"item\":\"https:\\\/\\\/ecowas.rogeap.org\\\/pt-pt\\\/quem-somos\\\/\"},{\"@type\":\"ListItem\",\"position\":3,\"name\":\"Adjudica\u00e7\u00e3o de contratos\"}]},{\"@type\":\"WebSite\",\"@id\":\"https:\\\/\\\/ecowas.rogeap.org\\\/pt-pt\\\/#website\",\"url\":\"https:\\\/\\\/ecowas.rogeap.org\\\/pt-pt\\\/\",\"name\":\"ROGEAP\",\"description\":\"Projet R\u00e9gional d\u2019Acc\u00e8s \u00e0 l\u2019Electricit\u00e9 Hors R\u00e9seau\",\"publisher\":{\"@id\":\"https:\\\/\\\/ecowas.rogeap.org\\\/pt-pt\\\/#organization\"},\"potentialAction\":[{\"@type\":\"SearchAction\",\"target\":{\"@type\":\"EntryPoint\",\"urlTemplate\":\"https:\\\/\\\/ecowas.rogeap.org\\\/pt-pt\\\/?s={search_term_string}\"},\"query-input\":{\"@type\":\"PropertyValueSpecification\",\"valueRequired\":true,\"valueName\":\"search_term_string\"}}],\"inLanguage\":\"pt-PT\"},{\"@type\":\"Organization\",\"@id\":\"https:\\\/\\\/ecowas.rogeap.org\\\/pt-pt\\\/#organization\",\"name\":\"Projet d\u2019acc\u00e8s \u00e0 l\u2019\u00e9lectricit\u00e9 hors r\u00e9seau\",\"url\":\"https:\\\/\\\/ecowas.rogeap.org\\\/pt-pt\\\/\",\"logo\":{\"@type\":\"ImageObject\",\"inLanguage\":\"pt-PT\",\"@id\":\"https:\\\/\\\/ecowas.rogeap.org\\\/pt-pt\\\/#\\\/schema\\\/logo\\\/image\\\/\",\"url\":\"https:\\\/\\\/ecowas.rogeap.org\\\/wp-content\\\/uploads\\\/2023\\\/08\\\/2.png\",\"contentUrl\":\"https:\\\/\\\/ecowas.rogeap.org\\\/wp-content\\\/uploads\\\/2023\\\/08\\\/2.png\",\"width\":1359,\"height\":743,\"caption\":\"Projet d\u2019acc\u00e8s \u00e0 l\u2019\u00e9lectricit\u00e9 hors r\u00e9seau\"},\"image\":{\"@id\":\"https:\\\/\\\/ecowas.rogeap.org\\\/pt-pt\\\/#\\\/schema\\\/logo\\\/image\\\/\"},\"sameAs\":[\"https:\\\/\\\/www.facebook.com\\\/EcowasRogeap\",\"https:\\\/\\\/x.com\\\/ERogeap\",\"https:\\\/\\\/www.linkedin.com\\\/company\\\/ecowas-rogeap-regional-off-grid-electricity-access-project\"]}]}<\/script>\n<!-- \/ Yoast SEO plugin. -->","yoast_head_json":{"title":"Adjudica\u00e7\u00e3o de contratos - ROGEAP","robots":{"index":"index","follow":"follow","max-snippet":"max-snippet:-1","max-image-preview":"max-image-preview:large","max-video-preview":"max-video-preview:-1"},"canonical":"https:\/\/ecowas.rogeap.org\/pt-pt\/quem-somos\/adjudicacao-de-contratos\/","og_locale":"pt_PT","og_type":"article","og_title":"Adjudica\u00e7\u00e3o de contratos - ROGEAP","og_description":"Adjudica\u00e7\u00e3o de contratos DEMANDE DE MANIFESTATION D\u2019INT\u00c9R\u00caT Annonces, Avis \u00e0 Manifestations d&#8217;Int\u00e9r\u00eat (AMI), Passations des march\u00e9s 15 mars 2023 Projet R\u00e9gional d\u2019Acc\u00e8s \u00e0 l\u2019\u00c9lectricit\u00e9 Hors-R\u00e9seau (ROGEAP) Titre de la mission : Conception et D\u00e9veloppement de mod\u00e8les d\u2019affaires, commerciaux et de financement durables pour l\u2019\u00e9lectrification des centres publics de sant\u00e9 En savoir plus","og_url":"https:\/\/ecowas.rogeap.org\/pt-pt\/quem-somos\/adjudicacao-de-contratos\/","og_site_name":"ROGEAP","article_publisher":"https:\/\/www.facebook.com\/EcowasRogeap","article_modified_time":"2023-10-04T02:07:22+00:00","twitter_card":"summary_large_image","twitter_site":"@ERogeap","schema":{"@context":"https:\/\/schema.org","@graph":[{"@type":"WebPage","@id":"https:\/\/ecowas.rogeap.org\/pt-pt\/quem-somos\/adjudicacao-de-contratos\/","url":"https:\/\/ecowas.rogeap.org\/pt-pt\/quem-somos\/adjudicacao-de-contratos\/","name":"Adjudica\u00e7\u00e3o de contratos - ROGEAP","isPartOf":{"@id":"https:\/\/ecowas.rogeap.org\/pt-pt\/#website"},"datePublished":"2023-10-04T01:39:04+00:00","dateModified":"2023-10-04T02:07:22+00:00","breadcrumb":{"@id":"https:\/\/ecowas.rogeap.org\/pt-pt\/quem-somos\/adjudicacao-de-contratos\/#breadcrumb"},"inLanguage":"pt-PT","potentialAction":[{"@type":"ReadAction","target":["https:\/\/ecowas.rogeap.org\/pt-pt\/quem-somos\/adjudicacao-de-contratos\/"]}]},{"@type":"BreadcrumbList","@id":"https:\/\/ecowas.rogeap.org\/pt-pt\/quem-somos\/adjudicacao-de-contratos\/#breadcrumb","itemListElement":[{"@type":"ListItem","position":1,"name":"Accueil","item":"https:\/\/ecowas.rogeap.org\/pt-pt\/accueil\/"},{"@type":"ListItem","position":2,"name":"Sobre o ROGEAP","item":"https:\/\/ecowas.rogeap.org\/pt-pt\/quem-somos\/"},{"@type":"ListItem","position":3,"name":"Adjudica\u00e7\u00e3o de contratos"}]},{"@type":"WebSite","@id":"https:\/\/ecowas.rogeap.org\/pt-pt\/#website","url":"https:\/\/ecowas.rogeap.org\/pt-pt\/","name":"ROGEAP","description":"Projet R\u00e9gional d\u2019Acc\u00e8s \u00e0 l\u2019Electricit\u00e9 Hors R\u00e9seau","publisher":{"@id":"https:\/\/ecowas.rogeap.org\/pt-pt\/#organization"},"potentialAction":[{"@type":"SearchAction","target":{"@type":"EntryPoint","urlTemplate":"https:\/\/ecowas.rogeap.org\/pt-pt\/?s={search_term_string}"},"query-input":{"@type":"PropertyValueSpecification","valueRequired":true,"valueName":"search_term_string"}}],"inLanguage":"pt-PT"},{"@type":"Organization","@id":"https:\/\/ecowas.rogeap.org\/pt-pt\/#organization","name":"Projet d\u2019acc\u00e8s \u00e0 l\u2019\u00e9lectricit\u00e9 hors r\u00e9seau","url":"https:\/\/ecowas.rogeap.org\/pt-pt\/","logo":{"@type":"ImageObject","inLanguage":"pt-PT","@id":"https:\/\/ecowas.rogeap.org\/pt-pt\/#\/schema\/logo\/image\/","url":"https:\/\/ecowas.rogeap.org\/wp-content\/uploads\/2023\/08\/2.png","contentUrl":"https:\/\/ecowas.rogeap.org\/wp-content\/uploads\/2023\/08\/2.png","width":1359,"height":743,"caption":"Projet d\u2019acc\u00e8s \u00e0 l\u2019\u00e9lectricit\u00e9 hors r\u00e9seau"},"image":{"@id":"https:\/\/ecowas.rogeap.org\/pt-pt\/#\/schema\/logo\/image\/"},"sameAs":["https:\/\/www.facebook.com\/EcowasRogeap","https:\/\/x.com\/ERogeap","https:\/\/www.linkedin.com\/company\/ecowas-rogeap-regional-off-grid-electricity-access-project"]}]}},"_links":{"self":[{"href":"https:\/\/ecowas.rogeap.org\/pt-pt\/wp-json\/wp\/v2\/pages\/7598","targetHints":{"allow":["GET"]}}],"collection":[{"href":"https:\/\/ecowas.rogeap.org\/pt-pt\/wp-json\/wp\/v2\/pages"}],"about":[{"href":"https:\/\/ecowas.rogeap.org\/pt-pt\/wp-json\/wp\/v2\/types\/page"}],"author":[{"embeddable":true,"href":"https:\/\/ecowas.rogeap.org\/pt-pt\/wp-json\/wp\/v2\/users\/2"}],"replies":[{"embeddable":true,"href":"https:\/\/ecowas.rogeap.org\/pt-pt\/wp-json\/wp\/v2\/comments?post=7598"}],"version-history":[{"count":1,"href":"https:\/\/ecowas.rogeap.org\/pt-pt\/wp-json\/wp\/v2\/pages\/7598\/revisions"}],"predecessor-version":[{"id":7599,"href":"https:\/\/ecowas.rogeap.org\/pt-pt\/wp-json\/wp\/v2\/pages\/7598\/revisions\/7599"}],"up":[{"embeddable":true,"href":"https:\/\/ecowas.rogeap.org\/pt-pt\/wp-json\/wp\/v2\/pages\/7108"}],"wp:attachment":[{"href":"https:\/\/ecowas.rogeap.org\/pt-pt\/wp-json\/wp\/v2\/media?parent=7598"}],"curies":[{"name":"wp","href":"https:\/\/api.w.org\/{rel}","templated":true}]}}